{"id":3021,"date":"2015-11-17T06:05:19","date_gmt":"2015-11-17T06:05:19","guid":{"rendered":"http:\/\/www.elvtehnika.ee\/?page_id=3021"},"modified":"2016-02-08T12:20:09","modified_gmt":"2016-02-08T12:20:09","slug":"muuk-erilahendused","status":"publish","type":"page","link":"https:\/\/elvtehnika.ee\/test\/muuk-erilahendused\/","title":{"rendered":"Tehnika m\u00fc\u00fck &#8211; erilahendused"},"content":{"rendered":"<h1>Tehnika m\u00fc\u00fck \u2013 erilahendused<\/h1>\n<p>Millisest erilahendusest olete huvitatud?<\/p>\n<ul>\n<li><a title=\"Heli- ja valgustehnika m\u00fc\u00fck\" href=\"https:\/\/elvtehnika.ee\/test\/heli-valgustehnika-muuk\/\">Heli ja valgustehnika<\/a><\/li>\n<li><a title=\"Esitlustehnika m\u00fc\u00fck ja erilahendused\" href=\"https:\/\/elvtehnika.ee\/test\/esitlustehnika-muuk-esitlustehnika-erilahendused\/\">Esitlustehnika<\/a><\/li>\n<li><a title=\"Konverentsitehnika m\u00fc\u00fck\" href=\"https:\/\/elvtehnika.ee\/test\/konverentsitehnika-muuk\/\">Konverentsitehnika<\/a><\/li>\n<li><a title=\"S\u00fcnkroont\u00f5lketehnika m\u00fc\u00fck\" href=\"https:\/\/elvtehnika.ee\/test\/sunkroontolketehnika-muuk\/\">S\u00fcnkroont\u00f5lketehnika<\/a><\/li>\n<\/ul>\n","protected":false},"excerpt":{"rendered":"<p>Tehnika m\u00fc\u00fck \u2013 erilahendused Millisest erilahendusest olete huvitatud? Heli ja valgustehnika Esitlustehnika Konverentsitehnika S\u00fcnkroont\u00f5lketehnika<\/p>\n","protected":false},"author":2,"featured_media":0,"parent":0,"menu_order":0,"comment_status":"closed","ping_status":"closed","template":"templates\/template-narrow-for-sale-custom-intro.php","meta":[],"acf":[],"yoast_head":"<!-- This site is optimized with the Yoast SEO plugin v20.5 - https:\/\/yoast.com\/wordpress\/plugins\/seo\/ -->\n<title>Tehnika m\u00fc\u00fck - erilahendused - ELV Tehnika<\/title>\n<meta name=\"robots\" content=\"noindex, follow, max-snippet:-1, max-image-preview:large, max-video-preview:-1\" \/>\n<meta property=\"og:locale\" content=\"et_EE\" \/>\n<meta property=\"og:type\" content=\"article\" \/>\n<meta property=\"og:title\" content=\"Tehnika m\u00fc\u00fck - erilahendused - ELV Tehnika\" \/>\n<meta property=\"og:description\" content=\"Tehnika m\u00fc\u00fck \u2013 erilahendused Millisest erilahendusest olete huvitatud? Heli ja valgustehnika Esitlustehnika Konverentsitehnika S\u00fcnkroont\u00f5lketehnika\" \/>\n<meta property=\"og:url\" content=\"https:\/\/elvtehnika.ee\/test\/muuk-erilahendused\/\" \/>\n<meta property=\"og:site_name\" content=\"ELV Tehnika\" \/>\n<meta property=\"article:modified_time\" content=\"2016-02-08T12:20:09+00:00\" \/>\n<script type=\"application\/ld+json\" class=\"yoast-schema-graph\">{\"@context\":\"https:\/\/schema.org\",\"@graph\":[{\"@type\":\"WebPage\",\"@id\":\"https:\/\/elvtehnika.ee\/test\/muuk-erilahendused\/\",\"url\":\"https:\/\/elvtehnika.ee\/test\/muuk-erilahendused\/\",\"name\":\"Tehnika m\u00fc\u00fck - erilahendused - ELV Tehnika\",\"isPartOf\":{\"@id\":\"https:\/\/elvtehnika.ee\/test\/#website\"},\"datePublished\":\"2015-11-17T06:05:19+00:00\",\"dateModified\":\"2016-02-08T12:20:09+00:00\",\"breadcrumb\":{\"@id\":\"https:\/\/elvtehnika.ee\/test\/muuk-erilahendused\/#breadcrumb\"},\"inLanguage\":\"et\",\"potentialAction\":[{\"@type\":\"ReadAction\",\"target\":[\"https:\/\/elvtehnika.ee\/test\/muuk-erilahendused\/\"]}]},{\"@type\":\"BreadcrumbList\",\"@id\":\"https:\/\/elvtehnika.ee\/test\/muuk-erilahendused\/#breadcrumb\",\"itemListElement\":[{\"@type\":\"ListItem\",\"position\":1,\"name\":\"Home\",\"item\":\"https:\/\/elvtehnika.ee\/test\/\"},{\"@type\":\"ListItem\",\"position\":2,\"name\":\"Tehnika m\u00fc\u00fck &#8211; erilahendused\"}]},{\"@type\":\"WebSite\",\"@id\":\"https:\/\/elvtehnika.ee\/test\/#website\",\"url\":\"https:\/\/elvtehnika.ee\/test\/\",\"name\":\"ELV Tehnika\",\"description\":\"Heli-, valgus- ja esitlustehnika\",\"potentialAction\":[{\"@type\":\"SearchAction\",\"target\":{\"@type\":\"EntryPoint\",\"urlTemplate\":\"https:\/\/elvtehnika.ee\/test\/?s={search_term_string}\"},\"query-input\":\"required name=search_term_string\"}],\"inLanguage\":\"et\"}]}<\/script>\n<!-- \/ Yoast SEO plugin. -->","yoast_head_json":{"title":"Tehnika m\u00fc\u00fck - erilahendused - ELV Tehnika","robots":{"index":"noindex","follow":"follow","max-snippet":"max-snippet:-1","max-image-preview":"max-image-preview:large","max-video-preview":"max-video-preview:-1"},"og_locale":"et_EE","og_type":"article","og_title":"Tehnika m\u00fc\u00fck - erilahendused - ELV Tehnika","og_description":"Tehnika m\u00fc\u00fck \u2013 erilahendused Millisest erilahendusest olete huvitatud? Heli ja valgustehnika Esitlustehnika Konverentsitehnika S\u00fcnkroont\u00f5lketehnika","og_url":"https:\/\/elvtehnika.ee\/test\/muuk-erilahendused\/","og_site_name":"ELV Tehnika","article_modified_time":"2016-02-08T12:20:09+00:00","schema":{"@context":"https:\/\/schema.org","@graph":[{"@type":"WebPage","@id":"https:\/\/elvtehnika.ee\/test\/muuk-erilahendused\/","url":"https:\/\/elvtehnika.ee\/test\/muuk-erilahendused\/","name":"Tehnika m\u00fc\u00fck - erilahendused - ELV Tehnika","isPartOf":{"@id":"https:\/\/elvtehnika.ee\/test\/#website"},"datePublished":"2015-11-17T06:05:19+00:00","dateModified":"2016-02-08T12:20:09+00:00","breadcrumb":{"@id":"https:\/\/elvtehnika.ee\/test\/muuk-erilahendused\/#breadcrumb"},"inLanguage":"et","potentialAction":[{"@type":"ReadAction","target":["https:\/\/elvtehnika.ee\/test\/muuk-erilahendused\/"]}]},{"@type":"BreadcrumbList","@id":"https:\/\/elvtehnika.ee\/test\/muuk-erilahendused\/#breadcrumb","itemListElement":[{"@type":"ListItem","position":1,"name":"Home","item":"https:\/\/elvtehnika.ee\/test\/"},{"@type":"ListItem","position":2,"name":"Tehnika m\u00fc\u00fck &#8211; erilahendused"}]},{"@type":"WebSite","@id":"https:\/\/elvtehnika.ee\/test\/#website","url":"https:\/\/elvtehnika.ee\/test\/","name":"ELV Tehnika","description":"Heli-, valgus- ja esitlustehnika","potentialAction":[{"@type":"SearchAction","target":{"@type":"EntryPoint","urlTemplate":"https:\/\/elvtehnika.ee\/test\/?s={search_term_string}"},"query-input":"required name=search_term_string"}],"inLanguage":"et"}]}},"_links":{"self":[{"href":"https:\/\/elvtehnika.ee\/test\/wp-json\/wp\/v2\/pages\/3021"}],"collection":[{"href":"https:\/\/elvtehnika.ee\/test\/wp-json\/wp\/v2\/pages"}],"about":[{"href":"https:\/\/elvtehnika.ee\/test\/wp-json\/wp\/v2\/types\/page"}],"author":[{"embeddable":true,"href":"https:\/\/elvtehnika.ee\/test\/wp-json\/wp\/v2\/users\/2"}],"replies":[{"embeddable":true,"href":"https:\/\/elvtehnika.ee\/test\/wp-json\/wp\/v2\/comments?post=3021"}],"version-history":[{"count":1,"href":"https:\/\/elvtehnika.ee\/test\/wp-json\/wp\/v2\/pages\/3021\/revisions"}],"predecessor-version":[{"id":3022,"href":"https:\/\/elvtehnika.ee\/test\/wp-json\/wp\/v2\/pages\/3021\/revisions\/3022"}],"wp:attachment":[{"href":"https:\/\/elvtehnika.ee\/test\/wp-json\/wp\/v2\/media?parent=3021"}],"curies":[{"name":"wp","href":"https:\/\/api.w.org\/{rel}","templated":true}]}}