{"id":3052,"date":"2015-11-19T06:15:19","date_gmt":"2015-11-19T06:15:19","guid":{"rendered":"http:\/\/www.elvtehnika.ee\/?page_id=3052"},"modified":"2017-05-21T17:00:09","modified_gmt":"2017-05-21T14:00:09","slug":"muugitooted","status":"publish","type":"page","link":"https:\/\/elvtehnika.ee\/test\/muugitooted\/","title":{"rendered":"Tooted m\u00fc\u00fcgiks"},"content":{"rendered":"<h2 id=\"helitehnika\">Helitehnika<\/h2>\n<h3 id=\"aktiivkolarid\">Aktiivk\u00f5larid<\/h3>\n<div class=\"woocommerce \"><ul class=\"products columns-5\">\n<li class=\"product type-product post-11978 status-publish first instock product_cat-esitlustehnikakomplektid has-post-thumbnail taxable shipping-taxable purchasable product-type-simple\">\n\t<\/li>\n<\/ul>\n<\/div>\n<h3 id=\"bassikolarid\">Bassik\u00f5larid<\/h3>\n<div class=\"woocommerce \"><ul class=\"products columns-5\">\n<li class=\"product type-product post-11978 status-publish first instock product_cat-esitlustehnikakomplektid has-post-thumbnail taxable shipping-taxable purchasable product-type-simple\">\n\t<\/li>\n<\/ul>\n<\/div>\n<h3 id=\"line-array-elemendid\">Line array elemendid<\/h3>\n<div class=\"woocommerce \"><ul class=\"products columns-5\">\n<li class=\"product type-product post-11978 status-publish first instock product_cat-esitlustehnikakomplektid has-post-thumbnail taxable shipping-taxable purchasable product-type-simple\">\n\t<\/li>\n<\/ul>\n<\/div>\n<h3 id=\"ilmastikukindlad-kolarid\">Ilmastikukindlad k\u00f5larid<\/h3>\n<div class=\"woocommerce \"><ul class=\"products columns-5\">\n<li class=\"product type-product post-11978 status-publish first instock product_cat-esitlustehnikakomplektid has-post-thumbnail taxable shipping-taxable purchasable product-type-simple\">\n\t<\/li>\n<\/ul>\n<\/div>\n<h3 id=\"helipuldid\">Helipuldid<\/h3>\n<div class=\"woocommerce \"><ul class=\"products columns-5\">\n<li class=\"product type-product post-11978 status-publish first instock product_cat-esitlustehnikakomplektid has-post-thumbnail taxable shipping-taxable purchasable product-type-simple\">\n\t<\/li>\n<\/ul>\n<\/div>\n<h3 id=\"raadiomikrofonid\">Raadiomikrofonid<\/h3>\n<div class=\"woocommerce \"><ul class=\"products columns-5\">\n<li class=\"product type-product post-11978 status-publish first instock product_cat-esitlustehnikakomplektid has-post-thumbnail taxable shipping-taxable purchasable product-type-simple\">\n\t<\/li>\n<\/ul>\n<\/div>\n<h3 id=\"dj-tehnika\">DJ-tehnika<\/h3>\n<div class=\"woocommerce \"><ul class=\"products columns-5\">\n<li class=\"product type-product post-11978 status-publish first instock product_cat-esitlustehnikakomplektid has-post-thumbnail taxable shipping-taxable purchasable product-type-simple\">\n\t<\/li>\n<\/ul>\n<\/div>\n<h3 id=\"giiditehnika\">Giiditehnika<\/h3>\n<div class=\"woocommerce \"><ul class=\"products columns-5\">\n<li class=\"product type-product post-11978 status-publish first instock product_cat-esitlustehnikakomplektid has-post-thumbnail taxable shipping-taxable purchasable product-type-simple\">\n\t<\/li>\n<\/ul>\n<\/div>\n<h3 id=\"helitehnika-lisaseadmed\">Helitehnika lisaseadmed<\/h3>\n<div class=\"woocommerce \"><ul class=\"products columns-5\">\n<li class=\"product type-product post-11978 status-publish first instock product_cat-esitlustehnikakomplektid has-post-thumbnail taxable shipping-taxable purchasable product-type-simple\">\n\t<\/li>\n<\/ul>\n<\/div>\n<h2 id=\"valgustehnika\">Valgustehnika<\/h2>\n<div class=\"woocommerce \"><ul class=\"products columns-5\">\n<li class=\"product type-product post-11978 status-publish first instock product_cat-esitlustehnikakomplektid has-post-thumbnail taxable shipping-taxable purchasable product-type-simple\">\n\t<\/li>\n<\/ul>\n<\/div>\n<h3 id=\"led-prozektorid\">LED pro\u017eektorid<\/h3>\n<div class=\"woocommerce \"><ul class=\"products columns-5\">\n<li class=\"product type-product post-11978 status-publish first instock product_cat-esitlustehnikakomplektid has-post-thumbnail taxable shipping-taxable purchasable product-type-simple\">\n\t<\/li>\n<\/ul>\n<\/div>\n<h3 id=\"liikuvad-valgustid\">Liikuvad valgustid<\/h3>\n<div class=\"woocommerce \"><ul class=\"products columns-5\">\n<li class=\"product type-product post-11978 status-publish first instock product_cat-esitlustehnikakomplektid has-post-thumbnail taxable shipping-taxable purchasable product-type-simple\">\n\t<\/li>\n<\/ul>\n<\/div>\n<h3 id=\"suitsumasinad\">Suitsumasinad<\/h3>\n<div class=\"woocommerce \"><ul class=\"products columns-5\">\n<li class=\"product type-product post-11978 status-publish first instock product_cat-esitlustehnikakomplektid has-post-thumbnail taxable shipping-taxable purchasable product-type-simple\">\n\t<\/li>\n<\/ul>\n<\/div>\n<h3 id=\"ilmastikukindlad-led-valgustid\">Ilmastikukindlad LED valgustid<\/h3>\n<div class=\"woocommerce \"><ul class=\"products columns-5\">\n<li class=\"product type-product post-11978 status-publish first instock product_cat-esitlustehnikakomplektid has-post-thumbnail taxable shipping-taxable purchasable product-type-simple\">\n\t<\/li>\n<\/ul>\n<\/div>\n<h3 id=\"valgustehnika-lisaseadmed\">Valgustehnika lisaseadmed<\/h3>\n<div class=\"woocommerce \"><ul class=\"products columns-5\">\n<li class=\"product type-product post-11978 status-publish first instock product_cat-esitlustehnikakomplektid has-post-thumbnail taxable shipping-taxable purchasable product-type-simple\">\n\t<\/li>\n<\/ul>\n<\/div>\n<h2 id=\"esitlustehnika\">Esitlustehnika<\/h2>\n<div class=\"woocommerce \"><ul class=\"products columns-5\">\n<li class=\"product type-product post-11978 status-publish first instock product_cat-esitlustehnikakomplektid has-post-thumbnail taxable shipping-taxable purchasable product-type-simple\">\n\t<\/li>\n<\/ul>\n<\/div>\n<h3 id=\"projektorid\">Projektorid<\/h3>\n<div class=\"woocommerce \"><ul class=\"products columns-5\">\n<li class=\"product type-product post-11978 status-publish first instock product_cat-esitlustehnikakomplektid has-post-thumbnail taxable shipping-taxable purchasable product-type-simple\">\n\t<\/li>\n<\/ul>\n<\/div>\n<h3 id=\"projektsiooniekraanid\">Projektsiooniekraanid<\/h3>\n<div class=\"woocommerce \"><ul class=\"products columns-5\">\n<li class=\"product type-product post-11978 status-publish first instock product_cat-esitlustehnikakomplektid has-post-thumbnail taxable shipping-taxable purchasable product-type-simple\">\n\t<\/li>\n<\/ul>\n<\/div>\n<h3 id=\"led-ekraanid\">LED ekraanid<\/h3>\n<div class=\"woocommerce \"><ul class=\"products columns-5\">\n<li class=\"product type-product post-11978 status-publish first instock product_cat-esitlustehnikakomplektid has-post-thumbnail taxable shipping-taxable purchasable product-type-simple\">\n\t<\/li>\n<\/ul>\n<\/div>\n<h3 id=\"targad-infoekraanid\">Targad infoekraanid<\/h3>\n<div class=\"woocommerce \"><ul class=\"products columns-5\">\n<li class=\"product type-product post-11978 status-publish first instock product_cat-esitlustehnikakomplektid has-post-thumbnail taxable shipping-taxable purchasable product-type-simple\">\n\t<\/li>\n<\/ul>\n<\/div>\n<h3 id=\"esitlustehnika-lisaseadmed\">Esitlustehnika lisaseadmed<\/h3>\n<div class=\"woocommerce \"><ul class=\"products columns-5\">\n<li class=\"product type-product post-11978 status-publish first instock product_cat-esitlustehnikakomplektid has-post-thumbnail taxable shipping-taxable purchasable product-type-simple\">\n\t<\/li>\n<\/ul>\n<\/div>\n<h2 id=\"konverentsitehnika\">Konverentsitehnika<\/h2>\n<div class=\"woocommerce \"><ul class=\"products columns-5\">\n<li class=\"product type-product post-11978 status-publish first instock product_cat-esitlustehnikakomplektid has-post-thumbnail taxable shipping-taxable purchasable product-type-simple\">\n\t<\/li>\n<\/ul>\n<\/div>\n<h3 id=\"sunkroontolketehnika\">S\u00fcnkroont\u00f5lketehnika<\/h3>\n<div class=\"woocommerce \"><ul class=\"products columns-5\">\n<li class=\"product type-product post-11978 status-publish first instock product_cat-esitlustehnikakomplektid has-post-thumbnail taxable shipping-taxable purchasable product-type-simple\">\n\t<\/li>\n<\/ul>\n<\/div>\n<h3 id=\"diskussioonitehnika\">Diskussioonitehnika, delegaadimikrofonid<\/h3>\n<div class=\"woocommerce \"><ul class=\"products columns-5\">\n<li class=\"product type-product post-11978 status-publish first instock product_cat-esitlustehnikakomplektid has-post-thumbnail taxable shipping-taxable purchasable product-type-simple\">\n\t<\/li>\n<\/ul>\n<\/div>\n<h3 id=\"videokonverentsi-tehnika\">Videokonverentsi tehnika<\/h3>\n<div class=\"woocommerce \"><ul class=\"products columns-5\">\n<li class=\"product type-product post-11978 status-publish first instock product_cat-esitlustehnikakomplektid has-post-thumbnail taxable shipping-taxable purchasable product-type-simple\">\n\t<\/li>\n<\/ul>\n<\/div>\n<h3 id=\"haaletussusteemid\">H\u00e4\u00e4letuss\u00fcsteemid<\/h3>\n<div class=\"woocommerce \"><ul class=\"products columns-5\">\n<li class=\"product type-product post-11978 status-publish first instock product_cat-esitlustehnikakomplektid has-post-thumbnail taxable shipping-taxable purchasable product-type-simple\">\n\t<\/li>\n<\/ul>\n<\/div>\n<h3 id=\"konverentsitehnika-lisaseadmed\">Konverentsitehnika lisaseadmed<\/h3>\n<div class=\"woocommerce \"><ul class=\"products columns-5\">\n<li class=\"product type-product post-11978 status-publish first instock product_cat-esitlustehnikakomplektid has-post-thumbnail taxable shipping-taxable purchasable product-type-simple\">\n\t<\/li>\n<\/ul>\n<\/div>\n<h2 id=\"lisaseadmed\">Lisaseadmed<\/h2>\n<div class=\"woocommerce \"><ul class=\"products columns-5\">\n<li class=\"product type-product post-11978 status-publish first instock product_cat-esitlustehnikakomplektid has-post-thumbnail taxable shipping-taxable purchasable product-type-simple\">\n\t<\/li>\n<\/ul>\n<\/div>\n<h3 id=\"tahvelarvutid\">Tahvelarvutid<\/h3>\n<div class=\"woocommerce \"><ul class=\"products columns-5\">\n<li class=\"product type-product post-11978 status-publish first instock product_cat-esitlustehnikakomplektid has-post-thumbnail taxable shipping-taxable purchasable product-type-simple\">\n\t<\/li>\n<\/ul>\n<\/div>\n","protected":false},"excerpt":{"rendered":"<p>Helitehnika Aktiivk\u00f5larid Bassik\u00f5larid Line array elemendid Ilmastikukindlad k\u00f5larid Helipuldid Raadiomikrofonid DJ-tehnika Giiditehnika Helitehnika lisaseadmed Valgustehnika LED pro\u017eektorid Liikuvad valgustid Suitsumasinad Ilmastikukindlad LED valgustid Valgustehnika lisaseadmed Esitlustehnika Projektorid Projektsiooniekraanid LED ekraanid Targad infoekraanid Esitlustehnika lisaseadmed Konverentsitehnika S\u00fcnkroont\u00f5lketehnika Diskussioonitehnika, delegaadimikrofonid Videokonverentsi tehnika H\u00e4\u00e4letuss\u00fcsteemid Konverentsitehnika lisaseadmed Lisaseadmed Tahvelarvutid<\/p>\n","protected":false},"author":2,"featured_media":0,"parent":0,"menu_order":0,"comment_status":"closed","ping_status":"closed","template":"templates\/template-products-for-sale-scroll.php","meta":[],"acf":[],"yoast_head":"<!-- This site is optimized with the Yoast SEO plugin v20.5 - https:\/\/yoast.com\/wordpress\/plugins\/seo\/ -->\n<title>Heli- valgus- ja esitlustehnika m\u00fc\u00fck - ELV Tehnika<\/title>\n<meta name=\"description\" content=\"DJ-tehnika, giiditehnika, mikrofonid, projektorid, LED ekraanid, targad infoekraanid, valgustehnika jpm\" \/>\n<meta name=\"robots\" content=\"noindex, follow, max-snippet:-1, max-image-preview:large, max-video-preview:-1\" \/>\n<meta property=\"og:locale\" content=\"et_EE\" \/>\n<meta property=\"og:type\" content=\"article\" \/>\n<meta property=\"og:title\" content=\"Heli- valgus- ja esitlustehnika m\u00fc\u00fck - ELV Tehnika\" \/>\n<meta property=\"og:description\" content=\"DJ-tehnika, giiditehnika, mikrofonid, projektorid, LED ekraanid, targad infoekraanid, valgustehnika jpm\" \/>\n<meta property=\"og:url\" content=\"https:\/\/elvtehnika.ee\/test\/muugitooted\/\" \/>\n<meta property=\"og:site_name\" content=\"ELV Tehnika\" \/>\n<meta property=\"article:modified_time\" content=\"2017-05-21T14:00:09+00:00\" \/>\n<meta name=\"twitter:label1\" content=\"Est. reading time\" \/>\n\t<meta name=\"twitter:data1\" content=\"1 minut\" \/>\n<script type=\"application\/ld+json\" class=\"yoast-schema-graph\">{\"@context\":\"https:\/\/schema.org\",\"@graph\":[{\"@type\":\"WebPage\",\"@id\":\"https:\/\/elvtehnika.ee\/test\/muugitooted\/\",\"url\":\"https:\/\/elvtehnika.ee\/test\/muugitooted\/\",\"name\":\"Heli- valgus- ja esitlustehnika m\u00fc\u00fck - ELV Tehnika\",\"isPartOf\":{\"@id\":\"https:\/\/elvtehnika.ee\/test\/#website\"},\"datePublished\":\"2015-11-19T06:15:19+00:00\",\"dateModified\":\"2017-05-21T14:00:09+00:00\",\"description\":\"DJ-tehnika, giiditehnika, mikrofonid, projektorid, LED ekraanid, targad infoekraanid, valgustehnika jpm\",\"breadcrumb\":{\"@id\":\"https:\/\/elvtehnika.ee\/test\/muugitooted\/#breadcrumb\"},\"inLanguage\":\"et\",\"potentialAction\":[{\"@type\":\"ReadAction\",\"target\":[\"https:\/\/elvtehnika.ee\/test\/muugitooted\/\"]}]},{\"@type\":\"BreadcrumbList\",\"@id\":\"https:\/\/elvtehnika.ee\/test\/muugitooted\/#breadcrumb\",\"itemListElement\":[{\"@type\":\"ListItem\",\"position\":1,\"name\":\"Home\",\"item\":\"https:\/\/elvtehnika.ee\/test\/\"},{\"@type\":\"ListItem\",\"position\":2,\"name\":\"Tooted m\u00fc\u00fcgiks\"}]},{\"@type\":\"WebSite\",\"@id\":\"https:\/\/elvtehnika.ee\/test\/#website\",\"url\":\"https:\/\/elvtehnika.ee\/test\/\",\"name\":\"ELV Tehnika\",\"description\":\"Heli-, valgus- ja esitlustehnika\",\"potentialAction\":[{\"@type\":\"SearchAction\",\"target\":{\"@type\":\"EntryPoint\",\"urlTemplate\":\"https:\/\/elvtehnika.ee\/test\/?s={search_term_string}\"},\"query-input\":\"required name=search_term_string\"}],\"inLanguage\":\"et\"}]}<\/script>\n<!-- \/ Yoast SEO plugin. -->","yoast_head_json":{"title":"Heli- valgus- ja esitlustehnika m\u00fc\u00fck - ELV Tehnika","description":"DJ-tehnika, giiditehnika, mikrofonid, projektorid, LED ekraanid, targad infoekraanid, valgustehnika jpm","robots":{"index":"noindex","follow":"follow","max-snippet":"max-snippet:-1","max-image-preview":"max-image-preview:large","max-video-preview":"max-video-preview:-1"},"og_locale":"et_EE","og_type":"article","og_title":"Heli- valgus- ja esitlustehnika m\u00fc\u00fck - ELV Tehnika","og_description":"DJ-tehnika, giiditehnika, mikrofonid, projektorid, LED ekraanid, targad infoekraanid, valgustehnika jpm","og_url":"https:\/\/elvtehnika.ee\/test\/muugitooted\/","og_site_name":"ELV Tehnika","article_modified_time":"2017-05-21T14:00:09+00:00","twitter_misc":{"Est. reading time":"1 minut"},"schema":{"@context":"https:\/\/schema.org","@graph":[{"@type":"WebPage","@id":"https:\/\/elvtehnika.ee\/test\/muugitooted\/","url":"https:\/\/elvtehnika.ee\/test\/muugitooted\/","name":"Heli- valgus- ja esitlustehnika m\u00fc\u00fck - ELV Tehnika","isPartOf":{"@id":"https:\/\/elvtehnika.ee\/test\/#website"},"datePublished":"2015-11-19T06:15:19+00:00","dateModified":"2017-05-21T14:00:09+00:00","description":"DJ-tehnika, giiditehnika, mikrofonid, projektorid, LED ekraanid, targad infoekraanid, valgustehnika jpm","breadcrumb":{"@id":"https:\/\/elvtehnika.ee\/test\/muugitooted\/#breadcrumb"},"inLanguage":"et","potentialAction":[{"@type":"ReadAction","target":["https:\/\/elvtehnika.ee\/test\/muugitooted\/"]}]},{"@type":"BreadcrumbList","@id":"https:\/\/elvtehnika.ee\/test\/muugitooted\/#breadcrumb","itemListElement":[{"@type":"ListItem","position":1,"name":"Home","item":"https:\/\/elvtehnika.ee\/test\/"},{"@type":"ListItem","position":2,"name":"Tooted m\u00fc\u00fcgiks"}]},{"@type":"WebSite","@id":"https:\/\/elvtehnika.ee\/test\/#website","url":"https:\/\/elvtehnika.ee\/test\/","name":"ELV Tehnika","description":"Heli-, valgus- ja esitlustehnika","potentialAction":[{"@type":"SearchAction","target":{"@type":"EntryPoint","urlTemplate":"https:\/\/elvtehnika.ee\/test\/?s={search_term_string}"},"query-input":"required name=search_term_string"}],"inLanguage":"et"}]}},"_links":{"self":[{"href":"https:\/\/elvtehnika.ee\/test\/wp-json\/wp\/v2\/pages\/3052"}],"collection":[{"href":"https:\/\/elvtehnika.ee\/test\/wp-json\/wp\/v2\/pages"}],"about":[{"href":"https:\/\/elvtehnika.ee\/test\/wp-json\/wp\/v2\/types\/page"}],"author":[{"embeddable":true,"href":"https:\/\/elvtehnika.ee\/test\/wp-json\/wp\/v2\/users\/2"}],"replies":[{"embeddable":true,"href":"https:\/\/elvtehnika.ee\/test\/wp-json\/wp\/v2\/comments?post=3052"}],"version-history":[{"count":5,"href":"https:\/\/elvtehnika.ee\/test\/wp-json\/wp\/v2\/pages\/3052\/revisions"}],"predecessor-version":[{"id":6200,"href":"https:\/\/elvtehnika.ee\/test\/wp-json\/wp\/v2\/pages\/3052\/revisions\/6200"}],"wp:attachment":[{"href":"https:\/\/elvtehnika.ee\/test\/wp-json\/wp\/v2\/media?parent=3052"}],"curies":[{"name":"wp","href":"https:\/\/api.w.org\/{rel}","templated":true}]}}