{"id":315,"date":"2015-03-02T11:37:19","date_gmt":"2015-03-02T11:37:19","guid":{"rendered":"http:\/\/www.elvtehnika.ee\/1\/?page_id=315"},"modified":"2015-11-29T20:37:33","modified_gmt":"2015-11-29T20:37:33","slug":"konsultatsioon","status":"publish","type":"page","link":"https:\/\/elvtehnika.ee\/test\/konsultatsioon\/","title":{"rendered":"Konsultatsioon"},"content":{"rendered":"<p><strong><a href=\"https:\/\/elvtehnika.ee\/test\/1\/wp-content\/uploads\/konsultatsioon.jpg\"><img decoding=\"async\" loading=\"lazy\" class=\"size-medium wp-image-600 alignright\" src=\"https:\/\/elvtehnika.ee\/test\/1\/wp-content\/uploads\/konsultatsioon-254x300.jpg\" alt=\"konsultatsioon\" width=\"254\" height=\"300\" srcset=\"https:\/\/elvtehnika.ee\/test\/wp-content\/uploads\/konsultatsioon-254x300.jpg 254w, https:\/\/elvtehnika.ee\/test\/wp-content\/uploads\/konsultatsioon-169x200.jpg 169w, https:\/\/elvtehnika.ee\/test\/wp-content\/uploads\/konsultatsioon.jpg 269w\" sizes=\"(max-width: 254px) 100vw, 254px\" \/><\/a>Mille kohta oskame kaasa r\u00e4\u00e4kida?<\/strong><\/p>\n<p>&#8211; <a title=\"Helitehnika, valgustehnika ja esitlustehnika m\u00fc\u00fck hangetel\" href=\"https:\/\/elvtehnika.ee\/test\/helitehnika-valgustehnika-ja-esitlustehnika-muuk-hangetel\/\">Hangetele heli-, valgus-, ja esitlustehnika pakkumine ning n\u00f5ustamine<\/a>;<\/p>\n<p>&#8211; Rahvusvaheliste konverentside tehniline k\u00fclg ja s\u00fcnkroont\u00f5lke korraldamine;<\/p>\n<p>&#8211; erinevate \u00fcrituste teenindamine heli- ja valgustehnikaga;<\/p>\n<p>&#8211; konverentsisaalide tehnikaga sisustamine ja nende tehnikaalase kasutusmugavuse planeerimine &#8211; kujutame ette, mida ja kuidas reaalselt \u00fcritustel kasutatakse ning saame toetuda headele kontaktidele selles vallas t\u00e4iendava n\u00f5u saamiseks;<\/p>\n<p>&#8211; heli- ja valgustehnika soetamine pubidesse ning muudesse meelelahutusasutustesse;<\/p>\n<p>&#8211; kaasaskantavad t\u00f6\u00f6kindlad, kasutajas\u00f5bralikud ning eelarvekohased heli-, valgus-, ning ka giiditehnika komplektid;<\/p>\n<p>&#8211; esitlustehnika ja selle kasutus;<\/p>\n<p>&#8211; oleme ka meeleldi abiks kampaaniate l\u00e4biviimisel poodides ja kliendip\u00e4evadega, m\u00f5tleme kaasa kuidas luua atraktiivset v\u00e4rvilist valguslahendust ning kuidas kasutada erinevat esitlustehnikat s\u00f5numi klienditeni edastamiseks.<\/p>\n<p><strong>Kuidas Teile kasulikud oleme?<\/strong><\/p>\n<p>&#8211; Kuulame mis on Teie jaoks raskusi v\u00f5i takistusi tekitavateks aspektideks, ning mis on Teie eesm\u00e4rgid;<\/p>\n<p>&#8211; aitame Teid Teie eesm\u00e4rkidele l\u00e4hemale &#8211; kas pakkudes lahenduse v\u00e4lja, aidates Teie m\u00f5tteid selgemaks muuta v\u00f5i Teid edasi suunates \u00f5ige valdkonna inimeste juurde.<\/p>\n<p><a href=\"https:\/\/elvtehnika.ee\/test\/1\/kontakt\/\">V\u00f5tke \u00fchendust<\/a> kui tunnete, et saame abiks olla.<\/p>\n","protected":false},"excerpt":{"rendered":"<p>Mille kohta oskame kaasa r\u00e4\u00e4kida? &#8211; Hangetele heli-, valgus-, ja esitlustehnika pakkumine ning n\u00f5ustamine; &#8211; Rahvusvaheliste konverentside tehniline k\u00fclg ja s\u00fcnkroont\u00f5lke korraldamine; &#8211; erinevate \u00fcrituste teenindamine heli- ja valgustehnikaga; &#8211; konverentsisaalide tehnikaga sisustamine ja nende tehnikaalase kasutusmugavuse planeerimine &#8211; kujutame ette, mida ja kuidas reaalselt \u00fcritustel kasutatakse ning saame toetuda headele kontaktidele selles vallas t\u00e4iendava [&hellip;]<\/p>\n","protected":false},"author":2,"featured_media":0,"parent":0,"menu_order":0,"comment_status":"closed","ping_status":"open","template":"","meta":[],"acf":[],"yoast_head":"<!-- This site is optimized with the Yoast SEO plugin v20.5 - https:\/\/yoast.com\/wordpress\/plugins\/seo\/ -->\n<title>Konsultatsioon - ELV Tehnika<\/title>\n<meta name=\"robots\" content=\"noindex, follow, max-snippet:-1, max-image-preview:large, max-video-preview:-1\" \/>\n<meta property=\"og:locale\" content=\"et_EE\" \/>\n<meta property=\"og:type\" content=\"article\" \/>\n<meta property=\"og:title\" content=\"Konsultatsioon - ELV Tehnika\" \/>\n<meta property=\"og:description\" content=\"Mille kohta oskame kaasa r\u00e4\u00e4kida? &#8211; Hangetele heli-, valgus-, ja esitlustehnika pakkumine ning n\u00f5ustamine; &#8211; Rahvusvaheliste konverentside tehniline k\u00fclg ja s\u00fcnkroont\u00f5lke korraldamine; &#8211; erinevate \u00fcrituste teenindamine heli- ja valgustehnikaga; &#8211; konverentsisaalide tehnikaga sisustamine ja nende tehnikaalase kasutusmugavuse planeerimine &#8211; kujutame ette, mida ja kuidas reaalselt \u00fcritustel kasutatakse ning saame toetuda headele kontaktidele selles vallas t\u00e4iendava [&hellip;]\" \/>\n<meta property=\"og:url\" content=\"https:\/\/elvtehnika.ee\/test\/konsultatsioon\/\" \/>\n<meta property=\"og:site_name\" content=\"ELV Tehnika\" \/>\n<meta property=\"article:modified_time\" content=\"2015-11-29T20:37:33+00:00\" \/>\n<meta property=\"og:image\" content=\"https:\/\/elvtehnika.ee\/test\/1\/wp-content\/uploads\/konsultatsioon-254x300.jpg\" \/>\n<meta name=\"twitter:label1\" content=\"Est. reading time\" \/>\n\t<meta name=\"twitter:data1\" content=\"1 minut\" \/>\n<script type=\"application\/ld+json\" class=\"yoast-schema-graph\">{\"@context\":\"https:\/\/schema.org\",\"@graph\":[{\"@type\":\"WebPage\",\"@id\":\"https:\/\/elvtehnika.ee\/test\/konsultatsioon\/\",\"url\":\"https:\/\/elvtehnika.ee\/test\/konsultatsioon\/\",\"name\":\"Konsultatsioon - ELV Tehnika\",\"isPartOf\":{\"@id\":\"https:\/\/elvtehnika.ee\/test\/#website\"},\"datePublished\":\"2015-03-02T11:37:19+00:00\",\"dateModified\":\"2015-11-29T20:37:33+00:00\",\"breadcrumb\":{\"@id\":\"https:\/\/elvtehnika.ee\/test\/konsultatsioon\/#breadcrumb\"},\"inLanguage\":\"et\",\"potentialAction\":[{\"@type\":\"ReadAction\",\"target\":[\"https:\/\/elvtehnika.ee\/test\/konsultatsioon\/\"]}]},{\"@type\":\"BreadcrumbList\",\"@id\":\"https:\/\/elvtehnika.ee\/test\/konsultatsioon\/#breadcrumb\",\"itemListElement\":[{\"@type\":\"ListItem\",\"position\":1,\"name\":\"Home\",\"item\":\"https:\/\/elvtehnika.ee\/test\/\"},{\"@type\":\"ListItem\",\"position\":2,\"name\":\"Konsultatsioon\"}]},{\"@type\":\"WebSite\",\"@id\":\"https:\/\/elvtehnika.ee\/test\/#website\",\"url\":\"https:\/\/elvtehnika.ee\/test\/\",\"name\":\"ELV Tehnika\",\"description\":\"Heli-, valgus- ja esitlustehnika\",\"potentialAction\":[{\"@type\":\"SearchAction\",\"target\":{\"@type\":\"EntryPoint\",\"urlTemplate\":\"https:\/\/elvtehnika.ee\/test\/?s={search_term_string}\"},\"query-input\":\"required name=search_term_string\"}],\"inLanguage\":\"et\"}]}<\/script>\n<!-- \/ Yoast SEO plugin. -->","yoast_head_json":{"title":"Konsultatsioon - ELV Tehnika","robots":{"index":"noindex","follow":"follow","max-snippet":"max-snippet:-1","max-image-preview":"max-image-preview:large","max-video-preview":"max-video-preview:-1"},"og_locale":"et_EE","og_type":"article","og_title":"Konsultatsioon - ELV Tehnika","og_description":"Mille kohta oskame kaasa r\u00e4\u00e4kida? &#8211; Hangetele heli-, valgus-, ja esitlustehnika pakkumine ning n\u00f5ustamine; &#8211; Rahvusvaheliste konverentside tehniline k\u00fclg ja s\u00fcnkroont\u00f5lke korraldamine; &#8211; erinevate \u00fcrituste teenindamine heli- ja valgustehnikaga; &#8211; konverentsisaalide tehnikaga sisustamine ja nende tehnikaalase kasutusmugavuse planeerimine &#8211; kujutame ette, mida ja kuidas reaalselt \u00fcritustel kasutatakse ning saame toetuda headele kontaktidele selles vallas t\u00e4iendava [&hellip;]","og_url":"https:\/\/elvtehnika.ee\/test\/konsultatsioon\/","og_site_name":"ELV Tehnika","article_modified_time":"2015-11-29T20:37:33+00:00","og_image":[{"url":"https:\/\/elvtehnika.ee\/test\/1\/wp-content\/uploads\/konsultatsioon-254x300.jpg"}],"twitter_misc":{"Est. reading time":"1 minut"},"schema":{"@context":"https:\/\/schema.org","@graph":[{"@type":"WebPage","@id":"https:\/\/elvtehnika.ee\/test\/konsultatsioon\/","url":"https:\/\/elvtehnika.ee\/test\/konsultatsioon\/","name":"Konsultatsioon - ELV Tehnika","isPartOf":{"@id":"https:\/\/elvtehnika.ee\/test\/#website"},"datePublished":"2015-03-02T11:37:19+00:00","dateModified":"2015-11-29T20:37:33+00:00","breadcrumb":{"@id":"https:\/\/elvtehnika.ee\/test\/konsultatsioon\/#breadcrumb"},"inLanguage":"et","potentialAction":[{"@type":"ReadAction","target":["https:\/\/elvtehnika.ee\/test\/konsultatsioon\/"]}]},{"@type":"BreadcrumbList","@id":"https:\/\/elvtehnika.ee\/test\/konsultatsioon\/#breadcrumb","itemListElement":[{"@type":"ListItem","position":1,"name":"Home","item":"https:\/\/elvtehnika.ee\/test\/"},{"@type":"ListItem","position":2,"name":"Konsultatsioon"}]},{"@type":"WebSite","@id":"https:\/\/elvtehnika.ee\/test\/#website","url":"https:\/\/elvtehnika.ee\/test\/","name":"ELV Tehnika","description":"Heli-, valgus- ja esitlustehnika","potentialAction":[{"@type":"SearchAction","target":{"@type":"EntryPoint","urlTemplate":"https:\/\/elvtehnika.ee\/test\/?s={search_term_string}"},"query-input":"required name=search_term_string"}],"inLanguage":"et"}]}},"_links":{"self":[{"href":"https:\/\/elvtehnika.ee\/test\/wp-json\/wp\/v2\/pages\/315"}],"collection":[{"href":"https:\/\/elvtehnika.ee\/test\/wp-json\/wp\/v2\/pages"}],"about":[{"href":"https:\/\/elvtehnika.ee\/test\/wp-json\/wp\/v2\/types\/page"}],"author":[{"embeddable":true,"href":"https:\/\/elvtehnika.ee\/test\/wp-json\/wp\/v2\/users\/2"}],"replies":[{"embeddable":true,"href":"https:\/\/elvtehnika.ee\/test\/wp-json\/wp\/v2\/comments?post=315"}],"version-history":[{"count":3,"href":"https:\/\/elvtehnika.ee\/test\/wp-json\/wp\/v2\/pages\/315\/revisions"}],"predecessor-version":[{"id":3087,"href":"https:\/\/elvtehnika.ee\/test\/wp-json\/wp\/v2\/pages\/315\/revisions\/3087"}],"wp:attachment":[{"href":"https:\/\/elvtehnika.ee\/test\/wp-json\/wp\/v2\/media?parent=315"}],"curies":[{"name":"wp","href":"https:\/\/api.w.org\/{rel}","templated":true}]}}