{"id":357,"date":"2015-03-03T09:01:17","date_gmt":"2015-03-03T09:01:17","guid":{"rendered":"http:\/\/www.elvtehnika.ee\/1\/?page_id=357"},"modified":"2017-04-10T21:41:57","modified_gmt":"2017-04-10T18:41:57","slug":"sunkroontolketehnika-muuk","status":"publish","type":"page","link":"https:\/\/elvtehnika.ee\/test\/sunkroontolketehnika-muuk\/","title":{"rendered":"S\u00fcnkroont\u00f5lketehnika m\u00fc\u00fck"},"content":{"rendered":"<p><img decoding=\"async\" loading=\"lazy\" class=\" alignright wp-image-1330\" src=\"https:\/\/elvtehnika.ee\/test\/1\/wp-content\/uploads\/s\u00f5nkroont\u00f5lkevastuv\u00f5tja-DIS-DR6004.jpg\" alt=\"s\u00fcnkroont\u00f5lkevastuv\u00f5tja DIS DR6004\" width=\"216\" height=\"219\" \/>Oleme Teile heameelega abiks s\u00fcnkroont\u00f5lketehnika soetamisel \u2013 anname n\u00f5u ja aitame kaasa m\u00f5elda kuidas Teie k\u00fcsimust k\u00f5ige paremini lahendada, pakume v\u00e4lja tehnilise teostuse (v\u00f5i ka mitu varianti selleks), tarnime ja paigaldame seadmed ning oleme hiljem hoolduse ja jooksvalt tekkivate k\u00fcsimustega abiks.<\/p>\n<p><strong>Miks meiega koost\u00f6\u00f6d teha?<\/strong><\/p>\n<ul>\n<li>Oleme aastaid teenindanud \u00fcritusi s\u00fcnkroont\u00f5lketehnikaga ning see praktiline kogemus annab \u00fclevaate millised omadused tehnika juures on praktikas t\u00e4htsad, kuidas inimesed reaalselt tehnikat kasutavad ning millised lahendused on t\u00f6\u00f6kindlad ja millised mitte.<\/li>\n<li>Saame \u00fcldjuhul demonstreerida Teile seadmeid enne ostu, et saaksite veenduda kas ja kuidas pakutud lahedus Teile sobib.<\/li>\n<li>Anname tavajuhul garantiiajal tekkinud rikke korral kiirelt tasuta asendusseadme ning hoolitseme originaalseadme kordasaamise eest.<\/li>\n<li>L\u00e4heneme t\u00f6\u00f6le kliendikeskselt pannes r\u00f5hku sellele, et pakutud lahendus oleks optimaalne, t\u00f6\u00f6kindel ja vastaks Teie ootustele.<\/li>\n<\/ul>\n<p><strong>Millist tehnikat pakume?<\/strong><\/p>\n<p>Pakume tunnustatud ja kvaliteedile r\u00f5huvate tootjate seadmeid nagu DIS \u2013 Danish Interpretation Systems, RCF, ning Mipro.<\/p>\n<p><a href=\"http:\/\/www.dis.cc\/\" target=\"_blank\"><img decoding=\"async\" loading=\"lazy\" class=\"wp-image-776 alignnone\" src=\"http:\/\/soundserv.ee\/wp-content\/uploads\/2014\/10\/danish-interpretation-systems-300x122.jpg\" alt=\"danish interpretation systems\" width=\"215\" height=\"87\" \/><\/a>\u00a0\u00a0\u00a0<span class=\"Apple-converted-space\">\u00a0<\/span><a href=\"http:\/\/www.rcf.it\/homepage\" target=\"_blank\"><img decoding=\"async\" loading=\"lazy\" class=\"wp-image-251 alignleft\" src=\"http:\/\/soundserv.ee\/wp-content\/uploads\/2014\/08\/RCF-Logo.jpg\" alt=\"RCF-Logo\" width=\"127\" height=\"127\" \/><\/a>\u00a0\u00a0<a href=\"http:\/\/www.mipro.com.tw\/\" target=\"_blank\"><img decoding=\"async\" loading=\"lazy\" class=\"wp-image-254 alignleft\" src=\"http:\/\/soundserv.ee\/wp-content\/uploads\/2014\/08\/Mipro-300x165.jpg\" alt=\"Mipro\" width=\"209\" height=\"115\" \/><\/a><\/p>\n<p>&nbsp;<\/p>\n<p>&nbsp;<\/p>\n<p><strong>DIS s\u00fcnkroont\u00f5lketehnika<\/strong><\/p>\n<p>DIS\u2019i toodangust pakume t\u00e4isdigitaalset infrapunasignaalil t\u00f6\u00f6tavat v\u00e4ga t\u00f6\u00f6kindlat s\u00fcnkroont\u00f5lkes\u00fcsteemi, millel on selge kahinatevaba levi, vastuv\u00f5tjate patareide kestus kuni 200 tundi ning t\u00e4nu infrapunasignaali omadusele ruumi piiresse j\u00e4\u00e4da ei j\u00f5ua sisuliselt t\u00f5lkesignaal saalist v\u00e4lja, sega \u00fcmbruskonnas olevaid raadioteel t\u00f6\u00f6tavaid seadmeid ega ole nende poolt tekitatavatele potensiaalsetele h\u00e4iretele vastuv\u00f5tlik. \u00dcks m\u00e4rkimisv\u00e4\u00e4rsemaid omadusi on vastuv\u00f5tjate AA patareide eluiga. Praktikas on neid vaja vahetada korra aastas ning j\u00e4\u00e4b \u00e4ra vajadus peale iga \u00fcritust seadmeid kokku korjata ja akusid laadida.<\/p>\n<p>Seadmed n\u00e4evad v\u00e4lja j\u00e4rgmised (pildil klikkides leiate t\u00e4iendava info):<\/p>\n<div class=\"mceTemp\">\n<div id=\"attachment_1330\" style=\"width: 306px\" class=\"wp-caption aligncenter\"><a title=\"DIS s\u00fcnkroont\u00f5lkevastuv\u00f5tja DR6004\" href=\"https:\/\/elvtehnika.ee\/test\/tooted\/dis-sunkroontolkevastuvotja-dr6004\/\"><img aria-describedby=\"caption-attachment-1330\" decoding=\"async\" loading=\"lazy\" class=\"wp-image-1330 size-medium\" src=\"http:\/\/soundserv.ee\/wp-content\/uploads\/2015\/01\/s%C3%B5nkroont%C3%B5lkevastuv%C3%B5tja-DIS-DR6004-296x300.jpg\" alt=\"s\u00fcnkroont\u00f5lkevastuv\u00f5tja DIS DR6004\" width=\"296\" height=\"300\" \/><\/a><p id=\"caption-attachment-1330\" class=\"wp-caption-text\">s\u00fcnkroont\u00f5lkevastuv\u00f5tja DIS DR6004<\/p><\/div>\n<p class=\"wp-caption-text\">\n<\/div>\n<div class=\"mceTemp\">\n<div id=\"attachment_1320\" style=\"width: 227px\" class=\"wp-caption aligncenter\"><a title=\"DIS S\u00fcnkroont\u00f5lketehnika k\u00f5rvaklapid DH 6021\" href=\"https:\/\/elvtehnika.ee\/test\/tooted\/dis-sunkroontolketehnika-korvaklapid-dh-6021\/\"><img aria-describedby=\"caption-attachment-1320\" decoding=\"async\" loading=\"lazy\" class=\"wp-image-1320 size-medium\" src=\"http:\/\/soundserv.ee\/wp-content\/uploads\/2015\/01\/DIS-s%C3%BCnkroont%C3%B5lketehnika-k%C3%B5rvaklapid-DH-6021-217x300.jpg\" alt=\"DIS s\u00fcnkroont\u00f5lketehnika k\u00f5rvaklapid DH 6021\" width=\"217\" height=\"300\" \/><\/a><p id=\"caption-attachment-1320\" class=\"wp-caption-text\">DIS s\u00fcnkroont\u00f5lketehnika k\u00f5rvaklapid DH 6021<\/p><\/div>\n<p class=\"wp-caption-text\">\n<\/div>\n<div class=\"mceTemp\">\n<div id=\"attachment_1326\" style=\"width: 310px\" class=\"wp-caption aligncenter\"><a title=\"DIS s\u00fcnkroont\u00f5lketehnika infrapunakiirgur RA 6025\" href=\"https:\/\/elvtehnika.ee\/test\/tooted\/dis-sunkroontolketehnika-infrapunakiirgur-ra-6025\/\"><img aria-describedby=\"caption-attachment-1326\" decoding=\"async\" loading=\"lazy\" class=\"wp-image-1326 size-medium\" src=\"http:\/\/soundserv.ee\/wp-content\/uploads\/2015\/01\/DIS-kiirgaja-RA6025-300x221.jpg\" alt=\"DIS kiirgaja RA6025\" width=\"300\" height=\"221\" \/><\/a><p id=\"caption-attachment-1326\" class=\"wp-caption-text\">DIS infrapunakiirgaja RA6025<\/p><\/div>\n<p class=\"wp-caption-text\">\n<\/div>\n<div class=\"mceTemp\">\n<div id=\"attachment_1308\" style=\"width: 310px\" class=\"wp-caption aligncenter\"><a title=\"DIS s\u00fcnkroont\u00f5lkes\u00fcsteemi transmitter DT 6008\" href=\"https:\/\/elvtehnika.ee\/test\/tooted\/dis-sunkroontolkesusteemi-transmitter-dt-6008\/\"><img aria-describedby=\"caption-attachment-1308\" decoding=\"async\" loading=\"lazy\" class=\"wp-image-1308 size-medium\" src=\"http:\/\/soundserv.ee\/wp-content\/uploads\/2015\/01\/DIS-transmitter-DT6008-300x108.jpg\" alt=\"DIS transmitter DT6008\" width=\"300\" height=\"108\" \/><\/a><p id=\"caption-attachment-1308\" class=\"wp-caption-text\">DIS transmitter DT6008<\/p><\/div>\n<p class=\"wp-caption-text\">\n<\/div>\n<div class=\"mceTemp\">\n<div id=\"attachment_1303\" style=\"width: 310px\" class=\"wp-caption aligncenter\"><a title=\"DIS s\u00fcnkroont\u00f5lketehnika keskseade CU6105\" href=\"https:\/\/elvtehnika.ee\/test\/tooted\/dis-sunkroontolketehnika-keskseade-cu6105\/\"><img aria-describedby=\"caption-attachment-1303\" decoding=\"async\" loading=\"lazy\" class=\"wp-image-1303 size-medium\" src=\"http:\/\/soundserv.ee\/wp-content\/uploads\/2015\/01\/DIS-S%C3%BCnkroont%C3%B5lketehnika-keskseade-300x153.jpg\" alt=\"DIS S\u00fcnkroont\u00f5lketehnika keskseade\" width=\"300\" height=\"153\" \/><\/a><p id=\"caption-attachment-1303\" class=\"wp-caption-text\">DIS s\u00fcnkroont\u00f5lketehnika keskseade<\/p><\/div>\n<p class=\"wp-caption-text\">\n<\/div>\n<div class=\"mceTemp\">\n<div id=\"attachment_1314\" style=\"width: 310px\" class=\"wp-caption aligncenter\"><a title=\"DIS t\u00f5lgipult IS6132P\" href=\"https:\/\/elvtehnika.ee\/test\/tooted\/dis-tolgipult-is6132p\/\"><img aria-describedby=\"caption-attachment-1314\" decoding=\"async\" loading=\"lazy\" class=\"wp-image-1314 size-medium\" src=\"http:\/\/soundserv.ee\/wp-content\/uploads\/2015\/01\/DIS-t%C3%B5lgipult-IS6132P-300x183.jpg\" alt=\"DIS t\u00f5lgipult IS6132P\" width=\"300\" height=\"183\" \/><\/a><p id=\"caption-attachment-1314\" class=\"wp-caption-text\">DIS t\u00f5lgipult IS6132P<\/p><\/div>\n<p class=\"wp-caption-text\">\n<\/div>\n<div class=\"mceTemp\">\n<div id=\"attachment_1317\" style=\"width: 302px\" class=\"wp-caption aligncenter\"><a title=\"DIS s\u00fcnkroont\u00f5lgimikrofon GM6523\" href=\"https:\/\/elvtehnika.ee\/test\/tooted\/dis-sunkroontolgimikrofon-gm6523\/\"><img aria-describedby=\"caption-attachment-1317\" decoding=\"async\" loading=\"lazy\" class=\"wp-image-1317 size-medium\" src=\"http:\/\/soundserv.ee\/wp-content\/uploads\/2015\/01\/DIS-s%C3%BCnkroont%C3%B5lgimikrofon-GM6523-292x300.jpg\" alt=\"DIS s\u00fcnkroont\u00f5lgimikrofon GM6523\" width=\"292\" height=\"300\" \/><\/a><p id=\"caption-attachment-1317\" class=\"wp-caption-text\">DIS s\u00fcnkroont\u00f5lgimikrofon GM6523<\/p><\/div>\n<p class=\"wp-caption-text\">\n<\/div>\n<p>DIS t\u00f5lketehnika tarnimisel ja hooldusel teeme koost\u00f6\u00f6d ART Konverentsitehnikaga<img decoding=\"async\" loading=\"lazy\" class=\"wp-image-775 alignnone\" src=\"http:\/\/soundserv.ee\/wp-content\/uploads\/2014\/10\/art_logo_green_block_two_rows.gif\" alt=\"art_logo_green_block_two_rows\" width=\"226\" height=\"39\" \/><\/p>\n<p><strong>Mipro tour guide t\u00f5lketehnika (ja giidikomplekt ekskursioonidele)<\/strong><\/p>\n<p>Mipro tour guide giidi- ja t\u00f5lkekomplekt on v\u00e4ga kerge, kompatne, hea koos laadimis- ja transpordikastiga kaasa v\u00f5tta ning ekskutsioonidel kasutada (selleks ajaks j\u00e4\u00e4b laadimiskast maha). Seadmete akud kestavad v\u00e4ga pika p\u00e4eva (12 tundi ja rohkem).<\/p>\n<div class=\"mceTemp\">\n<div id=\"attachment_1376\" style=\"width: 650px\" class=\"wp-caption aligncenter\"><a title=\"Tour guide giidikomplekti ja t\u00f5lketehnika saatja Mipro MTG-100T\" href=\"https:\/\/elvtehnika.ee\/test\/tooted\/tour-guide-giidikomplekti-ja-tolketehnika-saatja-mipro-mtg-100t\/\"><img aria-describedby=\"caption-attachment-1376\" decoding=\"async\" loading=\"lazy\" class=\"wp-image-1376 size-large\" src=\"http:\/\/soundserv.ee\/wp-content\/uploads\/2015\/01\/tour-guide-t%C3%B5lkesaatja-ja-giidikomplekti-saatja-Mipro-MTG-100T-5-1024x675.jpg\" alt=\"Tour guide t\u00f5lkesaatja ja giidikomplekti saatja Mipro MTG-100T\" width=\"640\" height=\"422\" \/><\/a><p id=\"caption-attachment-1376\" class=\"wp-caption-text\">Tour guide t\u00f5lkesaatja ja giidikomplekti saatja Mipro MTG-100T<\/p><\/div>\n<p class=\"wp-caption-text\">\n<\/div>\n<p>&nbsp;<\/p>\n<div class=\"mceTemp\">\n<div id=\"attachment_1375\" style=\"width: 650px\" class=\"wp-caption aligncenter\"><a title=\"Tour guide giidikomplekti ja t\u00f5lketehnika vastuv\u00f5tja Mipro MTG-100R\" href=\"https:\/\/elvtehnika.ee\/test\/tooted\/tour-guide-giidikomplekti-ja-tolketehnika-vastuvotja-mipro-mtg-100r\/\"><img aria-describedby=\"caption-attachment-1375\" decoding=\"async\" loading=\"lazy\" class=\"wp-image-1375 size-large\" src=\"http:\/\/soundserv.ee\/wp-content\/uploads\/2015\/01\/tour-guide-t%C3%B5lkevastuv%C3%B5tja-ja-giidikomplekti-vastuv%C3%B5tja-Mipro-MTG-100R-4-1024x650.jpg\" alt=\"Tour guide t\u00f5lkevastuv\u00f5tja ja giidikomplekti vastuv\u00f5tja Mipro MTG-100R\" width=\"640\" height=\"406\" \/><\/a><p id=\"caption-attachment-1375\" class=\"wp-caption-text\">Tour guide t\u00f5lkevastuv\u00f5tja ja giidikomplekti vastuv\u00f5tja Mipro MTG-100R<\/p><\/div>\n<p class=\"wp-caption-text\">\n<\/div>\n<p>&nbsp;<\/p>\n<div class=\"mceTemp\">\n<div id=\"attachment_1369\" style=\"width: 553px\" class=\"wp-caption aligncenter\"><a title=\"Tour guide t\u00f5lketehnika laadimiskast Mipro MTG-100C-28\" href=\"https:\/\/elvtehnika.ee\/test\/tooted\/tour-guide-tolketehnika-laadimiskast-mipro-mtg-100c-28\/\"><img aria-describedby=\"caption-attachment-1369\" decoding=\"async\" loading=\"lazy\" class=\"wp-image-1369 size-full\" src=\"http:\/\/soundserv.ee\/wp-content\/uploads\/2015\/01\/tour-guide-t%C3%B5lketehnika-laadimiskast-1.jpg\" alt=\"Tour guide t\u00f5lketehnika laadimiskast\" width=\"543\" height=\"425\" \/><\/a><p id=\"caption-attachment-1369\" class=\"wp-caption-text\">Tour guide t\u00f5lketehnika laadimiskast<\/p><\/div>\n<p class=\"wp-caption-text\">\n<\/div>\n<p><strong>RCF s\u00fcnkroont\u00f5lketehnika<\/strong><\/p>\n<p>(lehek\u00fclg t\u00e4ieneb peagi)<\/p>\n","protected":false},"excerpt":{"rendered":"<p>Oleme Teile heameelega abiks s\u00fcnkroont\u00f5lketehnika soetamisel \u2013 anname n\u00f5u ja aitame kaasa m\u00f5elda kuidas Teie k\u00fcsimust k\u00f5ige paremini lahendada, pakume v\u00e4lja tehnilise teostuse (v\u00f5i ka mitu varianti selleks), tarnime ja paigaldame seadmed ning oleme hiljem hoolduse ja jooksvalt tekkivate k\u00fcsimustega abiks. Miks meiega koost\u00f6\u00f6d teha? Oleme aastaid teenindanud \u00fcritusi s\u00fcnkroont\u00f5lketehnikaga ning see praktiline kogemus annab [&hellip;]<\/p>\n","protected":false},"author":2,"featured_media":0,"parent":0,"menu_order":0,"comment_status":"closed","ping_status":"closed","template":"templates\/template-for-sale-custom.php","meta":[],"acf":[],"yoast_head":"<!-- This site is optimized with the Yoast SEO plugin v20.5 - https:\/\/yoast.com\/wordpress\/plugins\/seo\/ -->\n<title>S\u00fcnkroont\u00f5lketehnika m\u00fc\u00fck - ELV Tehnika<\/title>\n<meta name=\"robots\" content=\"noindex, follow, max-snippet:-1, max-image-preview:large, max-video-preview:-1\" \/>\n<meta property=\"og:locale\" content=\"et_EE\" \/>\n<meta property=\"og:type\" content=\"article\" \/>\n<meta property=\"og:title\" content=\"S\u00fcnkroont\u00f5lketehnika m\u00fc\u00fck - ELV Tehnika\" \/>\n<meta property=\"og:description\" content=\"Oleme Teile heameelega abiks s\u00fcnkroont\u00f5lketehnika soetamisel \u2013 anname n\u00f5u ja aitame kaasa m\u00f5elda kuidas Teie k\u00fcsimust k\u00f5ige paremini lahendada, pakume v\u00e4lja tehnilise teostuse (v\u00f5i ka mitu varianti selleks), tarnime ja paigaldame seadmed ning oleme hiljem hoolduse ja jooksvalt tekkivate k\u00fcsimustega abiks. Miks meiega koost\u00f6\u00f6d teha? Oleme aastaid teenindanud \u00fcritusi s\u00fcnkroont\u00f5lketehnikaga ning see praktiline kogemus annab [&hellip;]\" \/>\n<meta property=\"og:url\" content=\"https:\/\/elvtehnika.ee\/test\/sunkroontolketehnika-muuk\/\" \/>\n<meta property=\"og:site_name\" content=\"ELV Tehnika\" \/>\n<meta property=\"article:modified_time\" content=\"2017-04-10T18:41:57+00:00\" \/>\n<meta property=\"og:image\" content=\"http:\/\/soundserv.ee\/wp-content\/uploads\/2014\/10\/danish-interpretation-systems-300x122.jpg\" \/>\n<meta name=\"twitter:label1\" content=\"Est. reading time\" \/>\n\t<meta name=\"twitter:data1\" content=\"2 minutit\" \/>\n<script type=\"application\/ld+json\" class=\"yoast-schema-graph\">{\"@context\":\"https:\/\/schema.org\",\"@graph\":[{\"@type\":\"WebPage\",\"@id\":\"https:\/\/elvtehnika.ee\/test\/sunkroontolketehnika-muuk\/\",\"url\":\"https:\/\/elvtehnika.ee\/test\/sunkroontolketehnika-muuk\/\",\"name\":\"S\u00fcnkroont\u00f5lketehnika m\u00fc\u00fck - ELV Tehnika\",\"isPartOf\":{\"@id\":\"https:\/\/elvtehnika.ee\/test\/#website\"},\"datePublished\":\"2015-03-03T09:01:17+00:00\",\"dateModified\":\"2017-04-10T18:41:57+00:00\",\"breadcrumb\":{\"@id\":\"https:\/\/elvtehnika.ee\/test\/sunkroontolketehnika-muuk\/#breadcrumb\"},\"inLanguage\":\"et\",\"potentialAction\":[{\"@type\":\"ReadAction\",\"target\":[\"https:\/\/elvtehnika.ee\/test\/sunkroontolketehnika-muuk\/\"]}]},{\"@type\":\"BreadcrumbList\",\"@id\":\"https:\/\/elvtehnika.ee\/test\/sunkroontolketehnika-muuk\/#breadcrumb\",\"itemListElement\":[{\"@type\":\"ListItem\",\"position\":1,\"name\":\"Home\",\"item\":\"https:\/\/elvtehnika.ee\/test\/\"},{\"@type\":\"ListItem\",\"position\":2,\"name\":\"S\u00fcnkroont\u00f5lketehnika m\u00fc\u00fck\"}]},{\"@type\":\"WebSite\",\"@id\":\"https:\/\/elvtehnika.ee\/test\/#website\",\"url\":\"https:\/\/elvtehnika.ee\/test\/\",\"name\":\"ELV Tehnika\",\"description\":\"Heli-, valgus- ja esitlustehnika\",\"potentialAction\":[{\"@type\":\"SearchAction\",\"target\":{\"@type\":\"EntryPoint\",\"urlTemplate\":\"https:\/\/elvtehnika.ee\/test\/?s={search_term_string}\"},\"query-input\":\"required name=search_term_string\"}],\"inLanguage\":\"et\"}]}<\/script>\n<!-- \/ Yoast SEO plugin. -->","yoast_head_json":{"title":"S\u00fcnkroont\u00f5lketehnika m\u00fc\u00fck - ELV Tehnika","robots":{"index":"noindex","follow":"follow","max-snippet":"max-snippet:-1","max-image-preview":"max-image-preview:large","max-video-preview":"max-video-preview:-1"},"og_locale":"et_EE","og_type":"article","og_title":"S\u00fcnkroont\u00f5lketehnika m\u00fc\u00fck - ELV Tehnika","og_description":"Oleme Teile heameelega abiks s\u00fcnkroont\u00f5lketehnika soetamisel \u2013 anname n\u00f5u ja aitame kaasa m\u00f5elda kuidas Teie k\u00fcsimust k\u00f5ige paremini lahendada, pakume v\u00e4lja tehnilise teostuse (v\u00f5i ka mitu varianti selleks), tarnime ja paigaldame seadmed ning oleme hiljem hoolduse ja jooksvalt tekkivate k\u00fcsimustega abiks. Miks meiega koost\u00f6\u00f6d teha? Oleme aastaid teenindanud \u00fcritusi s\u00fcnkroont\u00f5lketehnikaga ning see praktiline kogemus annab [&hellip;]","og_url":"https:\/\/elvtehnika.ee\/test\/sunkroontolketehnika-muuk\/","og_site_name":"ELV Tehnika","article_modified_time":"2017-04-10T18:41:57+00:00","og_image":[{"url":"http:\/\/soundserv.ee\/wp-content\/uploads\/2014\/10\/danish-interpretation-systems-300x122.jpg"}],"twitter_misc":{"Est. reading time":"2 minutit"},"schema":{"@context":"https:\/\/schema.org","@graph":[{"@type":"WebPage","@id":"https:\/\/elvtehnika.ee\/test\/sunkroontolketehnika-muuk\/","url":"https:\/\/elvtehnika.ee\/test\/sunkroontolketehnika-muuk\/","name":"S\u00fcnkroont\u00f5lketehnika m\u00fc\u00fck - ELV Tehnika","isPartOf":{"@id":"https:\/\/elvtehnika.ee\/test\/#website"},"datePublished":"2015-03-03T09:01:17+00:00","dateModified":"2017-04-10T18:41:57+00:00","breadcrumb":{"@id":"https:\/\/elvtehnika.ee\/test\/sunkroontolketehnika-muuk\/#breadcrumb"},"inLanguage":"et","potentialAction":[{"@type":"ReadAction","target":["https:\/\/elvtehnika.ee\/test\/sunkroontolketehnika-muuk\/"]}]},{"@type":"BreadcrumbList","@id":"https:\/\/elvtehnika.ee\/test\/sunkroontolketehnika-muuk\/#breadcrumb","itemListElement":[{"@type":"ListItem","position":1,"name":"Home","item":"https:\/\/elvtehnika.ee\/test\/"},{"@type":"ListItem","position":2,"name":"S\u00fcnkroont\u00f5lketehnika m\u00fc\u00fck"}]},{"@type":"WebSite","@id":"https:\/\/elvtehnika.ee\/test\/#website","url":"https:\/\/elvtehnika.ee\/test\/","name":"ELV Tehnika","description":"Heli-, valgus- ja esitlustehnika","potentialAction":[{"@type":"SearchAction","target":{"@type":"EntryPoint","urlTemplate":"https:\/\/elvtehnika.ee\/test\/?s={search_term_string}"},"query-input":"required name=search_term_string"}],"inLanguage":"et"}]}},"_links":{"self":[{"href":"https:\/\/elvtehnika.ee\/test\/wp-json\/wp\/v2\/pages\/357"}],"collection":[{"href":"https:\/\/elvtehnika.ee\/test\/wp-json\/wp\/v2\/pages"}],"about":[{"href":"https:\/\/elvtehnika.ee\/test\/wp-json\/wp\/v2\/types\/page"}],"author":[{"embeddable":true,"href":"https:\/\/elvtehnika.ee\/test\/wp-json\/wp\/v2\/users\/2"}],"replies":[{"embeddable":true,"href":"https:\/\/elvtehnika.ee\/test\/wp-json\/wp\/v2\/comments?post=357"}],"version-history":[{"count":4,"href":"https:\/\/elvtehnika.ee\/test\/wp-json\/wp\/v2\/pages\/357\/revisions"}],"predecessor-version":[{"id":6172,"href":"https:\/\/elvtehnika.ee\/test\/wp-json\/wp\/v2\/pages\/357\/revisions\/6172"}],"wp:attachment":[{"href":"https:\/\/elvtehnika.ee\/test\/wp-json\/wp\/v2\/media?parent=357"}],"curies":[{"name":"wp","href":"https:\/\/api.w.org\/{rel}","templated":true}]}}