{"id":384,"date":"2015-03-04T11:30:40","date_gmt":"2015-03-04T11:30:40","guid":{"rendered":"http:\/\/www.elvtehnika.ee\/1\/?page_id=384"},"modified":"2015-04-01T06:52:21","modified_gmt":"2015-04-01T06:52:21","slug":"urituste-tehniline-teenindamine","status":"publish","type":"page","link":"https:\/\/elvtehnika.ee\/test\/urituste-tehniline-teenindamine\/","title":{"rendered":"\u00dcrituste tehniline teenindamine"},"content":{"rendered":"<p><a href=\"https:\/\/elvtehnika.ee\/test\/1\/wp-content\/uploads\/449.jpg\"><img decoding=\"async\" loading=\"lazy\" class=\"alignright wp-image-1058\" src=\"https:\/\/elvtehnika.ee\/test\/1\/wp-content\/uploads\/449.jpg\" alt=\"\" width=\"225\" height=\"150\" \/><\/a>Pakume tehnilist tuge \u00fcrituste l\u00e4biviimisel aidates planeerida vajaminevat tehnikat ja ning andes n\u00f5u \u00fcrituse kulgemise osas tehnilist k\u00fclge silmas pidades. Teenindame ka \u00fcritusi paigaldades toimumiskohas vajaliku tehnika ning vajadusel pakume ka tehnilist tuge kogu \u00fcrituse kestel.<\/p>\n<p><strong>Kuidas saame Teile kasulik olla?<\/strong><\/p>\n<ul>\n<li>teeme esineja k\u00f5ne selgelt publikule kuuldavaks;<\/li>\n<li>valgustame v\u00e4lja soovitud objektid ja ruumiosad;<\/li>\n<li>loome ruumi kena ja piduliku v\u00e4rvilise valgusdekoratsiooni;<a href=\"https:\/\/elvtehnika.ee\/test\/1\/wp-content\/uploads\/deko5-300x241.jpg\"><img decoding=\"async\" loading=\"lazy\" class=\"alignright wp-image-1057\" src=\"https:\/\/elvtehnika.ee\/test\/1\/wp-content\/uploads\/deko5-300x241.jpg\" alt=\"\" width=\"225\" height=\"181\" \/><\/a><\/li>\n<li>helindame ka muusikalisi esinejaid.<\/li>\n<\/ul>\n<p><strong>Milliste \u00fcrituste tehnilise k\u00fclje l\u00e4biviimisel omame kogemusi?<\/strong><\/p>\n<ul>\n<li>konverentsid;<\/li>\n<li>spordiv\u00f5istlused;<\/li>\n<li>pulmad;<\/li>\n<li>messid;<\/li>\n<li>s\u00fcnnip\u00e4evad;<\/li>\n<li>kokkutulekud;<\/li>\n<li>suvep\u00e4evad;<\/li>\n<li>tooteesitlused;<\/li>\n<li>kliendi\u00fcritused;<\/li>\n<li>avamis\u00fcritused;<\/li>\n<li>nurgakivi panekud.<\/li>\n<\/ul>\n<p><a title=\"Kontakt\" href=\"https:\/\/elvtehnika.ee\/test\/kontakt\/\">K\u00fcsige pakkumist oma \u00fcrituse tehnilisele teostusele<\/a>.<\/p>\n","protected":false},"excerpt":{"rendered":"<p>Pakume tehnilist tuge \u00fcrituste l\u00e4biviimisel aidates planeerida vajaminevat tehnikat ja ning andes n\u00f5u \u00fcrituse kulgemise osas tehnilist k\u00fclge silmas pidades. Teenindame ka \u00fcritusi paigaldades toimumiskohas vajaliku tehnika ning vajadusel pakume ka tehnilist tuge kogu \u00fcrituse kestel. Kuidas saame Teile kasulik olla? teeme esineja k\u00f5ne selgelt publikule kuuldavaks; valgustame v\u00e4lja soovitud objektid ja ruumiosad; loome ruumi [&hellip;]<\/p>\n","protected":false},"author":2,"featured_media":0,"parent":0,"menu_order":0,"comment_status":"closed","ping_status":"open","template":"","meta":[],"acf":[],"yoast_head":"<!-- This site is optimized with the Yoast SEO plugin v20.5 - https:\/\/yoast.com\/wordpress\/plugins\/seo\/ -->\n<title>\u00dcrituste tehniline teenindamine - ELV Tehnika<\/title>\n<meta name=\"robots\" content=\"noindex, follow, max-snippet:-1, max-image-preview:large, max-video-preview:-1\" \/>\n<meta property=\"og:locale\" content=\"et_EE\" \/>\n<meta property=\"og:type\" content=\"article\" \/>\n<meta property=\"og:title\" content=\"\u00dcrituste tehniline teenindamine - ELV Tehnika\" \/>\n<meta property=\"og:description\" content=\"Pakume tehnilist tuge \u00fcrituste l\u00e4biviimisel aidates planeerida vajaminevat tehnikat ja ning andes n\u00f5u \u00fcrituse kulgemise osas tehnilist k\u00fclge silmas pidades. Teenindame ka \u00fcritusi paigaldades toimumiskohas vajaliku tehnika ning vajadusel pakume ka tehnilist tuge kogu \u00fcrituse kestel. Kuidas saame Teile kasulik olla? teeme esineja k\u00f5ne selgelt publikule kuuldavaks; valgustame v\u00e4lja soovitud objektid ja ruumiosad; loome ruumi [&hellip;]\" \/>\n<meta property=\"og:url\" content=\"https:\/\/elvtehnika.ee\/test\/urituste-tehniline-teenindamine\/\" \/>\n<meta property=\"og:site_name\" content=\"ELV Tehnika\" \/>\n<meta property=\"article:modified_time\" content=\"2015-04-01T06:52:21+00:00\" \/>\n<meta property=\"og:image\" content=\"https:\/\/elvtehnika.ee\/test\/1\/wp-content\/uploads\/449.jpg\" \/>\n<meta name=\"twitter:label1\" content=\"Est. reading time\" \/>\n\t<meta name=\"twitter:data1\" content=\"1 minut\" \/>\n<script type=\"application\/ld+json\" class=\"yoast-schema-graph\">{\"@context\":\"https:\/\/schema.org\",\"@graph\":[{\"@type\":\"WebPage\",\"@id\":\"https:\/\/elvtehnika.ee\/test\/urituste-tehniline-teenindamine\/\",\"url\":\"https:\/\/elvtehnika.ee\/test\/urituste-tehniline-teenindamine\/\",\"name\":\"\u00dcrituste tehniline teenindamine - ELV Tehnika\",\"isPartOf\":{\"@id\":\"https:\/\/elvtehnika.ee\/test\/#website\"},\"datePublished\":\"2015-03-04T11:30:40+00:00\",\"dateModified\":\"2015-04-01T06:52:21+00:00\",\"breadcrumb\":{\"@id\":\"https:\/\/elvtehnika.ee\/test\/urituste-tehniline-teenindamine\/#breadcrumb\"},\"inLanguage\":\"et\",\"potentialAction\":[{\"@type\":\"ReadAction\",\"target\":[\"https:\/\/elvtehnika.ee\/test\/urituste-tehniline-teenindamine\/\"]}]},{\"@type\":\"BreadcrumbList\",\"@id\":\"https:\/\/elvtehnika.ee\/test\/urituste-tehniline-teenindamine\/#breadcrumb\",\"itemListElement\":[{\"@type\":\"ListItem\",\"position\":1,\"name\":\"Home\",\"item\":\"https:\/\/elvtehnika.ee\/test\/\"},{\"@type\":\"ListItem\",\"position\":2,\"name\":\"\u00dcrituste tehniline teenindamine\"}]},{\"@type\":\"WebSite\",\"@id\":\"https:\/\/elvtehnika.ee\/test\/#website\",\"url\":\"https:\/\/elvtehnika.ee\/test\/\",\"name\":\"ELV Tehnika\",\"description\":\"Heli-, valgus- ja esitlustehnika\",\"potentialAction\":[{\"@type\":\"SearchAction\",\"target\":{\"@type\":\"EntryPoint\",\"urlTemplate\":\"https:\/\/elvtehnika.ee\/test\/?s={search_term_string}\"},\"query-input\":\"required name=search_term_string\"}],\"inLanguage\":\"et\"}]}<\/script>\n<!-- \/ Yoast SEO plugin. -->","yoast_head_json":{"title":"\u00dcrituste tehniline teenindamine - ELV Tehnika","robots":{"index":"noindex","follow":"follow","max-snippet":"max-snippet:-1","max-image-preview":"max-image-preview:large","max-video-preview":"max-video-preview:-1"},"og_locale":"et_EE","og_type":"article","og_title":"\u00dcrituste tehniline teenindamine - ELV Tehnika","og_description":"Pakume tehnilist tuge \u00fcrituste l\u00e4biviimisel aidates planeerida vajaminevat tehnikat ja ning andes n\u00f5u \u00fcrituse kulgemise osas tehnilist k\u00fclge silmas pidades. Teenindame ka \u00fcritusi paigaldades toimumiskohas vajaliku tehnika ning vajadusel pakume ka tehnilist tuge kogu \u00fcrituse kestel. Kuidas saame Teile kasulik olla? teeme esineja k\u00f5ne selgelt publikule kuuldavaks; valgustame v\u00e4lja soovitud objektid ja ruumiosad; loome ruumi [&hellip;]","og_url":"https:\/\/elvtehnika.ee\/test\/urituste-tehniline-teenindamine\/","og_site_name":"ELV Tehnika","article_modified_time":"2015-04-01T06:52:21+00:00","og_image":[{"url":"https:\/\/elvtehnika.ee\/test\/1\/wp-content\/uploads\/449.jpg"}],"twitter_misc":{"Est. reading time":"1 minut"},"schema":{"@context":"https:\/\/schema.org","@graph":[{"@type":"WebPage","@id":"https:\/\/elvtehnika.ee\/test\/urituste-tehniline-teenindamine\/","url":"https:\/\/elvtehnika.ee\/test\/urituste-tehniline-teenindamine\/","name":"\u00dcrituste tehniline teenindamine - ELV Tehnika","isPartOf":{"@id":"https:\/\/elvtehnika.ee\/test\/#website"},"datePublished":"2015-03-04T11:30:40+00:00","dateModified":"2015-04-01T06:52:21+00:00","breadcrumb":{"@id":"https:\/\/elvtehnika.ee\/test\/urituste-tehniline-teenindamine\/#breadcrumb"},"inLanguage":"et","potentialAction":[{"@type":"ReadAction","target":["https:\/\/elvtehnika.ee\/test\/urituste-tehniline-teenindamine\/"]}]},{"@type":"BreadcrumbList","@id":"https:\/\/elvtehnika.ee\/test\/urituste-tehniline-teenindamine\/#breadcrumb","itemListElement":[{"@type":"ListItem","position":1,"name":"Home","item":"https:\/\/elvtehnika.ee\/test\/"},{"@type":"ListItem","position":2,"name":"\u00dcrituste tehniline teenindamine"}]},{"@type":"WebSite","@id":"https:\/\/elvtehnika.ee\/test\/#website","url":"https:\/\/elvtehnika.ee\/test\/","name":"ELV Tehnika","description":"Heli-, valgus- ja esitlustehnika","potentialAction":[{"@type":"SearchAction","target":{"@type":"EntryPoint","urlTemplate":"https:\/\/elvtehnika.ee\/test\/?s={search_term_string}"},"query-input":"required name=search_term_string"}],"inLanguage":"et"}]}},"_links":{"self":[{"href":"https:\/\/elvtehnika.ee\/test\/wp-json\/wp\/v2\/pages\/384"}],"collection":[{"href":"https:\/\/elvtehnika.ee\/test\/wp-json\/wp\/v2\/pages"}],"about":[{"href":"https:\/\/elvtehnika.ee\/test\/wp-json\/wp\/v2\/types\/page"}],"author":[{"embeddable":true,"href":"https:\/\/elvtehnika.ee\/test\/wp-json\/wp\/v2\/users\/2"}],"replies":[{"embeddable":true,"href":"https:\/\/elvtehnika.ee\/test\/wp-json\/wp\/v2\/comments?post=384"}],"version-history":[{"count":3,"href":"https:\/\/elvtehnika.ee\/test\/wp-json\/wp\/v2\/pages\/384\/revisions"}],"predecessor-version":[{"id":637,"href":"https:\/\/elvtehnika.ee\/test\/wp-json\/wp\/v2\/pages\/384\/revisions\/637"}],"wp:attachment":[{"href":"https:\/\/elvtehnika.ee\/test\/wp-json\/wp\/v2\/media?parent=384"}],"curies":[{"name":"wp","href":"https:\/\/api.w.org\/{rel}","templated":true}]}}