{"id":3949,"date":"2016-05-04T16:07:19","date_gmt":"2016-05-04T16:07:19","guid":{"rendered":"http:\/\/www.elvtehnika.ee\/?page_id=3949"},"modified":"2018-06-09T20:20:25","modified_gmt":"2018-06-09T17:20:25","slug":"tehnika-muuk","status":"publish","type":"page","link":"https:\/\/elvtehnika.ee\/test\/tehnika-muuk\/","title":{"rendered":"Tehnika m\u00fc\u00fck"},"content":{"rendered":"","protected":false},"excerpt":{"rendered":"","protected":false},"author":2,"featured_media":0,"parent":0,"menu_order":0,"comment_status":"closed","ping_status":"closed","template":"templates\/for-sale-home.php","meta":[],"acf":[],"yoast_head":"<!-- This site is optimized with the Yoast SEO plugin v20.5 - https:\/\/yoast.com\/wordpress\/plugins\/seo\/ -->\n<title>Tehnika m\u00fc\u00fck - ELV Tehnika<\/title>\n<meta name=\"description\" content=\"Helitehnika, valgustehnika ja esitlustehnika \u00fcrituste l\u00e4biviimiseks ja saalide sisustamiseks - n\u00f5ustamine, seadmete m\u00fc\u00fck, projektilahendused, paigaldus\" \/>\n<meta name=\"robots\" content=\"noindex, follow, max-snippet:-1, max-image-preview:large, max-video-preview:-1\" \/>\n<meta property=\"og:locale\" content=\"et_EE\" \/>\n<meta property=\"og:type\" content=\"article\" \/>\n<meta property=\"og:title\" content=\"Tehnika m\u00fc\u00fck - ELV Tehnika\" \/>\n<meta property=\"og:description\" content=\"Helitehnika, valgustehnika ja esitlustehnika \u00fcrituste l\u00e4biviimiseks ja saalide sisustamiseks - n\u00f5ustamine, seadmete m\u00fc\u00fck, projektilahendused, paigaldus\" \/>\n<meta property=\"og:url\" content=\"https:\/\/elvtehnika.ee\/test\/tehnika-muuk\/\" \/>\n<meta property=\"og:site_name\" content=\"ELV Tehnika\" \/>\n<meta property=\"article:modified_time\" content=\"2018-06-09T17:20:25+00:00\" \/>\n<script type=\"application\/ld+json\" class=\"yoast-schema-graph\">{\"@context\":\"https:\/\/schema.org\",\"@graph\":[{\"@type\":\"WebPage\",\"@id\":\"https:\/\/elvtehnika.ee\/test\/tehnika-muuk\/\",\"url\":\"https:\/\/elvtehnika.ee\/test\/tehnika-muuk\/\",\"name\":\"Tehnika m\u00fc\u00fck - ELV Tehnika\",\"isPartOf\":{\"@id\":\"https:\/\/elvtehnika.ee\/test\/#website\"},\"datePublished\":\"2016-05-04T16:07:19+00:00\",\"dateModified\":\"2018-06-09T17:20:25+00:00\",\"description\":\"Helitehnika, valgustehnika ja esitlustehnika \u00fcrituste l\u00e4biviimiseks ja saalide sisustamiseks - n\u00f5ustamine, seadmete m\u00fc\u00fck, projektilahendused, paigaldus\",\"breadcrumb\":{\"@id\":\"https:\/\/elvtehnika.ee\/test\/tehnika-muuk\/#breadcrumb\"},\"inLanguage\":\"et\",\"potentialAction\":[{\"@type\":\"ReadAction\",\"target\":[\"https:\/\/elvtehnika.ee\/test\/tehnika-muuk\/\"]}]},{\"@type\":\"BreadcrumbList\",\"@id\":\"https:\/\/elvtehnika.ee\/test\/tehnika-muuk\/#breadcrumb\",\"itemListElement\":[{\"@type\":\"ListItem\",\"position\":1,\"name\":\"Home\",\"item\":\"https:\/\/elvtehnika.ee\/test\/\"},{\"@type\":\"ListItem\",\"position\":2,\"name\":\"Tehnika m\u00fc\u00fck\"}]},{\"@type\":\"WebSite\",\"@id\":\"https:\/\/elvtehnika.ee\/test\/#website\",\"url\":\"https:\/\/elvtehnika.ee\/test\/\",\"name\":\"ELV Tehnika\",\"description\":\"Heli-, valgus- ja esitlustehnika\",\"potentialAction\":[{\"@type\":\"SearchAction\",\"target\":{\"@type\":\"EntryPoint\",\"urlTemplate\":\"https:\/\/elvtehnika.ee\/test\/?s={search_term_string}\"},\"query-input\":\"required name=search_term_string\"}],\"inLanguage\":\"et\"}]}<\/script>\n<!-- \/ Yoast SEO plugin. -->","yoast_head_json":{"title":"Tehnika m\u00fc\u00fck - ELV Tehnika","description":"Helitehnika, valgustehnika ja esitlustehnika \u00fcrituste l\u00e4biviimiseks ja saalide sisustamiseks - n\u00f5ustamine, seadmete m\u00fc\u00fck, projektilahendused, paigaldus","robots":{"index":"noindex","follow":"follow","max-snippet":"max-snippet:-1","max-image-preview":"max-image-preview:large","max-video-preview":"max-video-preview:-1"},"og_locale":"et_EE","og_type":"article","og_title":"Tehnika m\u00fc\u00fck - ELV Tehnika","og_description":"Helitehnika, valgustehnika ja esitlustehnika \u00fcrituste l\u00e4biviimiseks ja saalide sisustamiseks - n\u00f5ustamine, seadmete m\u00fc\u00fck, projektilahendused, paigaldus","og_url":"https:\/\/elvtehnika.ee\/test\/tehnika-muuk\/","og_site_name":"ELV Tehnika","article_modified_time":"2018-06-09T17:20:25+00:00","schema":{"@context":"https:\/\/schema.org","@graph":[{"@type":"WebPage","@id":"https:\/\/elvtehnika.ee\/test\/tehnika-muuk\/","url":"https:\/\/elvtehnika.ee\/test\/tehnika-muuk\/","name":"Tehnika m\u00fc\u00fck - ELV Tehnika","isPartOf":{"@id":"https:\/\/elvtehnika.ee\/test\/#website"},"datePublished":"2016-05-04T16:07:19+00:00","dateModified":"2018-06-09T17:20:25+00:00","description":"Helitehnika, valgustehnika ja esitlustehnika \u00fcrituste l\u00e4biviimiseks ja saalide sisustamiseks - n\u00f5ustamine, seadmete m\u00fc\u00fck, projektilahendused, paigaldus","breadcrumb":{"@id":"https:\/\/elvtehnika.ee\/test\/tehnika-muuk\/#breadcrumb"},"inLanguage":"et","potentialAction":[{"@type":"ReadAction","target":["https:\/\/elvtehnika.ee\/test\/tehnika-muuk\/"]}]},{"@type":"BreadcrumbList","@id":"https:\/\/elvtehnika.ee\/test\/tehnika-muuk\/#breadcrumb","itemListElement":[{"@type":"ListItem","position":1,"name":"Home","item":"https:\/\/elvtehnika.ee\/test\/"},{"@type":"ListItem","position":2,"name":"Tehnika m\u00fc\u00fck"}]},{"@type":"WebSite","@id":"https:\/\/elvtehnika.ee\/test\/#website","url":"https:\/\/elvtehnika.ee\/test\/","name":"ELV Tehnika","description":"Heli-, valgus- ja esitlustehnika","potentialAction":[{"@type":"SearchAction","target":{"@type":"EntryPoint","urlTemplate":"https:\/\/elvtehnika.ee\/test\/?s={search_term_string}"},"query-input":"required name=search_term_string"}],"inLanguage":"et"}]}},"_links":{"self":[{"href":"https:\/\/elvtehnika.ee\/test\/wp-json\/wp\/v2\/pages\/3949"}],"collection":[{"href":"https:\/\/elvtehnika.ee\/test\/wp-json\/wp\/v2\/pages"}],"about":[{"href":"https:\/\/elvtehnika.ee\/test\/wp-json\/wp\/v2\/types\/page"}],"author":[{"embeddable":true,"href":"https:\/\/elvtehnika.ee\/test\/wp-json\/wp\/v2\/users\/2"}],"replies":[{"embeddable":true,"href":"https:\/\/elvtehnika.ee\/test\/wp-json\/wp\/v2\/comments?post=3949"}],"version-history":[{"count":4,"href":"https:\/\/elvtehnika.ee\/test\/wp-json\/wp\/v2\/pages\/3949\/revisions"}],"predecessor-version":[{"id":9316,"href":"https:\/\/elvtehnika.ee\/test\/wp-json\/wp\/v2\/pages\/3949\/revisions\/9316"}],"wp:attachment":[{"href":"https:\/\/elvtehnika.ee\/test\/wp-json\/wp\/v2\/media?parent=3949"}],"curies":[{"name":"wp","href":"https:\/\/api.w.org\/{rel}","templated":true}]}}