{"id":4230,"date":"2016-08-26T13:50:03","date_gmt":"2016-08-26T13:50:03","guid":{"rendered":"http:\/\/www.elvtehnika.ee\/?page_id=4230"},"modified":"2017-07-13T11:17:22","modified_gmt":"2017-07-13T08:17:22","slug":"jarelmaks","status":"publish","type":"page","link":"https:\/\/elvtehnika.ee\/test\/jarelmaks\/","title":{"rendered":"J\u00e4relmaks"},"content":{"rendered":"<h1>LHV j\u00e4relmaks<\/h1>\n<p><strong><img decoding=\"async\" loading=\"lazy\" class=\"alignright size-full wp-image-4282\" src=\"https:\/\/elvtehnika.ee\/test\/1\/wp-content\/uploads\/lhv_jarelmaks.png\" alt=\"lhv_jarelmaks\" width=\"372\" height=\"166\" srcset=\"https:\/\/elvtehnika.ee\/test\/wp-content\/uploads\/lhv_jarelmaks.png 372w, https:\/\/elvtehnika.ee\/test\/wp-content\/uploads\/lhv_jarelmaks-290x129.png 290w, https:\/\/elvtehnika.ee\/test\/wp-content\/uploads\/lhv_jarelmaks-300x134.png 300w\" sizes=\"(max-width: 372px) 100vw, 372px\" \/>LHV j\u00e4relmaksuga saad kauba\/teenuse eest tasuda osadena. <\/strong>T\u00e4ida taotlus <a href=\"https:\/\/www.lhv.ee\/corp\/cof\/?deor=EE-12008419\">siin<\/a> v\u00f5i meie kaupluses ja teeme Sulle kohe pakkumise.<\/p>\n<ul>\n<li>Vastus taotlusele m\u00f5ne minutiga.<\/li>\n<li>Sissemakse alates 0 eurost.<\/li>\n<li>Intress arvutatakse vaid laenuj\u00e4\u00e4gilt.<\/li>\n<\/ul>\n<p><strong>Endale sobiva kuumakse suuruse ja tagasimakseperioodi saad valida ise.<\/strong><\/p>\n<table border=\"1\" width=\"360\">\n<tbody>\n<tr>\n<td width=\"81\"><strong>Ostusumma<\/strong><\/td>\n<td width=\"64\"><strong>12\u00a0kuud<\/strong><\/td>\n<td width=\"87\"><strong>24\u00a0kuud<\/strong><\/td>\n<td width=\"64\"><strong>36\u00a0kuud<\/strong><\/td>\n<td width=\"64\"><strong>48\u00a0kuud<\/strong><\/td>\n<\/tr>\n<tr>\n<td width=\"81\">300 \u20ac<\/td>\n<td width=\"64\">27 \u20ac<\/td>\n<td width=\"87\">15 \u20ac<\/td>\n<td width=\"64\">11 \u20ac<\/td>\n<td width=\"64\"><\/td>\n<\/tr>\n<tr>\n<td width=\"81\">500 \u20ac<\/td>\n<td width=\"64\">45 \u20ac<\/td>\n<td width=\"87\">24 \u20ac<\/td>\n<td width=\"64\">18 \u20ac<\/td>\n<td width=\"64\">14 \u20ac<\/td>\n<\/tr>\n<tr>\n<td width=\"81\">1 000 \u20ac<\/td>\n<td width=\"64\">91 \u20ac<\/td>\n<td width=\"87\">49 \u20ac<\/td>\n<td width=\"64\">35 \u20ac<\/td>\n<td width=\"64\">28 \u20ac<\/td>\n<\/tr>\n<tr>\n<td width=\"81\">3 000 \u20ac<\/td>\n<td width=\"64\">272 \u20ac<\/td>\n<td width=\"87\">147 \u20ac<\/td>\n<td width=\"64\">105 \u20ac<\/td>\n<td width=\"64\">85 \u20ac<\/td>\n<\/tr>\n<\/tbody>\n<\/table>\n<p>Tegemist on \u00fcmardatud n\u00e4idiskuumaksetega, kui intress on 15,9%. T\u00e4pne kuumakse lepitakse kokku lepingus.<\/p>\n<p><strong>J\u00e4relmaksu tingimused<\/strong><\/p>\n<ul>\n<li>Otsus j\u00e4relmaksu anda kehtib 90 p\u00e4eva. Selle perioodi jooksul saad pakutud limiidi ulatuses osta kaupu ja teenuseid.<\/li>\n<li>Taotleja miinimum sissetulek 250 eurot kuus.<\/li>\n<li>Lepingutasu alates 19,90 eurost.<\/li>\n<li>Lepingu pikkus kuni 48 kuud.<\/li>\n<\/ul>\n<p>&nbsp;<\/p>\n<p><strong>LHV j\u00e4relmaksuga saab osta ka ettev\u00f5te,<\/strong> kes on tegutsenud v\u00e4hemalt \u00fche aasta. Selleks esita <a href=\"https:\/\/www.lhv.ee\/corp\/cof\/?deor=EE-12008419\">taotlus<\/a>, ettev\u00f5tte viimane majandusaasta aruanne, bilanss ja kasumiaruanne viimase kuu seisuga. Saada dokumendid aadressile <a href=\"&#x6d;&#97;&#x69;&#x6c;&#116;&#x6f;&#58;j&#x61;&#114;e&#x6c;&#109;a&#x6b;&#115;&#64;&#x6c;&#104;&#x76;&#x2e;&#101;&#x65;\">ja&#114;&#101;&#108;&#109;&#x61;&#x6b;&#x73;&#x40;&#x6c;hv&#46;&#101;&#101;<\/a> ja pakkumine edastatakse sulle hiljemalt kolme p\u00e4eva jooksul. Vajadusel v\u00f5ime k\u00fcsida ka k\u00e4endust ettev\u00f5tte omanikult, juhatuse liikmelt v\u00f5i teiselt ettev\u00f5ttelt.<\/p>\n<p><strong>\u00a0<\/strong><\/p>\n<p><strong>Lisateave<br \/>\n<\/strong>lhv.ee\/jarelmaks<br \/>\n6802 700 iga p\u00e4ev kl 9-21<\/p>\n<hr \/>\n<p><strong>J\u00e4relmaksu pakub AS LHV Finance. Tutvu tingimustega m\u00fc\u00fcgikohas v\u00f5i lhv.ee\/jarelmaks ja k\u00fcsi n\u00f5u meie asjatundjalt<\/strong>.<\/p>\n<p>J\u00e4relmaksu krediidi kulukuse m\u00e4\u00e4r on 25,64% aastas j\u00e4rgmistel n\u00e4idistingimustel: kauba\/teenuse maksumus 650 \u20ac, sissemakse 0%, krediidisumma 650 \u20ac, intress 19,9% j\u00e4\u00e4gilt aastas (fikseeritud), lepingutasu 19,9 \u20ac, j\u00e4relmaksu periood 25 kuud, tasumine igakuiste annuiteetmaksetena, maksete kogusumma 819 \u20ac.<\/p>\n","protected":false},"excerpt":{"rendered":"<p>LHV j\u00e4relmaks LHV j\u00e4relmaksuga saad kauba\/teenuse eest tasuda osadena. T\u00e4ida taotlus siin v\u00f5i meie kaupluses ja teeme Sulle kohe pakkumise. Vastus taotlusele m\u00f5ne minutiga. Sissemakse alates 0 eurost. Intress arvutatakse vaid laenuj\u00e4\u00e4gilt. Endale sobiva kuumakse suuruse ja tagasimakseperioodi saad valida ise. Ostusumma 12\u00a0kuud 24\u00a0kuud 36\u00a0kuud 48\u00a0kuud 300 \u20ac 27 \u20ac 15 \u20ac 11 \u20ac 500 [&hellip;]<\/p>\n","protected":false},"author":2,"featured_media":0,"parent":0,"menu_order":0,"comment_status":"closed","ping_status":"closed","template":"","meta":[],"acf":[],"yoast_head":"<!-- This site is optimized with the Yoast SEO plugin v20.5 - https:\/\/yoast.com\/wordpress\/plugins\/seo\/ -->\n<title>J\u00e4relmaks - ELV Tehnika<\/title>\n<meta name=\"robots\" content=\"noindex, follow, max-snippet:-1, max-image-preview:large, max-video-preview:-1\" \/>\n<meta property=\"og:locale\" content=\"et_EE\" \/>\n<meta property=\"og:type\" content=\"article\" \/>\n<meta property=\"og:title\" content=\"J\u00e4relmaks - ELV Tehnika\" \/>\n<meta property=\"og:description\" content=\"LHV j\u00e4relmaks LHV j\u00e4relmaksuga saad kauba\/teenuse eest tasuda osadena. T\u00e4ida taotlus siin v\u00f5i meie kaupluses ja teeme Sulle kohe pakkumise. Vastus taotlusele m\u00f5ne minutiga. Sissemakse alates 0 eurost. Intress arvutatakse vaid laenuj\u00e4\u00e4gilt. Endale sobiva kuumakse suuruse ja tagasimakseperioodi saad valida ise. Ostusumma 12\u00a0kuud 24\u00a0kuud 36\u00a0kuud 48\u00a0kuud 300 \u20ac 27 \u20ac 15 \u20ac 11 \u20ac 500 [&hellip;]\" \/>\n<meta property=\"og:url\" content=\"https:\/\/elvtehnika.ee\/test\/jarelmaks\/\" \/>\n<meta property=\"og:site_name\" content=\"ELV Tehnika\" \/>\n<meta property=\"article:modified_time\" content=\"2017-07-13T08:17:22+00:00\" \/>\n<meta property=\"og:image\" content=\"https:\/\/elvtehnika.ee\/test\/1\/wp-content\/uploads\/lhv_jarelmaks.png\" \/>\n<meta name=\"twitter:label1\" content=\"Est. reading time\" \/>\n\t<meta name=\"twitter:data1\" content=\"1 minut\" \/>\n<script type=\"application\/ld+json\" class=\"yoast-schema-graph\">{\"@context\":\"https:\/\/schema.org\",\"@graph\":[{\"@type\":\"WebPage\",\"@id\":\"https:\/\/elvtehnika.ee\/test\/jarelmaks\/\",\"url\":\"https:\/\/elvtehnika.ee\/test\/jarelmaks\/\",\"name\":\"J\u00e4relmaks - ELV Tehnika\",\"isPartOf\":{\"@id\":\"https:\/\/elvtehnika.ee\/test\/#website\"},\"datePublished\":\"2016-08-26T13:50:03+00:00\",\"dateModified\":\"2017-07-13T08:17:22+00:00\",\"breadcrumb\":{\"@id\":\"https:\/\/elvtehnika.ee\/test\/jarelmaks\/#breadcrumb\"},\"inLanguage\":\"et\",\"potentialAction\":[{\"@type\":\"ReadAction\",\"target\":[\"https:\/\/elvtehnika.ee\/test\/jarelmaks\/\"]}]},{\"@type\":\"BreadcrumbList\",\"@id\":\"https:\/\/elvtehnika.ee\/test\/jarelmaks\/#breadcrumb\",\"itemListElement\":[{\"@type\":\"ListItem\",\"position\":1,\"name\":\"Home\",\"item\":\"https:\/\/elvtehnika.ee\/test\/\"},{\"@type\":\"ListItem\",\"position\":2,\"name\":\"J\u00e4relmaks\"}]},{\"@type\":\"WebSite\",\"@id\":\"https:\/\/elvtehnika.ee\/test\/#website\",\"url\":\"https:\/\/elvtehnika.ee\/test\/\",\"name\":\"ELV Tehnika\",\"description\":\"Heli-, valgus- ja esitlustehnika\",\"potentialAction\":[{\"@type\":\"SearchAction\",\"target\":{\"@type\":\"EntryPoint\",\"urlTemplate\":\"https:\/\/elvtehnika.ee\/test\/?s={search_term_string}\"},\"query-input\":\"required name=search_term_string\"}],\"inLanguage\":\"et\"}]}<\/script>\n<!-- \/ Yoast SEO plugin. -->","yoast_head_json":{"title":"J\u00e4relmaks - ELV Tehnika","robots":{"index":"noindex","follow":"follow","max-snippet":"max-snippet:-1","max-image-preview":"max-image-preview:large","max-video-preview":"max-video-preview:-1"},"og_locale":"et_EE","og_type":"article","og_title":"J\u00e4relmaks - ELV Tehnika","og_description":"LHV j\u00e4relmaks LHV j\u00e4relmaksuga saad kauba\/teenuse eest tasuda osadena. T\u00e4ida taotlus siin v\u00f5i meie kaupluses ja teeme Sulle kohe pakkumise. Vastus taotlusele m\u00f5ne minutiga. Sissemakse alates 0 eurost. Intress arvutatakse vaid laenuj\u00e4\u00e4gilt. Endale sobiva kuumakse suuruse ja tagasimakseperioodi saad valida ise. Ostusumma 12\u00a0kuud 24\u00a0kuud 36\u00a0kuud 48\u00a0kuud 300 \u20ac 27 \u20ac 15 \u20ac 11 \u20ac 500 [&hellip;]","og_url":"https:\/\/elvtehnika.ee\/test\/jarelmaks\/","og_site_name":"ELV Tehnika","article_modified_time":"2017-07-13T08:17:22+00:00","og_image":[{"url":"https:\/\/elvtehnika.ee\/test\/1\/wp-content\/uploads\/lhv_jarelmaks.png"}],"twitter_misc":{"Est. reading time":"1 minut"},"schema":{"@context":"https:\/\/schema.org","@graph":[{"@type":"WebPage","@id":"https:\/\/elvtehnika.ee\/test\/jarelmaks\/","url":"https:\/\/elvtehnika.ee\/test\/jarelmaks\/","name":"J\u00e4relmaks - ELV Tehnika","isPartOf":{"@id":"https:\/\/elvtehnika.ee\/test\/#website"},"datePublished":"2016-08-26T13:50:03+00:00","dateModified":"2017-07-13T08:17:22+00:00","breadcrumb":{"@id":"https:\/\/elvtehnika.ee\/test\/jarelmaks\/#breadcrumb"},"inLanguage":"et","potentialAction":[{"@type":"ReadAction","target":["https:\/\/elvtehnika.ee\/test\/jarelmaks\/"]}]},{"@type":"BreadcrumbList","@id":"https:\/\/elvtehnika.ee\/test\/jarelmaks\/#breadcrumb","itemListElement":[{"@type":"ListItem","position":1,"name":"Home","item":"https:\/\/elvtehnika.ee\/test\/"},{"@type":"ListItem","position":2,"name":"J\u00e4relmaks"}]},{"@type":"WebSite","@id":"https:\/\/elvtehnika.ee\/test\/#website","url":"https:\/\/elvtehnika.ee\/test\/","name":"ELV Tehnika","description":"Heli-, valgus- ja esitlustehnika","potentialAction":[{"@type":"SearchAction","target":{"@type":"EntryPoint","urlTemplate":"https:\/\/elvtehnika.ee\/test\/?s={search_term_string}"},"query-input":"required name=search_term_string"}],"inLanguage":"et"}]}},"_links":{"self":[{"href":"https:\/\/elvtehnika.ee\/test\/wp-json\/wp\/v2\/pages\/4230"}],"collection":[{"href":"https:\/\/elvtehnika.ee\/test\/wp-json\/wp\/v2\/pages"}],"about":[{"href":"https:\/\/elvtehnika.ee\/test\/wp-json\/wp\/v2\/types\/page"}],"author":[{"embeddable":true,"href":"https:\/\/elvtehnika.ee\/test\/wp-json\/wp\/v2\/users\/2"}],"replies":[{"embeddable":true,"href":"https:\/\/elvtehnika.ee\/test\/wp-json\/wp\/v2\/comments?post=4230"}],"version-history":[{"count":5,"href":"https:\/\/elvtehnika.ee\/test\/wp-json\/wp\/v2\/pages\/4230\/revisions"}],"predecessor-version":[{"id":4284,"href":"https:\/\/elvtehnika.ee\/test\/wp-json\/wp\/v2\/pages\/4230\/revisions\/4284"}],"wp:attachment":[{"href":"https:\/\/elvtehnika.ee\/test\/wp-json\/wp\/v2\/media?parent=4230"}],"curies":[{"name":"wp","href":"https:\/\/api.w.org\/{rel}","templated":true}]}}