{"id":7,"date":"2015-02-21T09:50:35","date_gmt":"2015-02-21T09:50:35","guid":{"rendered":"http:\/\/localhost\/2015\/elvtehnika\/?page_id=7"},"modified":"2018-01-20T21:43:39","modified_gmt":"2018-01-20T19:43:39","slug":"kontakt","status":"publish","type":"page","link":"https:\/\/elvtehnika.ee\/test\/kontakt\/","title":{"rendered":"Kontakt"},"content":{"rendered":"<p><strong><img decoding=\"async\" loading=\"lazy\" class=\"alignright wp-image-6636\" src=\"https:\/\/elvtehnika.ee\/test\/1\/wp-content\/uploads\/elmer-143x200.png\" alt=\"\" width=\"128\" height=\"179\" srcset=\"https:\/\/elvtehnika.ee\/test\/wp-content\/uploads\/elmer-143x200.png 143w, https:\/\/elvtehnika.ee\/test\/wp-content\/uploads\/elmer-21x30.png 21w, https:\/\/elvtehnika.ee\/test\/wp-content\/uploads\/elmer.png 196w\" sizes=\"(max-width: 128px) 100vw, 128px\" \/>Elmer Voolaid<\/strong><\/p>\n<p><strong>tel:<\/strong> +372 5332 1861<\/p>\n<p><strong>email:<\/strong> &#x65;&#x6c;&#109;e&#x72;&#x2e;&#118;&#111;o&#x6c;&#x61;&#105;&#100;&#64;&#x65;&#x6c;&#118;te&#x68;&#x6e;&#105;k&#x61;&#x2e;&#101;&#101;<\/p>\n<p>&nbsp;<\/p>\n<p>&nbsp;<\/p>\n<p>&nbsp;<\/p>\n<p><img decoding=\"async\" loading=\"lazy\" class=\"alignright wp-image-7876 size-thumbnail\" src=\"https:\/\/elvtehnika.ee\/test\/1\/wp-content\/uploads\/keimo-145x200.jpg\" alt=\"\" width=\"145\" height=\"200\" srcset=\"https:\/\/elvtehnika.ee\/test\/wp-content\/uploads\/keimo-145x200.jpg 145w, https:\/\/elvtehnika.ee\/test\/wp-content\/uploads\/keimo-600x830.jpg 600w, https:\/\/elvtehnika.ee\/test\/wp-content\/uploads\/keimo-217x300.jpg 217w, https:\/\/elvtehnika.ee\/test\/wp-content\/uploads\/keimo-768x1063.jpg 768w, https:\/\/elvtehnika.ee\/test\/wp-content\/uploads\/keimo-740x1024.jpg 740w, https:\/\/elvtehnika.ee\/test\/wp-content\/uploads\/keimo.jpg 867w\" sizes=\"(max-width: 145px) 100vw, 145px\" \/><\/p>\n<p><strong>Keimo Jaansalu<\/strong><\/p>\n<p><strong>tel:<\/strong> +372 \u202d5660 6708\u202c<\/p>\n<p><strong>email: <\/strong>&#107;&#x65;&#x69;m&#111;&#x2e;j&#97;&#x61;&#x6e;&#115;&#x61;&#x6c;u&#64;&#x65;l&#118;&#x74;&#x65;&#104;&#x6e;&#x69;k&#97;&#x2e;e&#101;<\/p>\n<p>&nbsp;<\/p>\n<p>&nbsp;<\/p>\n<p>&nbsp;<\/p>\n<p><strong>Ettev\u00f5tte andmed:<\/strong><\/p>\n<p>Tegutseme nii Tallinnas kui Tartus.<\/p>\n<p>ELV Tehnikateenused O\u00dc<br \/>\nPostiaadress: L\u00e4\u00e4ne 1-81, Tartu 50605<br \/>\n\u00c4riregistrikood: 12008419<br \/>\nVAT ID: EE101406037<br \/>\nTehnikalao aadress: Raua 22, Tartu<\/p>\n<p><strong>V\u00f5tke kindlasti \u00fchendust kui tunnete, et saame abiks olla!<\/strong><\/p>\n<p><strong>Kontaktivorm:<\/strong><\/p>\n\n<div class=\"wpcf7 no-js\" id=\"wpcf7-f4-o1\" lang=\"et\" dir=\"ltr\">\n<div class=\"screen-reader-response\"><p role=\"status\" aria-live=\"polite\" aria-atomic=\"true\"><\/p> <ul><\/ul><\/div>\n<form action=\"\/test\/wp-json\/wp\/v2\/pages\/7#wpcf7-f4-o1\" method=\"post\" class=\"wpcf7-form init\" aria-label=\"Contact form\" novalidate=\"novalidate\" data-status=\"init\">\n<div style=\"display: none;\">\n<input type=\"hidden\" name=\"_wpcf7\" value=\"4\" \/>\n<input type=\"hidden\" name=\"_wpcf7_version\" value=\"5.7.5.1\" \/>\n<input type=\"hidden\" name=\"_wpcf7_locale\" value=\"et\" \/>\n<input type=\"hidden\" name=\"_wpcf7_unit_tag\" value=\"wpcf7-f4-o1\" \/>\n<input type=\"hidden\" name=\"_wpcf7_container_post\" value=\"0\" \/>\n<input type=\"hidden\" name=\"_wpcf7_posted_data_hash\" value=\"\" \/>\n<\/div>\n<p><span class=\"wpcf7-form-control-wrap\" data-name=\"your-name\"><input size=\"40\" class=\"wpcf7-form-control wpcf7-text wpcf7-validates-as-required\" aria-required=\"true\" aria-invalid=\"false\" placeholder=\"Teie nimi\" value=\"\" type=\"text\" name=\"your-name\" \/><\/span>\n<\/p>\n<p><span class=\"wpcf7-form-control-wrap\" data-name=\"your-email\"><input size=\"40\" class=\"wpcf7-form-control wpcf7-text wpcf7-email wpcf7-validates-as-required wpcf7-validates-as-email\" aria-required=\"true\" aria-invalid=\"false\" placeholder=\"Teie email\" value=\"\" type=\"email\" name=\"your-email\" \/><\/span>\n<\/p>\n<p><span class=\"wpcf7-form-control-wrap\" data-name=\"your-message\"><textarea cols=\"40\" rows=\"5\" class=\"wpcf7-form-control wpcf7-textarea wpcf7-validates-as-required\" aria-required=\"true\" aria-invalid=\"false\" placeholder=\"Kuidas saame Teile kasulikud olla?\" name=\"your-message\"><\/textarea><\/span>\n<\/p>\n<p><input class=\"wpcf7-form-control has-spinner wpcf7-submit\" type=\"submit\" value=\"Saada\" \/>\n<\/p><div class=\"wpcf7-response-output\" aria-hidden=\"true\"><\/div>\n<\/form>\n<\/div>\n <script>\n\tdocument.addEventListener( \"wpcf7mailsent\", function( event ) {\n\t\tlocation = \"https:\/\/elvtehnika.ee\/test\/kinnitus\/teade-saadetud\/\";\n\t}, false );\n\t<\/script>\n","protected":false},"excerpt":{"rendered":"<p>Elmer Voolaid tel: +372 5332 1861 email: &#101;&#x6c;m&#101;&#x72;&#46;&#118;&#x6f;o&#108;&#x61;i&#100;&#x40;e&#108;&#x76;t&#101;&#x68;n&#105;&#x6b;a&#46;&#x65;e &nbsp; &nbsp; &nbsp; Keimo Jaansalu tel: +372 \u202d5660 6708\u202c email: k&#101;&#105;&#x6d;&#x6f;&#46;&#106;&#97;&#x61;&#x6e;&#x73;a&#108;&#117;&#x40;&#x65;lv&#116;&#x65;&#x68;&#x6e;i&#107;&#97;&#x2e;&#x65;e &nbsp; &nbsp; &nbsp; Ettev\u00f5tte andmed: Tegutseme nii Tallinnas kui Tartus. ELV Tehnikateenused O\u00dc Postiaadress: L\u00e4\u00e4ne 1-81, Tartu 50605 \u00c4riregistrikood: 12008419 VAT ID: EE101406037 Tehnikalao aadress: Raua 22, Tartu V\u00f5tke kindlasti \u00fchendust kui tunnete, et saame abiks [&hellip;]<\/p>\n","protected":false},"author":2,"featured_media":0,"parent":0,"menu_order":0,"comment_status":"open","ping_status":"closed","template":"templates\/contact.php","meta":[],"acf":[],"yoast_head":"<!-- This site is optimized with the Yoast SEO plugin v20.5 - https:\/\/yoast.com\/wordpress\/plugins\/seo\/ -->\n<title>Kontakt - ELV Tehnika<\/title>\n<meta name=\"robots\" content=\"noindex, follow, max-snippet:-1, max-image-preview:large, max-video-preview:-1\" \/>\n<meta property=\"og:locale\" content=\"et_EE\" \/>\n<meta property=\"og:type\" content=\"article\" \/>\n<meta property=\"og:title\" content=\"Kontakt - ELV Tehnika\" \/>\n<meta property=\"og:description\" content=\"Elmer Voolaid tel: +372 5332 1861 email: &#101;&#x6c;m&#x65;&#x72;&#046;&#x76;o&#111;&#x6c;&#097;&#x69;d&#064;&#x65;l&#x76;t&#101;&#x68;n&#x69;&#x6b;&#097;&#x2e;e&#101; &nbsp; &nbsp; &nbsp; Keimo Jaansalu tel: +372 \u202d5660 6708\u202c email: &#x6b;e&#x69;&#109;&#x6f;&#046;j&#x61;&#097;&#x6e;&#115;a&#x6c;&#117;&#x40;&#101;l&#x76;t&#x65;&#104;&#x6e;&#x69;k&#x61;&#046;&#x65;&#101; &nbsp; &nbsp; &nbsp; Ettev\u00f5tte andmed: Tegutseme nii Tallinnas kui Tartus. ELV Tehnikateenused O\u00dc Postiaadress: L\u00e4\u00e4ne 1-81, Tartu 50605 \u00c4riregistrikood: 12008419 VAT ID: EE101406037 Tehnikalao aadress: Raua 22, Tartu V\u00f5tke kindlasti \u00fchendust kui tunnete, et saame abiks [&hellip;]\" \/>\n<meta property=\"og:url\" content=\"https:\/\/elvtehnika.ee\/test\/kontakt\/\" \/>\n<meta property=\"og:site_name\" content=\"ELV Tehnika\" \/>\n<meta property=\"article:modified_time\" content=\"2018-01-20T19:43:39+00:00\" \/>\n<meta property=\"og:image\" content=\"https:\/\/elvtehnika.ee\/test\/1\/wp-content\/uploads\/elmer-143x200.png\" \/>\n<script type=\"application\/ld+json\" class=\"yoast-schema-graph\">{\"@context\":\"https:\/\/schema.org\",\"@graph\":[{\"@type\":\"WebPage\",\"@id\":\"https:\/\/elvtehnika.ee\/test\/kontakt\/\",\"url\":\"https:\/\/elvtehnika.ee\/test\/kontakt\/\",\"name\":\"Kontakt - ELV Tehnika\",\"isPartOf\":{\"@id\":\"https:\/\/elvtehnika.ee\/test\/#website\"},\"datePublished\":\"2015-02-21T09:50:35+00:00\",\"dateModified\":\"2018-01-20T19:43:39+00:00\",\"breadcrumb\":{\"@id\":\"https:\/\/elvtehnika.ee\/test\/kontakt\/#breadcrumb\"},\"inLanguage\":\"et\",\"potentialAction\":[{\"@type\":\"ReadAction\",\"target\":[\"https:\/\/elvtehnika.ee\/test\/kontakt\/\"]}]},{\"@type\":\"BreadcrumbList\",\"@id\":\"https:\/\/elvtehnika.ee\/test\/kontakt\/#breadcrumb\",\"itemListElement\":[{\"@type\":\"ListItem\",\"position\":1,\"name\":\"Home\",\"item\":\"https:\/\/elvtehnika.ee\/test\/\"},{\"@type\":\"ListItem\",\"position\":2,\"name\":\"Kontakt\"}]},{\"@type\":\"WebSite\",\"@id\":\"https:\/\/elvtehnika.ee\/test\/#website\",\"url\":\"https:\/\/elvtehnika.ee\/test\/\",\"name\":\"ELV Tehnika\",\"description\":\"Heli-, valgus- ja esitlustehnika\",\"potentialAction\":[{\"@type\":\"SearchAction\",\"target\":{\"@type\":\"EntryPoint\",\"urlTemplate\":\"https:\/\/elvtehnika.ee\/test\/?s={search_term_string}\"},\"query-input\":\"required name=search_term_string\"}],\"inLanguage\":\"et\"}]}<\/script>\n<!-- \/ Yoast SEO plugin. -->","yoast_head_json":{"title":"Kontakt - ELV Tehnika","robots":{"index":"noindex","follow":"follow","max-snippet":"max-snippet:-1","max-image-preview":"max-image-preview:large","max-video-preview":"max-video-preview:-1"},"og_locale":"et_EE","og_type":"article","og_title":"Kontakt - ELV Tehnika","og_description":"Elmer Voolaid tel: +372 5332 1861 email: &#101;&#x6c;m&#x65;&#x72;&#46;&#x76;o&#111;&#x6c;&#97;&#x69;d&#64;&#x65;l&#x76;t&#101;&#x68;n&#x69;&#x6b;&#97;&#x2e;e&#101; &nbsp; &nbsp; &nbsp; Keimo Jaansalu tel: +372 \u202d5660 6708\u202c email: &#x6b;e&#x69;&#109;&#x6f;&#46;j&#x61;&#97;&#x6e;&#115;a&#x6c;&#117;&#x40;&#101;l&#x76;t&#x65;&#104;&#x6e;&#x69;k&#x61;&#46;&#x65;&#101; &nbsp; &nbsp; &nbsp; Ettev\u00f5tte andmed: Tegutseme nii Tallinnas kui Tartus. ELV Tehnikateenused O\u00dc Postiaadress: L\u00e4\u00e4ne 1-81, Tartu 50605 \u00c4riregistrikood: 12008419 VAT ID: EE101406037 Tehnikalao aadress: Raua 22, Tartu V\u00f5tke kindlasti \u00fchendust kui tunnete, et saame abiks [&hellip;]","og_url":"https:\/\/elvtehnika.ee\/test\/kontakt\/","og_site_name":"ELV Tehnika","article_modified_time":"2018-01-20T19:43:39+00:00","og_image":[{"url":"https:\/\/elvtehnika.ee\/test\/1\/wp-content\/uploads\/elmer-143x200.png"}],"schema":{"@context":"https:\/\/schema.org","@graph":[{"@type":"WebPage","@id":"https:\/\/elvtehnika.ee\/test\/kontakt\/","url":"https:\/\/elvtehnika.ee\/test\/kontakt\/","name":"Kontakt - ELV Tehnika","isPartOf":{"@id":"https:\/\/elvtehnika.ee\/test\/#website"},"datePublished":"2015-02-21T09:50:35+00:00","dateModified":"2018-01-20T19:43:39+00:00","breadcrumb":{"@id":"https:\/\/elvtehnika.ee\/test\/kontakt\/#breadcrumb"},"inLanguage":"et","potentialAction":[{"@type":"ReadAction","target":["https:\/\/elvtehnika.ee\/test\/kontakt\/"]}]},{"@type":"BreadcrumbList","@id":"https:\/\/elvtehnika.ee\/test\/kontakt\/#breadcrumb","itemListElement":[{"@type":"ListItem","position":1,"name":"Home","item":"https:\/\/elvtehnika.ee\/test\/"},{"@type":"ListItem","position":2,"name":"Kontakt"}]},{"@type":"WebSite","@id":"https:\/\/elvtehnika.ee\/test\/#website","url":"https:\/\/elvtehnika.ee\/test\/","name":"ELV Tehnika","description":"Heli-, valgus- ja esitlustehnika","potentialAction":[{"@type":"SearchAction","target":{"@type":"EntryPoint","urlTemplate":"https:\/\/elvtehnika.ee\/test\/?s={search_term_string}"},"query-input":"required name=search_term_string"}],"inLanguage":"et"}]}},"_links":{"self":[{"href":"https:\/\/elvtehnika.ee\/test\/wp-json\/wp\/v2\/pages\/7"}],"collection":[{"href":"https:\/\/elvtehnika.ee\/test\/wp-json\/wp\/v2\/pages"}],"about":[{"href":"https:\/\/elvtehnika.ee\/test\/wp-json\/wp\/v2\/types\/page"}],"author":[{"embeddable":true,"href":"https:\/\/elvtehnika.ee\/test\/wp-json\/wp\/v2\/users\/2"}],"replies":[{"embeddable":true,"href":"https:\/\/elvtehnika.ee\/test\/wp-json\/wp\/v2\/comments?post=7"}],"version-history":[{"count":5,"href":"https:\/\/elvtehnika.ee\/test\/wp-json\/wp\/v2\/pages\/7\/revisions"}],"predecessor-version":[{"id":12154,"href":"https:\/\/elvtehnika.ee\/test\/wp-json\/wp\/v2\/pages\/7\/revisions\/12154"}],"wp:attachment":[{"href":"https:\/\/elvtehnika.ee\/test\/wp-json\/wp\/v2\/media?parent=7"}],"curies":[{"name":"wp","href":"https:\/\/api.w.org\/{rel}","templated":true}]}}