{"id":779,"date":"2015-05-01T09:00:50","date_gmt":"2015-05-01T09:00:50","guid":{"rendered":"http:\/\/www.elvtehnika.ee\/?page_id=779"},"modified":"2018-08-13T14:33:45","modified_gmt":"2018-08-13T11:33:45","slug":"sunkroontolge","status":"publish","type":"page","link":"https:\/\/elvtehnika.ee\/test\/sunkroontolge\/","title":{"rendered":"S\u00fcnkroont\u00f5lge"},"content":{"rendered":"","protected":false},"excerpt":{"rendered":"","protected":false},"author":2,"featured_media":0,"parent":0,"menu_order":0,"comment_status":"closed","ping_status":"closed","template":"templates\/template-interpretation.php","meta":[],"acf":[],"yoast_head":"<!-- This site is optimized with the Yoast SEO plugin v20.5 - https:\/\/yoast.com\/wordpress\/plugins\/seo\/ -->\n<title>S\u00fcnkroont\u00f5lge - ELV Tehnika<\/title>\n<meta name=\"description\" content=\"Leidke kiirelt ja muretult oma koolitusele, seminarile v\u00f5i konverentsile s\u00fcnkroont\u00f5lge - sobivad s\u00fcnkroont\u00f5lgid, s\u00fcnkroont\u00f5lketehnika ning hea korraldus\" \/>\n<meta name=\"robots\" content=\"noindex, follow, max-snippet:-1, max-image-preview:large, max-video-preview:-1\" \/>\n<meta property=\"og:locale\" content=\"et_EE\" \/>\n<meta property=\"og:type\" content=\"article\" \/>\n<meta property=\"og:title\" content=\"S\u00fcnkroont\u00f5lge - ELV Tehnika\" \/>\n<meta property=\"og:description\" content=\"Leidke kiirelt ja muretult oma koolitusele, seminarile v\u00f5i konverentsile s\u00fcnkroont\u00f5lge - sobivad s\u00fcnkroont\u00f5lgid, s\u00fcnkroont\u00f5lketehnika ning hea korraldus\" \/>\n<meta property=\"og:url\" content=\"https:\/\/elvtehnika.ee\/test\/sunkroontolge\/\" \/>\n<meta property=\"og:site_name\" content=\"ELV Tehnika\" \/>\n<meta property=\"article:modified_time\" content=\"2018-08-13T11:33:45+00:00\" \/>\n<script type=\"application\/ld+json\" class=\"yoast-schema-graph\">{\"@context\":\"https:\/\/schema.org\",\"@graph\":[{\"@type\":\"WebPage\",\"@id\":\"https:\/\/elvtehnika.ee\/test\/sunkroontolge\/\",\"url\":\"https:\/\/elvtehnika.ee\/test\/sunkroontolge\/\",\"name\":\"S\u00fcnkroont\u00f5lge - ELV Tehnika\",\"isPartOf\":{\"@id\":\"https:\/\/elvtehnika.ee\/test\/#website\"},\"datePublished\":\"2015-05-01T09:00:50+00:00\",\"dateModified\":\"2018-08-13T11:33:45+00:00\",\"description\":\"Leidke kiirelt ja muretult oma koolitusele, seminarile v\u00f5i konverentsile s\u00fcnkroont\u00f5lge - sobivad s\u00fcnkroont\u00f5lgid, s\u00fcnkroont\u00f5lketehnika ning hea korraldus\",\"breadcrumb\":{\"@id\":\"https:\/\/elvtehnika.ee\/test\/sunkroontolge\/#breadcrumb\"},\"inLanguage\":\"et\",\"potentialAction\":[{\"@type\":\"ReadAction\",\"target\":[\"https:\/\/elvtehnika.ee\/test\/sunkroontolge\/\"]}]},{\"@type\":\"BreadcrumbList\",\"@id\":\"https:\/\/elvtehnika.ee\/test\/sunkroontolge\/#breadcrumb\",\"itemListElement\":[{\"@type\":\"ListItem\",\"position\":1,\"name\":\"Home\",\"item\":\"https:\/\/elvtehnika.ee\/test\/\"},{\"@type\":\"ListItem\",\"position\":2,\"name\":\"S\u00fcnkroont\u00f5lge\"}]},{\"@type\":\"WebSite\",\"@id\":\"https:\/\/elvtehnika.ee\/test\/#website\",\"url\":\"https:\/\/elvtehnika.ee\/test\/\",\"name\":\"ELV Tehnika\",\"description\":\"Heli-, valgus- ja esitlustehnika\",\"potentialAction\":[{\"@type\":\"SearchAction\",\"target\":{\"@type\":\"EntryPoint\",\"urlTemplate\":\"https:\/\/elvtehnika.ee\/test\/?s={search_term_string}\"},\"query-input\":\"required name=search_term_string\"}],\"inLanguage\":\"et\"}]}<\/script>\n<!-- \/ Yoast SEO plugin. -->","yoast_head_json":{"title":"S\u00fcnkroont\u00f5lge - ELV Tehnika","description":"Leidke kiirelt ja muretult oma koolitusele, seminarile v\u00f5i konverentsile s\u00fcnkroont\u00f5lge - sobivad s\u00fcnkroont\u00f5lgid, s\u00fcnkroont\u00f5lketehnika ning hea korraldus","robots":{"index":"noindex","follow":"follow","max-snippet":"max-snippet:-1","max-image-preview":"max-image-preview:large","max-video-preview":"max-video-preview:-1"},"og_locale":"et_EE","og_type":"article","og_title":"S\u00fcnkroont\u00f5lge - ELV Tehnika","og_description":"Leidke kiirelt ja muretult oma koolitusele, seminarile v\u00f5i konverentsile s\u00fcnkroont\u00f5lge - sobivad s\u00fcnkroont\u00f5lgid, s\u00fcnkroont\u00f5lketehnika ning hea korraldus","og_url":"https:\/\/elvtehnika.ee\/test\/sunkroontolge\/","og_site_name":"ELV Tehnika","article_modified_time":"2018-08-13T11:33:45+00:00","schema":{"@context":"https:\/\/schema.org","@graph":[{"@type":"WebPage","@id":"https:\/\/elvtehnika.ee\/test\/sunkroontolge\/","url":"https:\/\/elvtehnika.ee\/test\/sunkroontolge\/","name":"S\u00fcnkroont\u00f5lge - ELV Tehnika","isPartOf":{"@id":"https:\/\/elvtehnika.ee\/test\/#website"},"datePublished":"2015-05-01T09:00:50+00:00","dateModified":"2018-08-13T11:33:45+00:00","description":"Leidke kiirelt ja muretult oma koolitusele, seminarile v\u00f5i konverentsile s\u00fcnkroont\u00f5lge - sobivad s\u00fcnkroont\u00f5lgid, s\u00fcnkroont\u00f5lketehnika ning hea korraldus","breadcrumb":{"@id":"https:\/\/elvtehnika.ee\/test\/sunkroontolge\/#breadcrumb"},"inLanguage":"et","potentialAction":[{"@type":"ReadAction","target":["https:\/\/elvtehnika.ee\/test\/sunkroontolge\/"]}]},{"@type":"BreadcrumbList","@id":"https:\/\/elvtehnika.ee\/test\/sunkroontolge\/#breadcrumb","itemListElement":[{"@type":"ListItem","position":1,"name":"Home","item":"https:\/\/elvtehnika.ee\/test\/"},{"@type":"ListItem","position":2,"name":"S\u00fcnkroont\u00f5lge"}]},{"@type":"WebSite","@id":"https:\/\/elvtehnika.ee\/test\/#website","url":"https:\/\/elvtehnika.ee\/test\/","name":"ELV Tehnika","description":"Heli-, valgus- ja esitlustehnika","potentialAction":[{"@type":"SearchAction","target":{"@type":"EntryPoint","urlTemplate":"https:\/\/elvtehnika.ee\/test\/?s={search_term_string}"},"query-input":"required name=search_term_string"}],"inLanguage":"et"}]}},"_links":{"self":[{"href":"https:\/\/elvtehnika.ee\/test\/wp-json\/wp\/v2\/pages\/779"}],"collection":[{"href":"https:\/\/elvtehnika.ee\/test\/wp-json\/wp\/v2\/pages"}],"about":[{"href":"https:\/\/elvtehnika.ee\/test\/wp-json\/wp\/v2\/types\/page"}],"author":[{"embeddable":true,"href":"https:\/\/elvtehnika.ee\/test\/wp-json\/wp\/v2\/users\/2"}],"replies":[{"embeddable":true,"href":"https:\/\/elvtehnika.ee\/test\/wp-json\/wp\/v2\/comments?post=779"}],"version-history":[{"count":5,"href":"https:\/\/elvtehnika.ee\/test\/wp-json\/wp\/v2\/pages\/779\/revisions"}],"predecessor-version":[{"id":10421,"href":"https:\/\/elvtehnika.ee\/test\/wp-json\/wp\/v2\/pages\/779\/revisions\/10421"}],"wp:attachment":[{"href":"https:\/\/elvtehnika.ee\/test\/wp-json\/wp\/v2\/media?parent=779"}],"curies":[{"name":"wp","href":"https:\/\/api.w.org\/{rel}","templated":true}]}}