{"id":937,"date":"2015-06-02T10:21:40","date_gmt":"2015-06-02T10:21:40","guid":{"rendered":"http:\/\/www.elvtehnika.ee\/?page_id=937"},"modified":"2015-06-02T10:27:26","modified_gmt":"2015-06-02T10:27:26","slug":"helitehnika-valgustehnika-ja-esitlustehnika-muuk-hangetel","status":"publish","type":"page","link":"https:\/\/elvtehnika.ee\/test\/helitehnika-valgustehnika-ja-esitlustehnika-muuk-hangetel\/","title":{"rendered":"Helitehnika, valgustehnika ja esitlustehnika m\u00fc\u00fck hangetel"},"content":{"rendered":"<p><a href=\"https:\/\/elvtehnika.ee\/test\/1\/wp-content\/uploads\/helitehnika-valgustehnika-ja-esitlustehnika-projektim\u00fc\u00fck-hangetel1.jpg\"><img decoding=\"async\" loading=\"lazy\" class=\"alignright  wp-image-943\" src=\"https:\/\/elvtehnika.ee\/test\/1\/wp-content\/uploads\/helitehnika-valgustehnika-ja-esitlustehnika-projektim\u00fc\u00fck-hangetel1-1024x1018.jpg\" alt=\"helitehnika, valgustehnika ja esitlustehnika projektim\u00fc\u00fck\" width=\"403\" height=\"400\" srcset=\"https:\/\/elvtehnika.ee\/test\/wp-content\/uploads\/helitehnika-valgustehnika-ja-esitlustehnika-projektim\u00fc\u00fck-hangetel1-1024x1018.jpg 1024w, https:\/\/elvtehnika.ee\/test\/wp-content\/uploads\/helitehnika-valgustehnika-ja-esitlustehnika-projektim\u00fc\u00fck-hangetel1-100x100.jpg 100w, https:\/\/elvtehnika.ee\/test\/wp-content\/uploads\/helitehnika-valgustehnika-ja-esitlustehnika-projektim\u00fc\u00fck-hangetel1-600x597.jpg 600w, https:\/\/elvtehnika.ee\/test\/wp-content\/uploads\/helitehnika-valgustehnika-ja-esitlustehnika-projektim\u00fc\u00fck-hangetel1-201x200.jpg 201w, https:\/\/elvtehnika.ee\/test\/wp-content\/uploads\/helitehnika-valgustehnika-ja-esitlustehnika-projektim\u00fc\u00fck-hangetel1-300x298.jpg 300w, https:\/\/elvtehnika.ee\/test\/wp-content\/uploads\/helitehnika-valgustehnika-ja-esitlustehnika-projektim\u00fc\u00fck-hangetel1-150x150.jpg 150w, https:\/\/elvtehnika.ee\/test\/wp-content\/uploads\/helitehnika-valgustehnika-ja-esitlustehnika-projektim\u00fc\u00fck-hangetel1.jpg 1083w\" sizes=\"(max-width: 403px) 100vw, 403px\" \/><\/a>Oleme Teile heameelega abiks kui osalete m\u00f5nel hankel ning \u00fcks hanke osa on profi-helitehnika, valgustehnika v\u00f5i esitlustehnika (ekraanid, projektorid, led ekraanid, smart signage displeid ja ekraanis\u00fcsteemid s\u00f6\u00f6gikohtades, teenindusasutuses, avalikes kohtades).<\/p>\n<p>1) Anname n\u00f5u &#8211; milliseid seadmeid, millises koguses on vaja ning mida silmas pidada s\u00fcsteemi pakkumisel;<\/p>\n<p>2) pakume v\u00e4ga konkurentsiv\u00f5imelise hinnaga kvaliteetseid seadmeid;<\/p>\n<p>3) teeme Teile soodustuse vastavalt projekti mahule ja koost\u00f6\u00f6 pikkusele, et saaksite nende seadmete m\u00fc\u00fcgi pealt teenida.<\/p>\n<p>Kui Teil k\u00e4sil m\u00f5ni hange ning tehniline pool n\u00f5uab teadmisi ja kogemusi, mis Teil puuduvad v\u00f5i kui aja kokkuhoiu m\u00f5ttes on tehniline osa hankest hea delegeerida &#8211; <a title=\"Kontakt\" href=\"https:\/\/elvtehnika.ee\/test\/kontakt\/\">v\u00f5tke kindlasti \u00fchendust<\/a> &#8211; usun, et saame abiks olla.<\/p>\n<p>&nbsp;<\/p>\n","protected":false},"excerpt":{"rendered":"<p>Oleme Teile heameelega abiks kui osalete m\u00f5nel hankel ning \u00fcks hanke osa on profi-helitehnika, valgustehnika v\u00f5i esitlustehnika (ekraanid, projektorid, led ekraanid, smart signage displeid ja ekraanis\u00fcsteemid s\u00f6\u00f6gikohtades, teenindusasutuses, avalikes kohtades). 1) Anname n\u00f5u &#8211; milliseid seadmeid, millises koguses on vaja ning mida silmas pidada s\u00fcsteemi pakkumisel; 2) pakume v\u00e4ga konkurentsiv\u00f5imelise hinnaga kvaliteetseid seadmeid; 3) teeme [&hellip;]<\/p>\n","protected":false},"author":3,"featured_media":0,"parent":0,"menu_order":0,"comment_status":"closed","ping_status":"open","template":"","meta":[],"acf":[],"yoast_head":"<!-- This site is optimized with the Yoast SEO plugin v20.5 - https:\/\/yoast.com\/wordpress\/plugins\/seo\/ -->\n<title>Helitehnika, valgustehnika ja esitlustehnika m\u00fc\u00fck hangetel - ELV Tehnika<\/title>\n<meta name=\"robots\" content=\"noindex, follow, max-snippet:-1, max-image-preview:large, max-video-preview:-1\" \/>\n<meta property=\"og:locale\" content=\"et_EE\" \/>\n<meta property=\"og:type\" content=\"article\" \/>\n<meta property=\"og:title\" content=\"Helitehnika, valgustehnika ja esitlustehnika m\u00fc\u00fck hangetel - ELV Tehnika\" \/>\n<meta property=\"og:description\" content=\"Oleme Teile heameelega abiks kui osalete m\u00f5nel hankel ning \u00fcks hanke osa on profi-helitehnika, valgustehnika v\u00f5i esitlustehnika (ekraanid, projektorid, led ekraanid, smart signage displeid ja ekraanis\u00fcsteemid s\u00f6\u00f6gikohtades, teenindusasutuses, avalikes kohtades). 1) Anname n\u00f5u &#8211; milliseid seadmeid, millises koguses on vaja ning mida silmas pidada s\u00fcsteemi pakkumisel; 2) pakume v\u00e4ga konkurentsiv\u00f5imelise hinnaga kvaliteetseid seadmeid; 3) teeme [&hellip;]\" \/>\n<meta property=\"og:url\" content=\"https:\/\/elvtehnika.ee\/test\/helitehnika-valgustehnika-ja-esitlustehnika-muuk-hangetel\/\" \/>\n<meta property=\"og:site_name\" content=\"ELV Tehnika\" \/>\n<meta property=\"article:modified_time\" content=\"2015-06-02T10:27:26+00:00\" \/>\n<meta name=\"twitter:label1\" content=\"Est. reading time\" \/>\n\t<meta name=\"twitter:data1\" content=\"1 minut\" \/>\n<script type=\"application\/ld+json\" class=\"yoast-schema-graph\">{\"@context\":\"https:\/\/schema.org\",\"@graph\":[{\"@type\":\"WebPage\",\"@id\":\"https:\/\/elvtehnika.ee\/test\/helitehnika-valgustehnika-ja-esitlustehnika-muuk-hangetel\/\",\"url\":\"https:\/\/elvtehnika.ee\/test\/helitehnika-valgustehnika-ja-esitlustehnika-muuk-hangetel\/\",\"name\":\"Helitehnika, valgustehnika ja esitlustehnika m\u00fc\u00fck hangetel - ELV Tehnika\",\"isPartOf\":{\"@id\":\"https:\/\/elvtehnika.ee\/test\/#website\"},\"datePublished\":\"2015-06-02T10:21:40+00:00\",\"dateModified\":\"2015-06-02T10:27:26+00:00\",\"breadcrumb\":{\"@id\":\"https:\/\/elvtehnika.ee\/test\/helitehnika-valgustehnika-ja-esitlustehnika-muuk-hangetel\/#breadcrumb\"},\"inLanguage\":\"et\",\"potentialAction\":[{\"@type\":\"ReadAction\",\"target\":[\"https:\/\/elvtehnika.ee\/test\/helitehnika-valgustehnika-ja-esitlustehnika-muuk-hangetel\/\"]}]},{\"@type\":\"BreadcrumbList\",\"@id\":\"https:\/\/elvtehnika.ee\/test\/helitehnika-valgustehnika-ja-esitlustehnika-muuk-hangetel\/#breadcrumb\",\"itemListElement\":[{\"@type\":\"ListItem\",\"position\":1,\"name\":\"Home\",\"item\":\"https:\/\/elvtehnika.ee\/test\/\"},{\"@type\":\"ListItem\",\"position\":2,\"name\":\"Helitehnika, valgustehnika ja esitlustehnika m\u00fc\u00fck hangetel\"}]},{\"@type\":\"WebSite\",\"@id\":\"https:\/\/elvtehnika.ee\/test\/#website\",\"url\":\"https:\/\/elvtehnika.ee\/test\/\",\"name\":\"ELV Tehnika\",\"description\":\"Heli-, valgus- ja esitlustehnika\",\"potentialAction\":[{\"@type\":\"SearchAction\",\"target\":{\"@type\":\"EntryPoint\",\"urlTemplate\":\"https:\/\/elvtehnika.ee\/test\/?s={search_term_string}\"},\"query-input\":\"required name=search_term_string\"}],\"inLanguage\":\"et\"}]}<\/script>\n<!-- \/ Yoast SEO plugin. -->","yoast_head_json":{"title":"Helitehnika, valgustehnika ja esitlustehnika m\u00fc\u00fck hangetel - ELV Tehnika","robots":{"index":"noindex","follow":"follow","max-snippet":"max-snippet:-1","max-image-preview":"max-image-preview:large","max-video-preview":"max-video-preview:-1"},"og_locale":"et_EE","og_type":"article","og_title":"Helitehnika, valgustehnika ja esitlustehnika m\u00fc\u00fck hangetel - ELV Tehnika","og_description":"Oleme Teile heameelega abiks kui osalete m\u00f5nel hankel ning \u00fcks hanke osa on profi-helitehnika, valgustehnika v\u00f5i esitlustehnika (ekraanid, projektorid, led ekraanid, smart signage displeid ja ekraanis\u00fcsteemid s\u00f6\u00f6gikohtades, teenindusasutuses, avalikes kohtades). 1) Anname n\u00f5u &#8211; milliseid seadmeid, millises koguses on vaja ning mida silmas pidada s\u00fcsteemi pakkumisel; 2) pakume v\u00e4ga konkurentsiv\u00f5imelise hinnaga kvaliteetseid seadmeid; 3) teeme [&hellip;]","og_url":"https:\/\/elvtehnika.ee\/test\/helitehnika-valgustehnika-ja-esitlustehnika-muuk-hangetel\/","og_site_name":"ELV Tehnika","article_modified_time":"2015-06-02T10:27:26+00:00","twitter_misc":{"Est. reading time":"1 minut"},"schema":{"@context":"https:\/\/schema.org","@graph":[{"@type":"WebPage","@id":"https:\/\/elvtehnika.ee\/test\/helitehnika-valgustehnika-ja-esitlustehnika-muuk-hangetel\/","url":"https:\/\/elvtehnika.ee\/test\/helitehnika-valgustehnika-ja-esitlustehnika-muuk-hangetel\/","name":"Helitehnika, valgustehnika ja esitlustehnika m\u00fc\u00fck hangetel - ELV Tehnika","isPartOf":{"@id":"https:\/\/elvtehnika.ee\/test\/#website"},"datePublished":"2015-06-02T10:21:40+00:00","dateModified":"2015-06-02T10:27:26+00:00","breadcrumb":{"@id":"https:\/\/elvtehnika.ee\/test\/helitehnika-valgustehnika-ja-esitlustehnika-muuk-hangetel\/#breadcrumb"},"inLanguage":"et","potentialAction":[{"@type":"ReadAction","target":["https:\/\/elvtehnika.ee\/test\/helitehnika-valgustehnika-ja-esitlustehnika-muuk-hangetel\/"]}]},{"@type":"BreadcrumbList","@id":"https:\/\/elvtehnika.ee\/test\/helitehnika-valgustehnika-ja-esitlustehnika-muuk-hangetel\/#breadcrumb","itemListElement":[{"@type":"ListItem","position":1,"name":"Home","item":"https:\/\/elvtehnika.ee\/test\/"},{"@type":"ListItem","position":2,"name":"Helitehnika, valgustehnika ja esitlustehnika m\u00fc\u00fck hangetel"}]},{"@type":"WebSite","@id":"https:\/\/elvtehnika.ee\/test\/#website","url":"https:\/\/elvtehnika.ee\/test\/","name":"ELV Tehnika","description":"Heli-, valgus- ja esitlustehnika","potentialAction":[{"@type":"SearchAction","target":{"@type":"EntryPoint","urlTemplate":"https:\/\/elvtehnika.ee\/test\/?s={search_term_string}"},"query-input":"required name=search_term_string"}],"inLanguage":"et"}]}},"_links":{"self":[{"href":"https:\/\/elvtehnika.ee\/test\/wp-json\/wp\/v2\/pages\/937"}],"collection":[{"href":"https:\/\/elvtehnika.ee\/test\/wp-json\/wp\/v2\/pages"}],"about":[{"href":"https:\/\/elvtehnika.ee\/test\/wp-json\/wp\/v2\/types\/page"}],"author":[{"embeddable":true,"href":"https:\/\/elvtehnika.ee\/test\/wp-json\/wp\/v2\/users\/3"}],"replies":[{"embeddable":true,"href":"https:\/\/elvtehnika.ee\/test\/wp-json\/wp\/v2\/comments?post=937"}],"version-history":[{"count":3,"href":"https:\/\/elvtehnika.ee\/test\/wp-json\/wp\/v2\/pages\/937\/revisions"}],"predecessor-version":[{"id":946,"href":"https:\/\/elvtehnika.ee\/test\/wp-json\/wp\/v2\/pages\/937\/revisions\/946"}],"wp:attachment":[{"href":"https:\/\/elvtehnika.ee\/test\/wp-json\/wp\/v2\/media?parent=937"}],"curies":[{"name":"wp","href":"https:\/\/api.w.org\/{rel}","templated":true}]}}