{"id":11023,"date":"2018-09-15T21:06:37","date_gmt":"2018-09-15T18:06:37","guid":{"rendered":"http:\/\/localhost\/plus\/elv3\/epood\/105w-led-wash-movinghead-adj-vizi-hex-wash-7\/"},"modified":"2018-12-21T17:30:25","modified_gmt":"2018-12-21T15:30:25","slug":"105w-led-wash-movinghead-adj-vizi-hex-wash-7","status":"publish","type":"product","link":"https:\/\/elvtehnika.ee\/test\/epood\/105w-led-wash-movinghead-adj-vizi-hex-wash-7\/","title":{"rendered":"105W LED wash movinghead ADJ Vizi Hex Wash 7"},"content":{"rendered":"","protected":false},"excerpt":{"rendered":"","protected":false},"featured_media":10531,"template":"","meta":[],"acf":[],"yoast_head":"<!-- This site is optimized with the Yoast SEO plugin v20.5 - https:\/\/yoast.com\/wordpress\/plugins\/seo\/ -->\n<title>105W LED wash movinghead ADJ Vizi Hex Wash 7 - ELV Tehnika<\/title>\n<meta name=\"description\" content=\"105W koguv\u00f5imsusega LED beam\/wash movinghead v\u00e4ga laia v\u00e4rvivalikuga, mis sobib lavavalgustuseks ja eriefektideks. Seade sobib kasutamiseks kontserdilavadel, \u00f6\u00f6klubidesse, teatrilavadele ning erinevatesse rakendustesse ruumis valgusdekoratsiooni loomiseks.\" \/>\n<meta name=\"robots\" content=\"noindex, follow, max-snippet:-1, max-image-preview:large, max-video-preview:-1\" \/>\n<meta property=\"og:locale\" content=\"et_EE\" \/>\n<meta property=\"og:type\" content=\"article\" \/>\n<meta property=\"og:title\" content=\"105W LED wash movinghead ADJ Vizi Hex Wash 7 - ELV Tehnika\" \/>\n<meta property=\"og:description\" content=\"105W koguv\u00f5imsusega LED beam\/wash movinghead v\u00e4ga laia v\u00e4rvivalikuga, mis sobib lavavalgustuseks ja eriefektideks. Seade sobib kasutamiseks kontserdilavadel, \u00f6\u00f6klubidesse, teatrilavadele ning erinevatesse rakendustesse ruumis valgusdekoratsiooni loomiseks.\" \/>\n<meta property=\"og:url\" content=\"https:\/\/elvtehnika.ee\/test\/epood\/105w-led-wash-movinghead-adj-vizi-hex-wash-7\/\" \/>\n<meta property=\"og:site_name\" content=\"ELV Tehnika\" \/>\n<meta property=\"article:modified_time\" content=\"2018-12-21T15:30:25+00:00\" \/>\n<meta property=\"og:image\" content=\"https:\/\/elvtehnika.ee\/test\/wp-content\/uploads\/105w-led-wash-movinghead-adj-vizi-hex-wash-7.jpg\" \/>\n\t<meta property=\"og:image:width\" content=\"800\" \/>\n\t<meta property=\"og:image:height\" content=\"800\" \/>\n\t<meta property=\"og:image:type\" content=\"image\/jpeg\" \/>\n<script type=\"application\/ld+json\" class=\"yoast-schema-graph\">{\"@context\":\"https:\/\/schema.org\",\"@graph\":[{\"@type\":\"WebPage\",\"@id\":\"https:\/\/elvtehnika.ee\/test\/epood\/105w-led-wash-movinghead-adj-vizi-hex-wash-7\/\",\"url\":\"https:\/\/elvtehnika.ee\/test\/epood\/105w-led-wash-movinghead-adj-vizi-hex-wash-7\/\",\"name\":\"105W LED wash movinghead ADJ Vizi Hex Wash 7 - ELV Tehnika\",\"isPartOf\":{\"@id\":\"https:\/\/elvtehnika.ee\/test\/#website\"},\"datePublished\":\"2018-09-15T18:06:37+00:00\",\"dateModified\":\"2018-12-21T15:30:25+00:00\",\"description\":\"105W koguv\u00f5imsusega LED beam\/wash movinghead v\u00e4ga laia v\u00e4rvivalikuga, mis sobib lavavalgustuseks ja eriefektideks. Seade sobib kasutamiseks kontserdilavadel, \u00f6\u00f6klubidesse, teatrilavadele ning erinevatesse rakendustesse ruumis valgusdekoratsiooni loomiseks.\",\"breadcrumb\":{\"@id\":\"https:\/\/elvtehnika.ee\/test\/epood\/105w-led-wash-movinghead-adj-vizi-hex-wash-7\/#breadcrumb\"},\"inLanguage\":\"et\",\"potentialAction\":[{\"@type\":\"ReadAction\",\"target\":[\"https:\/\/elvtehnika.ee\/test\/epood\/105w-led-wash-movinghead-adj-vizi-hex-wash-7\/\"]}]},{\"@type\":\"BreadcrumbList\",\"@id\":\"https:\/\/elvtehnika.ee\/test\/epood\/105w-led-wash-movinghead-adj-vizi-hex-wash-7\/#breadcrumb\",\"itemListElement\":[{\"@type\":\"ListItem\",\"position\":1,\"name\":\"Home\",\"item\":\"https:\/\/elvtehnika.ee\/test\/\"},{\"@type\":\"ListItem\",\"position\":2,\"name\":\"E-pood\",\"item\":\"https:\/\/elvtehnika.ee\/test\/epood\/\"},{\"@type\":\"ListItem\",\"position\":3,\"name\":\"105W LED wash movinghead ADJ Vizi Hex Wash 7\"}]},{\"@type\":\"WebSite\",\"@id\":\"https:\/\/elvtehnika.ee\/test\/#website\",\"url\":\"https:\/\/elvtehnika.ee\/test\/\",\"name\":\"ELV Tehnika\",\"description\":\"Heli-, valgus- ja esitlustehnika\",\"potentialAction\":[{\"@type\":\"SearchAction\",\"target\":{\"@type\":\"EntryPoint\",\"urlTemplate\":\"https:\/\/elvtehnika.ee\/test\/?s={search_term_string}\"},\"query-input\":\"required name=search_term_string\"}],\"inLanguage\":\"et\"}]}<\/script>\n<!-- \/ Yoast SEO plugin. -->","yoast_head_json":{"title":"105W LED wash movinghead ADJ Vizi Hex Wash 7 - ELV Tehnika","description":"105W koguv\u00f5imsusega LED beam\/wash movinghead v\u00e4ga laia v\u00e4rvivalikuga, mis sobib lavavalgustuseks ja eriefektideks. Seade sobib kasutamiseks kontserdilavadel, \u00f6\u00f6klubidesse, teatrilavadele ning erinevatesse rakendustesse ruumis valgusdekoratsiooni loomiseks.","robots":{"index":"noindex","follow":"follow","max-snippet":"max-snippet:-1","max-image-preview":"max-image-preview:large","max-video-preview":"max-video-preview:-1"},"og_locale":"et_EE","og_type":"article","og_title":"105W LED wash movinghead ADJ Vizi Hex Wash 7 - ELV Tehnika","og_description":"105W koguv\u00f5imsusega LED beam\/wash movinghead v\u00e4ga laia v\u00e4rvivalikuga, mis sobib lavavalgustuseks ja eriefektideks. Seade sobib kasutamiseks kontserdilavadel, \u00f6\u00f6klubidesse, teatrilavadele ning erinevatesse rakendustesse ruumis valgusdekoratsiooni loomiseks.","og_url":"https:\/\/elvtehnika.ee\/test\/epood\/105w-led-wash-movinghead-adj-vizi-hex-wash-7\/","og_site_name":"ELV Tehnika","article_modified_time":"2018-12-21T15:30:25+00:00","og_image":[{"width":800,"height":800,"url":"https:\/\/elvtehnika.ee\/test\/wp-content\/uploads\/105w-led-wash-movinghead-adj-vizi-hex-wash-7.jpg","type":"image\/jpeg"}],"schema":{"@context":"https:\/\/schema.org","@graph":[{"@type":"WebPage","@id":"https:\/\/elvtehnika.ee\/test\/epood\/105w-led-wash-movinghead-adj-vizi-hex-wash-7\/","url":"https:\/\/elvtehnika.ee\/test\/epood\/105w-led-wash-movinghead-adj-vizi-hex-wash-7\/","name":"105W LED wash movinghead ADJ Vizi Hex Wash 7 - ELV Tehnika","isPartOf":{"@id":"https:\/\/elvtehnika.ee\/test\/#website"},"datePublished":"2018-09-15T18:06:37+00:00","dateModified":"2018-12-21T15:30:25+00:00","description":"105W koguv\u00f5imsusega LED beam\/wash movinghead v\u00e4ga laia v\u00e4rvivalikuga, mis sobib lavavalgustuseks ja eriefektideks. Seade sobib kasutamiseks kontserdilavadel, \u00f6\u00f6klubidesse, teatrilavadele ning erinevatesse rakendustesse ruumis valgusdekoratsiooni loomiseks.","breadcrumb":{"@id":"https:\/\/elvtehnika.ee\/test\/epood\/105w-led-wash-movinghead-adj-vizi-hex-wash-7\/#breadcrumb"},"inLanguage":"et","potentialAction":[{"@type":"ReadAction","target":["https:\/\/elvtehnika.ee\/test\/epood\/105w-led-wash-movinghead-adj-vizi-hex-wash-7\/"]}]},{"@type":"BreadcrumbList","@id":"https:\/\/elvtehnika.ee\/test\/epood\/105w-led-wash-movinghead-adj-vizi-hex-wash-7\/#breadcrumb","itemListElement":[{"@type":"ListItem","position":1,"name":"Home","item":"https:\/\/elvtehnika.ee\/test\/"},{"@type":"ListItem","position":2,"name":"E-pood","item":"https:\/\/elvtehnika.ee\/test\/epood\/"},{"@type":"ListItem","position":3,"name":"105W LED wash movinghead ADJ Vizi Hex Wash 7"}]},{"@type":"WebSite","@id":"https:\/\/elvtehnika.ee\/test\/#website","url":"https:\/\/elvtehnika.ee\/test\/","name":"ELV Tehnika","description":"Heli-, valgus- ja esitlustehnika","potentialAction":[{"@type":"SearchAction","target":{"@type":"EntryPoint","urlTemplate":"https:\/\/elvtehnika.ee\/test\/?s={search_term_string}"},"query-input":"required name=search_term_string"}],"inLanguage":"et"}]}},"_links":{"self":[{"href":"https:\/\/elvtehnika.ee\/test\/wp-json\/wp\/v2\/product\/11023"}],"collection":[{"href":"https:\/\/elvtehnika.ee\/test\/wp-json\/wp\/v2\/product"}],"about":[{"href":"https:\/\/elvtehnika.ee\/test\/wp-json\/wp\/v2\/types\/product"}],"wp:featuredmedia":[{"embeddable":true,"href":"https:\/\/elvtehnika.ee\/test\/wp-json\/wp\/v2\/media\/10531"}],"wp:attachment":[{"href":"https:\/\/elvtehnika.ee\/test\/wp-json\/wp\/v2\/media?parent=11023"}],"curies":[{"name":"wp","href":"https:\/\/api.w.org\/{rel}","templated":true}]}}