{"id":11032,"date":"2018-08-12T00:06:01","date_gmt":"2018-08-11T21:06:01","guid":{"rendered":"http:\/\/localhost\/plus\/elv3\/epood\/aktiivkolar-alto-ts-312\/"},"modified":"2018-12-21T17:30:26","modified_gmt":"2018-12-21T15:30:26","slug":"aktiivkolar-alto-ts-312","status":"publish","type":"product","link":"https:\/\/elvtehnika.ee\/test\/epood\/aktiivkolar-alto-ts-312\/","title":{"rendered":"Aktiivk\u00f5lar Alto TS 312"},"content":{"rendered":"","protected":false},"excerpt":{"rendered":"","protected":false},"featured_media":9573,"template":"","meta":[],"acf":[],"yoast_head":"<!-- This site is optimized with the Yoast SEO plugin v20.5 - https:\/\/yoast.com\/wordpress\/plugins\/seo\/ -->\n<title>Aktiivk\u00f5lar Alto TS 312 - ELV Tehnika<\/title>\n<meta name=\"description\" content=\"Aktiivk\u00f5lar Alto TS 312, 2000 W peak, 1000 W RMS, helir\u00f5hk 131 dB, helisagedused\u00a046 Hz \u2013 22 kHz (-10 dB), 12&quot; madasageduselement, 1,4&quot; k\u00f5rgsageduselement. Sobilikud kasutusalad: lavadele monitoriks, konverentsiruumidesse, erinevate firma \u00fcritustele, live\u00a0esitlusteks, p\u00fcsiinstallatsiooniks.\" \/>\n<meta name=\"robots\" content=\"noindex, follow, max-snippet:-1, max-image-preview:large, max-video-preview:-1\" \/>\n<meta property=\"og:locale\" content=\"et_EE\" \/>\n<meta property=\"og:type\" content=\"article\" \/>\n<meta property=\"og:title\" content=\"Aktiivk\u00f5lar Alto TS 312 - ELV Tehnika\" \/>\n<meta property=\"og:description\" content=\"Aktiivk\u00f5lar Alto TS 312, 2000 W peak, 1000 W RMS, helir\u00f5hk 131 dB, helisagedused\u00a046 Hz \u2013 22 kHz (-10 dB), 12&quot; madasageduselement, 1,4&quot; k\u00f5rgsageduselement. Sobilikud kasutusalad: lavadele monitoriks, konverentsiruumidesse, erinevate firma \u00fcritustele, live\u00a0esitlusteks, p\u00fcsiinstallatsiooniks.\" \/>\n<meta property=\"og:url\" content=\"https:\/\/elvtehnika.ee\/test\/epood\/aktiivkolar-alto-ts-312\/\" \/>\n<meta property=\"og:site_name\" content=\"ELV Tehnika\" \/>\n<meta property=\"article:modified_time\" content=\"2018-12-21T15:30:26+00:00\" \/>\n<meta property=\"og:image\" content=\"https:\/\/elvtehnika.ee\/test\/wp-content\/uploads\/aktiivkolar-alto-ts-312.jpg\" \/>\n\t<meta property=\"og:image:width\" content=\"960\" \/>\n\t<meta property=\"og:image:height\" content=\"720\" \/>\n\t<meta property=\"og:image:type\" content=\"image\/jpeg\" \/>\n<script type=\"application\/ld+json\" class=\"yoast-schema-graph\">{\"@context\":\"https:\/\/schema.org\",\"@graph\":[{\"@type\":\"WebPage\",\"@id\":\"https:\/\/elvtehnika.ee\/test\/epood\/aktiivkolar-alto-ts-312\/\",\"url\":\"https:\/\/elvtehnika.ee\/test\/epood\/aktiivkolar-alto-ts-312\/\",\"name\":\"Aktiivk\u00f5lar Alto TS 312 - ELV Tehnika\",\"isPartOf\":{\"@id\":\"https:\/\/elvtehnika.ee\/test\/#website\"},\"datePublished\":\"2018-08-11T21:06:01+00:00\",\"dateModified\":\"2018-12-21T15:30:26+00:00\",\"description\":\"Aktiivk\u00f5lar Alto TS 312, 2000 W peak, 1000 W RMS, helir\u00f5hk 131 dB, helisagedused\u00a046 Hz \u2013 22 kHz (-10 dB), 12\\\" madasageduselement, 1,4\\\" k\u00f5rgsageduselement. Sobilikud kasutusalad: lavadele monitoriks, konverentsiruumidesse, erinevate firma \u00fcritustele, live\u00a0esitlusteks, p\u00fcsiinstallatsiooniks.\",\"breadcrumb\":{\"@id\":\"https:\/\/elvtehnika.ee\/test\/epood\/aktiivkolar-alto-ts-312\/#breadcrumb\"},\"inLanguage\":\"et\",\"potentialAction\":[{\"@type\":\"ReadAction\",\"target\":[\"https:\/\/elvtehnika.ee\/test\/epood\/aktiivkolar-alto-ts-312\/\"]}]},{\"@type\":\"BreadcrumbList\",\"@id\":\"https:\/\/elvtehnika.ee\/test\/epood\/aktiivkolar-alto-ts-312\/#breadcrumb\",\"itemListElement\":[{\"@type\":\"ListItem\",\"position\":1,\"name\":\"Home\",\"item\":\"https:\/\/elvtehnika.ee\/test\/\"},{\"@type\":\"ListItem\",\"position\":2,\"name\":\"E-pood\",\"item\":\"https:\/\/elvtehnika.ee\/test\/epood\/\"},{\"@type\":\"ListItem\",\"position\":3,\"name\":\"Aktiivk\u00f5lar Alto TS 312\"}]},{\"@type\":\"WebSite\",\"@id\":\"https:\/\/elvtehnika.ee\/test\/#website\",\"url\":\"https:\/\/elvtehnika.ee\/test\/\",\"name\":\"ELV Tehnika\",\"description\":\"Heli-, valgus- ja esitlustehnika\",\"potentialAction\":[{\"@type\":\"SearchAction\",\"target\":{\"@type\":\"EntryPoint\",\"urlTemplate\":\"https:\/\/elvtehnika.ee\/test\/?s={search_term_string}\"},\"query-input\":\"required name=search_term_string\"}],\"inLanguage\":\"et\"}]}<\/script>\n<!-- \/ Yoast SEO plugin. -->","yoast_head_json":{"title":"Aktiivk\u00f5lar Alto TS 312 - ELV Tehnika","description":"Aktiivk\u00f5lar Alto TS 312, 2000 W peak, 1000 W RMS, helir\u00f5hk 131 dB, helisagedused\u00a046 Hz \u2013 22 kHz (-10 dB), 12\" madasageduselement, 1,4\" k\u00f5rgsageduselement. Sobilikud kasutusalad: lavadele monitoriks, konverentsiruumidesse, erinevate firma \u00fcritustele, live\u00a0esitlusteks, p\u00fcsiinstallatsiooniks.","robots":{"index":"noindex","follow":"follow","max-snippet":"max-snippet:-1","max-image-preview":"max-image-preview:large","max-video-preview":"max-video-preview:-1"},"og_locale":"et_EE","og_type":"article","og_title":"Aktiivk\u00f5lar Alto TS 312 - ELV Tehnika","og_description":"Aktiivk\u00f5lar Alto TS 312, 2000 W peak, 1000 W RMS, helir\u00f5hk 131 dB, helisagedused\u00a046 Hz \u2013 22 kHz (-10 dB), 12\" madasageduselement, 1,4\" k\u00f5rgsageduselement. Sobilikud kasutusalad: lavadele monitoriks, konverentsiruumidesse, erinevate firma \u00fcritustele, live\u00a0esitlusteks, p\u00fcsiinstallatsiooniks.","og_url":"https:\/\/elvtehnika.ee\/test\/epood\/aktiivkolar-alto-ts-312\/","og_site_name":"ELV Tehnika","article_modified_time":"2018-12-21T15:30:26+00:00","og_image":[{"width":960,"height":720,"url":"https:\/\/elvtehnika.ee\/test\/wp-content\/uploads\/aktiivkolar-alto-ts-312.jpg","type":"image\/jpeg"}],"schema":{"@context":"https:\/\/schema.org","@graph":[{"@type":"WebPage","@id":"https:\/\/elvtehnika.ee\/test\/epood\/aktiivkolar-alto-ts-312\/","url":"https:\/\/elvtehnika.ee\/test\/epood\/aktiivkolar-alto-ts-312\/","name":"Aktiivk\u00f5lar Alto TS 312 - ELV Tehnika","isPartOf":{"@id":"https:\/\/elvtehnika.ee\/test\/#website"},"datePublished":"2018-08-11T21:06:01+00:00","dateModified":"2018-12-21T15:30:26+00:00","description":"Aktiivk\u00f5lar Alto TS 312, 2000 W peak, 1000 W RMS, helir\u00f5hk 131 dB, helisagedused\u00a046 Hz \u2013 22 kHz (-10 dB), 12\" madasageduselement, 1,4\" k\u00f5rgsageduselement. Sobilikud kasutusalad: lavadele monitoriks, konverentsiruumidesse, erinevate firma \u00fcritustele, live\u00a0esitlusteks, p\u00fcsiinstallatsiooniks.","breadcrumb":{"@id":"https:\/\/elvtehnika.ee\/test\/epood\/aktiivkolar-alto-ts-312\/#breadcrumb"},"inLanguage":"et","potentialAction":[{"@type":"ReadAction","target":["https:\/\/elvtehnika.ee\/test\/epood\/aktiivkolar-alto-ts-312\/"]}]},{"@type":"BreadcrumbList","@id":"https:\/\/elvtehnika.ee\/test\/epood\/aktiivkolar-alto-ts-312\/#breadcrumb","itemListElement":[{"@type":"ListItem","position":1,"name":"Home","item":"https:\/\/elvtehnika.ee\/test\/"},{"@type":"ListItem","position":2,"name":"E-pood","item":"https:\/\/elvtehnika.ee\/test\/epood\/"},{"@type":"ListItem","position":3,"name":"Aktiivk\u00f5lar Alto TS 312"}]},{"@type":"WebSite","@id":"https:\/\/elvtehnika.ee\/test\/#website","url":"https:\/\/elvtehnika.ee\/test\/","name":"ELV Tehnika","description":"Heli-, valgus- ja esitlustehnika","potentialAction":[{"@type":"SearchAction","target":{"@type":"EntryPoint","urlTemplate":"https:\/\/elvtehnika.ee\/test\/?s={search_term_string}"},"query-input":"required name=search_term_string"}],"inLanguage":"et"}]}},"_links":{"self":[{"href":"https:\/\/elvtehnika.ee\/test\/wp-json\/wp\/v2\/product\/11032"}],"collection":[{"href":"https:\/\/elvtehnika.ee\/test\/wp-json\/wp\/v2\/product"}],"about":[{"href":"https:\/\/elvtehnika.ee\/test\/wp-json\/wp\/v2\/types\/product"}],"wp:featuredmedia":[{"embeddable":true,"href":"https:\/\/elvtehnika.ee\/test\/wp-json\/wp\/v2\/media\/9573"}],"wp:attachment":[{"href":"https:\/\/elvtehnika.ee\/test\/wp-json\/wp\/v2\/media?parent=11032"}],"curies":[{"name":"wp","href":"https:\/\/api.w.org\/{rel}","templated":true}]}}