{"id":11054,"date":"2018-08-07T16:53:44","date_gmt":"2018-08-07T13:53:44","guid":{"rendered":"http:\/\/localhost\/plus\/elv3\/epood\/pa-protsessor-ld-systems-ds21\/"},"modified":"2018-12-21T17:30:27","modified_gmt":"2018-12-21T15:30:27","slug":"pa-protsessor-ld-systems-ds21","status":"publish","type":"product","link":"https:\/\/elvtehnika.ee\/test\/epood\/pa-protsessor-ld-systems-ds21\/","title":{"rendered":"PA-protsessor LD Systems DS21"},"content":{"rendered":"","protected":false},"excerpt":{"rendered":"","protected":false},"featured_media":10173,"template":"","meta":[],"acf":[],"yoast_head":"<!-- This site is optimized with the Yoast SEO plugin v20.5 - https:\/\/yoast.com\/wordpress\/plugins\/seo\/ -->\n<title>PA-protsessor LD Systems DS21 - ELV Tehnika<\/title>\n<meta name=\"description\" content=\"Tegu on 2 sisendi ja 3 v\u00e4ljundiga heliprotsessoriga heliv\u00f5imenduss\u00fcsteemide h\u00e4\u00e4lestamiseks vastavalt k\u00f5larite paigutusele, suunale ning helis\u00fcsteemi komponentide ja ruumi ise\u00e4rasustele.\" \/>\n<meta name=\"robots\" content=\"noindex, follow, max-snippet:-1, max-image-preview:large, max-video-preview:-1\" \/>\n<meta property=\"og:locale\" content=\"et_EE\" \/>\n<meta property=\"og:type\" content=\"article\" \/>\n<meta property=\"og:title\" content=\"PA-protsessor LD Systems DS21 - ELV Tehnika\" \/>\n<meta property=\"og:description\" content=\"Tegu on 2 sisendi ja 3 v\u00e4ljundiga heliprotsessoriga heliv\u00f5imenduss\u00fcsteemide h\u00e4\u00e4lestamiseks vastavalt k\u00f5larite paigutusele, suunale ning helis\u00fcsteemi komponentide ja ruumi ise\u00e4rasustele.\" \/>\n<meta property=\"og:url\" content=\"https:\/\/elvtehnika.ee\/test\/epood\/pa-protsessor-ld-systems-ds21\/\" \/>\n<meta property=\"og:site_name\" content=\"ELV Tehnika\" \/>\n<meta property=\"article:modified_time\" content=\"2018-12-21T15:30:27+00:00\" \/>\n<meta property=\"og:image\" content=\"https:\/\/elvtehnika.ee\/test\/wp-content\/uploads\/pa-protsessor-ld-systems-ds21.jpg\" \/>\n\t<meta property=\"og:image:width\" content=\"1000\" \/>\n\t<meta property=\"og:image:height\" content=\"1000\" \/>\n\t<meta property=\"og:image:type\" content=\"image\/jpeg\" \/>\n<script type=\"application\/ld+json\" class=\"yoast-schema-graph\">{\"@context\":\"https:\/\/schema.org\",\"@graph\":[{\"@type\":\"WebPage\",\"@id\":\"https:\/\/elvtehnika.ee\/test\/epood\/pa-protsessor-ld-systems-ds21\/\",\"url\":\"https:\/\/elvtehnika.ee\/test\/epood\/pa-protsessor-ld-systems-ds21\/\",\"name\":\"PA-protsessor LD Systems DS21 - ELV Tehnika\",\"isPartOf\":{\"@id\":\"https:\/\/elvtehnika.ee\/test\/#website\"},\"datePublished\":\"2018-08-07T13:53:44+00:00\",\"dateModified\":\"2018-12-21T15:30:27+00:00\",\"description\":\"Tegu on 2 sisendi ja 3 v\u00e4ljundiga heliprotsessoriga heliv\u00f5imenduss\u00fcsteemide h\u00e4\u00e4lestamiseks vastavalt k\u00f5larite paigutusele, suunale ning helis\u00fcsteemi komponentide ja ruumi ise\u00e4rasustele.\",\"breadcrumb\":{\"@id\":\"https:\/\/elvtehnika.ee\/test\/epood\/pa-protsessor-ld-systems-ds21\/#breadcrumb\"},\"inLanguage\":\"et\",\"potentialAction\":[{\"@type\":\"ReadAction\",\"target\":[\"https:\/\/elvtehnika.ee\/test\/epood\/pa-protsessor-ld-systems-ds21\/\"]}]},{\"@type\":\"BreadcrumbList\",\"@id\":\"https:\/\/elvtehnika.ee\/test\/epood\/pa-protsessor-ld-systems-ds21\/#breadcrumb\",\"itemListElement\":[{\"@type\":\"ListItem\",\"position\":1,\"name\":\"Home\",\"item\":\"https:\/\/elvtehnika.ee\/test\/\"},{\"@type\":\"ListItem\",\"position\":2,\"name\":\"E-pood\",\"item\":\"https:\/\/elvtehnika.ee\/test\/epood\/\"},{\"@type\":\"ListItem\",\"position\":3,\"name\":\"PA-protsessor LD Systems DS21\"}]},{\"@type\":\"WebSite\",\"@id\":\"https:\/\/elvtehnika.ee\/test\/#website\",\"url\":\"https:\/\/elvtehnika.ee\/test\/\",\"name\":\"ELV Tehnika\",\"description\":\"Heli-, valgus- ja esitlustehnika\",\"potentialAction\":[{\"@type\":\"SearchAction\",\"target\":{\"@type\":\"EntryPoint\",\"urlTemplate\":\"https:\/\/elvtehnika.ee\/test\/?s={search_term_string}\"},\"query-input\":\"required name=search_term_string\"}],\"inLanguage\":\"et\"}]}<\/script>\n<!-- \/ Yoast SEO plugin. -->","yoast_head_json":{"title":"PA-protsessor LD Systems DS21 - ELV Tehnika","description":"Tegu on 2 sisendi ja 3 v\u00e4ljundiga heliprotsessoriga heliv\u00f5imenduss\u00fcsteemide h\u00e4\u00e4lestamiseks vastavalt k\u00f5larite paigutusele, suunale ning helis\u00fcsteemi komponentide ja ruumi ise\u00e4rasustele.","robots":{"index":"noindex","follow":"follow","max-snippet":"max-snippet:-1","max-image-preview":"max-image-preview:large","max-video-preview":"max-video-preview:-1"},"og_locale":"et_EE","og_type":"article","og_title":"PA-protsessor LD Systems DS21 - ELV Tehnika","og_description":"Tegu on 2 sisendi ja 3 v\u00e4ljundiga heliprotsessoriga heliv\u00f5imenduss\u00fcsteemide h\u00e4\u00e4lestamiseks vastavalt k\u00f5larite paigutusele, suunale ning helis\u00fcsteemi komponentide ja ruumi ise\u00e4rasustele.","og_url":"https:\/\/elvtehnika.ee\/test\/epood\/pa-protsessor-ld-systems-ds21\/","og_site_name":"ELV Tehnika","article_modified_time":"2018-12-21T15:30:27+00:00","og_image":[{"width":1000,"height":1000,"url":"https:\/\/elvtehnika.ee\/test\/wp-content\/uploads\/pa-protsessor-ld-systems-ds21.jpg","type":"image\/jpeg"}],"schema":{"@context":"https:\/\/schema.org","@graph":[{"@type":"WebPage","@id":"https:\/\/elvtehnika.ee\/test\/epood\/pa-protsessor-ld-systems-ds21\/","url":"https:\/\/elvtehnika.ee\/test\/epood\/pa-protsessor-ld-systems-ds21\/","name":"PA-protsessor LD Systems DS21 - ELV Tehnika","isPartOf":{"@id":"https:\/\/elvtehnika.ee\/test\/#website"},"datePublished":"2018-08-07T13:53:44+00:00","dateModified":"2018-12-21T15:30:27+00:00","description":"Tegu on 2 sisendi ja 3 v\u00e4ljundiga heliprotsessoriga heliv\u00f5imenduss\u00fcsteemide h\u00e4\u00e4lestamiseks vastavalt k\u00f5larite paigutusele, suunale ning helis\u00fcsteemi komponentide ja ruumi ise\u00e4rasustele.","breadcrumb":{"@id":"https:\/\/elvtehnika.ee\/test\/epood\/pa-protsessor-ld-systems-ds21\/#breadcrumb"},"inLanguage":"et","potentialAction":[{"@type":"ReadAction","target":["https:\/\/elvtehnika.ee\/test\/epood\/pa-protsessor-ld-systems-ds21\/"]}]},{"@type":"BreadcrumbList","@id":"https:\/\/elvtehnika.ee\/test\/epood\/pa-protsessor-ld-systems-ds21\/#breadcrumb","itemListElement":[{"@type":"ListItem","position":1,"name":"Home","item":"https:\/\/elvtehnika.ee\/test\/"},{"@type":"ListItem","position":2,"name":"E-pood","item":"https:\/\/elvtehnika.ee\/test\/epood\/"},{"@type":"ListItem","position":3,"name":"PA-protsessor LD Systems DS21"}]},{"@type":"WebSite","@id":"https:\/\/elvtehnika.ee\/test\/#website","url":"https:\/\/elvtehnika.ee\/test\/","name":"ELV Tehnika","description":"Heli-, valgus- ja esitlustehnika","potentialAction":[{"@type":"SearchAction","target":{"@type":"EntryPoint","urlTemplate":"https:\/\/elvtehnika.ee\/test\/?s={search_term_string}"},"query-input":"required name=search_term_string"}],"inLanguage":"et"}]}},"_links":{"self":[{"href":"https:\/\/elvtehnika.ee\/test\/wp-json\/wp\/v2\/product\/11054"}],"collection":[{"href":"https:\/\/elvtehnika.ee\/test\/wp-json\/wp\/v2\/product"}],"about":[{"href":"https:\/\/elvtehnika.ee\/test\/wp-json\/wp\/v2\/types\/product"}],"wp:featuredmedia":[{"embeddable":true,"href":"https:\/\/elvtehnika.ee\/test\/wp-json\/wp\/v2\/media\/10173"}],"wp:attachment":[{"href":"https:\/\/elvtehnika.ee\/test\/wp-json\/wp\/v2\/media?parent=11054"}],"curies":[{"name":"wp","href":"https:\/\/api.w.org\/{rel}","templated":true}]}}