{"id":11061,"date":"2018-08-05T18:23:41","date_gmt":"2018-08-05T15:23:41","guid":{"rendered":"http:\/\/localhost\/plus\/elv3\/epood\/voosaatja-ld-systems-u506-bp-peamikrofonile-revaarimikrofonile-kitarrile\/"},"modified":"2018-12-21T17:30:28","modified_gmt":"2018-12-21T15:30:28","slug":"voosaatja-ld-systems-u506-bp-peamikrofonile-revaarimikrofonile-kitarrile","status":"publish","type":"product","link":"https:\/\/elvtehnika.ee\/test\/epood\/voosaatja-ld-systems-u506-bp-peamikrofonile-revaarimikrofonile-kitarrile\/","title":{"rendered":"V\u00f6\u00f6saatja LD Systems U506 BP peamikrofonile, rev\u00e4\u00e4rimikrofonile, kitarrile"},"content":{"rendered":"","protected":false},"excerpt":{"rendered":"","protected":false},"featured_media":10301,"template":"","meta":[],"acf":[],"yoast_head":"<!-- This site is optimized with the Yoast SEO plugin v20.5 - https:\/\/yoast.com\/wordpress\/plugins\/seo\/ -->\n<title>V\u00f6\u00f6saatja LD Systems U506 BP peamikrofonile, rev\u00e4\u00e4rimikrofonile, kitarrile - ELV Tehnika<\/title>\n<meta name=\"description\" content=\"V\u00f6\u00f6saatja LD Systems U506 BP peamikrofonile, rev\u00e4\u00e4rimikrofonile, kitarrile: kuni 30mW saatev\u00f5imusus, \u00fcle 10h t\u00f6\u00f6aeg AA-patareidel, selge lcd displei\" \/>\n<meta name=\"robots\" content=\"noindex, follow, max-snippet:-1, max-image-preview:large, max-video-preview:-1\" \/>\n<meta property=\"og:locale\" content=\"et_EE\" \/>\n<meta property=\"og:type\" content=\"article\" \/>\n<meta property=\"og:title\" content=\"V\u00f6\u00f6saatja LD Systems U506 BP peamikrofonile, rev\u00e4\u00e4rimikrofonile, kitarrile - ELV Tehnika\" \/>\n<meta property=\"og:description\" content=\"V\u00f6\u00f6saatja LD Systems U506 BP peamikrofonile, rev\u00e4\u00e4rimikrofonile, kitarrile: kuni 30mW saatev\u00f5imusus, \u00fcle 10h t\u00f6\u00f6aeg AA-patareidel, selge lcd displei\" \/>\n<meta property=\"og:url\" content=\"https:\/\/elvtehnika.ee\/test\/epood\/voosaatja-ld-systems-u506-bp-peamikrofonile-revaarimikrofonile-kitarrile\/\" \/>\n<meta property=\"og:site_name\" content=\"ELV Tehnika\" \/>\n<meta property=\"article:modified_time\" content=\"2018-12-21T15:30:28+00:00\" \/>\n<meta property=\"og:image\" content=\"https:\/\/elvtehnika.ee\/test\/wp-content\/uploads\/voosaatja-ld-systems-u506-bp-peamikrofonile-revaarimikrofonile-kitarrile-1.jpg\" \/>\n\t<meta property=\"og:image:width\" content=\"1000\" \/>\n\t<meta property=\"og:image:height\" content=\"1000\" \/>\n\t<meta property=\"og:image:type\" content=\"image\/jpeg\" \/>\n<script type=\"application\/ld+json\" class=\"yoast-schema-graph\">{\"@context\":\"https:\/\/schema.org\",\"@graph\":[{\"@type\":\"WebPage\",\"@id\":\"https:\/\/elvtehnika.ee\/test\/epood\/voosaatja-ld-systems-u506-bp-peamikrofonile-revaarimikrofonile-kitarrile\/\",\"url\":\"https:\/\/elvtehnika.ee\/test\/epood\/voosaatja-ld-systems-u506-bp-peamikrofonile-revaarimikrofonile-kitarrile\/\",\"name\":\"V\u00f6\u00f6saatja LD Systems U506 BP peamikrofonile, rev\u00e4\u00e4rimikrofonile, kitarrile - ELV Tehnika\",\"isPartOf\":{\"@id\":\"https:\/\/elvtehnika.ee\/test\/#website\"},\"datePublished\":\"2018-08-05T15:23:41+00:00\",\"dateModified\":\"2018-12-21T15:30:28+00:00\",\"description\":\"V\u00f6\u00f6saatja LD Systems U506 BP peamikrofonile, rev\u00e4\u00e4rimikrofonile, kitarrile: kuni 30mW saatev\u00f5imusus, \u00fcle 10h t\u00f6\u00f6aeg AA-patareidel, selge lcd displei\",\"breadcrumb\":{\"@id\":\"https:\/\/elvtehnika.ee\/test\/epood\/voosaatja-ld-systems-u506-bp-peamikrofonile-revaarimikrofonile-kitarrile\/#breadcrumb\"},\"inLanguage\":\"et\",\"potentialAction\":[{\"@type\":\"ReadAction\",\"target\":[\"https:\/\/elvtehnika.ee\/test\/epood\/voosaatja-ld-systems-u506-bp-peamikrofonile-revaarimikrofonile-kitarrile\/\"]}]},{\"@type\":\"BreadcrumbList\",\"@id\":\"https:\/\/elvtehnika.ee\/test\/epood\/voosaatja-ld-systems-u506-bp-peamikrofonile-revaarimikrofonile-kitarrile\/#breadcrumb\",\"itemListElement\":[{\"@type\":\"ListItem\",\"position\":1,\"name\":\"Home\",\"item\":\"https:\/\/elvtehnika.ee\/test\/\"},{\"@type\":\"ListItem\",\"position\":2,\"name\":\"E-pood\",\"item\":\"https:\/\/elvtehnika.ee\/test\/epood\/\"},{\"@type\":\"ListItem\",\"position\":3,\"name\":\"V\u00f6\u00f6saatja LD Systems U506 BP peamikrofonile, rev\u00e4\u00e4rimikrofonile, kitarrile\"}]},{\"@type\":\"WebSite\",\"@id\":\"https:\/\/elvtehnika.ee\/test\/#website\",\"url\":\"https:\/\/elvtehnika.ee\/test\/\",\"name\":\"ELV Tehnika\",\"description\":\"Heli-, valgus- ja esitlustehnika\",\"potentialAction\":[{\"@type\":\"SearchAction\",\"target\":{\"@type\":\"EntryPoint\",\"urlTemplate\":\"https:\/\/elvtehnika.ee\/test\/?s={search_term_string}\"},\"query-input\":\"required name=search_term_string\"}],\"inLanguage\":\"et\"}]}<\/script>\n<!-- \/ Yoast SEO plugin. -->","yoast_head_json":{"title":"V\u00f6\u00f6saatja LD Systems U506 BP peamikrofonile, rev\u00e4\u00e4rimikrofonile, kitarrile - ELV Tehnika","description":"V\u00f6\u00f6saatja LD Systems U506 BP peamikrofonile, rev\u00e4\u00e4rimikrofonile, kitarrile: kuni 30mW saatev\u00f5imusus, \u00fcle 10h t\u00f6\u00f6aeg AA-patareidel, selge lcd displei","robots":{"index":"noindex","follow":"follow","max-snippet":"max-snippet:-1","max-image-preview":"max-image-preview:large","max-video-preview":"max-video-preview:-1"},"og_locale":"et_EE","og_type":"article","og_title":"V\u00f6\u00f6saatja LD Systems U506 BP peamikrofonile, rev\u00e4\u00e4rimikrofonile, kitarrile - ELV Tehnika","og_description":"V\u00f6\u00f6saatja LD Systems U506 BP peamikrofonile, rev\u00e4\u00e4rimikrofonile, kitarrile: kuni 30mW saatev\u00f5imusus, \u00fcle 10h t\u00f6\u00f6aeg AA-patareidel, selge lcd displei","og_url":"https:\/\/elvtehnika.ee\/test\/epood\/voosaatja-ld-systems-u506-bp-peamikrofonile-revaarimikrofonile-kitarrile\/","og_site_name":"ELV Tehnika","article_modified_time":"2018-12-21T15:30:28+00:00","og_image":[{"width":1000,"height":1000,"url":"https:\/\/elvtehnika.ee\/test\/wp-content\/uploads\/voosaatja-ld-systems-u506-bp-peamikrofonile-revaarimikrofonile-kitarrile-1.jpg","type":"image\/jpeg"}],"schema":{"@context":"https:\/\/schema.org","@graph":[{"@type":"WebPage","@id":"https:\/\/elvtehnika.ee\/test\/epood\/voosaatja-ld-systems-u506-bp-peamikrofonile-revaarimikrofonile-kitarrile\/","url":"https:\/\/elvtehnika.ee\/test\/epood\/voosaatja-ld-systems-u506-bp-peamikrofonile-revaarimikrofonile-kitarrile\/","name":"V\u00f6\u00f6saatja LD Systems U506 BP peamikrofonile, rev\u00e4\u00e4rimikrofonile, kitarrile - ELV Tehnika","isPartOf":{"@id":"https:\/\/elvtehnika.ee\/test\/#website"},"datePublished":"2018-08-05T15:23:41+00:00","dateModified":"2018-12-21T15:30:28+00:00","description":"V\u00f6\u00f6saatja LD Systems U506 BP peamikrofonile, rev\u00e4\u00e4rimikrofonile, kitarrile: kuni 30mW saatev\u00f5imusus, \u00fcle 10h t\u00f6\u00f6aeg AA-patareidel, selge lcd displei","breadcrumb":{"@id":"https:\/\/elvtehnika.ee\/test\/epood\/voosaatja-ld-systems-u506-bp-peamikrofonile-revaarimikrofonile-kitarrile\/#breadcrumb"},"inLanguage":"et","potentialAction":[{"@type":"ReadAction","target":["https:\/\/elvtehnika.ee\/test\/epood\/voosaatja-ld-systems-u506-bp-peamikrofonile-revaarimikrofonile-kitarrile\/"]}]},{"@type":"BreadcrumbList","@id":"https:\/\/elvtehnika.ee\/test\/epood\/voosaatja-ld-systems-u506-bp-peamikrofonile-revaarimikrofonile-kitarrile\/#breadcrumb","itemListElement":[{"@type":"ListItem","position":1,"name":"Home","item":"https:\/\/elvtehnika.ee\/test\/"},{"@type":"ListItem","position":2,"name":"E-pood","item":"https:\/\/elvtehnika.ee\/test\/epood\/"},{"@type":"ListItem","position":3,"name":"V\u00f6\u00f6saatja LD Systems U506 BP peamikrofonile, rev\u00e4\u00e4rimikrofonile, kitarrile"}]},{"@type":"WebSite","@id":"https:\/\/elvtehnika.ee\/test\/#website","url":"https:\/\/elvtehnika.ee\/test\/","name":"ELV Tehnika","description":"Heli-, valgus- ja esitlustehnika","potentialAction":[{"@type":"SearchAction","target":{"@type":"EntryPoint","urlTemplate":"https:\/\/elvtehnika.ee\/test\/?s={search_term_string}"},"query-input":"required name=search_term_string"}],"inLanguage":"et"}]}},"_links":{"self":[{"href":"https:\/\/elvtehnika.ee\/test\/wp-json\/wp\/v2\/product\/11061"}],"collection":[{"href":"https:\/\/elvtehnika.ee\/test\/wp-json\/wp\/v2\/product"}],"about":[{"href":"https:\/\/elvtehnika.ee\/test\/wp-json\/wp\/v2\/types\/product"}],"wp:featuredmedia":[{"embeddable":true,"href":"https:\/\/elvtehnika.ee\/test\/wp-json\/wp\/v2\/media\/10301"}],"wp:attachment":[{"href":"https:\/\/elvtehnika.ee\/test\/wp-json\/wp\/v2\/media?parent=11061"}],"curies":[{"name":"wp","href":"https:\/\/api.w.org\/{rel}","templated":true}]}}