{"id":11071,"date":"2018-06-06T22:07:02","date_gmt":"2018-06-06T19:07:02","guid":{"rendered":"http:\/\/localhost\/plus\/elv3\/epood\/aktiivne-bassikolar-alto-ts-218s\/"},"modified":"2018-12-21T17:30:28","modified_gmt":"2018-12-21T15:30:28","slug":"aktiivne-bassikolar-alto-ts-218s","status":"publish","type":"product","link":"https:\/\/elvtehnika.ee\/test\/epood\/aktiivne-bassikolar-alto-ts-218s\/","title":{"rendered":"Aktiivne bassik\u00f5lar Alto TS 218S"},"content":{"rendered":"","protected":false},"excerpt":{"rendered":"","protected":false},"featured_media":8611,"template":"","meta":[],"acf":[],"yoast_head":"<!-- This site is optimized with the Yoast SEO plugin v20.5 - https:\/\/yoast.com\/wordpress\/plugins\/seo\/ -->\n<title>Aktiivne bassik\u00f5lar Alto TS 218S - ELV Tehnika<\/title>\n<meta name=\"description\" content=\"Aktiivne bassik\u00f5lar Alto TS 218S, 1250W 18&quot; bassik\u00f5lar on sobilik k\u00f5ikidele \u00fcritustele, kus on oluline edastada madalate helisageduste n\u00e4ol v\u00f5imsat (max. SPL 131dB) ja puhast helipilti (35-95 Hz).\" \/>\n<meta name=\"robots\" content=\"noindex, follow, max-snippet:-1, max-image-preview:large, max-video-preview:-1\" \/>\n<meta property=\"og:locale\" content=\"et_EE\" \/>\n<meta property=\"og:type\" content=\"article\" \/>\n<meta property=\"og:title\" content=\"Aktiivne bassik\u00f5lar Alto TS 218S - ELV Tehnika\" \/>\n<meta property=\"og:description\" content=\"Aktiivne bassik\u00f5lar Alto TS 218S, 1250W 18&quot; bassik\u00f5lar on sobilik k\u00f5ikidele \u00fcritustele, kus on oluline edastada madalate helisageduste n\u00e4ol v\u00f5imsat (max. SPL 131dB) ja puhast helipilti (35-95 Hz).\" \/>\n<meta property=\"og:url\" content=\"https:\/\/elvtehnika.ee\/test\/epood\/aktiivne-bassikolar-alto-ts-218s\/\" \/>\n<meta property=\"og:site_name\" content=\"ELV Tehnika\" \/>\n<meta property=\"article:modified_time\" content=\"2018-12-21T15:30:28+00:00\" \/>\n<meta property=\"og:image\" content=\"https:\/\/elvtehnika.ee\/test\/wp-content\/uploads\/alto-ts-218s-1.jpg\" \/>\n\t<meta property=\"og:image:width\" content=\"481\" \/>\n\t<meta property=\"og:image:height\" content=\"620\" \/>\n\t<meta property=\"og:image:type\" content=\"image\/jpeg\" \/>\n<script type=\"application\/ld+json\" class=\"yoast-schema-graph\">{\"@context\":\"https:\/\/schema.org\",\"@graph\":[{\"@type\":\"WebPage\",\"@id\":\"https:\/\/elvtehnika.ee\/test\/epood\/aktiivne-bassikolar-alto-ts-218s\/\",\"url\":\"https:\/\/elvtehnika.ee\/test\/epood\/aktiivne-bassikolar-alto-ts-218s\/\",\"name\":\"Aktiivne bassik\u00f5lar Alto TS 218S - ELV Tehnika\",\"isPartOf\":{\"@id\":\"https:\/\/elvtehnika.ee\/test\/#website\"},\"datePublished\":\"2018-06-06T19:07:02+00:00\",\"dateModified\":\"2018-12-21T15:30:28+00:00\",\"description\":\"Aktiivne bassik\u00f5lar Alto TS 218S, 1250W 18\\\" bassik\u00f5lar on sobilik k\u00f5ikidele \u00fcritustele, kus on oluline edastada madalate helisageduste n\u00e4ol v\u00f5imsat (max. SPL 131dB) ja puhast helipilti (35-95 Hz).\",\"breadcrumb\":{\"@id\":\"https:\/\/elvtehnika.ee\/test\/epood\/aktiivne-bassikolar-alto-ts-218s\/#breadcrumb\"},\"inLanguage\":\"et\",\"potentialAction\":[{\"@type\":\"ReadAction\",\"target\":[\"https:\/\/elvtehnika.ee\/test\/epood\/aktiivne-bassikolar-alto-ts-218s\/\"]}]},{\"@type\":\"BreadcrumbList\",\"@id\":\"https:\/\/elvtehnika.ee\/test\/epood\/aktiivne-bassikolar-alto-ts-218s\/#breadcrumb\",\"itemListElement\":[{\"@type\":\"ListItem\",\"position\":1,\"name\":\"Home\",\"item\":\"https:\/\/elvtehnika.ee\/test\/\"},{\"@type\":\"ListItem\",\"position\":2,\"name\":\"E-pood\",\"item\":\"https:\/\/elvtehnika.ee\/test\/epood\/\"},{\"@type\":\"ListItem\",\"position\":3,\"name\":\"Aktiivne bassik\u00f5lar Alto TS 218S\"}]},{\"@type\":\"WebSite\",\"@id\":\"https:\/\/elvtehnika.ee\/test\/#website\",\"url\":\"https:\/\/elvtehnika.ee\/test\/\",\"name\":\"ELV Tehnika\",\"description\":\"Heli-, valgus- ja esitlustehnika\",\"potentialAction\":[{\"@type\":\"SearchAction\",\"target\":{\"@type\":\"EntryPoint\",\"urlTemplate\":\"https:\/\/elvtehnika.ee\/test\/?s={search_term_string}\"},\"query-input\":\"required name=search_term_string\"}],\"inLanguage\":\"et\"}]}<\/script>\n<!-- \/ Yoast SEO plugin. -->","yoast_head_json":{"title":"Aktiivne bassik\u00f5lar Alto TS 218S - ELV Tehnika","description":"Aktiivne bassik\u00f5lar Alto TS 218S, 1250W 18\" bassik\u00f5lar on sobilik k\u00f5ikidele \u00fcritustele, kus on oluline edastada madalate helisageduste n\u00e4ol v\u00f5imsat (max. SPL 131dB) ja puhast helipilti (35-95 Hz).","robots":{"index":"noindex","follow":"follow","max-snippet":"max-snippet:-1","max-image-preview":"max-image-preview:large","max-video-preview":"max-video-preview:-1"},"og_locale":"et_EE","og_type":"article","og_title":"Aktiivne bassik\u00f5lar Alto TS 218S - ELV Tehnika","og_description":"Aktiivne bassik\u00f5lar Alto TS 218S, 1250W 18\" bassik\u00f5lar on sobilik k\u00f5ikidele \u00fcritustele, kus on oluline edastada madalate helisageduste n\u00e4ol v\u00f5imsat (max. SPL 131dB) ja puhast helipilti (35-95 Hz).","og_url":"https:\/\/elvtehnika.ee\/test\/epood\/aktiivne-bassikolar-alto-ts-218s\/","og_site_name":"ELV Tehnika","article_modified_time":"2018-12-21T15:30:28+00:00","og_image":[{"width":481,"height":620,"url":"https:\/\/elvtehnika.ee\/test\/wp-content\/uploads\/alto-ts-218s-1.jpg","type":"image\/jpeg"}],"schema":{"@context":"https:\/\/schema.org","@graph":[{"@type":"WebPage","@id":"https:\/\/elvtehnika.ee\/test\/epood\/aktiivne-bassikolar-alto-ts-218s\/","url":"https:\/\/elvtehnika.ee\/test\/epood\/aktiivne-bassikolar-alto-ts-218s\/","name":"Aktiivne bassik\u00f5lar Alto TS 218S - ELV Tehnika","isPartOf":{"@id":"https:\/\/elvtehnika.ee\/test\/#website"},"datePublished":"2018-06-06T19:07:02+00:00","dateModified":"2018-12-21T15:30:28+00:00","description":"Aktiivne bassik\u00f5lar Alto TS 218S, 1250W 18\" bassik\u00f5lar on sobilik k\u00f5ikidele \u00fcritustele, kus on oluline edastada madalate helisageduste n\u00e4ol v\u00f5imsat (max. SPL 131dB) ja puhast helipilti (35-95 Hz).","breadcrumb":{"@id":"https:\/\/elvtehnika.ee\/test\/epood\/aktiivne-bassikolar-alto-ts-218s\/#breadcrumb"},"inLanguage":"et","potentialAction":[{"@type":"ReadAction","target":["https:\/\/elvtehnika.ee\/test\/epood\/aktiivne-bassikolar-alto-ts-218s\/"]}]},{"@type":"BreadcrumbList","@id":"https:\/\/elvtehnika.ee\/test\/epood\/aktiivne-bassikolar-alto-ts-218s\/#breadcrumb","itemListElement":[{"@type":"ListItem","position":1,"name":"Home","item":"https:\/\/elvtehnika.ee\/test\/"},{"@type":"ListItem","position":2,"name":"E-pood","item":"https:\/\/elvtehnika.ee\/test\/epood\/"},{"@type":"ListItem","position":3,"name":"Aktiivne bassik\u00f5lar Alto TS 218S"}]},{"@type":"WebSite","@id":"https:\/\/elvtehnika.ee\/test\/#website","url":"https:\/\/elvtehnika.ee\/test\/","name":"ELV Tehnika","description":"Heli-, valgus- ja esitlustehnika","potentialAction":[{"@type":"SearchAction","target":{"@type":"EntryPoint","urlTemplate":"https:\/\/elvtehnika.ee\/test\/?s={search_term_string}"},"query-input":"required name=search_term_string"}],"inLanguage":"et"}]}},"_links":{"self":[{"href":"https:\/\/elvtehnika.ee\/test\/wp-json\/wp\/v2\/product\/11071"}],"collection":[{"href":"https:\/\/elvtehnika.ee\/test\/wp-json\/wp\/v2\/product"}],"about":[{"href":"https:\/\/elvtehnika.ee\/test\/wp-json\/wp\/v2\/types\/product"}],"wp:featuredmedia":[{"embeddable":true,"href":"https:\/\/elvtehnika.ee\/test\/wp-json\/wp\/v2\/media\/8611"}],"wp:attachment":[{"href":"https:\/\/elvtehnika.ee\/test\/wp-json\/wp\/v2\/media?parent=11071"}],"curies":[{"name":"wp","href":"https:\/\/api.w.org\/{rel}","templated":true}]}}