{"id":11078,"date":"2018-06-06T21:14:49","date_gmt":"2018-06-06T18:14:49","guid":{"rendered":"http:\/\/localhost\/plus\/elv3\/epood\/projektor-viewsonic-px747-4k-3500-lum-4k-uhd-3840-x-2160-169\/"},"modified":"2018-12-21T17:30:29","modified_gmt":"2018-12-21T15:30:29","slug":"projektor-viewsonic-px747-4k-3500-lum-4k-uhd-3840-x-2160-169","status":"publish","type":"product","link":"https:\/\/elvtehnika.ee\/test\/epood\/projektor-viewsonic-px747-4k-3500-lum-4k-uhd-3840-x-2160-169\/","title":{"rendered":"Projektor ViewSonic PX747-4K; 3500 lum  4K UHD (3840 x 2160) 16:9"},"content":{"rendered":"","protected":false},"excerpt":{"rendered":"","protected":false},"featured_media":9181,"template":"","meta":[],"acf":[],"yoast_head":"<!-- This site is optimized with the Yoast SEO plugin v20.5 - https:\/\/yoast.com\/wordpress\/plugins\/seo\/ -->\n<title>Projektor ViewSonic PX747-4K; 3500 lum 4K UHD (3840 x 2160) 16:9 - ELV Tehnika<\/title>\n<meta name=\"description\" content=\"Projektor ViewSonic PX747-4K; 3500 lum 4K UHD (3840 x 2160) 16:9 suudab projekteerida pilti suuruses 30&quot; - 300&quot; 0,97 m kuni 11,69 m kauguselt. Projektor on varustatud DLP tehnoloogiaga, mis tagab t\u00e4psed ja kauakestvad v\u00e4rvid ka pikema kasutamise ajajooksul. Sobib v\u00e4ga h\u00e4sti kodukasutajatele.\" \/>\n<meta name=\"robots\" content=\"noindex, follow, max-snippet:-1, max-image-preview:large, max-video-preview:-1\" \/>\n<meta property=\"og:locale\" content=\"et_EE\" \/>\n<meta property=\"og:type\" content=\"article\" \/>\n<meta property=\"og:title\" content=\"Projektor ViewSonic PX747-4K; 3500 lum 4K UHD (3840 x 2160) 16:9 - ELV Tehnika\" \/>\n<meta property=\"og:description\" content=\"Projektor ViewSonic PX747-4K; 3500 lum 4K UHD (3840 x 2160) 16:9 suudab projekteerida pilti suuruses 30&quot; - 300&quot; 0,97 m kuni 11,69 m kauguselt. Projektor on varustatud DLP tehnoloogiaga, mis tagab t\u00e4psed ja kauakestvad v\u00e4rvid ka pikema kasutamise ajajooksul. Sobib v\u00e4ga h\u00e4sti kodukasutajatele.\" \/>\n<meta property=\"og:url\" content=\"https:\/\/elvtehnika.ee\/test\/epood\/projektor-viewsonic-px747-4k-3500-lum-4k-uhd-3840-x-2160-169\/\" \/>\n<meta property=\"og:site_name\" content=\"ELV Tehnika\" \/>\n<meta property=\"article:modified_time\" content=\"2018-12-21T15:30:29+00:00\" \/>\n<meta property=\"og:image\" content=\"https:\/\/elvtehnika.ee\/test\/wp-content\/uploads\/projektor-viewsonic-px747-4k-3500-lum-4k-uhd-3840-x-2160.jpg\" \/>\n\t<meta property=\"og:image:width\" content=\"600\" \/>\n\t<meta property=\"og:image:height\" content=\"600\" \/>\n\t<meta property=\"og:image:type\" content=\"image\/jpeg\" \/>\n<script type=\"application\/ld+json\" class=\"yoast-schema-graph\">{\"@context\":\"https:\/\/schema.org\",\"@graph\":[{\"@type\":\"WebPage\",\"@id\":\"https:\/\/elvtehnika.ee\/test\/epood\/projektor-viewsonic-px747-4k-3500-lum-4k-uhd-3840-x-2160-169\/\",\"url\":\"https:\/\/elvtehnika.ee\/test\/epood\/projektor-viewsonic-px747-4k-3500-lum-4k-uhd-3840-x-2160-169\/\",\"name\":\"Projektor ViewSonic PX747-4K; 3500 lum 4K UHD (3840 x 2160) 16:9 - ELV Tehnika\",\"isPartOf\":{\"@id\":\"https:\/\/elvtehnika.ee\/test\/#website\"},\"datePublished\":\"2018-06-06T18:14:49+00:00\",\"dateModified\":\"2018-12-21T15:30:29+00:00\",\"description\":\"Projektor ViewSonic PX747-4K; 3500 lum 4K UHD (3840 x 2160) 16:9 suudab projekteerida pilti suuruses 30\\\" - 300\\\" 0,97 m kuni 11,69 m kauguselt. Projektor on varustatud DLP tehnoloogiaga, mis tagab t\u00e4psed ja kauakestvad v\u00e4rvid ka pikema kasutamise ajajooksul. Sobib v\u00e4ga h\u00e4sti kodukasutajatele.\",\"breadcrumb\":{\"@id\":\"https:\/\/elvtehnika.ee\/test\/epood\/projektor-viewsonic-px747-4k-3500-lum-4k-uhd-3840-x-2160-169\/#breadcrumb\"},\"inLanguage\":\"et\",\"potentialAction\":[{\"@type\":\"ReadAction\",\"target\":[\"https:\/\/elvtehnika.ee\/test\/epood\/projektor-viewsonic-px747-4k-3500-lum-4k-uhd-3840-x-2160-169\/\"]}]},{\"@type\":\"BreadcrumbList\",\"@id\":\"https:\/\/elvtehnika.ee\/test\/epood\/projektor-viewsonic-px747-4k-3500-lum-4k-uhd-3840-x-2160-169\/#breadcrumb\",\"itemListElement\":[{\"@type\":\"ListItem\",\"position\":1,\"name\":\"Home\",\"item\":\"https:\/\/elvtehnika.ee\/test\/\"},{\"@type\":\"ListItem\",\"position\":2,\"name\":\"E-pood\",\"item\":\"https:\/\/elvtehnika.ee\/test\/epood\/\"},{\"@type\":\"ListItem\",\"position\":3,\"name\":\"Projektor ViewSonic PX747-4K; 3500 lum 4K UHD (3840 x 2160) 16:9\"}]},{\"@type\":\"WebSite\",\"@id\":\"https:\/\/elvtehnika.ee\/test\/#website\",\"url\":\"https:\/\/elvtehnika.ee\/test\/\",\"name\":\"ELV Tehnika\",\"description\":\"Heli-, valgus- ja esitlustehnika\",\"potentialAction\":[{\"@type\":\"SearchAction\",\"target\":{\"@type\":\"EntryPoint\",\"urlTemplate\":\"https:\/\/elvtehnika.ee\/test\/?s={search_term_string}\"},\"query-input\":\"required name=search_term_string\"}],\"inLanguage\":\"et\"}]}<\/script>\n<!-- \/ Yoast SEO plugin. -->","yoast_head_json":{"title":"Projektor ViewSonic PX747-4K; 3500 lum 4K UHD (3840 x 2160) 16:9 - ELV Tehnika","description":"Projektor ViewSonic PX747-4K; 3500 lum 4K UHD (3840 x 2160) 16:9 suudab projekteerida pilti suuruses 30\" - 300\" 0,97 m kuni 11,69 m kauguselt. Projektor on varustatud DLP tehnoloogiaga, mis tagab t\u00e4psed ja kauakestvad v\u00e4rvid ka pikema kasutamise ajajooksul. Sobib v\u00e4ga h\u00e4sti kodukasutajatele.","robots":{"index":"noindex","follow":"follow","max-snippet":"max-snippet:-1","max-image-preview":"max-image-preview:large","max-video-preview":"max-video-preview:-1"},"og_locale":"et_EE","og_type":"article","og_title":"Projektor ViewSonic PX747-4K; 3500 lum 4K UHD (3840 x 2160) 16:9 - ELV Tehnika","og_description":"Projektor ViewSonic PX747-4K; 3500 lum 4K UHD (3840 x 2160) 16:9 suudab projekteerida pilti suuruses 30\" - 300\" 0,97 m kuni 11,69 m kauguselt. Projektor on varustatud DLP tehnoloogiaga, mis tagab t\u00e4psed ja kauakestvad v\u00e4rvid ka pikema kasutamise ajajooksul. Sobib v\u00e4ga h\u00e4sti kodukasutajatele.","og_url":"https:\/\/elvtehnika.ee\/test\/epood\/projektor-viewsonic-px747-4k-3500-lum-4k-uhd-3840-x-2160-169\/","og_site_name":"ELV Tehnika","article_modified_time":"2018-12-21T15:30:29+00:00","og_image":[{"width":600,"height":600,"url":"https:\/\/elvtehnika.ee\/test\/wp-content\/uploads\/projektor-viewsonic-px747-4k-3500-lum-4k-uhd-3840-x-2160.jpg","type":"image\/jpeg"}],"schema":{"@context":"https:\/\/schema.org","@graph":[{"@type":"WebPage","@id":"https:\/\/elvtehnika.ee\/test\/epood\/projektor-viewsonic-px747-4k-3500-lum-4k-uhd-3840-x-2160-169\/","url":"https:\/\/elvtehnika.ee\/test\/epood\/projektor-viewsonic-px747-4k-3500-lum-4k-uhd-3840-x-2160-169\/","name":"Projektor ViewSonic PX747-4K; 3500 lum 4K UHD (3840 x 2160) 16:9 - ELV Tehnika","isPartOf":{"@id":"https:\/\/elvtehnika.ee\/test\/#website"},"datePublished":"2018-06-06T18:14:49+00:00","dateModified":"2018-12-21T15:30:29+00:00","description":"Projektor ViewSonic PX747-4K; 3500 lum 4K UHD (3840 x 2160) 16:9 suudab projekteerida pilti suuruses 30\" - 300\" 0,97 m kuni 11,69 m kauguselt. Projektor on varustatud DLP tehnoloogiaga, mis tagab t\u00e4psed ja kauakestvad v\u00e4rvid ka pikema kasutamise ajajooksul. Sobib v\u00e4ga h\u00e4sti kodukasutajatele.","breadcrumb":{"@id":"https:\/\/elvtehnika.ee\/test\/epood\/projektor-viewsonic-px747-4k-3500-lum-4k-uhd-3840-x-2160-169\/#breadcrumb"},"inLanguage":"et","potentialAction":[{"@type":"ReadAction","target":["https:\/\/elvtehnika.ee\/test\/epood\/projektor-viewsonic-px747-4k-3500-lum-4k-uhd-3840-x-2160-169\/"]}]},{"@type":"BreadcrumbList","@id":"https:\/\/elvtehnika.ee\/test\/epood\/projektor-viewsonic-px747-4k-3500-lum-4k-uhd-3840-x-2160-169\/#breadcrumb","itemListElement":[{"@type":"ListItem","position":1,"name":"Home","item":"https:\/\/elvtehnika.ee\/test\/"},{"@type":"ListItem","position":2,"name":"E-pood","item":"https:\/\/elvtehnika.ee\/test\/epood\/"},{"@type":"ListItem","position":3,"name":"Projektor ViewSonic PX747-4K; 3500 lum 4K UHD (3840 x 2160) 16:9"}]},{"@type":"WebSite","@id":"https:\/\/elvtehnika.ee\/test\/#website","url":"https:\/\/elvtehnika.ee\/test\/","name":"ELV Tehnika","description":"Heli-, valgus- ja esitlustehnika","potentialAction":[{"@type":"SearchAction","target":{"@type":"EntryPoint","urlTemplate":"https:\/\/elvtehnika.ee\/test\/?s={search_term_string}"},"query-input":"required name=search_term_string"}],"inLanguage":"et"}]}},"_links":{"self":[{"href":"https:\/\/elvtehnika.ee\/test\/wp-json\/wp\/v2\/product\/11078"}],"collection":[{"href":"https:\/\/elvtehnika.ee\/test\/wp-json\/wp\/v2\/product"}],"about":[{"href":"https:\/\/elvtehnika.ee\/test\/wp-json\/wp\/v2\/types\/product"}],"wp:featuredmedia":[{"embeddable":true,"href":"https:\/\/elvtehnika.ee\/test\/wp-json\/wp\/v2\/media\/9181"}],"wp:attachment":[{"href":"https:\/\/elvtehnika.ee\/test\/wp-json\/wp\/v2\/media?parent=11078"}],"curies":[{"name":"wp","href":"https:\/\/api.w.org\/{rel}","templated":true}]}}