{"id":11088,"date":"2018-05-11T21:26:00","date_gmt":"2018-05-11T18:26:00","guid":{"rendered":"http:\/\/localhost\/plus\/elv3\/epood\/aktiivne-bassikolar-alto-ts-212s\/"},"modified":"2018-12-21T17:30:29","modified_gmt":"2018-12-21T15:30:29","slug":"aktiivne-bassikolar-alto-ts-212s","status":"publish","type":"product","link":"https:\/\/elvtehnika.ee\/test\/epood\/aktiivne-bassikolar-alto-ts-212s\/","title":{"rendered":"Aktiivne bassik\u00f5lar Alto TS 212S"},"content":{"rendered":"","protected":false},"excerpt":{"rendered":"","protected":false},"featured_media":8662,"template":"","meta":[],"acf":[],"yoast_head":"<!-- This site is optimized with the Yoast SEO plugin v20.5 - https:\/\/yoast.com\/wordpress\/plugins\/seo\/ -->\n<title>Aktiivne bassik\u00f5lar Alto TS 212S - ELV Tehnika<\/title>\n<meta name=\"description\" content=\"Alto TS 212S, 1250W 12&quot; bassik\u00f5lar on sobilik k\u00f5ikidele \u00fcritustele, kus on oluline edastada madalate helisageduste n\u00e4ol v\u00f5imsat (max. SPL 127 dB) ja puhast helipilti (42\u2013100 Hz) ning t\u00e4htis on \u00e4\u00e4rmine kompaktsus ja kergus (20kg)\" \/>\n<meta name=\"robots\" content=\"noindex, follow, max-snippet:-1, max-image-preview:large, max-video-preview:-1\" \/>\n<meta property=\"og:locale\" content=\"et_EE\" \/>\n<meta property=\"og:type\" content=\"article\" \/>\n<meta property=\"og:title\" content=\"Aktiivne bassik\u00f5lar Alto TS 212S - ELV Tehnika\" \/>\n<meta property=\"og:description\" content=\"Alto TS 212S, 1250W 12&quot; bassik\u00f5lar on sobilik k\u00f5ikidele \u00fcritustele, kus on oluline edastada madalate helisageduste n\u00e4ol v\u00f5imsat (max. SPL 127 dB) ja puhast helipilti (42\u2013100 Hz) ning t\u00e4htis on \u00e4\u00e4rmine kompaktsus ja kergus (20kg)\" \/>\n<meta property=\"og:url\" content=\"https:\/\/elvtehnika.ee\/test\/epood\/aktiivne-bassikolar-alto-ts-212s\/\" \/>\n<meta property=\"og:site_name\" content=\"ELV Tehnika\" \/>\n<meta property=\"article:modified_time\" content=\"2018-12-21T15:30:29+00:00\" \/>\n<meta property=\"og:image\" content=\"https:\/\/elvtehnika.ee\/test\/wp-content\/uploads\/alto-ts-212s-5.jpg\" \/>\n\t<meta property=\"og:image:width\" content=\"676\" \/>\n\t<meta property=\"og:image:height\" content=\"620\" \/>\n\t<meta property=\"og:image:type\" content=\"image\/jpeg\" \/>\n<script type=\"application\/ld+json\" class=\"yoast-schema-graph\">{\"@context\":\"https:\/\/schema.org\",\"@graph\":[{\"@type\":\"WebPage\",\"@id\":\"https:\/\/elvtehnika.ee\/test\/epood\/aktiivne-bassikolar-alto-ts-212s\/\",\"url\":\"https:\/\/elvtehnika.ee\/test\/epood\/aktiivne-bassikolar-alto-ts-212s\/\",\"name\":\"Aktiivne bassik\u00f5lar Alto TS 212S - ELV Tehnika\",\"isPartOf\":{\"@id\":\"https:\/\/elvtehnika.ee\/test\/#website\"},\"datePublished\":\"2018-05-11T18:26:00+00:00\",\"dateModified\":\"2018-12-21T15:30:29+00:00\",\"description\":\"Alto TS 212S, 1250W 12\\\" bassik\u00f5lar on sobilik k\u00f5ikidele \u00fcritustele, kus on oluline edastada madalate helisageduste n\u00e4ol v\u00f5imsat (max. SPL 127 dB) ja puhast helipilti (42\u2013100 Hz) ning t\u00e4htis on \u00e4\u00e4rmine kompaktsus ja kergus (20kg)\",\"breadcrumb\":{\"@id\":\"https:\/\/elvtehnika.ee\/test\/epood\/aktiivne-bassikolar-alto-ts-212s\/#breadcrumb\"},\"inLanguage\":\"et\",\"potentialAction\":[{\"@type\":\"ReadAction\",\"target\":[\"https:\/\/elvtehnika.ee\/test\/epood\/aktiivne-bassikolar-alto-ts-212s\/\"]}]},{\"@type\":\"BreadcrumbList\",\"@id\":\"https:\/\/elvtehnika.ee\/test\/epood\/aktiivne-bassikolar-alto-ts-212s\/#breadcrumb\",\"itemListElement\":[{\"@type\":\"ListItem\",\"position\":1,\"name\":\"Home\",\"item\":\"https:\/\/elvtehnika.ee\/test\/\"},{\"@type\":\"ListItem\",\"position\":2,\"name\":\"E-pood\",\"item\":\"https:\/\/elvtehnika.ee\/test\/epood\/\"},{\"@type\":\"ListItem\",\"position\":3,\"name\":\"Aktiivne bassik\u00f5lar Alto TS 212S\"}]},{\"@type\":\"WebSite\",\"@id\":\"https:\/\/elvtehnika.ee\/test\/#website\",\"url\":\"https:\/\/elvtehnika.ee\/test\/\",\"name\":\"ELV Tehnika\",\"description\":\"Heli-, valgus- ja esitlustehnika\",\"potentialAction\":[{\"@type\":\"SearchAction\",\"target\":{\"@type\":\"EntryPoint\",\"urlTemplate\":\"https:\/\/elvtehnika.ee\/test\/?s={search_term_string}\"},\"query-input\":\"required name=search_term_string\"}],\"inLanguage\":\"et\"}]}<\/script>\n<!-- \/ Yoast SEO plugin. -->","yoast_head_json":{"title":"Aktiivne bassik\u00f5lar Alto TS 212S - ELV Tehnika","description":"Alto TS 212S, 1250W 12\" bassik\u00f5lar on sobilik k\u00f5ikidele \u00fcritustele, kus on oluline edastada madalate helisageduste n\u00e4ol v\u00f5imsat (max. SPL 127 dB) ja puhast helipilti (42\u2013100 Hz) ning t\u00e4htis on \u00e4\u00e4rmine kompaktsus ja kergus (20kg)","robots":{"index":"noindex","follow":"follow","max-snippet":"max-snippet:-1","max-image-preview":"max-image-preview:large","max-video-preview":"max-video-preview:-1"},"og_locale":"et_EE","og_type":"article","og_title":"Aktiivne bassik\u00f5lar Alto TS 212S - ELV Tehnika","og_description":"Alto TS 212S, 1250W 12\" bassik\u00f5lar on sobilik k\u00f5ikidele \u00fcritustele, kus on oluline edastada madalate helisageduste n\u00e4ol v\u00f5imsat (max. SPL 127 dB) ja puhast helipilti (42\u2013100 Hz) ning t\u00e4htis on \u00e4\u00e4rmine kompaktsus ja kergus (20kg)","og_url":"https:\/\/elvtehnika.ee\/test\/epood\/aktiivne-bassikolar-alto-ts-212s\/","og_site_name":"ELV Tehnika","article_modified_time":"2018-12-21T15:30:29+00:00","og_image":[{"width":676,"height":620,"url":"https:\/\/elvtehnika.ee\/test\/wp-content\/uploads\/alto-ts-212s-5.jpg","type":"image\/jpeg"}],"schema":{"@context":"https:\/\/schema.org","@graph":[{"@type":"WebPage","@id":"https:\/\/elvtehnika.ee\/test\/epood\/aktiivne-bassikolar-alto-ts-212s\/","url":"https:\/\/elvtehnika.ee\/test\/epood\/aktiivne-bassikolar-alto-ts-212s\/","name":"Aktiivne bassik\u00f5lar Alto TS 212S - ELV Tehnika","isPartOf":{"@id":"https:\/\/elvtehnika.ee\/test\/#website"},"datePublished":"2018-05-11T18:26:00+00:00","dateModified":"2018-12-21T15:30:29+00:00","description":"Alto TS 212S, 1250W 12\" bassik\u00f5lar on sobilik k\u00f5ikidele \u00fcritustele, kus on oluline edastada madalate helisageduste n\u00e4ol v\u00f5imsat (max. SPL 127 dB) ja puhast helipilti (42\u2013100 Hz) ning t\u00e4htis on \u00e4\u00e4rmine kompaktsus ja kergus (20kg)","breadcrumb":{"@id":"https:\/\/elvtehnika.ee\/test\/epood\/aktiivne-bassikolar-alto-ts-212s\/#breadcrumb"},"inLanguage":"et","potentialAction":[{"@type":"ReadAction","target":["https:\/\/elvtehnika.ee\/test\/epood\/aktiivne-bassikolar-alto-ts-212s\/"]}]},{"@type":"BreadcrumbList","@id":"https:\/\/elvtehnika.ee\/test\/epood\/aktiivne-bassikolar-alto-ts-212s\/#breadcrumb","itemListElement":[{"@type":"ListItem","position":1,"name":"Home","item":"https:\/\/elvtehnika.ee\/test\/"},{"@type":"ListItem","position":2,"name":"E-pood","item":"https:\/\/elvtehnika.ee\/test\/epood\/"},{"@type":"ListItem","position":3,"name":"Aktiivne bassik\u00f5lar Alto TS 212S"}]},{"@type":"WebSite","@id":"https:\/\/elvtehnika.ee\/test\/#website","url":"https:\/\/elvtehnika.ee\/test\/","name":"ELV Tehnika","description":"Heli-, valgus- ja esitlustehnika","potentialAction":[{"@type":"SearchAction","target":{"@type":"EntryPoint","urlTemplate":"https:\/\/elvtehnika.ee\/test\/?s={search_term_string}"},"query-input":"required name=search_term_string"}],"inLanguage":"et"}]}},"_links":{"self":[{"href":"https:\/\/elvtehnika.ee\/test\/wp-json\/wp\/v2\/product\/11088"}],"collection":[{"href":"https:\/\/elvtehnika.ee\/test\/wp-json\/wp\/v2\/product"}],"about":[{"href":"https:\/\/elvtehnika.ee\/test\/wp-json\/wp\/v2\/types\/product"}],"wp:featuredmedia":[{"embeddable":true,"href":"https:\/\/elvtehnika.ee\/test\/wp-json\/wp\/v2\/media\/8662"}],"wp:attachment":[{"href":"https:\/\/elvtehnika.ee\/test\/wp-json\/wp\/v2\/media?parent=11088"}],"curies":[{"name":"wp","href":"https:\/\/api.w.org\/{rel}","templated":true}]}}