{"id":11089,"date":"2018-05-11T21:20:37","date_gmt":"2018-05-11T18:20:37","guid":{"rendered":"http:\/\/localhost\/plus\/elv3\/epood\/bluetooth-vastuvotja-logitech-bluetooth-audio-adapter-vorgutoitega\/"},"modified":"2018-12-21T17:30:29","modified_gmt":"2018-12-21T15:30:29","slug":"bluetooth-vastuvotja-logitech-bluetooth-audio-adapter-vorgutoitega","status":"publish","type":"product","link":"https:\/\/elvtehnika.ee\/test\/epood\/bluetooth-vastuvotja-logitech-bluetooth-audio-adapter-vorgutoitega\/","title":{"rendered":"Bluetooth vastuv\u00f5tja Logitech Bluetooth Audio Adapter (v\u00f5rgutoitega)"},"content":{"rendered":"","protected":false},"excerpt":{"rendered":"","protected":false},"featured_media":8740,"template":"","meta":[],"acf":[],"yoast_head":"<!-- This site is optimized with the Yoast SEO plugin v20.5 - https:\/\/yoast.com\/wordpress\/plugins\/seo\/ -->\n<title>Bluetooth vastuv\u00f5tja Logitech Bluetooth Audio Adapter (v\u00f5rgutoitega) - ELV Tehnika<\/title>\n<meta name=\"description\" content=\"Selle seadmega on v\u00f5imalik \u00fchendada mis tahes bluetooth funktsiooniga varustatud nutiseadmeid juhtmevabalt helis\u00fcsteemiga, et taasesitada soovitud audio faile. Seade on v\u00e4ga v\u00e4iksem\u00f5\u00f5duline ja kerge, mist\u00f5ttu on seda v\u00f5imalik igal hetkel \u00fcmber paigaldada ja transportida.\" \/>\n<meta name=\"robots\" content=\"noindex, follow, max-snippet:-1, max-image-preview:large, max-video-preview:-1\" \/>\n<meta property=\"og:locale\" content=\"et_EE\" \/>\n<meta property=\"og:type\" content=\"article\" \/>\n<meta property=\"og:title\" content=\"Bluetooth vastuv\u00f5tja Logitech Bluetooth Audio Adapter (v\u00f5rgutoitega) - ELV Tehnika\" \/>\n<meta property=\"og:description\" content=\"Selle seadmega on v\u00f5imalik \u00fchendada mis tahes bluetooth funktsiooniga varustatud nutiseadmeid juhtmevabalt helis\u00fcsteemiga, et taasesitada soovitud audio faile. Seade on v\u00e4ga v\u00e4iksem\u00f5\u00f5duline ja kerge, mist\u00f5ttu on seda v\u00f5imalik igal hetkel \u00fcmber paigaldada ja transportida.\" \/>\n<meta property=\"og:url\" content=\"https:\/\/elvtehnika.ee\/test\/epood\/bluetooth-vastuvotja-logitech-bluetooth-audio-adapter-vorgutoitega\/\" \/>\n<meta property=\"og:site_name\" content=\"ELV Tehnika\" \/>\n<meta property=\"article:modified_time\" content=\"2018-12-21T15:30:29+00:00\" \/>\n<meta property=\"og:image\" content=\"https:\/\/elvtehnika.ee\/test\/wp-content\/uploads\/bluetooth-vastuvotja-logitech-bluetooth-audio-adapter-vorgutoitega-3.jpg\" \/>\n\t<meta property=\"og:image:width\" content=\"1200\" \/>\n\t<meta property=\"og:image:height\" content=\"1200\" \/>\n\t<meta property=\"og:image:type\" content=\"image\/jpeg\" \/>\n<script type=\"application\/ld+json\" class=\"yoast-schema-graph\">{\"@context\":\"https:\/\/schema.org\",\"@graph\":[{\"@type\":\"WebPage\",\"@id\":\"https:\/\/elvtehnika.ee\/test\/epood\/bluetooth-vastuvotja-logitech-bluetooth-audio-adapter-vorgutoitega\/\",\"url\":\"https:\/\/elvtehnika.ee\/test\/epood\/bluetooth-vastuvotja-logitech-bluetooth-audio-adapter-vorgutoitega\/\",\"name\":\"Bluetooth vastuv\u00f5tja Logitech Bluetooth Audio Adapter (v\u00f5rgutoitega) - ELV Tehnika\",\"isPartOf\":{\"@id\":\"https:\/\/elvtehnika.ee\/test\/#website\"},\"datePublished\":\"2018-05-11T18:20:37+00:00\",\"dateModified\":\"2018-12-21T15:30:29+00:00\",\"description\":\"Selle seadmega on v\u00f5imalik \u00fchendada mis tahes bluetooth funktsiooniga varustatud nutiseadmeid juhtmevabalt helis\u00fcsteemiga, et taasesitada soovitud audio faile. Seade on v\u00e4ga v\u00e4iksem\u00f5\u00f5duline ja kerge, mist\u00f5ttu on seda v\u00f5imalik igal hetkel \u00fcmber paigaldada ja transportida.\",\"breadcrumb\":{\"@id\":\"https:\/\/elvtehnika.ee\/test\/epood\/bluetooth-vastuvotja-logitech-bluetooth-audio-adapter-vorgutoitega\/#breadcrumb\"},\"inLanguage\":\"et\",\"potentialAction\":[{\"@type\":\"ReadAction\",\"target\":[\"https:\/\/elvtehnika.ee\/test\/epood\/bluetooth-vastuvotja-logitech-bluetooth-audio-adapter-vorgutoitega\/\"]}]},{\"@type\":\"BreadcrumbList\",\"@id\":\"https:\/\/elvtehnika.ee\/test\/epood\/bluetooth-vastuvotja-logitech-bluetooth-audio-adapter-vorgutoitega\/#breadcrumb\",\"itemListElement\":[{\"@type\":\"ListItem\",\"position\":1,\"name\":\"Home\",\"item\":\"https:\/\/elvtehnika.ee\/test\/\"},{\"@type\":\"ListItem\",\"position\":2,\"name\":\"E-pood\",\"item\":\"https:\/\/elvtehnika.ee\/test\/epood\/\"},{\"@type\":\"ListItem\",\"position\":3,\"name\":\"Bluetooth vastuv\u00f5tja Logitech Bluetooth Audio Adapter (v\u00f5rgutoitega)\"}]},{\"@type\":\"WebSite\",\"@id\":\"https:\/\/elvtehnika.ee\/test\/#website\",\"url\":\"https:\/\/elvtehnika.ee\/test\/\",\"name\":\"ELV Tehnika\",\"description\":\"Heli-, valgus- ja esitlustehnika\",\"potentialAction\":[{\"@type\":\"SearchAction\",\"target\":{\"@type\":\"EntryPoint\",\"urlTemplate\":\"https:\/\/elvtehnika.ee\/test\/?s={search_term_string}\"},\"query-input\":\"required name=search_term_string\"}],\"inLanguage\":\"et\"}]}<\/script>\n<!-- \/ Yoast SEO plugin. -->","yoast_head_json":{"title":"Bluetooth vastuv\u00f5tja Logitech Bluetooth Audio Adapter (v\u00f5rgutoitega) - ELV Tehnika","description":"Selle seadmega on v\u00f5imalik \u00fchendada mis tahes bluetooth funktsiooniga varustatud nutiseadmeid juhtmevabalt helis\u00fcsteemiga, et taasesitada soovitud audio faile. Seade on v\u00e4ga v\u00e4iksem\u00f5\u00f5duline ja kerge, mist\u00f5ttu on seda v\u00f5imalik igal hetkel \u00fcmber paigaldada ja transportida.","robots":{"index":"noindex","follow":"follow","max-snippet":"max-snippet:-1","max-image-preview":"max-image-preview:large","max-video-preview":"max-video-preview:-1"},"og_locale":"et_EE","og_type":"article","og_title":"Bluetooth vastuv\u00f5tja Logitech Bluetooth Audio Adapter (v\u00f5rgutoitega) - ELV Tehnika","og_description":"Selle seadmega on v\u00f5imalik \u00fchendada mis tahes bluetooth funktsiooniga varustatud nutiseadmeid juhtmevabalt helis\u00fcsteemiga, et taasesitada soovitud audio faile. Seade on v\u00e4ga v\u00e4iksem\u00f5\u00f5duline ja kerge, mist\u00f5ttu on seda v\u00f5imalik igal hetkel \u00fcmber paigaldada ja transportida.","og_url":"https:\/\/elvtehnika.ee\/test\/epood\/bluetooth-vastuvotja-logitech-bluetooth-audio-adapter-vorgutoitega\/","og_site_name":"ELV Tehnika","article_modified_time":"2018-12-21T15:30:29+00:00","og_image":[{"width":1200,"height":1200,"url":"https:\/\/elvtehnika.ee\/test\/wp-content\/uploads\/bluetooth-vastuvotja-logitech-bluetooth-audio-adapter-vorgutoitega-3.jpg","type":"image\/jpeg"}],"schema":{"@context":"https:\/\/schema.org","@graph":[{"@type":"WebPage","@id":"https:\/\/elvtehnika.ee\/test\/epood\/bluetooth-vastuvotja-logitech-bluetooth-audio-adapter-vorgutoitega\/","url":"https:\/\/elvtehnika.ee\/test\/epood\/bluetooth-vastuvotja-logitech-bluetooth-audio-adapter-vorgutoitega\/","name":"Bluetooth vastuv\u00f5tja Logitech Bluetooth Audio Adapter (v\u00f5rgutoitega) - ELV Tehnika","isPartOf":{"@id":"https:\/\/elvtehnika.ee\/test\/#website"},"datePublished":"2018-05-11T18:20:37+00:00","dateModified":"2018-12-21T15:30:29+00:00","description":"Selle seadmega on v\u00f5imalik \u00fchendada mis tahes bluetooth funktsiooniga varustatud nutiseadmeid juhtmevabalt helis\u00fcsteemiga, et taasesitada soovitud audio faile. Seade on v\u00e4ga v\u00e4iksem\u00f5\u00f5duline ja kerge, mist\u00f5ttu on seda v\u00f5imalik igal hetkel \u00fcmber paigaldada ja transportida.","breadcrumb":{"@id":"https:\/\/elvtehnika.ee\/test\/epood\/bluetooth-vastuvotja-logitech-bluetooth-audio-adapter-vorgutoitega\/#breadcrumb"},"inLanguage":"et","potentialAction":[{"@type":"ReadAction","target":["https:\/\/elvtehnika.ee\/test\/epood\/bluetooth-vastuvotja-logitech-bluetooth-audio-adapter-vorgutoitega\/"]}]},{"@type":"BreadcrumbList","@id":"https:\/\/elvtehnika.ee\/test\/epood\/bluetooth-vastuvotja-logitech-bluetooth-audio-adapter-vorgutoitega\/#breadcrumb","itemListElement":[{"@type":"ListItem","position":1,"name":"Home","item":"https:\/\/elvtehnika.ee\/test\/"},{"@type":"ListItem","position":2,"name":"E-pood","item":"https:\/\/elvtehnika.ee\/test\/epood\/"},{"@type":"ListItem","position":3,"name":"Bluetooth vastuv\u00f5tja Logitech Bluetooth Audio Adapter (v\u00f5rgutoitega)"}]},{"@type":"WebSite","@id":"https:\/\/elvtehnika.ee\/test\/#website","url":"https:\/\/elvtehnika.ee\/test\/","name":"ELV Tehnika","description":"Heli-, valgus- ja esitlustehnika","potentialAction":[{"@type":"SearchAction","target":{"@type":"EntryPoint","urlTemplate":"https:\/\/elvtehnika.ee\/test\/?s={search_term_string}"},"query-input":"required name=search_term_string"}],"inLanguage":"et"}]}},"_links":{"self":[{"href":"https:\/\/elvtehnika.ee\/test\/wp-json\/wp\/v2\/product\/11089"}],"collection":[{"href":"https:\/\/elvtehnika.ee\/test\/wp-json\/wp\/v2\/product"}],"about":[{"href":"https:\/\/elvtehnika.ee\/test\/wp-json\/wp\/v2\/types\/product"}],"wp:featuredmedia":[{"embeddable":true,"href":"https:\/\/elvtehnika.ee\/test\/wp-json\/wp\/v2\/media\/8740"}],"wp:attachment":[{"href":"https:\/\/elvtehnika.ee\/test\/wp-json\/wp\/v2\/media?parent=11089"}],"curies":[{"name":"wp","href":"https:\/\/api.w.org\/{rel}","templated":true}]}}