{"id":11090,"date":"2018-05-11T21:19:05","date_gmt":"2018-05-11T18:19:05","guid":{"rendered":"http:\/\/localhost\/plus\/elv3\/epood\/kolari-kaitsekott-alto-ts-208-cover\/"},"modified":"2018-12-21T17:30:29","modified_gmt":"2018-12-21T15:30:29","slug":"kolari-kaitsekott-alto-ts-208-cover","status":"publish","type":"product","link":"https:\/\/elvtehnika.ee\/test\/epood\/kolari-kaitsekott-alto-ts-208-cover\/","title":{"rendered":"K\u00f5lari kaitsekott Alto TS 208 Cover"},"content":{"rendered":"","protected":false},"excerpt":{"rendered":"","protected":false},"featured_media":8699,"template":"","meta":[],"acf":[],"yoast_head":"<!-- This site is optimized with the Yoast SEO plugin v20.5 - https:\/\/yoast.com\/wordpress\/plugins\/seo\/ -->\n<title>K\u00f5lari kaitsekott Alto TS 208 Cover - ELV Tehnika<\/title>\n<meta name=\"description\" content=\"Kaitsekott on m\u00f5eldud Alto TS 208 k\u00f5lari ohtumaks transportimiseks. Kott on valmistatud tugevast ja vastupidavast nailonist, mis kaitseb k\u00f5larit liigse niiskuse, tolmu ning kriimustuste eest. Mugavamaks transportimiseks on kotil k\u00fclgedele tehtud sissel\u00f5iked, et oleks v\u00f5imalik haarata k\u00f5lari sangadest.\" \/>\n<meta name=\"robots\" content=\"noindex, follow, max-snippet:-1, max-image-preview:large, max-video-preview:-1\" \/>\n<meta property=\"og:locale\" content=\"et_EE\" \/>\n<meta property=\"og:type\" content=\"article\" \/>\n<meta property=\"og:title\" content=\"K\u00f5lari kaitsekott Alto TS 208 Cover - ELV Tehnika\" \/>\n<meta property=\"og:description\" content=\"Kaitsekott on m\u00f5eldud Alto TS 208 k\u00f5lari ohtumaks transportimiseks. Kott on valmistatud tugevast ja vastupidavast nailonist, mis kaitseb k\u00f5larit liigse niiskuse, tolmu ning kriimustuste eest. Mugavamaks transportimiseks on kotil k\u00fclgedele tehtud sissel\u00f5iked, et oleks v\u00f5imalik haarata k\u00f5lari sangadest.\" \/>\n<meta property=\"og:url\" content=\"https:\/\/elvtehnika.ee\/test\/epood\/kolari-kaitsekott-alto-ts-208-cover\/\" \/>\n<meta property=\"og:site_name\" content=\"ELV Tehnika\" \/>\n<meta property=\"article:modified_time\" content=\"2018-12-21T15:30:29+00:00\" \/>\n<meta property=\"og:image\" content=\"https:\/\/elvtehnika.ee\/test\/wp-content\/uploads\/alto-ts-208-cover.jpg\" \/>\n\t<meta property=\"og:image:width\" content=\"960\" \/>\n\t<meta property=\"og:image:height\" content=\"960\" \/>\n\t<meta property=\"og:image:type\" content=\"image\/jpeg\" \/>\n<script type=\"application\/ld+json\" class=\"yoast-schema-graph\">{\"@context\":\"https:\/\/schema.org\",\"@graph\":[{\"@type\":\"WebPage\",\"@id\":\"https:\/\/elvtehnika.ee\/test\/epood\/kolari-kaitsekott-alto-ts-208-cover\/\",\"url\":\"https:\/\/elvtehnika.ee\/test\/epood\/kolari-kaitsekott-alto-ts-208-cover\/\",\"name\":\"K\u00f5lari kaitsekott Alto TS 208 Cover - ELV Tehnika\",\"isPartOf\":{\"@id\":\"https:\/\/elvtehnika.ee\/test\/#website\"},\"datePublished\":\"2018-05-11T18:19:05+00:00\",\"dateModified\":\"2018-12-21T15:30:29+00:00\",\"description\":\"Kaitsekott on m\u00f5eldud Alto TS 208 k\u00f5lari ohtumaks transportimiseks. Kott on valmistatud tugevast ja vastupidavast nailonist, mis kaitseb k\u00f5larit liigse niiskuse, tolmu ning kriimustuste eest. Mugavamaks transportimiseks on kotil k\u00fclgedele tehtud sissel\u00f5iked, et oleks v\u00f5imalik haarata k\u00f5lari sangadest.\",\"breadcrumb\":{\"@id\":\"https:\/\/elvtehnika.ee\/test\/epood\/kolari-kaitsekott-alto-ts-208-cover\/#breadcrumb\"},\"inLanguage\":\"et\",\"potentialAction\":[{\"@type\":\"ReadAction\",\"target\":[\"https:\/\/elvtehnika.ee\/test\/epood\/kolari-kaitsekott-alto-ts-208-cover\/\"]}]},{\"@type\":\"BreadcrumbList\",\"@id\":\"https:\/\/elvtehnika.ee\/test\/epood\/kolari-kaitsekott-alto-ts-208-cover\/#breadcrumb\",\"itemListElement\":[{\"@type\":\"ListItem\",\"position\":1,\"name\":\"Home\",\"item\":\"https:\/\/elvtehnika.ee\/test\/\"},{\"@type\":\"ListItem\",\"position\":2,\"name\":\"E-pood\",\"item\":\"https:\/\/elvtehnika.ee\/test\/epood\/\"},{\"@type\":\"ListItem\",\"position\":3,\"name\":\"K\u00f5lari kaitsekott Alto TS 208 Cover\"}]},{\"@type\":\"WebSite\",\"@id\":\"https:\/\/elvtehnika.ee\/test\/#website\",\"url\":\"https:\/\/elvtehnika.ee\/test\/\",\"name\":\"ELV Tehnika\",\"description\":\"Heli-, valgus- ja esitlustehnika\",\"potentialAction\":[{\"@type\":\"SearchAction\",\"target\":{\"@type\":\"EntryPoint\",\"urlTemplate\":\"https:\/\/elvtehnika.ee\/test\/?s={search_term_string}\"},\"query-input\":\"required name=search_term_string\"}],\"inLanguage\":\"et\"}]}<\/script>\n<!-- \/ Yoast SEO plugin. -->","yoast_head_json":{"title":"K\u00f5lari kaitsekott Alto TS 208 Cover - ELV Tehnika","description":"Kaitsekott on m\u00f5eldud Alto TS 208 k\u00f5lari ohtumaks transportimiseks. Kott on valmistatud tugevast ja vastupidavast nailonist, mis kaitseb k\u00f5larit liigse niiskuse, tolmu ning kriimustuste eest. Mugavamaks transportimiseks on kotil k\u00fclgedele tehtud sissel\u00f5iked, et oleks v\u00f5imalik haarata k\u00f5lari sangadest.","robots":{"index":"noindex","follow":"follow","max-snippet":"max-snippet:-1","max-image-preview":"max-image-preview:large","max-video-preview":"max-video-preview:-1"},"og_locale":"et_EE","og_type":"article","og_title":"K\u00f5lari kaitsekott Alto TS 208 Cover - ELV Tehnika","og_description":"Kaitsekott on m\u00f5eldud Alto TS 208 k\u00f5lari ohtumaks transportimiseks. Kott on valmistatud tugevast ja vastupidavast nailonist, mis kaitseb k\u00f5larit liigse niiskuse, tolmu ning kriimustuste eest. Mugavamaks transportimiseks on kotil k\u00fclgedele tehtud sissel\u00f5iked, et oleks v\u00f5imalik haarata k\u00f5lari sangadest.","og_url":"https:\/\/elvtehnika.ee\/test\/epood\/kolari-kaitsekott-alto-ts-208-cover\/","og_site_name":"ELV Tehnika","article_modified_time":"2018-12-21T15:30:29+00:00","og_image":[{"width":960,"height":960,"url":"https:\/\/elvtehnika.ee\/test\/wp-content\/uploads\/alto-ts-208-cover.jpg","type":"image\/jpeg"}],"schema":{"@context":"https:\/\/schema.org","@graph":[{"@type":"WebPage","@id":"https:\/\/elvtehnika.ee\/test\/epood\/kolari-kaitsekott-alto-ts-208-cover\/","url":"https:\/\/elvtehnika.ee\/test\/epood\/kolari-kaitsekott-alto-ts-208-cover\/","name":"K\u00f5lari kaitsekott Alto TS 208 Cover - ELV Tehnika","isPartOf":{"@id":"https:\/\/elvtehnika.ee\/test\/#website"},"datePublished":"2018-05-11T18:19:05+00:00","dateModified":"2018-12-21T15:30:29+00:00","description":"Kaitsekott on m\u00f5eldud Alto TS 208 k\u00f5lari ohtumaks transportimiseks. Kott on valmistatud tugevast ja vastupidavast nailonist, mis kaitseb k\u00f5larit liigse niiskuse, tolmu ning kriimustuste eest. Mugavamaks transportimiseks on kotil k\u00fclgedele tehtud sissel\u00f5iked, et oleks v\u00f5imalik haarata k\u00f5lari sangadest.","breadcrumb":{"@id":"https:\/\/elvtehnika.ee\/test\/epood\/kolari-kaitsekott-alto-ts-208-cover\/#breadcrumb"},"inLanguage":"et","potentialAction":[{"@type":"ReadAction","target":["https:\/\/elvtehnika.ee\/test\/epood\/kolari-kaitsekott-alto-ts-208-cover\/"]}]},{"@type":"BreadcrumbList","@id":"https:\/\/elvtehnika.ee\/test\/epood\/kolari-kaitsekott-alto-ts-208-cover\/#breadcrumb","itemListElement":[{"@type":"ListItem","position":1,"name":"Home","item":"https:\/\/elvtehnika.ee\/test\/"},{"@type":"ListItem","position":2,"name":"E-pood","item":"https:\/\/elvtehnika.ee\/test\/epood\/"},{"@type":"ListItem","position":3,"name":"K\u00f5lari kaitsekott Alto TS 208 Cover"}]},{"@type":"WebSite","@id":"https:\/\/elvtehnika.ee\/test\/#website","url":"https:\/\/elvtehnika.ee\/test\/","name":"ELV Tehnika","description":"Heli-, valgus- ja esitlustehnika","potentialAction":[{"@type":"SearchAction","target":{"@type":"EntryPoint","urlTemplate":"https:\/\/elvtehnika.ee\/test\/?s={search_term_string}"},"query-input":"required name=search_term_string"}],"inLanguage":"et"}]}},"_links":{"self":[{"href":"https:\/\/elvtehnika.ee\/test\/wp-json\/wp\/v2\/product\/11090"}],"collection":[{"href":"https:\/\/elvtehnika.ee\/test\/wp-json\/wp\/v2\/product"}],"about":[{"href":"https:\/\/elvtehnika.ee\/test\/wp-json\/wp\/v2\/types\/product"}],"wp:featuredmedia":[{"embeddable":true,"href":"https:\/\/elvtehnika.ee\/test\/wp-json\/wp\/v2\/media\/8699"}],"wp:attachment":[{"href":"https:\/\/elvtehnika.ee\/test\/wp-json\/wp\/v2\/media?parent=11090"}],"curies":[{"name":"wp","href":"https:\/\/api.w.org\/{rel}","templated":true}]}}