{"id":11092,"date":"2018-05-11T21:09:49","date_gmt":"2018-05-11T18:09:49","guid":{"rendered":"http:\/\/localhost\/plus\/elv3\/epood\/bluetoothiga-helipult-rcf-l-pad-12cx-l-pad-bluetooth-card\/"},"modified":"2018-12-21T17:30:29","modified_gmt":"2018-12-21T15:30:29","slug":"bluetoothiga-helipult-rcf-l-pad-12cx-l-pad-bluetooth-card","status":"publish","type":"product","link":"https:\/\/elvtehnika.ee\/test\/epood\/bluetoothiga-helipult-rcf-l-pad-12cx-l-pad-bluetooth-card\/","title":{"rendered":"Bluetoothiga helipult RCF L-PAD 12CX + L-PAD  Bluetooth card"},"content":{"rendered":"","protected":false},"excerpt":{"rendered":"","protected":false},"featured_media":8845,"template":"","meta":[],"acf":[],"yoast_head":"<!-- This site is optimized with the Yoast SEO plugin v20.5 - https:\/\/yoast.com\/wordpress\/plugins\/seo\/ -->\n<title>Bluetoothiga helipult RCF L-PAD 12CX + L-PAD Bluetooth card - ELV Tehnika<\/title>\n<meta name=\"description\" content=\"L-PAD 12CX on 12 kanaliga ideaalne seade v\u00e4ikeste kontserdite, firma \u00fcrituste, konverentside ja k\u00f5ikide \u00fcrituste l\u00e4biviimiseks, kus on vajalik hallata mitmeid helisignaale. Helipuldidl on olemas 99 heliefekti muutes vokaalsed esitlused meeldej\u00e4\u00e4vamaks.\" \/>\n<meta name=\"robots\" content=\"noindex, follow, max-snippet:-1, max-image-preview:large, max-video-preview:-1\" \/>\n<meta property=\"og:locale\" content=\"et_EE\" \/>\n<meta property=\"og:type\" content=\"article\" \/>\n<meta property=\"og:title\" content=\"Bluetoothiga helipult RCF L-PAD 12CX + L-PAD Bluetooth card - ELV Tehnika\" \/>\n<meta property=\"og:description\" content=\"L-PAD 12CX on 12 kanaliga ideaalne seade v\u00e4ikeste kontserdite, firma \u00fcrituste, konverentside ja k\u00f5ikide \u00fcrituste l\u00e4biviimiseks, kus on vajalik hallata mitmeid helisignaale. Helipuldidl on olemas 99 heliefekti muutes vokaalsed esitlused meeldej\u00e4\u00e4vamaks.\" \/>\n<meta property=\"og:url\" content=\"https:\/\/elvtehnika.ee\/test\/epood\/bluetoothiga-helipult-rcf-l-pad-12cx-l-pad-bluetooth-card\/\" \/>\n<meta property=\"og:site_name\" content=\"ELV Tehnika\" \/>\n<meta property=\"article:modified_time\" content=\"2018-12-21T15:30:29+00:00\" \/>\n<meta property=\"og:image\" content=\"https:\/\/elvtehnika.ee\/test\/wp-content\/uploads\/rcf-l-pad-12cx-l-pad-bluetooth-card-6.jpg\" \/>\n\t<meta property=\"og:image:width\" content=\"1200\" \/>\n\t<meta property=\"og:image:height\" content=\"1200\" \/>\n\t<meta property=\"og:image:type\" content=\"image\/jpeg\" \/>\n<script type=\"application\/ld+json\" class=\"yoast-schema-graph\">{\"@context\":\"https:\/\/schema.org\",\"@graph\":[{\"@type\":\"WebPage\",\"@id\":\"https:\/\/elvtehnika.ee\/test\/epood\/bluetoothiga-helipult-rcf-l-pad-12cx-l-pad-bluetooth-card\/\",\"url\":\"https:\/\/elvtehnika.ee\/test\/epood\/bluetoothiga-helipult-rcf-l-pad-12cx-l-pad-bluetooth-card\/\",\"name\":\"Bluetoothiga helipult RCF L-PAD 12CX + L-PAD Bluetooth card - ELV Tehnika\",\"isPartOf\":{\"@id\":\"https:\/\/elvtehnika.ee\/test\/#website\"},\"datePublished\":\"2018-05-11T18:09:49+00:00\",\"dateModified\":\"2018-12-21T15:30:29+00:00\",\"description\":\"L-PAD 12CX on 12 kanaliga ideaalne seade v\u00e4ikeste kontserdite, firma \u00fcrituste, konverentside ja k\u00f5ikide \u00fcrituste l\u00e4biviimiseks, kus on vajalik hallata mitmeid helisignaale. Helipuldidl on olemas 99 heliefekti muutes vokaalsed esitlused meeldej\u00e4\u00e4vamaks.\",\"breadcrumb\":{\"@id\":\"https:\/\/elvtehnika.ee\/test\/epood\/bluetoothiga-helipult-rcf-l-pad-12cx-l-pad-bluetooth-card\/#breadcrumb\"},\"inLanguage\":\"et\",\"potentialAction\":[{\"@type\":\"ReadAction\",\"target\":[\"https:\/\/elvtehnika.ee\/test\/epood\/bluetoothiga-helipult-rcf-l-pad-12cx-l-pad-bluetooth-card\/\"]}]},{\"@type\":\"BreadcrumbList\",\"@id\":\"https:\/\/elvtehnika.ee\/test\/epood\/bluetoothiga-helipult-rcf-l-pad-12cx-l-pad-bluetooth-card\/#breadcrumb\",\"itemListElement\":[{\"@type\":\"ListItem\",\"position\":1,\"name\":\"Home\",\"item\":\"https:\/\/elvtehnika.ee\/test\/\"},{\"@type\":\"ListItem\",\"position\":2,\"name\":\"E-pood\",\"item\":\"https:\/\/elvtehnika.ee\/test\/epood\/\"},{\"@type\":\"ListItem\",\"position\":3,\"name\":\"Bluetoothiga helipult RCF L-PAD 12CX + L-PAD Bluetooth card\"}]},{\"@type\":\"WebSite\",\"@id\":\"https:\/\/elvtehnika.ee\/test\/#website\",\"url\":\"https:\/\/elvtehnika.ee\/test\/\",\"name\":\"ELV Tehnika\",\"description\":\"Heli-, valgus- ja esitlustehnika\",\"potentialAction\":[{\"@type\":\"SearchAction\",\"target\":{\"@type\":\"EntryPoint\",\"urlTemplate\":\"https:\/\/elvtehnika.ee\/test\/?s={search_term_string}\"},\"query-input\":\"required name=search_term_string\"}],\"inLanguage\":\"et\"}]}<\/script>\n<!-- \/ Yoast SEO plugin. -->","yoast_head_json":{"title":"Bluetoothiga helipult RCF L-PAD 12CX + L-PAD Bluetooth card - ELV Tehnika","description":"L-PAD 12CX on 12 kanaliga ideaalne seade v\u00e4ikeste kontserdite, firma \u00fcrituste, konverentside ja k\u00f5ikide \u00fcrituste l\u00e4biviimiseks, kus on vajalik hallata mitmeid helisignaale. Helipuldidl on olemas 99 heliefekti muutes vokaalsed esitlused meeldej\u00e4\u00e4vamaks.","robots":{"index":"noindex","follow":"follow","max-snippet":"max-snippet:-1","max-image-preview":"max-image-preview:large","max-video-preview":"max-video-preview:-1"},"og_locale":"et_EE","og_type":"article","og_title":"Bluetoothiga helipult RCF L-PAD 12CX + L-PAD Bluetooth card - ELV Tehnika","og_description":"L-PAD 12CX on 12 kanaliga ideaalne seade v\u00e4ikeste kontserdite, firma \u00fcrituste, konverentside ja k\u00f5ikide \u00fcrituste l\u00e4biviimiseks, kus on vajalik hallata mitmeid helisignaale. Helipuldidl on olemas 99 heliefekti muutes vokaalsed esitlused meeldej\u00e4\u00e4vamaks.","og_url":"https:\/\/elvtehnika.ee\/test\/epood\/bluetoothiga-helipult-rcf-l-pad-12cx-l-pad-bluetooth-card\/","og_site_name":"ELV Tehnika","article_modified_time":"2018-12-21T15:30:29+00:00","og_image":[{"width":1200,"height":1200,"url":"https:\/\/elvtehnika.ee\/test\/wp-content\/uploads\/rcf-l-pad-12cx-l-pad-bluetooth-card-6.jpg","type":"image\/jpeg"}],"schema":{"@context":"https:\/\/schema.org","@graph":[{"@type":"WebPage","@id":"https:\/\/elvtehnika.ee\/test\/epood\/bluetoothiga-helipult-rcf-l-pad-12cx-l-pad-bluetooth-card\/","url":"https:\/\/elvtehnika.ee\/test\/epood\/bluetoothiga-helipult-rcf-l-pad-12cx-l-pad-bluetooth-card\/","name":"Bluetoothiga helipult RCF L-PAD 12CX + L-PAD Bluetooth card - ELV Tehnika","isPartOf":{"@id":"https:\/\/elvtehnika.ee\/test\/#website"},"datePublished":"2018-05-11T18:09:49+00:00","dateModified":"2018-12-21T15:30:29+00:00","description":"L-PAD 12CX on 12 kanaliga ideaalne seade v\u00e4ikeste kontserdite, firma \u00fcrituste, konverentside ja k\u00f5ikide \u00fcrituste l\u00e4biviimiseks, kus on vajalik hallata mitmeid helisignaale. Helipuldidl on olemas 99 heliefekti muutes vokaalsed esitlused meeldej\u00e4\u00e4vamaks.","breadcrumb":{"@id":"https:\/\/elvtehnika.ee\/test\/epood\/bluetoothiga-helipult-rcf-l-pad-12cx-l-pad-bluetooth-card\/#breadcrumb"},"inLanguage":"et","potentialAction":[{"@type":"ReadAction","target":["https:\/\/elvtehnika.ee\/test\/epood\/bluetoothiga-helipult-rcf-l-pad-12cx-l-pad-bluetooth-card\/"]}]},{"@type":"BreadcrumbList","@id":"https:\/\/elvtehnika.ee\/test\/epood\/bluetoothiga-helipult-rcf-l-pad-12cx-l-pad-bluetooth-card\/#breadcrumb","itemListElement":[{"@type":"ListItem","position":1,"name":"Home","item":"https:\/\/elvtehnika.ee\/test\/"},{"@type":"ListItem","position":2,"name":"E-pood","item":"https:\/\/elvtehnika.ee\/test\/epood\/"},{"@type":"ListItem","position":3,"name":"Bluetoothiga helipult RCF L-PAD 12CX + L-PAD Bluetooth card"}]},{"@type":"WebSite","@id":"https:\/\/elvtehnika.ee\/test\/#website","url":"https:\/\/elvtehnika.ee\/test\/","name":"ELV Tehnika","description":"Heli-, valgus- ja esitlustehnika","potentialAction":[{"@type":"SearchAction","target":{"@type":"EntryPoint","urlTemplate":"https:\/\/elvtehnika.ee\/test\/?s={search_term_string}"},"query-input":"required name=search_term_string"}],"inLanguage":"et"}]}},"_links":{"self":[{"href":"https:\/\/elvtehnika.ee\/test\/wp-json\/wp\/v2\/product\/11092"}],"collection":[{"href":"https:\/\/elvtehnika.ee\/test\/wp-json\/wp\/v2\/product"}],"about":[{"href":"https:\/\/elvtehnika.ee\/test\/wp-json\/wp\/v2\/types\/product"}],"wp:featuredmedia":[{"embeddable":true,"href":"https:\/\/elvtehnika.ee\/test\/wp-json\/wp\/v2\/media\/8845"}],"wp:attachment":[{"href":"https:\/\/elvtehnika.ee\/test\/wp-json\/wp\/v2\/media?parent=11092"}],"curies":[{"name":"wp","href":"https:\/\/api.w.org\/{rel}","templated":true}]}}