{"id":11093,"date":"2018-05-11T21:08:34","date_gmt":"2018-05-11T18:08:34","guid":{"rendered":"http:\/\/localhost\/plus\/elv3\/epood\/65-led-ekraan-smart-tv-ultra-hd-4k-sharp-lc-65cug8062e\/"},"modified":"2018-12-21T17:30:30","modified_gmt":"2018-12-21T15:30:30","slug":"65-led-ekraan-smart-tv-ultra-hd-4k-sharp-lc-65cug8062e","status":"publish","type":"product","link":"https:\/\/elvtehnika.ee\/test\/epood\/65-led-ekraan-smart-tv-ultra-hd-4k-sharp-lc-65cug8062e\/","title":{"rendered":"65&#8243; LED ekraan, Smart TV, Ultra HD, 4K, Sharp LC-65CUG8062E"},"content":{"rendered":"","protected":false},"excerpt":{"rendered":"","protected":false},"featured_media":7851,"template":"","meta":[],"acf":[],"yoast_head":"<!-- This site is optimized with the Yoast SEO plugin v20.5 - https:\/\/yoast.com\/wordpress\/plugins\/seo\/ -->\n<title>65&quot; LED ekraan, Smart TV, Ultra HD, 4K, Sharp LC-65CUG8062E - ELV Tehnika<\/title>\n<meta name=\"description\" content=\"Sharp LC-65CUG8062E 65&quot; on oma toote seeria lipulaev, milles on olemas: \u00f5huke disain mis on p\u00e4lvinud ka Red Dot auhinna, erakortselt hea ultra HD pildikvaliteet, ruumi t\u00e4itev heli ja erinevad ekraani \u00fchendamise v\u00f5imalused.\" \/>\n<meta name=\"robots\" content=\"noindex, follow, max-snippet:-1, max-image-preview:large, max-video-preview:-1\" \/>\n<meta property=\"og:locale\" content=\"et_EE\" \/>\n<meta property=\"og:type\" content=\"article\" \/>\n<meta property=\"og:title\" content=\"65&quot; LED ekraan, Smart TV, Ultra HD, 4K, Sharp LC-65CUG8062E - ELV Tehnika\" \/>\n<meta property=\"og:description\" content=\"Sharp LC-65CUG8062E 65&quot; on oma toote seeria lipulaev, milles on olemas: \u00f5huke disain mis on p\u00e4lvinud ka Red Dot auhinna, erakortselt hea ultra HD pildikvaliteet, ruumi t\u00e4itev heli ja erinevad ekraani \u00fchendamise v\u00f5imalused.\" \/>\n<meta property=\"og:url\" content=\"https:\/\/elvtehnika.ee\/test\/epood\/65-led-ekraan-smart-tv-ultra-hd-4k-sharp-lc-65cug8062e\/\" \/>\n<meta property=\"og:site_name\" content=\"ELV Tehnika\" \/>\n<meta property=\"article:modified_time\" content=\"2018-12-21T15:30:30+00:00\" \/>\n<meta property=\"og:image\" content=\"https:\/\/elvtehnika.ee\/test\/wp-content\/uploads\/65kp-sharp-30angle-view.jpg\" \/>\n\t<meta property=\"og:image:width\" content=\"1085\" \/>\n\t<meta property=\"og:image:height\" content=\"1200\" \/>\n\t<meta property=\"og:image:type\" content=\"image\/jpeg\" \/>\n<script type=\"application\/ld+json\" class=\"yoast-schema-graph\">{\"@context\":\"https:\/\/schema.org\",\"@graph\":[{\"@type\":\"WebPage\",\"@id\":\"https:\/\/elvtehnika.ee\/test\/epood\/65-led-ekraan-smart-tv-ultra-hd-4k-sharp-lc-65cug8062e\/\",\"url\":\"https:\/\/elvtehnika.ee\/test\/epood\/65-led-ekraan-smart-tv-ultra-hd-4k-sharp-lc-65cug8062e\/\",\"name\":\"65\\\" LED ekraan, Smart TV, Ultra HD, 4K, Sharp LC-65CUG8062E - ELV Tehnika\",\"isPartOf\":{\"@id\":\"https:\/\/elvtehnika.ee\/test\/#website\"},\"datePublished\":\"2018-05-11T18:08:34+00:00\",\"dateModified\":\"2018-12-21T15:30:30+00:00\",\"description\":\"Sharp LC-65CUG8062E 65\\\" on oma toote seeria lipulaev, milles on olemas: \u00f5huke disain mis on p\u00e4lvinud ka Red Dot auhinna, erakortselt hea ultra HD pildikvaliteet, ruumi t\u00e4itev heli ja erinevad ekraani \u00fchendamise v\u00f5imalused.\",\"breadcrumb\":{\"@id\":\"https:\/\/elvtehnika.ee\/test\/epood\/65-led-ekraan-smart-tv-ultra-hd-4k-sharp-lc-65cug8062e\/#breadcrumb\"},\"inLanguage\":\"et\",\"potentialAction\":[{\"@type\":\"ReadAction\",\"target\":[\"https:\/\/elvtehnika.ee\/test\/epood\/65-led-ekraan-smart-tv-ultra-hd-4k-sharp-lc-65cug8062e\/\"]}]},{\"@type\":\"BreadcrumbList\",\"@id\":\"https:\/\/elvtehnika.ee\/test\/epood\/65-led-ekraan-smart-tv-ultra-hd-4k-sharp-lc-65cug8062e\/#breadcrumb\",\"itemListElement\":[{\"@type\":\"ListItem\",\"position\":1,\"name\":\"Home\",\"item\":\"https:\/\/elvtehnika.ee\/test\/\"},{\"@type\":\"ListItem\",\"position\":2,\"name\":\"E-pood\",\"item\":\"https:\/\/elvtehnika.ee\/test\/epood\/\"},{\"@type\":\"ListItem\",\"position\":3,\"name\":\"65&#8243; LED ekraan, Smart TV, Ultra HD, 4K, Sharp LC-65CUG8062E\"}]},{\"@type\":\"WebSite\",\"@id\":\"https:\/\/elvtehnika.ee\/test\/#website\",\"url\":\"https:\/\/elvtehnika.ee\/test\/\",\"name\":\"ELV Tehnika\",\"description\":\"Heli-, valgus- ja esitlustehnika\",\"potentialAction\":[{\"@type\":\"SearchAction\",\"target\":{\"@type\":\"EntryPoint\",\"urlTemplate\":\"https:\/\/elvtehnika.ee\/test\/?s={search_term_string}\"},\"query-input\":\"required name=search_term_string\"}],\"inLanguage\":\"et\"}]}<\/script>\n<!-- \/ Yoast SEO plugin. -->","yoast_head_json":{"title":"65\" LED ekraan, Smart TV, Ultra HD, 4K, Sharp LC-65CUG8062E - ELV Tehnika","description":"Sharp LC-65CUG8062E 65\" on oma toote seeria lipulaev, milles on olemas: \u00f5huke disain mis on p\u00e4lvinud ka Red Dot auhinna, erakortselt hea ultra HD pildikvaliteet, ruumi t\u00e4itev heli ja erinevad ekraani \u00fchendamise v\u00f5imalused.","robots":{"index":"noindex","follow":"follow","max-snippet":"max-snippet:-1","max-image-preview":"max-image-preview:large","max-video-preview":"max-video-preview:-1"},"og_locale":"et_EE","og_type":"article","og_title":"65\" LED ekraan, Smart TV, Ultra HD, 4K, Sharp LC-65CUG8062E - ELV Tehnika","og_description":"Sharp LC-65CUG8062E 65\" on oma toote seeria lipulaev, milles on olemas: \u00f5huke disain mis on p\u00e4lvinud ka Red Dot auhinna, erakortselt hea ultra HD pildikvaliteet, ruumi t\u00e4itev heli ja erinevad ekraani \u00fchendamise v\u00f5imalused.","og_url":"https:\/\/elvtehnika.ee\/test\/epood\/65-led-ekraan-smart-tv-ultra-hd-4k-sharp-lc-65cug8062e\/","og_site_name":"ELV Tehnika","article_modified_time":"2018-12-21T15:30:30+00:00","og_image":[{"width":1085,"height":1200,"url":"https:\/\/elvtehnika.ee\/test\/wp-content\/uploads\/65kp-sharp-30angle-view.jpg","type":"image\/jpeg"}],"schema":{"@context":"https:\/\/schema.org","@graph":[{"@type":"WebPage","@id":"https:\/\/elvtehnika.ee\/test\/epood\/65-led-ekraan-smart-tv-ultra-hd-4k-sharp-lc-65cug8062e\/","url":"https:\/\/elvtehnika.ee\/test\/epood\/65-led-ekraan-smart-tv-ultra-hd-4k-sharp-lc-65cug8062e\/","name":"65\" LED ekraan, Smart TV, Ultra HD, 4K, Sharp LC-65CUG8062E - ELV Tehnika","isPartOf":{"@id":"https:\/\/elvtehnika.ee\/test\/#website"},"datePublished":"2018-05-11T18:08:34+00:00","dateModified":"2018-12-21T15:30:30+00:00","description":"Sharp LC-65CUG8062E 65\" on oma toote seeria lipulaev, milles on olemas: \u00f5huke disain mis on p\u00e4lvinud ka Red Dot auhinna, erakortselt hea ultra HD pildikvaliteet, ruumi t\u00e4itev heli ja erinevad ekraani \u00fchendamise v\u00f5imalused.","breadcrumb":{"@id":"https:\/\/elvtehnika.ee\/test\/epood\/65-led-ekraan-smart-tv-ultra-hd-4k-sharp-lc-65cug8062e\/#breadcrumb"},"inLanguage":"et","potentialAction":[{"@type":"ReadAction","target":["https:\/\/elvtehnika.ee\/test\/epood\/65-led-ekraan-smart-tv-ultra-hd-4k-sharp-lc-65cug8062e\/"]}]},{"@type":"BreadcrumbList","@id":"https:\/\/elvtehnika.ee\/test\/epood\/65-led-ekraan-smart-tv-ultra-hd-4k-sharp-lc-65cug8062e\/#breadcrumb","itemListElement":[{"@type":"ListItem","position":1,"name":"Home","item":"https:\/\/elvtehnika.ee\/test\/"},{"@type":"ListItem","position":2,"name":"E-pood","item":"https:\/\/elvtehnika.ee\/test\/epood\/"},{"@type":"ListItem","position":3,"name":"65&#8243; LED ekraan, Smart TV, Ultra HD, 4K, Sharp LC-65CUG8062E"}]},{"@type":"WebSite","@id":"https:\/\/elvtehnika.ee\/test\/#website","url":"https:\/\/elvtehnika.ee\/test\/","name":"ELV Tehnika","description":"Heli-, valgus- ja esitlustehnika","potentialAction":[{"@type":"SearchAction","target":{"@type":"EntryPoint","urlTemplate":"https:\/\/elvtehnika.ee\/test\/?s={search_term_string}"},"query-input":"required name=search_term_string"}],"inLanguage":"et"}]}},"_links":{"self":[{"href":"https:\/\/elvtehnika.ee\/test\/wp-json\/wp\/v2\/product\/11093"}],"collection":[{"href":"https:\/\/elvtehnika.ee\/test\/wp-json\/wp\/v2\/product"}],"about":[{"href":"https:\/\/elvtehnika.ee\/test\/wp-json\/wp\/v2\/types\/product"}],"wp:featuredmedia":[{"embeddable":true,"href":"https:\/\/elvtehnika.ee\/test\/wp-json\/wp\/v2\/media\/7851"}],"wp:attachment":[{"href":"https:\/\/elvtehnika.ee\/test\/wp-json\/wp\/v2\/media?parent=11093"}],"curies":[{"name":"wp","href":"https:\/\/api.w.org\/{rel}","templated":true}]}}