{"id":11100,"date":"2018-05-10T21:28:13","date_gmt":"2018-05-10T18:28:13","guid":{"rendered":"http:\/\/localhost\/plus\/elv3\/epood\/digitaalne-helipult-mackie-prodx4\/"},"modified":"2018-12-21T17:30:30","modified_gmt":"2018-12-21T15:30:30","slug":"digitaalne-helipult-mackie-prodx4","status":"publish","type":"product","link":"https:\/\/elvtehnika.ee\/test\/epood\/digitaalne-helipult-mackie-prodx4\/","title":{"rendered":"Digitaalne helipult Mackie ProDX4"},"content":{"rendered":"","protected":false},"excerpt":{"rendered":"","protected":false},"featured_media":8796,"template":"","meta":[],"acf":[],"yoast_head":"<!-- This site is optimized with the Yoast SEO plugin v20.5 - https:\/\/yoast.com\/wordpress\/plugins\/seo\/ -->\n<title>Digitaalne helipult Mackie ProDX4 - ELV Tehnika<\/title>\n<meta name=\"description\" content=\"Digitaalne helipult Mackie ProDX4 on oma omadustelt v\u00e4ga kompaktne ja lihtsa disainiga, millega on v\u00f5imalik \u00fchendada oma nutiseade l\u00e4bi bluetoothi, et lihtsa vaevaga kontrollida mikseri seadeid ja esitada soovitud helifaile.\" \/>\n<meta name=\"robots\" content=\"noindex, follow, max-snippet:-1, max-image-preview:large, max-video-preview:-1\" \/>\n<meta property=\"og:locale\" content=\"et_EE\" \/>\n<meta property=\"og:type\" content=\"article\" \/>\n<meta property=\"og:title\" content=\"Digitaalne helipult Mackie ProDX4 - ELV Tehnika\" \/>\n<meta property=\"og:description\" content=\"Digitaalne helipult Mackie ProDX4 on oma omadustelt v\u00e4ga kompaktne ja lihtsa disainiga, millega on v\u00f5imalik \u00fchendada oma nutiseade l\u00e4bi bluetoothi, et lihtsa vaevaga kontrollida mikseri seadeid ja esitada soovitud helifaile.\" \/>\n<meta property=\"og:url\" content=\"https:\/\/elvtehnika.ee\/test\/epood\/digitaalne-helipult-mackie-prodx4\/\" \/>\n<meta property=\"og:site_name\" content=\"ELV Tehnika\" \/>\n<meta property=\"article:modified_time\" content=\"2018-12-21T15:30:30+00:00\" \/>\n<meta property=\"og:image\" content=\"https:\/\/elvtehnika.ee\/test\/wp-content\/uploads\/digitaalne-helipult-mackie-prodx4.jpg\" \/>\n\t<meta property=\"og:image:width\" content=\"1470\" \/>\n\t<meta property=\"og:image:height\" content=\"797\" \/>\n\t<meta property=\"og:image:type\" content=\"image\/jpeg\" \/>\n<script type=\"application\/ld+json\" class=\"yoast-schema-graph\">{\"@context\":\"https:\/\/schema.org\",\"@graph\":[{\"@type\":\"WebPage\",\"@id\":\"https:\/\/elvtehnika.ee\/test\/epood\/digitaalne-helipult-mackie-prodx4\/\",\"url\":\"https:\/\/elvtehnika.ee\/test\/epood\/digitaalne-helipult-mackie-prodx4\/\",\"name\":\"Digitaalne helipult Mackie ProDX4 - ELV Tehnika\",\"isPartOf\":{\"@id\":\"https:\/\/elvtehnika.ee\/test\/#website\"},\"datePublished\":\"2018-05-10T18:28:13+00:00\",\"dateModified\":\"2018-12-21T15:30:30+00:00\",\"description\":\"Digitaalne helipult Mackie ProDX4 on oma omadustelt v\u00e4ga kompaktne ja lihtsa disainiga, millega on v\u00f5imalik \u00fchendada oma nutiseade l\u00e4bi bluetoothi, et lihtsa vaevaga kontrollida mikseri seadeid ja esitada soovitud helifaile.\",\"breadcrumb\":{\"@id\":\"https:\/\/elvtehnika.ee\/test\/epood\/digitaalne-helipult-mackie-prodx4\/#breadcrumb\"},\"inLanguage\":\"et\",\"potentialAction\":[{\"@type\":\"ReadAction\",\"target\":[\"https:\/\/elvtehnika.ee\/test\/epood\/digitaalne-helipult-mackie-prodx4\/\"]}]},{\"@type\":\"BreadcrumbList\",\"@id\":\"https:\/\/elvtehnika.ee\/test\/epood\/digitaalne-helipult-mackie-prodx4\/#breadcrumb\",\"itemListElement\":[{\"@type\":\"ListItem\",\"position\":1,\"name\":\"Home\",\"item\":\"https:\/\/elvtehnika.ee\/test\/\"},{\"@type\":\"ListItem\",\"position\":2,\"name\":\"E-pood\",\"item\":\"https:\/\/elvtehnika.ee\/test\/epood\/\"},{\"@type\":\"ListItem\",\"position\":3,\"name\":\"Digitaalne helipult Mackie ProDX4\"}]},{\"@type\":\"WebSite\",\"@id\":\"https:\/\/elvtehnika.ee\/test\/#website\",\"url\":\"https:\/\/elvtehnika.ee\/test\/\",\"name\":\"ELV Tehnika\",\"description\":\"Heli-, valgus- ja esitlustehnika\",\"potentialAction\":[{\"@type\":\"SearchAction\",\"target\":{\"@type\":\"EntryPoint\",\"urlTemplate\":\"https:\/\/elvtehnika.ee\/test\/?s={search_term_string}\"},\"query-input\":\"required name=search_term_string\"}],\"inLanguage\":\"et\"}]}<\/script>\n<!-- \/ Yoast SEO plugin. -->","yoast_head_json":{"title":"Digitaalne helipult Mackie ProDX4 - ELV Tehnika","description":"Digitaalne helipult Mackie ProDX4 on oma omadustelt v\u00e4ga kompaktne ja lihtsa disainiga, millega on v\u00f5imalik \u00fchendada oma nutiseade l\u00e4bi bluetoothi, et lihtsa vaevaga kontrollida mikseri seadeid ja esitada soovitud helifaile.","robots":{"index":"noindex","follow":"follow","max-snippet":"max-snippet:-1","max-image-preview":"max-image-preview:large","max-video-preview":"max-video-preview:-1"},"og_locale":"et_EE","og_type":"article","og_title":"Digitaalne helipult Mackie ProDX4 - ELV Tehnika","og_description":"Digitaalne helipult Mackie ProDX4 on oma omadustelt v\u00e4ga kompaktne ja lihtsa disainiga, millega on v\u00f5imalik \u00fchendada oma nutiseade l\u00e4bi bluetoothi, et lihtsa vaevaga kontrollida mikseri seadeid ja esitada soovitud helifaile.","og_url":"https:\/\/elvtehnika.ee\/test\/epood\/digitaalne-helipult-mackie-prodx4\/","og_site_name":"ELV Tehnika","article_modified_time":"2018-12-21T15:30:30+00:00","og_image":[{"width":1470,"height":797,"url":"https:\/\/elvtehnika.ee\/test\/wp-content\/uploads\/digitaalne-helipult-mackie-prodx4.jpg","type":"image\/jpeg"}],"schema":{"@context":"https:\/\/schema.org","@graph":[{"@type":"WebPage","@id":"https:\/\/elvtehnika.ee\/test\/epood\/digitaalne-helipult-mackie-prodx4\/","url":"https:\/\/elvtehnika.ee\/test\/epood\/digitaalne-helipult-mackie-prodx4\/","name":"Digitaalne helipult Mackie ProDX4 - ELV Tehnika","isPartOf":{"@id":"https:\/\/elvtehnika.ee\/test\/#website"},"datePublished":"2018-05-10T18:28:13+00:00","dateModified":"2018-12-21T15:30:30+00:00","description":"Digitaalne helipult Mackie ProDX4 on oma omadustelt v\u00e4ga kompaktne ja lihtsa disainiga, millega on v\u00f5imalik \u00fchendada oma nutiseade l\u00e4bi bluetoothi, et lihtsa vaevaga kontrollida mikseri seadeid ja esitada soovitud helifaile.","breadcrumb":{"@id":"https:\/\/elvtehnika.ee\/test\/epood\/digitaalne-helipult-mackie-prodx4\/#breadcrumb"},"inLanguage":"et","potentialAction":[{"@type":"ReadAction","target":["https:\/\/elvtehnika.ee\/test\/epood\/digitaalne-helipult-mackie-prodx4\/"]}]},{"@type":"BreadcrumbList","@id":"https:\/\/elvtehnika.ee\/test\/epood\/digitaalne-helipult-mackie-prodx4\/#breadcrumb","itemListElement":[{"@type":"ListItem","position":1,"name":"Home","item":"https:\/\/elvtehnika.ee\/test\/"},{"@type":"ListItem","position":2,"name":"E-pood","item":"https:\/\/elvtehnika.ee\/test\/epood\/"},{"@type":"ListItem","position":3,"name":"Digitaalne helipult Mackie ProDX4"}]},{"@type":"WebSite","@id":"https:\/\/elvtehnika.ee\/test\/#website","url":"https:\/\/elvtehnika.ee\/test\/","name":"ELV Tehnika","description":"Heli-, valgus- ja esitlustehnika","potentialAction":[{"@type":"SearchAction","target":{"@type":"EntryPoint","urlTemplate":"https:\/\/elvtehnika.ee\/test\/?s={search_term_string}"},"query-input":"required name=search_term_string"}],"inLanguage":"et"}]}},"_links":{"self":[{"href":"https:\/\/elvtehnika.ee\/test\/wp-json\/wp\/v2\/product\/11100"}],"collection":[{"href":"https:\/\/elvtehnika.ee\/test\/wp-json\/wp\/v2\/product"}],"about":[{"href":"https:\/\/elvtehnika.ee\/test\/wp-json\/wp\/v2\/types\/product"}],"wp:featuredmedia":[{"embeddable":true,"href":"https:\/\/elvtehnika.ee\/test\/wp-json\/wp\/v2\/media\/8796"}],"wp:attachment":[{"href":"https:\/\/elvtehnika.ee\/test\/wp-json\/wp\/v2\/media?parent=11100"}],"curies":[{"name":"wp","href":"https:\/\/api.w.org\/{rel}","templated":true}]}}