{"id":11105,"date":"2018-04-06T12:59:19","date_gmt":"2018-04-06T09:59:19","guid":{"rendered":"http:\/\/localhost\/plus\/elv3\/epood\/valge-kolari-seinastatiiv-adam-hall-smbs-5-w\/"},"modified":"2018-12-21T17:30:30","modified_gmt":"2018-12-21T15:30:30","slug":"valge-kolari-seinastatiiv-adam-hall-smbs-5-w","status":"publish","type":"product","link":"https:\/\/elvtehnika.ee\/test\/epood\/valge-kolari-seinastatiiv-adam-hall-smbs-5-w\/","title":{"rendered":"Valge k\u00f5lari seinastatiiv Adam Hall SMBS 5 W"},"content":{"rendered":"","protected":false},"excerpt":{"rendered":"","protected":false},"featured_media":8675,"template":"","meta":[],"acf":[],"yoast_head":"<!-- This site is optimized with the Yoast SEO plugin v20.5 - https:\/\/yoast.com\/wordpress\/plugins\/seo\/ -->\n<title>Valge k\u00f5lari seinastatiiv Adam Hall SMBS 5 W - ELV Tehnika<\/title>\n<meta name=\"description\" content=\"Valge k\u00f5lari seinastatiiv Adam Hall SMBS 5, statiiv on valmistatud tugevast metallist ja kaetud valge v\u00e4rviga ning on kandev\u00f5imega kuni 30kg. Statiiv sobitub standardse k\u00f5lari paigalduss\u00fcvise diameetriga 36mm, kaldenurka on v\u00f5imalik reguleerida.\" \/>\n<meta name=\"robots\" content=\"noindex, follow, max-snippet:-1, max-image-preview:large, max-video-preview:-1\" \/>\n<meta property=\"og:locale\" content=\"et_EE\" \/>\n<meta property=\"og:type\" content=\"article\" \/>\n<meta property=\"og:title\" content=\"Valge k\u00f5lari seinastatiiv Adam Hall SMBS 5 W - ELV Tehnika\" \/>\n<meta property=\"og:description\" content=\"Valge k\u00f5lari seinastatiiv Adam Hall SMBS 5, statiiv on valmistatud tugevast metallist ja kaetud valge v\u00e4rviga ning on kandev\u00f5imega kuni 30kg. Statiiv sobitub standardse k\u00f5lari paigalduss\u00fcvise diameetriga 36mm, kaldenurka on v\u00f5imalik reguleerida.\" \/>\n<meta property=\"og:url\" content=\"https:\/\/elvtehnika.ee\/test\/epood\/valge-kolari-seinastatiiv-adam-hall-smbs-5-w\/\" \/>\n<meta property=\"og:site_name\" content=\"ELV Tehnika\" \/>\n<meta property=\"article:modified_time\" content=\"2018-12-21T15:30:30+00:00\" \/>\n<meta property=\"og:image\" content=\"https:\/\/elvtehnika.ee\/test\/wp-content\/uploads\/valge-kolari-seinastatiiv-adam-hall-smbs-5-w-2.jpg\" \/>\n\t<meta property=\"og:image:width\" content=\"1000\" \/>\n\t<meta property=\"og:image:height\" content=\"1000\" \/>\n\t<meta property=\"og:image:type\" content=\"image\/jpeg\" \/>\n<script type=\"application\/ld+json\" class=\"yoast-schema-graph\">{\"@context\":\"https:\/\/schema.org\",\"@graph\":[{\"@type\":\"WebPage\",\"@id\":\"https:\/\/elvtehnika.ee\/test\/epood\/valge-kolari-seinastatiiv-adam-hall-smbs-5-w\/\",\"url\":\"https:\/\/elvtehnika.ee\/test\/epood\/valge-kolari-seinastatiiv-adam-hall-smbs-5-w\/\",\"name\":\"Valge k\u00f5lari seinastatiiv Adam Hall SMBS 5 W - ELV Tehnika\",\"isPartOf\":{\"@id\":\"https:\/\/elvtehnika.ee\/test\/#website\"},\"datePublished\":\"2018-04-06T09:59:19+00:00\",\"dateModified\":\"2018-12-21T15:30:30+00:00\",\"description\":\"Valge k\u00f5lari seinastatiiv Adam Hall SMBS 5, statiiv on valmistatud tugevast metallist ja kaetud valge v\u00e4rviga ning on kandev\u00f5imega kuni 30kg. Statiiv sobitub standardse k\u00f5lari paigalduss\u00fcvise diameetriga 36mm, kaldenurka on v\u00f5imalik reguleerida.\",\"breadcrumb\":{\"@id\":\"https:\/\/elvtehnika.ee\/test\/epood\/valge-kolari-seinastatiiv-adam-hall-smbs-5-w\/#breadcrumb\"},\"inLanguage\":\"et\",\"potentialAction\":[{\"@type\":\"ReadAction\",\"target\":[\"https:\/\/elvtehnika.ee\/test\/epood\/valge-kolari-seinastatiiv-adam-hall-smbs-5-w\/\"]}]},{\"@type\":\"BreadcrumbList\",\"@id\":\"https:\/\/elvtehnika.ee\/test\/epood\/valge-kolari-seinastatiiv-adam-hall-smbs-5-w\/#breadcrumb\",\"itemListElement\":[{\"@type\":\"ListItem\",\"position\":1,\"name\":\"Home\",\"item\":\"https:\/\/elvtehnika.ee\/test\/\"},{\"@type\":\"ListItem\",\"position\":2,\"name\":\"E-pood\",\"item\":\"https:\/\/elvtehnika.ee\/test\/epood\/\"},{\"@type\":\"ListItem\",\"position\":3,\"name\":\"Valge k\u00f5lari seinastatiiv Adam Hall SMBS 5 W\"}]},{\"@type\":\"WebSite\",\"@id\":\"https:\/\/elvtehnika.ee\/test\/#website\",\"url\":\"https:\/\/elvtehnika.ee\/test\/\",\"name\":\"ELV Tehnika\",\"description\":\"Heli-, valgus- ja esitlustehnika\",\"potentialAction\":[{\"@type\":\"SearchAction\",\"target\":{\"@type\":\"EntryPoint\",\"urlTemplate\":\"https:\/\/elvtehnika.ee\/test\/?s={search_term_string}\"},\"query-input\":\"required name=search_term_string\"}],\"inLanguage\":\"et\"}]}<\/script>\n<!-- \/ Yoast SEO plugin. -->","yoast_head_json":{"title":"Valge k\u00f5lari seinastatiiv Adam Hall SMBS 5 W - ELV Tehnika","description":"Valge k\u00f5lari seinastatiiv Adam Hall SMBS 5, statiiv on valmistatud tugevast metallist ja kaetud valge v\u00e4rviga ning on kandev\u00f5imega kuni 30kg. Statiiv sobitub standardse k\u00f5lari paigalduss\u00fcvise diameetriga 36mm, kaldenurka on v\u00f5imalik reguleerida.","robots":{"index":"noindex","follow":"follow","max-snippet":"max-snippet:-1","max-image-preview":"max-image-preview:large","max-video-preview":"max-video-preview:-1"},"og_locale":"et_EE","og_type":"article","og_title":"Valge k\u00f5lari seinastatiiv Adam Hall SMBS 5 W - ELV Tehnika","og_description":"Valge k\u00f5lari seinastatiiv Adam Hall SMBS 5, statiiv on valmistatud tugevast metallist ja kaetud valge v\u00e4rviga ning on kandev\u00f5imega kuni 30kg. Statiiv sobitub standardse k\u00f5lari paigalduss\u00fcvise diameetriga 36mm, kaldenurka on v\u00f5imalik reguleerida.","og_url":"https:\/\/elvtehnika.ee\/test\/epood\/valge-kolari-seinastatiiv-adam-hall-smbs-5-w\/","og_site_name":"ELV Tehnika","article_modified_time":"2018-12-21T15:30:30+00:00","og_image":[{"width":1000,"height":1000,"url":"https:\/\/elvtehnika.ee\/test\/wp-content\/uploads\/valge-kolari-seinastatiiv-adam-hall-smbs-5-w-2.jpg","type":"image\/jpeg"}],"schema":{"@context":"https:\/\/schema.org","@graph":[{"@type":"WebPage","@id":"https:\/\/elvtehnika.ee\/test\/epood\/valge-kolari-seinastatiiv-adam-hall-smbs-5-w\/","url":"https:\/\/elvtehnika.ee\/test\/epood\/valge-kolari-seinastatiiv-adam-hall-smbs-5-w\/","name":"Valge k\u00f5lari seinastatiiv Adam Hall SMBS 5 W - ELV Tehnika","isPartOf":{"@id":"https:\/\/elvtehnika.ee\/test\/#website"},"datePublished":"2018-04-06T09:59:19+00:00","dateModified":"2018-12-21T15:30:30+00:00","description":"Valge k\u00f5lari seinastatiiv Adam Hall SMBS 5, statiiv on valmistatud tugevast metallist ja kaetud valge v\u00e4rviga ning on kandev\u00f5imega kuni 30kg. Statiiv sobitub standardse k\u00f5lari paigalduss\u00fcvise diameetriga 36mm, kaldenurka on v\u00f5imalik reguleerida.","breadcrumb":{"@id":"https:\/\/elvtehnika.ee\/test\/epood\/valge-kolari-seinastatiiv-adam-hall-smbs-5-w\/#breadcrumb"},"inLanguage":"et","potentialAction":[{"@type":"ReadAction","target":["https:\/\/elvtehnika.ee\/test\/epood\/valge-kolari-seinastatiiv-adam-hall-smbs-5-w\/"]}]},{"@type":"BreadcrumbList","@id":"https:\/\/elvtehnika.ee\/test\/epood\/valge-kolari-seinastatiiv-adam-hall-smbs-5-w\/#breadcrumb","itemListElement":[{"@type":"ListItem","position":1,"name":"Home","item":"https:\/\/elvtehnika.ee\/test\/"},{"@type":"ListItem","position":2,"name":"E-pood","item":"https:\/\/elvtehnika.ee\/test\/epood\/"},{"@type":"ListItem","position":3,"name":"Valge k\u00f5lari seinastatiiv Adam Hall SMBS 5 W"}]},{"@type":"WebSite","@id":"https:\/\/elvtehnika.ee\/test\/#website","url":"https:\/\/elvtehnika.ee\/test\/","name":"ELV Tehnika","description":"Heli-, valgus- ja esitlustehnika","potentialAction":[{"@type":"SearchAction","target":{"@type":"EntryPoint","urlTemplate":"https:\/\/elvtehnika.ee\/test\/?s={search_term_string}"},"query-input":"required name=search_term_string"}],"inLanguage":"et"}]}},"_links":{"self":[{"href":"https:\/\/elvtehnika.ee\/test\/wp-json\/wp\/v2\/product\/11105"}],"collection":[{"href":"https:\/\/elvtehnika.ee\/test\/wp-json\/wp\/v2\/product"}],"about":[{"href":"https:\/\/elvtehnika.ee\/test\/wp-json\/wp\/v2\/types\/product"}],"wp:featuredmedia":[{"embeddable":true,"href":"https:\/\/elvtehnika.ee\/test\/wp-json\/wp\/v2\/media\/8675"}],"wp:attachment":[{"href":"https:\/\/elvtehnika.ee\/test\/wp-json\/wp\/v2\/media?parent=11105"}],"curies":[{"name":"wp","href":"https:\/\/api.w.org\/{rel}","templated":true}]}}