{"id":11120,"date":"2018-03-22T19:11:25","date_gmt":"2018-03-22T17:11:25","guid":{"rendered":"http:\/\/localhost\/plus\/elv3\/epood\/konepult-spider-kott-transportimiseks\/"},"modified":"2018-12-21T17:30:31","modified_gmt":"2018-12-21T15:30:31","slug":"konepult-spider-kott-transportimiseks","status":"publish","type":"product","link":"https:\/\/elvtehnika.ee\/test\/epood\/konepult-spider-kott-transportimiseks\/","title":{"rendered":"K\u00f5nepult Spider + kott transportimiseks"},"content":{"rendered":"","protected":false},"excerpt":{"rendered":"","protected":false},"featured_media":7944,"template":"","meta":[],"acf":[],"yoast_head":"<!-- This site is optimized with the Yoast SEO plugin v20.5 - https:\/\/yoast.com\/wordpress\/plugins\/seo\/ -->\n<title>K\u00f5nepult Spider + kott transportimiseks - ELV Tehnika<\/title>\n<meta name=\"description\" content=\"Lihtsalt kokkuk\u00e4iv ja mugavalt transporditav k\u00f5nepult alumiiniumist jalgade, akr\u00fc\u00fclklaasist plaadiga ning soliidse disainiga\" \/>\n<meta name=\"robots\" content=\"noindex, follow, max-snippet:-1, max-image-preview:large, max-video-preview:-1\" \/>\n<meta property=\"og:locale\" content=\"et_EE\" \/>\n<meta property=\"og:type\" content=\"article\" \/>\n<meta property=\"og:title\" content=\"K\u00f5nepult Spider + kott transportimiseks - ELV Tehnika\" \/>\n<meta property=\"og:description\" content=\"Lihtsalt kokkuk\u00e4iv ja mugavalt transporditav k\u00f5nepult alumiiniumist jalgade, akr\u00fc\u00fclklaasist plaadiga ning soliidse disainiga\" \/>\n<meta property=\"og:url\" content=\"https:\/\/elvtehnika.ee\/test\/epood\/konepult-spider-kott-transportimiseks\/\" \/>\n<meta property=\"og:site_name\" content=\"ELV Tehnika\" \/>\n<meta property=\"article:modified_time\" content=\"2018-12-21T15:30:31+00:00\" \/>\n<meta property=\"og:image\" content=\"https:\/\/elvtehnika.ee\/test\/wp-content\/uploads\/konepult-spider.png\" \/>\n\t<meta property=\"og:image:width\" content=\"1310\" \/>\n\t<meta property=\"og:image:height\" content=\"968\" \/>\n\t<meta property=\"og:image:type\" content=\"image\/png\" \/>\n<script type=\"application\/ld+json\" class=\"yoast-schema-graph\">{\"@context\":\"https:\/\/schema.org\",\"@graph\":[{\"@type\":\"WebPage\",\"@id\":\"https:\/\/elvtehnika.ee\/test\/epood\/konepult-spider-kott-transportimiseks\/\",\"url\":\"https:\/\/elvtehnika.ee\/test\/epood\/konepult-spider-kott-transportimiseks\/\",\"name\":\"K\u00f5nepult Spider + kott transportimiseks - ELV Tehnika\",\"isPartOf\":{\"@id\":\"https:\/\/elvtehnika.ee\/test\/#website\"},\"datePublished\":\"2018-03-22T17:11:25+00:00\",\"dateModified\":\"2018-12-21T15:30:31+00:00\",\"description\":\"Lihtsalt kokkuk\u00e4iv ja mugavalt transporditav k\u00f5nepult alumiiniumist jalgade, akr\u00fc\u00fclklaasist plaadiga ning soliidse disainiga\",\"breadcrumb\":{\"@id\":\"https:\/\/elvtehnika.ee\/test\/epood\/konepult-spider-kott-transportimiseks\/#breadcrumb\"},\"inLanguage\":\"et\",\"potentialAction\":[{\"@type\":\"ReadAction\",\"target\":[\"https:\/\/elvtehnika.ee\/test\/epood\/konepult-spider-kott-transportimiseks\/\"]}]},{\"@type\":\"BreadcrumbList\",\"@id\":\"https:\/\/elvtehnika.ee\/test\/epood\/konepult-spider-kott-transportimiseks\/#breadcrumb\",\"itemListElement\":[{\"@type\":\"ListItem\",\"position\":1,\"name\":\"Home\",\"item\":\"https:\/\/elvtehnika.ee\/test\/\"},{\"@type\":\"ListItem\",\"position\":2,\"name\":\"E-pood\",\"item\":\"https:\/\/elvtehnika.ee\/test\/epood\/\"},{\"@type\":\"ListItem\",\"position\":3,\"name\":\"K\u00f5nepult Spider + kott transportimiseks\"}]},{\"@type\":\"WebSite\",\"@id\":\"https:\/\/elvtehnika.ee\/test\/#website\",\"url\":\"https:\/\/elvtehnika.ee\/test\/\",\"name\":\"ELV Tehnika\",\"description\":\"Heli-, valgus- ja esitlustehnika\",\"potentialAction\":[{\"@type\":\"SearchAction\",\"target\":{\"@type\":\"EntryPoint\",\"urlTemplate\":\"https:\/\/elvtehnika.ee\/test\/?s={search_term_string}\"},\"query-input\":\"required name=search_term_string\"}],\"inLanguage\":\"et\"}]}<\/script>\n<!-- \/ Yoast SEO plugin. -->","yoast_head_json":{"title":"K\u00f5nepult Spider + kott transportimiseks - ELV Tehnika","description":"Lihtsalt kokkuk\u00e4iv ja mugavalt transporditav k\u00f5nepult alumiiniumist jalgade, akr\u00fc\u00fclklaasist plaadiga ning soliidse disainiga","robots":{"index":"noindex","follow":"follow","max-snippet":"max-snippet:-1","max-image-preview":"max-image-preview:large","max-video-preview":"max-video-preview:-1"},"og_locale":"et_EE","og_type":"article","og_title":"K\u00f5nepult Spider + kott transportimiseks - ELV Tehnika","og_description":"Lihtsalt kokkuk\u00e4iv ja mugavalt transporditav k\u00f5nepult alumiiniumist jalgade, akr\u00fc\u00fclklaasist plaadiga ning soliidse disainiga","og_url":"https:\/\/elvtehnika.ee\/test\/epood\/konepult-spider-kott-transportimiseks\/","og_site_name":"ELV Tehnika","article_modified_time":"2018-12-21T15:30:31+00:00","og_image":[{"width":1310,"height":968,"url":"https:\/\/elvtehnika.ee\/test\/wp-content\/uploads\/konepult-spider.png","type":"image\/png"}],"schema":{"@context":"https:\/\/schema.org","@graph":[{"@type":"WebPage","@id":"https:\/\/elvtehnika.ee\/test\/epood\/konepult-spider-kott-transportimiseks\/","url":"https:\/\/elvtehnika.ee\/test\/epood\/konepult-spider-kott-transportimiseks\/","name":"K\u00f5nepult Spider + kott transportimiseks - ELV Tehnika","isPartOf":{"@id":"https:\/\/elvtehnika.ee\/test\/#website"},"datePublished":"2018-03-22T17:11:25+00:00","dateModified":"2018-12-21T15:30:31+00:00","description":"Lihtsalt kokkuk\u00e4iv ja mugavalt transporditav k\u00f5nepult alumiiniumist jalgade, akr\u00fc\u00fclklaasist plaadiga ning soliidse disainiga","breadcrumb":{"@id":"https:\/\/elvtehnika.ee\/test\/epood\/konepult-spider-kott-transportimiseks\/#breadcrumb"},"inLanguage":"et","potentialAction":[{"@type":"ReadAction","target":["https:\/\/elvtehnika.ee\/test\/epood\/konepult-spider-kott-transportimiseks\/"]}]},{"@type":"BreadcrumbList","@id":"https:\/\/elvtehnika.ee\/test\/epood\/konepult-spider-kott-transportimiseks\/#breadcrumb","itemListElement":[{"@type":"ListItem","position":1,"name":"Home","item":"https:\/\/elvtehnika.ee\/test\/"},{"@type":"ListItem","position":2,"name":"E-pood","item":"https:\/\/elvtehnika.ee\/test\/epood\/"},{"@type":"ListItem","position":3,"name":"K\u00f5nepult Spider + kott transportimiseks"}]},{"@type":"WebSite","@id":"https:\/\/elvtehnika.ee\/test\/#website","url":"https:\/\/elvtehnika.ee\/test\/","name":"ELV Tehnika","description":"Heli-, valgus- ja esitlustehnika","potentialAction":[{"@type":"SearchAction","target":{"@type":"EntryPoint","urlTemplate":"https:\/\/elvtehnika.ee\/test\/?s={search_term_string}"},"query-input":"required name=search_term_string"}],"inLanguage":"et"}]}},"_links":{"self":[{"href":"https:\/\/elvtehnika.ee\/test\/wp-json\/wp\/v2\/product\/11120"}],"collection":[{"href":"https:\/\/elvtehnika.ee\/test\/wp-json\/wp\/v2\/product"}],"about":[{"href":"https:\/\/elvtehnika.ee\/test\/wp-json\/wp\/v2\/types\/product"}],"wp:featuredmedia":[{"embeddable":true,"href":"https:\/\/elvtehnika.ee\/test\/wp-json\/wp\/v2\/media\/7944"}],"wp:attachment":[{"href":"https:\/\/elvtehnika.ee\/test\/wp-json\/wp\/v2\/media?parent=11120"}],"curies":[{"name":"wp","href":"https:\/\/api.w.org\/{rel}","templated":true}]}}