{"id":11123,"date":"2018-03-03T21:22:49","date_gmt":"2018-03-03T19:22:49","guid":{"rendered":"http:\/\/localhost\/plus\/elv3\/epood\/lavolta-beamer-stander-beamerwagen-projektor-rollwagen-geratewagen-verstellbar-stehpulte\/"},"modified":"2018-12-21T17:30:31","modified_gmt":"2018-12-21T15:30:31","slug":"lavolta-beamer-stander-beamerwagen-projektor-rollwagen-geratewagen-verstellbar-stehpulte","status":"publish","type":"product","link":"https:\/\/elvtehnika.ee\/test\/epood\/lavolta-beamer-stander-beamerwagen-projektor-rollwagen-geratewagen-verstellbar-stehpulte\/","title":{"rendered":"Projektori v\u00f5i l\u00e4ptopi statiiv Lavolta\u00ae"},"content":{"rendered":"","protected":false},"excerpt":{"rendered":"","protected":false},"featured_media":8179,"template":"","meta":[],"acf":[],"yoast_head":"<!-- This site is optimized with the Yoast SEO plugin v20.5 - https:\/\/yoast.com\/wordpress\/plugins\/seo\/ -->\n<title>Projektori v\u00f5i l\u00e4ptopi statiiv Lavolta\u00ae - ELV Tehnika<\/title>\n<meta name=\"description\" content=\"Stabiilse, muudetava k\u00f5rgusega ja mitmek\u00fclgselt kasutatav ratastega statiiv, mis sobib muuhulgas projektorite ja l\u00e4ptopide alusena.\" \/>\n<meta name=\"robots\" content=\"noindex, follow, max-snippet:-1, max-image-preview:large, max-video-preview:-1\" \/>\n<meta property=\"og:locale\" content=\"et_EE\" \/>\n<meta property=\"og:type\" content=\"article\" \/>\n<meta property=\"og:title\" content=\"Projektori v\u00f5i l\u00e4ptopi statiiv Lavolta\u00ae - ELV Tehnika\" \/>\n<meta property=\"og:description\" content=\"Stabiilse, muudetava k\u00f5rgusega ja mitmek\u00fclgselt kasutatav ratastega statiiv, mis sobib muuhulgas projektorite ja l\u00e4ptopide alusena.\" \/>\n<meta property=\"og:url\" content=\"https:\/\/elvtehnika.ee\/test\/epood\/lavolta-beamer-stander-beamerwagen-projektor-rollwagen-geratewagen-verstellbar-stehpulte\/\" \/>\n<meta property=\"og:site_name\" content=\"ELV Tehnika\" \/>\n<meta property=\"article:modified_time\" content=\"2018-12-21T15:30:31+00:00\" \/>\n<meta property=\"og:image\" content=\"https:\/\/elvtehnika.ee\/test\/wp-content\/uploads\/statiiv.jpg\" \/>\n\t<meta property=\"og:image:width\" content=\"500\" \/>\n\t<meta property=\"og:image:height\" content=\"375\" \/>\n\t<meta property=\"og:image:type\" content=\"image\/jpeg\" \/>\n<script type=\"application\/ld+json\" class=\"yoast-schema-graph\">{\"@context\":\"https:\/\/schema.org\",\"@graph\":[{\"@type\":\"WebPage\",\"@id\":\"https:\/\/elvtehnika.ee\/test\/epood\/lavolta-beamer-stander-beamerwagen-projektor-rollwagen-geratewagen-verstellbar-stehpulte\/\",\"url\":\"https:\/\/elvtehnika.ee\/test\/epood\/lavolta-beamer-stander-beamerwagen-projektor-rollwagen-geratewagen-verstellbar-stehpulte\/\",\"name\":\"Projektori v\u00f5i l\u00e4ptopi statiiv Lavolta\u00ae - ELV Tehnika\",\"isPartOf\":{\"@id\":\"https:\/\/elvtehnika.ee\/test\/#website\"},\"datePublished\":\"2018-03-03T19:22:49+00:00\",\"dateModified\":\"2018-12-21T15:30:31+00:00\",\"description\":\"Stabiilse, muudetava k\u00f5rgusega ja mitmek\u00fclgselt kasutatav ratastega statiiv, mis sobib muuhulgas projektorite ja l\u00e4ptopide alusena.\",\"breadcrumb\":{\"@id\":\"https:\/\/elvtehnika.ee\/test\/epood\/lavolta-beamer-stander-beamerwagen-projektor-rollwagen-geratewagen-verstellbar-stehpulte\/#breadcrumb\"},\"inLanguage\":\"et\",\"potentialAction\":[{\"@type\":\"ReadAction\",\"target\":[\"https:\/\/elvtehnika.ee\/test\/epood\/lavolta-beamer-stander-beamerwagen-projektor-rollwagen-geratewagen-verstellbar-stehpulte\/\"]}]},{\"@type\":\"BreadcrumbList\",\"@id\":\"https:\/\/elvtehnika.ee\/test\/epood\/lavolta-beamer-stander-beamerwagen-projektor-rollwagen-geratewagen-verstellbar-stehpulte\/#breadcrumb\",\"itemListElement\":[{\"@type\":\"ListItem\",\"position\":1,\"name\":\"Home\",\"item\":\"https:\/\/elvtehnika.ee\/test\/\"},{\"@type\":\"ListItem\",\"position\":2,\"name\":\"E-pood\",\"item\":\"https:\/\/elvtehnika.ee\/test\/epood\/\"},{\"@type\":\"ListItem\",\"position\":3,\"name\":\"Projektori v\u00f5i l\u00e4ptopi statiiv Lavolta\u00ae\"}]},{\"@type\":\"WebSite\",\"@id\":\"https:\/\/elvtehnika.ee\/test\/#website\",\"url\":\"https:\/\/elvtehnika.ee\/test\/\",\"name\":\"ELV Tehnika\",\"description\":\"Heli-, valgus- ja esitlustehnika\",\"potentialAction\":[{\"@type\":\"SearchAction\",\"target\":{\"@type\":\"EntryPoint\",\"urlTemplate\":\"https:\/\/elvtehnika.ee\/test\/?s={search_term_string}\"},\"query-input\":\"required name=search_term_string\"}],\"inLanguage\":\"et\"}]}<\/script>\n<!-- \/ Yoast SEO plugin. -->","yoast_head_json":{"title":"Projektori v\u00f5i l\u00e4ptopi statiiv Lavolta\u00ae - ELV Tehnika","description":"Stabiilse, muudetava k\u00f5rgusega ja mitmek\u00fclgselt kasutatav ratastega statiiv, mis sobib muuhulgas projektorite ja l\u00e4ptopide alusena.","robots":{"index":"noindex","follow":"follow","max-snippet":"max-snippet:-1","max-image-preview":"max-image-preview:large","max-video-preview":"max-video-preview:-1"},"og_locale":"et_EE","og_type":"article","og_title":"Projektori v\u00f5i l\u00e4ptopi statiiv Lavolta\u00ae - ELV Tehnika","og_description":"Stabiilse, muudetava k\u00f5rgusega ja mitmek\u00fclgselt kasutatav ratastega statiiv, mis sobib muuhulgas projektorite ja l\u00e4ptopide alusena.","og_url":"https:\/\/elvtehnika.ee\/test\/epood\/lavolta-beamer-stander-beamerwagen-projektor-rollwagen-geratewagen-verstellbar-stehpulte\/","og_site_name":"ELV Tehnika","article_modified_time":"2018-12-21T15:30:31+00:00","og_image":[{"width":500,"height":375,"url":"https:\/\/elvtehnika.ee\/test\/wp-content\/uploads\/statiiv.jpg","type":"image\/jpeg"}],"schema":{"@context":"https:\/\/schema.org","@graph":[{"@type":"WebPage","@id":"https:\/\/elvtehnika.ee\/test\/epood\/lavolta-beamer-stander-beamerwagen-projektor-rollwagen-geratewagen-verstellbar-stehpulte\/","url":"https:\/\/elvtehnika.ee\/test\/epood\/lavolta-beamer-stander-beamerwagen-projektor-rollwagen-geratewagen-verstellbar-stehpulte\/","name":"Projektori v\u00f5i l\u00e4ptopi statiiv Lavolta\u00ae - ELV Tehnika","isPartOf":{"@id":"https:\/\/elvtehnika.ee\/test\/#website"},"datePublished":"2018-03-03T19:22:49+00:00","dateModified":"2018-12-21T15:30:31+00:00","description":"Stabiilse, muudetava k\u00f5rgusega ja mitmek\u00fclgselt kasutatav ratastega statiiv, mis sobib muuhulgas projektorite ja l\u00e4ptopide alusena.","breadcrumb":{"@id":"https:\/\/elvtehnika.ee\/test\/epood\/lavolta-beamer-stander-beamerwagen-projektor-rollwagen-geratewagen-verstellbar-stehpulte\/#breadcrumb"},"inLanguage":"et","potentialAction":[{"@type":"ReadAction","target":["https:\/\/elvtehnika.ee\/test\/epood\/lavolta-beamer-stander-beamerwagen-projektor-rollwagen-geratewagen-verstellbar-stehpulte\/"]}]},{"@type":"BreadcrumbList","@id":"https:\/\/elvtehnika.ee\/test\/epood\/lavolta-beamer-stander-beamerwagen-projektor-rollwagen-geratewagen-verstellbar-stehpulte\/#breadcrumb","itemListElement":[{"@type":"ListItem","position":1,"name":"Home","item":"https:\/\/elvtehnika.ee\/test\/"},{"@type":"ListItem","position":2,"name":"E-pood","item":"https:\/\/elvtehnika.ee\/test\/epood\/"},{"@type":"ListItem","position":3,"name":"Projektori v\u00f5i l\u00e4ptopi statiiv Lavolta\u00ae"}]},{"@type":"WebSite","@id":"https:\/\/elvtehnika.ee\/test\/#website","url":"https:\/\/elvtehnika.ee\/test\/","name":"ELV Tehnika","description":"Heli-, valgus- ja esitlustehnika","potentialAction":[{"@type":"SearchAction","target":{"@type":"EntryPoint","urlTemplate":"https:\/\/elvtehnika.ee\/test\/?s={search_term_string}"},"query-input":"required name=search_term_string"}],"inLanguage":"et"}]}},"_links":{"self":[{"href":"https:\/\/elvtehnika.ee\/test\/wp-json\/wp\/v2\/product\/11123"}],"collection":[{"href":"https:\/\/elvtehnika.ee\/test\/wp-json\/wp\/v2\/product"}],"about":[{"href":"https:\/\/elvtehnika.ee\/test\/wp-json\/wp\/v2\/types\/product"}],"wp:featuredmedia":[{"embeddable":true,"href":"https:\/\/elvtehnika.ee\/test\/wp-json\/wp\/v2\/media\/8179"}],"wp:attachment":[{"href":"https:\/\/elvtehnika.ee\/test\/wp-json\/wp\/v2\/media?parent=11123"}],"curies":[{"name":"wp","href":"https:\/\/api.w.org\/{rel}","templated":true}]}}