{"id":11141,"date":"2018-01-21T17:18:53","date_gmt":"2018-01-21T15:18:53","guid":{"rendered":"http:\/\/localhost\/plus\/elv3\/epood\/konepult-dt-lct-curved\/"},"modified":"2018-12-21T17:30:32","modified_gmt":"2018-12-21T15:30:32","slug":"konepult-dt-lct-curved","status":"publish","type":"product","link":"https:\/\/elvtehnika.ee\/test\/epood\/konepult-dt-lct-curved\/","title":{"rendered":"K\u00f5nepult Duratruss DT LCT-Curved"},"content":{"rendered":"","protected":false},"excerpt":{"rendered":"","protected":false},"featured_media":7689,"template":"","meta":[],"acf":[],"yoast_head":"<!-- This site is optimized with the Yoast SEO plugin v20.5 - https:\/\/yoast.com\/wordpress\/plugins\/seo\/ -->\n<title>K\u00f5nepult Duratruss DT LCT-Curved - ELV Tehnika<\/title>\n<meta name=\"description\" content=\"Esinejapult DT LCT-Curved on abivahend, mis on m\u00f5eldud esitluste ja ettekannete l\u00e4biviimiseks. Pult on valmistatud metallist ja on halli tooniga.\" \/>\n<meta name=\"robots\" content=\"noindex, follow, max-snippet:-1, max-image-preview:large, max-video-preview:-1\" \/>\n<meta property=\"og:locale\" content=\"et_EE\" \/>\n<meta property=\"og:type\" content=\"article\" \/>\n<meta property=\"og:title\" content=\"K\u00f5nepult Duratruss DT LCT-Curved - ELV Tehnika\" \/>\n<meta property=\"og:description\" content=\"Esinejapult DT LCT-Curved on abivahend, mis on m\u00f5eldud esitluste ja ettekannete l\u00e4biviimiseks. Pult on valmistatud metallist ja on halli tooniga.\" \/>\n<meta property=\"og:url\" content=\"https:\/\/elvtehnika.ee\/test\/epood\/konepult-dt-lct-curved\/\" \/>\n<meta property=\"og:site_name\" content=\"ELV Tehnika\" \/>\n<meta property=\"article:modified_time\" content=\"2018-12-21T15:30:32+00:00\" \/>\n<meta property=\"og:image\" content=\"https:\/\/elvtehnika.ee\/test\/wp-content\/uploads\/noodipult-dt-lct_curved.jpg\" \/>\n\t<meta property=\"og:image:width\" content=\"1100\" \/>\n\t<meta property=\"og:image:height\" content=\"1100\" \/>\n\t<meta property=\"og:image:type\" content=\"image\/jpeg\" \/>\n<script type=\"application\/ld+json\" class=\"yoast-schema-graph\">{\"@context\":\"https:\/\/schema.org\",\"@graph\":[{\"@type\":\"WebPage\",\"@id\":\"https:\/\/elvtehnika.ee\/test\/epood\/konepult-dt-lct-curved\/\",\"url\":\"https:\/\/elvtehnika.ee\/test\/epood\/konepult-dt-lct-curved\/\",\"name\":\"K\u00f5nepult Duratruss DT LCT-Curved - ELV Tehnika\",\"isPartOf\":{\"@id\":\"https:\/\/elvtehnika.ee\/test\/#website\"},\"datePublished\":\"2018-01-21T15:18:53+00:00\",\"dateModified\":\"2018-12-21T15:30:32+00:00\",\"description\":\"Esinejapult DT LCT-Curved on abivahend, mis on m\u00f5eldud esitluste ja ettekannete l\u00e4biviimiseks. Pult on valmistatud metallist ja on halli tooniga.\",\"breadcrumb\":{\"@id\":\"https:\/\/elvtehnika.ee\/test\/epood\/konepult-dt-lct-curved\/#breadcrumb\"},\"inLanguage\":\"et\",\"potentialAction\":[{\"@type\":\"ReadAction\",\"target\":[\"https:\/\/elvtehnika.ee\/test\/epood\/konepult-dt-lct-curved\/\"]}]},{\"@type\":\"BreadcrumbList\",\"@id\":\"https:\/\/elvtehnika.ee\/test\/epood\/konepult-dt-lct-curved\/#breadcrumb\",\"itemListElement\":[{\"@type\":\"ListItem\",\"position\":1,\"name\":\"Home\",\"item\":\"https:\/\/elvtehnika.ee\/test\/\"},{\"@type\":\"ListItem\",\"position\":2,\"name\":\"E-pood\",\"item\":\"https:\/\/elvtehnika.ee\/test\/epood\/\"},{\"@type\":\"ListItem\",\"position\":3,\"name\":\"K\u00f5nepult Duratruss DT LCT-Curved\"}]},{\"@type\":\"WebSite\",\"@id\":\"https:\/\/elvtehnika.ee\/test\/#website\",\"url\":\"https:\/\/elvtehnika.ee\/test\/\",\"name\":\"ELV Tehnika\",\"description\":\"Heli-, valgus- ja esitlustehnika\",\"potentialAction\":[{\"@type\":\"SearchAction\",\"target\":{\"@type\":\"EntryPoint\",\"urlTemplate\":\"https:\/\/elvtehnika.ee\/test\/?s={search_term_string}\"},\"query-input\":\"required name=search_term_string\"}],\"inLanguage\":\"et\"}]}<\/script>\n<!-- \/ Yoast SEO plugin. -->","yoast_head_json":{"title":"K\u00f5nepult Duratruss DT LCT-Curved - ELV Tehnika","description":"Esinejapult DT LCT-Curved on abivahend, mis on m\u00f5eldud esitluste ja ettekannete l\u00e4biviimiseks. Pult on valmistatud metallist ja on halli tooniga.","robots":{"index":"noindex","follow":"follow","max-snippet":"max-snippet:-1","max-image-preview":"max-image-preview:large","max-video-preview":"max-video-preview:-1"},"og_locale":"et_EE","og_type":"article","og_title":"K\u00f5nepult Duratruss DT LCT-Curved - ELV Tehnika","og_description":"Esinejapult DT LCT-Curved on abivahend, mis on m\u00f5eldud esitluste ja ettekannete l\u00e4biviimiseks. Pult on valmistatud metallist ja on halli tooniga.","og_url":"https:\/\/elvtehnika.ee\/test\/epood\/konepult-dt-lct-curved\/","og_site_name":"ELV Tehnika","article_modified_time":"2018-12-21T15:30:32+00:00","og_image":[{"width":1100,"height":1100,"url":"https:\/\/elvtehnika.ee\/test\/wp-content\/uploads\/noodipult-dt-lct_curved.jpg","type":"image\/jpeg"}],"schema":{"@context":"https:\/\/schema.org","@graph":[{"@type":"WebPage","@id":"https:\/\/elvtehnika.ee\/test\/epood\/konepult-dt-lct-curved\/","url":"https:\/\/elvtehnika.ee\/test\/epood\/konepult-dt-lct-curved\/","name":"K\u00f5nepult Duratruss DT LCT-Curved - ELV Tehnika","isPartOf":{"@id":"https:\/\/elvtehnika.ee\/test\/#website"},"datePublished":"2018-01-21T15:18:53+00:00","dateModified":"2018-12-21T15:30:32+00:00","description":"Esinejapult DT LCT-Curved on abivahend, mis on m\u00f5eldud esitluste ja ettekannete l\u00e4biviimiseks. Pult on valmistatud metallist ja on halli tooniga.","breadcrumb":{"@id":"https:\/\/elvtehnika.ee\/test\/epood\/konepult-dt-lct-curved\/#breadcrumb"},"inLanguage":"et","potentialAction":[{"@type":"ReadAction","target":["https:\/\/elvtehnika.ee\/test\/epood\/konepult-dt-lct-curved\/"]}]},{"@type":"BreadcrumbList","@id":"https:\/\/elvtehnika.ee\/test\/epood\/konepult-dt-lct-curved\/#breadcrumb","itemListElement":[{"@type":"ListItem","position":1,"name":"Home","item":"https:\/\/elvtehnika.ee\/test\/"},{"@type":"ListItem","position":2,"name":"E-pood","item":"https:\/\/elvtehnika.ee\/test\/epood\/"},{"@type":"ListItem","position":3,"name":"K\u00f5nepult Duratruss DT LCT-Curved"}]},{"@type":"WebSite","@id":"https:\/\/elvtehnika.ee\/test\/#website","url":"https:\/\/elvtehnika.ee\/test\/","name":"ELV Tehnika","description":"Heli-, valgus- ja esitlustehnika","potentialAction":[{"@type":"SearchAction","target":{"@type":"EntryPoint","urlTemplate":"https:\/\/elvtehnika.ee\/test\/?s={search_term_string}"},"query-input":"required name=search_term_string"}],"inLanguage":"et"}]}},"_links":{"self":[{"href":"https:\/\/elvtehnika.ee\/test\/wp-json\/wp\/v2\/product\/11141"}],"collection":[{"href":"https:\/\/elvtehnika.ee\/test\/wp-json\/wp\/v2\/product"}],"about":[{"href":"https:\/\/elvtehnika.ee\/test\/wp-json\/wp\/v2\/types\/product"}],"wp:featuredmedia":[{"embeddable":true,"href":"https:\/\/elvtehnika.ee\/test\/wp-json\/wp\/v2\/media\/7689"}],"wp:attachment":[{"href":"https:\/\/elvtehnika.ee\/test\/wp-json\/wp\/v2\/media?parent=11141"}],"curies":[{"name":"wp","href":"https:\/\/api.w.org\/{rel}","templated":true}]}}