{"id":11155,"date":"2018-01-12T17:34:55","date_gmt":"2018-01-12T15:34:55","guid":{"rendered":"http:\/\/localhost\/plus\/elv3\/epood\/kaamera-aver-cam-530-full-hd-1080p-60fps-plug-and-play-usb-hdmi\/"},"modified":"2018-12-21T17:30:33","modified_gmt":"2018-12-21T15:30:33","slug":"kaamera-aver-cam-530-full-hd-1080p-60fps-plug-and-play-usb-hdmi","status":"publish","type":"product","link":"https:\/\/elvtehnika.ee\/test\/epood\/kaamera-aver-cam-530-full-hd-1080p-60fps-plug-and-play-usb-hdmi\/","title":{"rendered":"Kaamera AVer Cam 530 Full HD 1080p 60fps Plug and Play USB + HDMI"},"content":{"rendered":"","protected":false},"excerpt":{"rendered":"","protected":false},"featured_media":7707,"template":"","meta":[],"acf":[],"yoast_head":"<!-- This site is optimized with the Yoast SEO plugin v20.5 - https:\/\/yoast.com\/wordpress\/plugins\/seo\/ -->\n<title>Kaamera AVer Cam 530 Full HD 1080p 60fps Plug and Play USB + HDMI - ELV Tehnika<\/title>\n<meta name=\"description\" content=\"Kaamera AVer Cam530 Full HD 1080p 60fps Plug &amp; Play on m\u00f5eldud detailse ja sujuva videopildi edastamiseks konverentsidel v\u00f5i muudel \u00fcritustel, USB + HDMI\" \/>\n<meta name=\"robots\" content=\"noindex, follow, max-snippet:-1, max-image-preview:large, max-video-preview:-1\" \/>\n<meta property=\"og:locale\" content=\"et_EE\" \/>\n<meta property=\"og:type\" content=\"article\" \/>\n<meta property=\"og:title\" content=\"Kaamera AVer Cam 530 Full HD 1080p 60fps Plug and Play USB + HDMI - ELV Tehnika\" \/>\n<meta property=\"og:description\" content=\"Kaamera AVer Cam530 Full HD 1080p 60fps Plug &amp; Play on m\u00f5eldud detailse ja sujuva videopildi edastamiseks konverentsidel v\u00f5i muudel \u00fcritustel, USB + HDMI\" \/>\n<meta property=\"og:url\" content=\"https:\/\/elvtehnika.ee\/test\/epood\/kaamera-aver-cam-530-full-hd-1080p-60fps-plug-and-play-usb-hdmi\/\" \/>\n<meta property=\"og:site_name\" content=\"ELV Tehnika\" \/>\n<meta property=\"article:modified_time\" content=\"2018-12-21T15:30:33+00:00\" \/>\n<meta property=\"og:image\" content=\"https:\/\/elvtehnika.ee\/test\/wp-content\/uploads\/aver-cam530-ptz-camera.jpg\" \/>\n\t<meta property=\"og:image:width\" content=\"1000\" \/>\n\t<meta property=\"og:image:height\" content=\"1000\" \/>\n\t<meta property=\"og:image:type\" content=\"image\/jpeg\" \/>\n<script type=\"application\/ld+json\" class=\"yoast-schema-graph\">{\"@context\":\"https:\/\/schema.org\",\"@graph\":[{\"@type\":\"WebPage\",\"@id\":\"https:\/\/elvtehnika.ee\/test\/epood\/kaamera-aver-cam-530-full-hd-1080p-60fps-plug-and-play-usb-hdmi\/\",\"url\":\"https:\/\/elvtehnika.ee\/test\/epood\/kaamera-aver-cam-530-full-hd-1080p-60fps-plug-and-play-usb-hdmi\/\",\"name\":\"Kaamera AVer Cam 530 Full HD 1080p 60fps Plug and Play USB + HDMI - ELV Tehnika\",\"isPartOf\":{\"@id\":\"https:\/\/elvtehnika.ee\/test\/#website\"},\"datePublished\":\"2018-01-12T15:34:55+00:00\",\"dateModified\":\"2018-12-21T15:30:33+00:00\",\"description\":\"Kaamera AVer Cam530 Full HD 1080p 60fps Plug & Play on m\u00f5eldud detailse ja sujuva videopildi edastamiseks konverentsidel v\u00f5i muudel \u00fcritustel, USB + HDMI\",\"breadcrumb\":{\"@id\":\"https:\/\/elvtehnika.ee\/test\/epood\/kaamera-aver-cam-530-full-hd-1080p-60fps-plug-and-play-usb-hdmi\/#breadcrumb\"},\"inLanguage\":\"et\",\"potentialAction\":[{\"@type\":\"ReadAction\",\"target\":[\"https:\/\/elvtehnika.ee\/test\/epood\/kaamera-aver-cam-530-full-hd-1080p-60fps-plug-and-play-usb-hdmi\/\"]}]},{\"@type\":\"BreadcrumbList\",\"@id\":\"https:\/\/elvtehnika.ee\/test\/epood\/kaamera-aver-cam-530-full-hd-1080p-60fps-plug-and-play-usb-hdmi\/#breadcrumb\",\"itemListElement\":[{\"@type\":\"ListItem\",\"position\":1,\"name\":\"Home\",\"item\":\"https:\/\/elvtehnika.ee\/test\/\"},{\"@type\":\"ListItem\",\"position\":2,\"name\":\"E-pood\",\"item\":\"https:\/\/elvtehnika.ee\/test\/epood\/\"},{\"@type\":\"ListItem\",\"position\":3,\"name\":\"Kaamera AVer Cam 530 Full HD 1080p 60fps Plug and Play USB + HDMI\"}]},{\"@type\":\"WebSite\",\"@id\":\"https:\/\/elvtehnika.ee\/test\/#website\",\"url\":\"https:\/\/elvtehnika.ee\/test\/\",\"name\":\"ELV Tehnika\",\"description\":\"Heli-, valgus- ja esitlustehnika\",\"potentialAction\":[{\"@type\":\"SearchAction\",\"target\":{\"@type\":\"EntryPoint\",\"urlTemplate\":\"https:\/\/elvtehnika.ee\/test\/?s={search_term_string}\"},\"query-input\":\"required name=search_term_string\"}],\"inLanguage\":\"et\"}]}<\/script>\n<!-- \/ Yoast SEO plugin. -->","yoast_head_json":{"title":"Kaamera AVer Cam 530 Full HD 1080p 60fps Plug and Play USB + HDMI - ELV Tehnika","description":"Kaamera AVer Cam530 Full HD 1080p 60fps Plug & Play on m\u00f5eldud detailse ja sujuva videopildi edastamiseks konverentsidel v\u00f5i muudel \u00fcritustel, USB + HDMI","robots":{"index":"noindex","follow":"follow","max-snippet":"max-snippet:-1","max-image-preview":"max-image-preview:large","max-video-preview":"max-video-preview:-1"},"og_locale":"et_EE","og_type":"article","og_title":"Kaamera AVer Cam 530 Full HD 1080p 60fps Plug and Play USB + HDMI - ELV Tehnika","og_description":"Kaamera AVer Cam530 Full HD 1080p 60fps Plug & Play on m\u00f5eldud detailse ja sujuva videopildi edastamiseks konverentsidel v\u00f5i muudel \u00fcritustel, USB + HDMI","og_url":"https:\/\/elvtehnika.ee\/test\/epood\/kaamera-aver-cam-530-full-hd-1080p-60fps-plug-and-play-usb-hdmi\/","og_site_name":"ELV Tehnika","article_modified_time":"2018-12-21T15:30:33+00:00","og_image":[{"width":1000,"height":1000,"url":"https:\/\/elvtehnika.ee\/test\/wp-content\/uploads\/aver-cam530-ptz-camera.jpg","type":"image\/jpeg"}],"schema":{"@context":"https:\/\/schema.org","@graph":[{"@type":"WebPage","@id":"https:\/\/elvtehnika.ee\/test\/epood\/kaamera-aver-cam-530-full-hd-1080p-60fps-plug-and-play-usb-hdmi\/","url":"https:\/\/elvtehnika.ee\/test\/epood\/kaamera-aver-cam-530-full-hd-1080p-60fps-plug-and-play-usb-hdmi\/","name":"Kaamera AVer Cam 530 Full HD 1080p 60fps Plug and Play USB + HDMI - ELV Tehnika","isPartOf":{"@id":"https:\/\/elvtehnika.ee\/test\/#website"},"datePublished":"2018-01-12T15:34:55+00:00","dateModified":"2018-12-21T15:30:33+00:00","description":"Kaamera AVer Cam530 Full HD 1080p 60fps Plug & Play on m\u00f5eldud detailse ja sujuva videopildi edastamiseks konverentsidel v\u00f5i muudel \u00fcritustel, USB + HDMI","breadcrumb":{"@id":"https:\/\/elvtehnika.ee\/test\/epood\/kaamera-aver-cam-530-full-hd-1080p-60fps-plug-and-play-usb-hdmi\/#breadcrumb"},"inLanguage":"et","potentialAction":[{"@type":"ReadAction","target":["https:\/\/elvtehnika.ee\/test\/epood\/kaamera-aver-cam-530-full-hd-1080p-60fps-plug-and-play-usb-hdmi\/"]}]},{"@type":"BreadcrumbList","@id":"https:\/\/elvtehnika.ee\/test\/epood\/kaamera-aver-cam-530-full-hd-1080p-60fps-plug-and-play-usb-hdmi\/#breadcrumb","itemListElement":[{"@type":"ListItem","position":1,"name":"Home","item":"https:\/\/elvtehnika.ee\/test\/"},{"@type":"ListItem","position":2,"name":"E-pood","item":"https:\/\/elvtehnika.ee\/test\/epood\/"},{"@type":"ListItem","position":3,"name":"Kaamera AVer Cam 530 Full HD 1080p 60fps Plug and Play USB + HDMI"}]},{"@type":"WebSite","@id":"https:\/\/elvtehnika.ee\/test\/#website","url":"https:\/\/elvtehnika.ee\/test\/","name":"ELV Tehnika","description":"Heli-, valgus- ja esitlustehnika","potentialAction":[{"@type":"SearchAction","target":{"@type":"EntryPoint","urlTemplate":"https:\/\/elvtehnika.ee\/test\/?s={search_term_string}"},"query-input":"required name=search_term_string"}],"inLanguage":"et"}]}},"_links":{"self":[{"href":"https:\/\/elvtehnika.ee\/test\/wp-json\/wp\/v2\/product\/11155"}],"collection":[{"href":"https:\/\/elvtehnika.ee\/test\/wp-json\/wp\/v2\/product"}],"about":[{"href":"https:\/\/elvtehnika.ee\/test\/wp-json\/wp\/v2\/types\/product"}],"wp:featuredmedia":[{"embeddable":true,"href":"https:\/\/elvtehnika.ee\/test\/wp-json\/wp\/v2\/media\/7707"}],"wp:attachment":[{"href":"https:\/\/elvtehnika.ee\/test\/wp-json\/wp\/v2\/media?parent=11155"}],"curies":[{"name":"wp","href":"https:\/\/api.w.org\/{rel}","templated":true}]}}