{"id":11156,"date":"2018-01-12T13:38:04","date_gmt":"2018-01-12T11:38:04","guid":{"rendered":"http:\/\/localhost\/plus\/elv3\/epood\/digitaalne-helipult-soundcraft-ui24r\/"},"modified":"2018-12-21T17:30:33","modified_gmt":"2018-12-21T15:30:33","slug":"digitaalne-helipult-soundcraft-ui24r","status":"publish","type":"product","link":"https:\/\/elvtehnika.ee\/test\/epood\/digitaalne-helipult-soundcraft-ui24r\/","title":{"rendered":"Digitaalne helipult Soundcraft Ui24R"},"content":{"rendered":"","protected":false},"excerpt":{"rendered":"","protected":false},"featured_media":7501,"template":"","meta":[],"acf":[],"yoast_head":"<!-- This site is optimized with the Yoast SEO plugin v20.5 - https:\/\/yoast.com\/wordpress\/plugins\/seo\/ -->\n<title>Digitaalne helipult Soundcraft Ui24R - ELV Tehnika<\/title>\n<meta name=\"description\" content=\"Digitaalne helipult Soundcraft Ui24R, sobib h\u00e4sti muusikutele ja b\u00e4ndidele, sisse ehitatud WiFi-ga, Juhitav kuni 10-st seadmest \u00fcheaegselt\" \/>\n<meta name=\"robots\" content=\"noindex, follow, max-snippet:-1, max-image-preview:large, max-video-preview:-1\" \/>\n<meta property=\"og:locale\" content=\"et_EE\" \/>\n<meta property=\"og:type\" content=\"article\" \/>\n<meta property=\"og:title\" content=\"Digitaalne helipult Soundcraft Ui24R - ELV Tehnika\" \/>\n<meta property=\"og:description\" content=\"Digitaalne helipult Soundcraft Ui24R, sobib h\u00e4sti muusikutele ja b\u00e4ndidele, sisse ehitatud WiFi-ga, Juhitav kuni 10-st seadmest \u00fcheaegselt\" \/>\n<meta property=\"og:url\" content=\"https:\/\/elvtehnika.ee\/test\/epood\/digitaalne-helipult-soundcraft-ui24r\/\" \/>\n<meta property=\"og:site_name\" content=\"ELV Tehnika\" \/>\n<meta property=\"article:modified_time\" content=\"2018-12-21T15:30:33+00:00\" \/>\n<meta property=\"og:image\" content=\"https:\/\/elvtehnika.ee\/test\/wp-content\/uploads\/ui24r.jpg\" \/>\n\t<meta property=\"og:image:width\" content=\"800\" \/>\n\t<meta property=\"og:image:height\" content=\"489\" \/>\n\t<meta property=\"og:image:type\" content=\"image\/jpeg\" \/>\n<script type=\"application\/ld+json\" class=\"yoast-schema-graph\">{\"@context\":\"https:\/\/schema.org\",\"@graph\":[{\"@type\":\"WebPage\",\"@id\":\"https:\/\/elvtehnika.ee\/test\/epood\/digitaalne-helipult-soundcraft-ui24r\/\",\"url\":\"https:\/\/elvtehnika.ee\/test\/epood\/digitaalne-helipult-soundcraft-ui24r\/\",\"name\":\"Digitaalne helipult Soundcraft Ui24R - ELV Tehnika\",\"isPartOf\":{\"@id\":\"https:\/\/elvtehnika.ee\/test\/#website\"},\"datePublished\":\"2018-01-12T11:38:04+00:00\",\"dateModified\":\"2018-12-21T15:30:33+00:00\",\"description\":\"Digitaalne helipult Soundcraft Ui24R, sobib h\u00e4sti muusikutele ja b\u00e4ndidele, sisse ehitatud WiFi-ga, Juhitav kuni 10-st seadmest \u00fcheaegselt\",\"breadcrumb\":{\"@id\":\"https:\/\/elvtehnika.ee\/test\/epood\/digitaalne-helipult-soundcraft-ui24r\/#breadcrumb\"},\"inLanguage\":\"et\",\"potentialAction\":[{\"@type\":\"ReadAction\",\"target\":[\"https:\/\/elvtehnika.ee\/test\/epood\/digitaalne-helipult-soundcraft-ui24r\/\"]}]},{\"@type\":\"BreadcrumbList\",\"@id\":\"https:\/\/elvtehnika.ee\/test\/epood\/digitaalne-helipult-soundcraft-ui24r\/#breadcrumb\",\"itemListElement\":[{\"@type\":\"ListItem\",\"position\":1,\"name\":\"Home\",\"item\":\"https:\/\/elvtehnika.ee\/test\/\"},{\"@type\":\"ListItem\",\"position\":2,\"name\":\"E-pood\",\"item\":\"https:\/\/elvtehnika.ee\/test\/epood\/\"},{\"@type\":\"ListItem\",\"position\":3,\"name\":\"Digitaalne helipult Soundcraft Ui24R\"}]},{\"@type\":\"WebSite\",\"@id\":\"https:\/\/elvtehnika.ee\/test\/#website\",\"url\":\"https:\/\/elvtehnika.ee\/test\/\",\"name\":\"ELV Tehnika\",\"description\":\"Heli-, valgus- ja esitlustehnika\",\"potentialAction\":[{\"@type\":\"SearchAction\",\"target\":{\"@type\":\"EntryPoint\",\"urlTemplate\":\"https:\/\/elvtehnika.ee\/test\/?s={search_term_string}\"},\"query-input\":\"required name=search_term_string\"}],\"inLanguage\":\"et\"}]}<\/script>\n<!-- \/ Yoast SEO plugin. -->","yoast_head_json":{"title":"Digitaalne helipult Soundcraft Ui24R - ELV Tehnika","description":"Digitaalne helipult Soundcraft Ui24R, sobib h\u00e4sti muusikutele ja b\u00e4ndidele, sisse ehitatud WiFi-ga, Juhitav kuni 10-st seadmest \u00fcheaegselt","robots":{"index":"noindex","follow":"follow","max-snippet":"max-snippet:-1","max-image-preview":"max-image-preview:large","max-video-preview":"max-video-preview:-1"},"og_locale":"et_EE","og_type":"article","og_title":"Digitaalne helipult Soundcraft Ui24R - ELV Tehnika","og_description":"Digitaalne helipult Soundcraft Ui24R, sobib h\u00e4sti muusikutele ja b\u00e4ndidele, sisse ehitatud WiFi-ga, Juhitav kuni 10-st seadmest \u00fcheaegselt","og_url":"https:\/\/elvtehnika.ee\/test\/epood\/digitaalne-helipult-soundcraft-ui24r\/","og_site_name":"ELV Tehnika","article_modified_time":"2018-12-21T15:30:33+00:00","og_image":[{"width":800,"height":489,"url":"https:\/\/elvtehnika.ee\/test\/wp-content\/uploads\/ui24r.jpg","type":"image\/jpeg"}],"schema":{"@context":"https:\/\/schema.org","@graph":[{"@type":"WebPage","@id":"https:\/\/elvtehnika.ee\/test\/epood\/digitaalne-helipult-soundcraft-ui24r\/","url":"https:\/\/elvtehnika.ee\/test\/epood\/digitaalne-helipult-soundcraft-ui24r\/","name":"Digitaalne helipult Soundcraft Ui24R - ELV Tehnika","isPartOf":{"@id":"https:\/\/elvtehnika.ee\/test\/#website"},"datePublished":"2018-01-12T11:38:04+00:00","dateModified":"2018-12-21T15:30:33+00:00","description":"Digitaalne helipult Soundcraft Ui24R, sobib h\u00e4sti muusikutele ja b\u00e4ndidele, sisse ehitatud WiFi-ga, Juhitav kuni 10-st seadmest \u00fcheaegselt","breadcrumb":{"@id":"https:\/\/elvtehnika.ee\/test\/epood\/digitaalne-helipult-soundcraft-ui24r\/#breadcrumb"},"inLanguage":"et","potentialAction":[{"@type":"ReadAction","target":["https:\/\/elvtehnika.ee\/test\/epood\/digitaalne-helipult-soundcraft-ui24r\/"]}]},{"@type":"BreadcrumbList","@id":"https:\/\/elvtehnika.ee\/test\/epood\/digitaalne-helipult-soundcraft-ui24r\/#breadcrumb","itemListElement":[{"@type":"ListItem","position":1,"name":"Home","item":"https:\/\/elvtehnika.ee\/test\/"},{"@type":"ListItem","position":2,"name":"E-pood","item":"https:\/\/elvtehnika.ee\/test\/epood\/"},{"@type":"ListItem","position":3,"name":"Digitaalne helipult Soundcraft Ui24R"}]},{"@type":"WebSite","@id":"https:\/\/elvtehnika.ee\/test\/#website","url":"https:\/\/elvtehnika.ee\/test\/","name":"ELV Tehnika","description":"Heli-, valgus- ja esitlustehnika","potentialAction":[{"@type":"SearchAction","target":{"@type":"EntryPoint","urlTemplate":"https:\/\/elvtehnika.ee\/test\/?s={search_term_string}"},"query-input":"required name=search_term_string"}],"inLanguage":"et"}]}},"_links":{"self":[{"href":"https:\/\/elvtehnika.ee\/test\/wp-json\/wp\/v2\/product\/11156"}],"collection":[{"href":"https:\/\/elvtehnika.ee\/test\/wp-json\/wp\/v2\/product"}],"about":[{"href":"https:\/\/elvtehnika.ee\/test\/wp-json\/wp\/v2\/types\/product"}],"wp:featuredmedia":[{"embeddable":true,"href":"https:\/\/elvtehnika.ee\/test\/wp-json\/wp\/v2\/media\/7501"}],"wp:attachment":[{"href":"https:\/\/elvtehnika.ee\/test\/wp-json\/wp\/v2\/media?parent=11156"}],"curies":[{"name":"wp","href":"https:\/\/api.w.org\/{rel}","templated":true}]}}