{"id":11189,"date":"2017-08-23T17:11:18","date_gmt":"2017-08-23T14:11:18","guid":{"rendered":"http:\/\/localhost\/plus\/elv3\/epood\/luhike-hanekael-suundmikrofon-the-t-bone-gc-300\/"},"modified":"2018-12-21T17:30:35","modified_gmt":"2018-12-21T15:30:35","slug":"luhike-hanekael-suundmikrofon-the-t-bone-gc-300","status":"publish","type":"product","link":"https:\/\/elvtehnika.ee\/test\/epood\/luhike-hanekael-suundmikrofon-the-t-bone-gc-300\/","title":{"rendered":"L\u00fchike hanekael-suundmikrofon the t.bone GC 300"},"content":{"rendered":"","protected":false},"excerpt":{"rendered":"","protected":false},"featured_media":6822,"template":"","meta":[],"acf":[],"yoast_head":"<!-- This site is optimized with the Yoast SEO plugin v20.5 - https:\/\/yoast.com\/wordpress\/plugins\/seo\/ -->\n<title>L\u00fchike hanekael-suundmikrofon the t.bone GC 300 - ELV Tehnika<\/title>\n<meta name=\"description\" content=\"Soliidse v\u00e4limusega miniatuurne mikrofon k\u00f5nepulti, mis v\u00f5imaldab t\u00e4nu oma k\u00f5rgele tundlikkusele ja tugevale suunakarakteristikale h\u00e4sti k\u00f5net v\u00f5imendada.\" \/>\n<meta name=\"robots\" content=\"noindex, follow, max-snippet:-1, max-image-preview:large, max-video-preview:-1\" \/>\n<meta property=\"og:locale\" content=\"et_EE\" \/>\n<meta property=\"og:type\" content=\"article\" \/>\n<meta property=\"og:title\" content=\"L\u00fchike hanekael-suundmikrofon the t.bone GC 300 - ELV Tehnika\" \/>\n<meta property=\"og:description\" content=\"Soliidse v\u00e4limusega miniatuurne mikrofon k\u00f5nepulti, mis v\u00f5imaldab t\u00e4nu oma k\u00f5rgele tundlikkusele ja tugevale suunakarakteristikale h\u00e4sti k\u00f5net v\u00f5imendada.\" \/>\n<meta property=\"og:url\" content=\"https:\/\/elvtehnika.ee\/test\/epood\/luhike-hanekael-suundmikrofon-the-t-bone-gc-300\/\" \/>\n<meta property=\"og:site_name\" content=\"ELV Tehnika\" \/>\n<meta property=\"article:modified_time\" content=\"2018-12-21T15:30:35+00:00\" \/>\n<meta property=\"og:image\" content=\"https:\/\/elvtehnika.ee\/test\/wp-content\/uploads\/lyhike-hanekael-suundmikrofon-the-t.bone-gc-300.png\" \/>\n\t<meta property=\"og:image:width\" content=\"350\" \/>\n\t<meta property=\"og:image:height\" content=\"986\" \/>\n\t<meta property=\"og:image:type\" content=\"image\/png\" \/>\n<script type=\"application\/ld+json\" class=\"yoast-schema-graph\">{\"@context\":\"https:\/\/schema.org\",\"@graph\":[{\"@type\":\"WebPage\",\"@id\":\"https:\/\/elvtehnika.ee\/test\/epood\/luhike-hanekael-suundmikrofon-the-t-bone-gc-300\/\",\"url\":\"https:\/\/elvtehnika.ee\/test\/epood\/luhike-hanekael-suundmikrofon-the-t-bone-gc-300\/\",\"name\":\"L\u00fchike hanekael-suundmikrofon the t.bone GC 300 - ELV Tehnika\",\"isPartOf\":{\"@id\":\"https:\/\/elvtehnika.ee\/test\/#website\"},\"datePublished\":\"2017-08-23T14:11:18+00:00\",\"dateModified\":\"2018-12-21T15:30:35+00:00\",\"description\":\"Soliidse v\u00e4limusega miniatuurne mikrofon k\u00f5nepulti, mis v\u00f5imaldab t\u00e4nu oma k\u00f5rgele tundlikkusele ja tugevale suunakarakteristikale h\u00e4sti k\u00f5net v\u00f5imendada.\",\"breadcrumb\":{\"@id\":\"https:\/\/elvtehnika.ee\/test\/epood\/luhike-hanekael-suundmikrofon-the-t-bone-gc-300\/#breadcrumb\"},\"inLanguage\":\"et\",\"potentialAction\":[{\"@type\":\"ReadAction\",\"target\":[\"https:\/\/elvtehnika.ee\/test\/epood\/luhike-hanekael-suundmikrofon-the-t-bone-gc-300\/\"]}]},{\"@type\":\"BreadcrumbList\",\"@id\":\"https:\/\/elvtehnika.ee\/test\/epood\/luhike-hanekael-suundmikrofon-the-t-bone-gc-300\/#breadcrumb\",\"itemListElement\":[{\"@type\":\"ListItem\",\"position\":1,\"name\":\"Home\",\"item\":\"https:\/\/elvtehnika.ee\/test\/\"},{\"@type\":\"ListItem\",\"position\":2,\"name\":\"E-pood\",\"item\":\"https:\/\/elvtehnika.ee\/test\/epood\/\"},{\"@type\":\"ListItem\",\"position\":3,\"name\":\"L\u00fchike hanekael-suundmikrofon the t.bone GC 300\"}]},{\"@type\":\"WebSite\",\"@id\":\"https:\/\/elvtehnika.ee\/test\/#website\",\"url\":\"https:\/\/elvtehnika.ee\/test\/\",\"name\":\"ELV Tehnika\",\"description\":\"Heli-, valgus- ja esitlustehnika\",\"potentialAction\":[{\"@type\":\"SearchAction\",\"target\":{\"@type\":\"EntryPoint\",\"urlTemplate\":\"https:\/\/elvtehnika.ee\/test\/?s={search_term_string}\"},\"query-input\":\"required name=search_term_string\"}],\"inLanguage\":\"et\"}]}<\/script>\n<!-- \/ Yoast SEO plugin. -->","yoast_head_json":{"title":"L\u00fchike hanekael-suundmikrofon the t.bone GC 300 - ELV Tehnika","description":"Soliidse v\u00e4limusega miniatuurne mikrofon k\u00f5nepulti, mis v\u00f5imaldab t\u00e4nu oma k\u00f5rgele tundlikkusele ja tugevale suunakarakteristikale h\u00e4sti k\u00f5net v\u00f5imendada.","robots":{"index":"noindex","follow":"follow","max-snippet":"max-snippet:-1","max-image-preview":"max-image-preview:large","max-video-preview":"max-video-preview:-1"},"og_locale":"et_EE","og_type":"article","og_title":"L\u00fchike hanekael-suundmikrofon the t.bone GC 300 - ELV Tehnika","og_description":"Soliidse v\u00e4limusega miniatuurne mikrofon k\u00f5nepulti, mis v\u00f5imaldab t\u00e4nu oma k\u00f5rgele tundlikkusele ja tugevale suunakarakteristikale h\u00e4sti k\u00f5net v\u00f5imendada.","og_url":"https:\/\/elvtehnika.ee\/test\/epood\/luhike-hanekael-suundmikrofon-the-t-bone-gc-300\/","og_site_name":"ELV Tehnika","article_modified_time":"2018-12-21T15:30:35+00:00","og_image":[{"width":350,"height":986,"url":"https:\/\/elvtehnika.ee\/test\/wp-content\/uploads\/lyhike-hanekael-suundmikrofon-the-t.bone-gc-300.png","type":"image\/png"}],"schema":{"@context":"https:\/\/schema.org","@graph":[{"@type":"WebPage","@id":"https:\/\/elvtehnika.ee\/test\/epood\/luhike-hanekael-suundmikrofon-the-t-bone-gc-300\/","url":"https:\/\/elvtehnika.ee\/test\/epood\/luhike-hanekael-suundmikrofon-the-t-bone-gc-300\/","name":"L\u00fchike hanekael-suundmikrofon the t.bone GC 300 - ELV Tehnika","isPartOf":{"@id":"https:\/\/elvtehnika.ee\/test\/#website"},"datePublished":"2017-08-23T14:11:18+00:00","dateModified":"2018-12-21T15:30:35+00:00","description":"Soliidse v\u00e4limusega miniatuurne mikrofon k\u00f5nepulti, mis v\u00f5imaldab t\u00e4nu oma k\u00f5rgele tundlikkusele ja tugevale suunakarakteristikale h\u00e4sti k\u00f5net v\u00f5imendada.","breadcrumb":{"@id":"https:\/\/elvtehnika.ee\/test\/epood\/luhike-hanekael-suundmikrofon-the-t-bone-gc-300\/#breadcrumb"},"inLanguage":"et","potentialAction":[{"@type":"ReadAction","target":["https:\/\/elvtehnika.ee\/test\/epood\/luhike-hanekael-suundmikrofon-the-t-bone-gc-300\/"]}]},{"@type":"BreadcrumbList","@id":"https:\/\/elvtehnika.ee\/test\/epood\/luhike-hanekael-suundmikrofon-the-t-bone-gc-300\/#breadcrumb","itemListElement":[{"@type":"ListItem","position":1,"name":"Home","item":"https:\/\/elvtehnika.ee\/test\/"},{"@type":"ListItem","position":2,"name":"E-pood","item":"https:\/\/elvtehnika.ee\/test\/epood\/"},{"@type":"ListItem","position":3,"name":"L\u00fchike hanekael-suundmikrofon the t.bone GC 300"}]},{"@type":"WebSite","@id":"https:\/\/elvtehnika.ee\/test\/#website","url":"https:\/\/elvtehnika.ee\/test\/","name":"ELV Tehnika","description":"Heli-, valgus- ja esitlustehnika","potentialAction":[{"@type":"SearchAction","target":{"@type":"EntryPoint","urlTemplate":"https:\/\/elvtehnika.ee\/test\/?s={search_term_string}"},"query-input":"required name=search_term_string"}],"inLanguage":"et"}]}},"_links":{"self":[{"href":"https:\/\/elvtehnika.ee\/test\/wp-json\/wp\/v2\/product\/11189"}],"collection":[{"href":"https:\/\/elvtehnika.ee\/test\/wp-json\/wp\/v2\/product"}],"about":[{"href":"https:\/\/elvtehnika.ee\/test\/wp-json\/wp\/v2\/types\/product"}],"wp:featuredmedia":[{"embeddable":true,"href":"https:\/\/elvtehnika.ee\/test\/wp-json\/wp\/v2\/media\/6822"}],"wp:attachment":[{"href":"https:\/\/elvtehnika.ee\/test\/wp-json\/wp\/v2\/media?parent=11189"}],"curies":[{"name":"wp","href":"https:\/\/api.w.org\/{rel}","templated":true}]}}