{"id":11194,"date":"2017-08-06T13:26:41","date_gmt":"2017-08-06T10:26:41","guid":{"rendered":"http:\/\/localhost\/plus\/elv3\/epood\/heliprotsessor-rcf-dx-2006\/"},"modified":"2018-12-21T17:30:35","modified_gmt":"2018-12-21T15:30:35","slug":"heliprotsessor-rcf-dx-2006","status":"publish","type":"product","link":"https:\/\/elvtehnika.ee\/test\/epood\/heliprotsessor-rcf-dx-2006\/","title":{"rendered":"Heliprotsessor RCF DX 2006"},"content":{"rendered":"","protected":false},"excerpt":{"rendered":"","protected":false},"featured_media":6618,"template":"","meta":[],"acf":[],"yoast_head":"<!-- This site is optimized with the Yoast SEO plugin v20.5 - https:\/\/yoast.com\/wordpress\/plugins\/seo\/ -->\n<title>Heliprotsessor RCF DX 2006 - ELV Tehnika<\/title>\n<meta name=\"description\" content=\"Tegu on 2 sisendi ja 6 v\u00e4ljundiga heliprotsessoriga heliv\u00f5imenduss\u00fcsteemide h\u00e4\u00e4lestamiseks vastavalt k\u00f5larite paigutusele, suunale ning helis\u00fcsteemi osadele\" \/>\n<meta name=\"robots\" content=\"noindex, follow, max-snippet:-1, max-image-preview:large, max-video-preview:-1\" \/>\n<meta property=\"og:locale\" content=\"et_EE\" \/>\n<meta property=\"og:type\" content=\"article\" \/>\n<meta property=\"og:title\" content=\"Heliprotsessor RCF DX 2006 - ELV Tehnika\" \/>\n<meta property=\"og:description\" content=\"Tegu on 2 sisendi ja 6 v\u00e4ljundiga heliprotsessoriga heliv\u00f5imenduss\u00fcsteemide h\u00e4\u00e4lestamiseks vastavalt k\u00f5larite paigutusele, suunale ning helis\u00fcsteemi osadele\" \/>\n<meta property=\"og:url\" content=\"https:\/\/elvtehnika.ee\/test\/epood\/heliprotsessor-rcf-dx-2006\/\" \/>\n<meta property=\"og:site_name\" content=\"ELV Tehnika\" \/>\n<meta property=\"article:modified_time\" content=\"2018-12-21T15:30:35+00:00\" \/>\n<meta property=\"og:image\" content=\"https:\/\/elvtehnika.ee\/test\/wp-content\/uploads\/heliprotsessor-rcf-dx-2006.png\" \/>\n\t<meta property=\"og:image:width\" content=\"1266\" \/>\n\t<meta property=\"og:image:height\" content=\"944\" \/>\n\t<meta property=\"og:image:type\" content=\"image\/png\" \/>\n<script type=\"application\/ld+json\" class=\"yoast-schema-graph\">{\"@context\":\"https:\/\/schema.org\",\"@graph\":[{\"@type\":\"WebPage\",\"@id\":\"https:\/\/elvtehnika.ee\/test\/epood\/heliprotsessor-rcf-dx-2006\/\",\"url\":\"https:\/\/elvtehnika.ee\/test\/epood\/heliprotsessor-rcf-dx-2006\/\",\"name\":\"Heliprotsessor RCF DX 2006 - ELV Tehnika\",\"isPartOf\":{\"@id\":\"https:\/\/elvtehnika.ee\/test\/#website\"},\"datePublished\":\"2017-08-06T10:26:41+00:00\",\"dateModified\":\"2018-12-21T15:30:35+00:00\",\"description\":\"Tegu on 2 sisendi ja 6 v\u00e4ljundiga heliprotsessoriga heliv\u00f5imenduss\u00fcsteemide h\u00e4\u00e4lestamiseks vastavalt k\u00f5larite paigutusele, suunale ning helis\u00fcsteemi osadele\",\"breadcrumb\":{\"@id\":\"https:\/\/elvtehnika.ee\/test\/epood\/heliprotsessor-rcf-dx-2006\/#breadcrumb\"},\"inLanguage\":\"et\",\"potentialAction\":[{\"@type\":\"ReadAction\",\"target\":[\"https:\/\/elvtehnika.ee\/test\/epood\/heliprotsessor-rcf-dx-2006\/\"]}]},{\"@type\":\"BreadcrumbList\",\"@id\":\"https:\/\/elvtehnika.ee\/test\/epood\/heliprotsessor-rcf-dx-2006\/#breadcrumb\",\"itemListElement\":[{\"@type\":\"ListItem\",\"position\":1,\"name\":\"Home\",\"item\":\"https:\/\/elvtehnika.ee\/test\/\"},{\"@type\":\"ListItem\",\"position\":2,\"name\":\"E-pood\",\"item\":\"https:\/\/elvtehnika.ee\/test\/epood\/\"},{\"@type\":\"ListItem\",\"position\":3,\"name\":\"Heliprotsessor RCF DX 2006\"}]},{\"@type\":\"WebSite\",\"@id\":\"https:\/\/elvtehnika.ee\/test\/#website\",\"url\":\"https:\/\/elvtehnika.ee\/test\/\",\"name\":\"ELV Tehnika\",\"description\":\"Heli-, valgus- ja esitlustehnika\",\"potentialAction\":[{\"@type\":\"SearchAction\",\"target\":{\"@type\":\"EntryPoint\",\"urlTemplate\":\"https:\/\/elvtehnika.ee\/test\/?s={search_term_string}\"},\"query-input\":\"required name=search_term_string\"}],\"inLanguage\":\"et\"}]}<\/script>\n<!-- \/ Yoast SEO plugin. -->","yoast_head_json":{"title":"Heliprotsessor RCF DX 2006 - ELV Tehnika","description":"Tegu on 2 sisendi ja 6 v\u00e4ljundiga heliprotsessoriga heliv\u00f5imenduss\u00fcsteemide h\u00e4\u00e4lestamiseks vastavalt k\u00f5larite paigutusele, suunale ning helis\u00fcsteemi osadele","robots":{"index":"noindex","follow":"follow","max-snippet":"max-snippet:-1","max-image-preview":"max-image-preview:large","max-video-preview":"max-video-preview:-1"},"og_locale":"et_EE","og_type":"article","og_title":"Heliprotsessor RCF DX 2006 - ELV Tehnika","og_description":"Tegu on 2 sisendi ja 6 v\u00e4ljundiga heliprotsessoriga heliv\u00f5imenduss\u00fcsteemide h\u00e4\u00e4lestamiseks vastavalt k\u00f5larite paigutusele, suunale ning helis\u00fcsteemi osadele","og_url":"https:\/\/elvtehnika.ee\/test\/epood\/heliprotsessor-rcf-dx-2006\/","og_site_name":"ELV Tehnika","article_modified_time":"2018-12-21T15:30:35+00:00","og_image":[{"width":1266,"height":944,"url":"https:\/\/elvtehnika.ee\/test\/wp-content\/uploads\/heliprotsessor-rcf-dx-2006.png","type":"image\/png"}],"schema":{"@context":"https:\/\/schema.org","@graph":[{"@type":"WebPage","@id":"https:\/\/elvtehnika.ee\/test\/epood\/heliprotsessor-rcf-dx-2006\/","url":"https:\/\/elvtehnika.ee\/test\/epood\/heliprotsessor-rcf-dx-2006\/","name":"Heliprotsessor RCF DX 2006 - ELV Tehnika","isPartOf":{"@id":"https:\/\/elvtehnika.ee\/test\/#website"},"datePublished":"2017-08-06T10:26:41+00:00","dateModified":"2018-12-21T15:30:35+00:00","description":"Tegu on 2 sisendi ja 6 v\u00e4ljundiga heliprotsessoriga heliv\u00f5imenduss\u00fcsteemide h\u00e4\u00e4lestamiseks vastavalt k\u00f5larite paigutusele, suunale ning helis\u00fcsteemi osadele","breadcrumb":{"@id":"https:\/\/elvtehnika.ee\/test\/epood\/heliprotsessor-rcf-dx-2006\/#breadcrumb"},"inLanguage":"et","potentialAction":[{"@type":"ReadAction","target":["https:\/\/elvtehnika.ee\/test\/epood\/heliprotsessor-rcf-dx-2006\/"]}]},{"@type":"BreadcrumbList","@id":"https:\/\/elvtehnika.ee\/test\/epood\/heliprotsessor-rcf-dx-2006\/#breadcrumb","itemListElement":[{"@type":"ListItem","position":1,"name":"Home","item":"https:\/\/elvtehnika.ee\/test\/"},{"@type":"ListItem","position":2,"name":"E-pood","item":"https:\/\/elvtehnika.ee\/test\/epood\/"},{"@type":"ListItem","position":3,"name":"Heliprotsessor RCF DX 2006"}]},{"@type":"WebSite","@id":"https:\/\/elvtehnika.ee\/test\/#website","url":"https:\/\/elvtehnika.ee\/test\/","name":"ELV Tehnika","description":"Heli-, valgus- ja esitlustehnika","potentialAction":[{"@type":"SearchAction","target":{"@type":"EntryPoint","urlTemplate":"https:\/\/elvtehnika.ee\/test\/?s={search_term_string}"},"query-input":"required name=search_term_string"}],"inLanguage":"et"}]}},"_links":{"self":[{"href":"https:\/\/elvtehnika.ee\/test\/wp-json\/wp\/v2\/product\/11194"}],"collection":[{"href":"https:\/\/elvtehnika.ee\/test\/wp-json\/wp\/v2\/product"}],"about":[{"href":"https:\/\/elvtehnika.ee\/test\/wp-json\/wp\/v2\/types\/product"}],"wp:featuredmedia":[{"embeddable":true,"href":"https:\/\/elvtehnika.ee\/test\/wp-json\/wp\/v2\/media\/6618"}],"wp:attachment":[{"href":"https:\/\/elvtehnika.ee\/test\/wp-json\/wp\/v2\/media?parent=11194"}],"curies":[{"name":"wp","href":"https:\/\/api.w.org\/{rel}","templated":true}]}}