{"id":11204,"date":"2017-08-02T19:50:43","date_gmt":"2017-08-02T16:50:43","guid":{"rendered":"http:\/\/localhost\/plus\/elv3\/epood\/led-ekraani-transpordirakk-adj-touring-case-8x-av3\/"},"modified":"2018-12-21T17:30:36","modified_gmt":"2018-12-21T15:30:36","slug":"led-ekraani-transpordirakk-adj-touring-case-8x-av3","status":"publish","type":"product","link":"https:\/\/elvtehnika.ee\/test\/epood\/led-ekraani-transpordirakk-adj-touring-case-8x-av3\/","title":{"rendered":"LED ekraani transpordir\u00e4kk ADJ Touring Case 8x AV3"},"content":{"rendered":"","protected":false},"excerpt":{"rendered":"","protected":false},"featured_media":6550,"template":"","meta":[],"acf":[],"yoast_head":"<!-- This site is optimized with the Yoast SEO plugin v20.5 - https:\/\/yoast.com\/wordpress\/plugins\/seo\/ -->\n<title>LED ekraani transpordir\u00e4kk ADJ Touring Case 8x AV3 - ELV Tehnika<\/title>\n<meta name=\"description\" content=\"R\u00e4kk\u00a0mugavaks ja tuvaliseks LED ekraanide moodulite transpordiks. Mahutab kuni 8\u00a0AV3\u00a0v\u00f5i AV4IP videopaneeli m\u00f5\u00f5dud 600mm*1200mm*596mm\" \/>\n<meta name=\"robots\" content=\"noindex, follow, max-snippet:-1, max-image-preview:large, max-video-preview:-1\" \/>\n<meta property=\"og:locale\" content=\"et_EE\" \/>\n<meta property=\"og:type\" content=\"article\" \/>\n<meta property=\"og:title\" content=\"LED ekraani transpordir\u00e4kk ADJ Touring Case 8x AV3 - ELV Tehnika\" \/>\n<meta property=\"og:description\" content=\"R\u00e4kk\u00a0mugavaks ja tuvaliseks LED ekraanide moodulite transpordiks. Mahutab kuni 8\u00a0AV3\u00a0v\u00f5i AV4IP videopaneeli m\u00f5\u00f5dud 600mm*1200mm*596mm\" \/>\n<meta property=\"og:url\" content=\"https:\/\/elvtehnika.ee\/test\/epood\/led-ekraani-transpordirakk-adj-touring-case-8x-av3\/\" \/>\n<meta property=\"og:site_name\" content=\"ELV Tehnika\" \/>\n<meta property=\"article:modified_time\" content=\"2018-12-21T15:30:36+00:00\" \/>\n<meta property=\"og:image\" content=\"https:\/\/elvtehnika.ee\/test\/wp-content\/uploads\/led-ekraani-transpordirakk-adj-touring-case-8x-av3.png\" \/>\n\t<meta property=\"og:image:width\" content=\"986\" \/>\n\t<meta property=\"og:image:height\" content=\"984\" \/>\n\t<meta property=\"og:image:type\" content=\"image\/png\" \/>\n<script type=\"application\/ld+json\" class=\"yoast-schema-graph\">{\"@context\":\"https:\/\/schema.org\",\"@graph\":[{\"@type\":\"WebPage\",\"@id\":\"https:\/\/elvtehnika.ee\/test\/epood\/led-ekraani-transpordirakk-adj-touring-case-8x-av3\/\",\"url\":\"https:\/\/elvtehnika.ee\/test\/epood\/led-ekraani-transpordirakk-adj-touring-case-8x-av3\/\",\"name\":\"LED ekraani transpordir\u00e4kk ADJ Touring Case 8x AV3 - ELV Tehnika\",\"isPartOf\":{\"@id\":\"https:\/\/elvtehnika.ee\/test\/#website\"},\"datePublished\":\"2017-08-02T16:50:43+00:00\",\"dateModified\":\"2018-12-21T15:30:36+00:00\",\"description\":\"R\u00e4kk\u00a0mugavaks ja tuvaliseks LED ekraanide moodulite transpordiks. Mahutab kuni 8\u00a0AV3\u00a0v\u00f5i AV4IP videopaneeli m\u00f5\u00f5dud 600mm*1200mm*596mm\",\"breadcrumb\":{\"@id\":\"https:\/\/elvtehnika.ee\/test\/epood\/led-ekraani-transpordirakk-adj-touring-case-8x-av3\/#breadcrumb\"},\"inLanguage\":\"et\",\"potentialAction\":[{\"@type\":\"ReadAction\",\"target\":[\"https:\/\/elvtehnika.ee\/test\/epood\/led-ekraani-transpordirakk-adj-touring-case-8x-av3\/\"]}]},{\"@type\":\"BreadcrumbList\",\"@id\":\"https:\/\/elvtehnika.ee\/test\/epood\/led-ekraani-transpordirakk-adj-touring-case-8x-av3\/#breadcrumb\",\"itemListElement\":[{\"@type\":\"ListItem\",\"position\":1,\"name\":\"Home\",\"item\":\"https:\/\/elvtehnika.ee\/test\/\"},{\"@type\":\"ListItem\",\"position\":2,\"name\":\"E-pood\",\"item\":\"https:\/\/elvtehnika.ee\/test\/epood\/\"},{\"@type\":\"ListItem\",\"position\":3,\"name\":\"LED ekraani transpordir\u00e4kk ADJ Touring Case 8x AV3\"}]},{\"@type\":\"WebSite\",\"@id\":\"https:\/\/elvtehnika.ee\/test\/#website\",\"url\":\"https:\/\/elvtehnika.ee\/test\/\",\"name\":\"ELV Tehnika\",\"description\":\"Heli-, valgus- ja esitlustehnika\",\"potentialAction\":[{\"@type\":\"SearchAction\",\"target\":{\"@type\":\"EntryPoint\",\"urlTemplate\":\"https:\/\/elvtehnika.ee\/test\/?s={search_term_string}\"},\"query-input\":\"required name=search_term_string\"}],\"inLanguage\":\"et\"}]}<\/script>\n<!-- \/ Yoast SEO plugin. -->","yoast_head_json":{"title":"LED ekraani transpordir\u00e4kk ADJ Touring Case 8x AV3 - ELV Tehnika","description":"R\u00e4kk\u00a0mugavaks ja tuvaliseks LED ekraanide moodulite transpordiks. Mahutab kuni 8\u00a0AV3\u00a0v\u00f5i AV4IP videopaneeli m\u00f5\u00f5dud 600mm*1200mm*596mm","robots":{"index":"noindex","follow":"follow","max-snippet":"max-snippet:-1","max-image-preview":"max-image-preview:large","max-video-preview":"max-video-preview:-1"},"og_locale":"et_EE","og_type":"article","og_title":"LED ekraani transpordir\u00e4kk ADJ Touring Case 8x AV3 - ELV Tehnika","og_description":"R\u00e4kk\u00a0mugavaks ja tuvaliseks LED ekraanide moodulite transpordiks. Mahutab kuni 8\u00a0AV3\u00a0v\u00f5i AV4IP videopaneeli m\u00f5\u00f5dud 600mm*1200mm*596mm","og_url":"https:\/\/elvtehnika.ee\/test\/epood\/led-ekraani-transpordirakk-adj-touring-case-8x-av3\/","og_site_name":"ELV Tehnika","article_modified_time":"2018-12-21T15:30:36+00:00","og_image":[{"width":986,"height":984,"url":"https:\/\/elvtehnika.ee\/test\/wp-content\/uploads\/led-ekraani-transpordirakk-adj-touring-case-8x-av3.png","type":"image\/png"}],"schema":{"@context":"https:\/\/schema.org","@graph":[{"@type":"WebPage","@id":"https:\/\/elvtehnika.ee\/test\/epood\/led-ekraani-transpordirakk-adj-touring-case-8x-av3\/","url":"https:\/\/elvtehnika.ee\/test\/epood\/led-ekraani-transpordirakk-adj-touring-case-8x-av3\/","name":"LED ekraani transpordir\u00e4kk ADJ Touring Case 8x AV3 - ELV Tehnika","isPartOf":{"@id":"https:\/\/elvtehnika.ee\/test\/#website"},"datePublished":"2017-08-02T16:50:43+00:00","dateModified":"2018-12-21T15:30:36+00:00","description":"R\u00e4kk\u00a0mugavaks ja tuvaliseks LED ekraanide moodulite transpordiks. Mahutab kuni 8\u00a0AV3\u00a0v\u00f5i AV4IP videopaneeli m\u00f5\u00f5dud 600mm*1200mm*596mm","breadcrumb":{"@id":"https:\/\/elvtehnika.ee\/test\/epood\/led-ekraani-transpordirakk-adj-touring-case-8x-av3\/#breadcrumb"},"inLanguage":"et","potentialAction":[{"@type":"ReadAction","target":["https:\/\/elvtehnika.ee\/test\/epood\/led-ekraani-transpordirakk-adj-touring-case-8x-av3\/"]}]},{"@type":"BreadcrumbList","@id":"https:\/\/elvtehnika.ee\/test\/epood\/led-ekraani-transpordirakk-adj-touring-case-8x-av3\/#breadcrumb","itemListElement":[{"@type":"ListItem","position":1,"name":"Home","item":"https:\/\/elvtehnika.ee\/test\/"},{"@type":"ListItem","position":2,"name":"E-pood","item":"https:\/\/elvtehnika.ee\/test\/epood\/"},{"@type":"ListItem","position":3,"name":"LED ekraani transpordir\u00e4kk ADJ Touring Case 8x AV3"}]},{"@type":"WebSite","@id":"https:\/\/elvtehnika.ee\/test\/#website","url":"https:\/\/elvtehnika.ee\/test\/","name":"ELV Tehnika","description":"Heli-, valgus- ja esitlustehnika","potentialAction":[{"@type":"SearchAction","target":{"@type":"EntryPoint","urlTemplate":"https:\/\/elvtehnika.ee\/test\/?s={search_term_string}"},"query-input":"required name=search_term_string"}],"inLanguage":"et"}]}},"_links":{"self":[{"href":"https:\/\/elvtehnika.ee\/test\/wp-json\/wp\/v2\/product\/11204"}],"collection":[{"href":"https:\/\/elvtehnika.ee\/test\/wp-json\/wp\/v2\/product"}],"about":[{"href":"https:\/\/elvtehnika.ee\/test\/wp-json\/wp\/v2\/types\/product"}],"wp:featuredmedia":[{"embeddable":true,"href":"https:\/\/elvtehnika.ee\/test\/wp-json\/wp\/v2\/media\/6550"}],"wp:attachment":[{"href":"https:\/\/elvtehnika.ee\/test\/wp-json\/wp\/v2\/media?parent=11204"}],"curies":[{"name":"wp","href":"https:\/\/api.w.org\/{rel}","templated":true}]}}