{"id":11252,"date":"2017-03-19T20:52:46","date_gmt":"2017-03-19T18:52:46","guid":{"rendered":"http:\/\/localhost\/plus\/elv3\/epood\/led-ekraani-moodul-uniview-ei-pikslivahe-39mm\/"},"modified":"2018-12-21T17:30:37","modified_gmt":"2018-12-21T15:30:37","slug":"led-ekraani-moodul-uniview-ei-pikslivahe-39mm","status":"publish","type":"product","link":"https:\/\/elvtehnika.ee\/test\/epood\/led-ekraani-moodul-uniview-ei-pikslivahe-39mm\/","title":{"rendered":"LED ekraani moodul Uniview EI, pikslivahe 3,9mm"},"content":{"rendered":"","protected":false},"excerpt":{"rendered":"","protected":false},"featured_media":6014,"template":"","meta":[],"acf":[],"yoast_head":"<!-- This site is optimized with the Yoast SEO plugin v20.5 - https:\/\/yoast.com\/wordpress\/plugins\/seo\/ -->\n<title>LED ekraani moodul Uniview EI, pikslivahe 3,9mm - ELV Tehnika<\/title>\n<meta name=\"description\" content=\"LED ekraani moodul terava pildiga ekraanide kokkupanemikses, pikslivahe 3,9mm, v\u00e4ga kergo moodul (8,8kg), kiire ja lihtne ekraani kokku panna t\u00f6\u00f6riistadeta\" \/>\n<meta name=\"robots\" content=\"noindex, follow, max-snippet:-1, max-image-preview:large, max-video-preview:-1\" \/>\n<meta property=\"og:locale\" content=\"et_EE\" \/>\n<meta property=\"og:type\" content=\"article\" \/>\n<meta property=\"og:title\" content=\"LED ekraani moodul Uniview EI, pikslivahe 3,9mm - ELV Tehnika\" \/>\n<meta property=\"og:description\" content=\"LED ekraani moodul terava pildiga ekraanide kokkupanemikses, pikslivahe 3,9mm, v\u00e4ga kergo moodul (8,8kg), kiire ja lihtne ekraani kokku panna t\u00f6\u00f6riistadeta\" \/>\n<meta property=\"og:url\" content=\"https:\/\/elvtehnika.ee\/test\/epood\/led-ekraani-moodul-uniview-ei-pikslivahe-39mm\/\" \/>\n<meta property=\"og:site_name\" content=\"ELV Tehnika\" \/>\n<meta property=\"article:modified_time\" content=\"2018-12-21T15:30:37+00:00\" \/>\n<meta property=\"og:image\" content=\"https:\/\/elvtehnika.ee\/test\/wp-content\/uploads\/led-ekraani-moodul-uniview-ei-6.png\" \/>\n\t<meta property=\"og:image:width\" content=\"749\" \/>\n\t<meta property=\"og:image:height\" content=\"859\" \/>\n\t<meta property=\"og:image:type\" content=\"image\/png\" \/>\n<script type=\"application\/ld+json\" class=\"yoast-schema-graph\">{\"@context\":\"https:\/\/schema.org\",\"@graph\":[{\"@type\":\"WebPage\",\"@id\":\"https:\/\/elvtehnika.ee\/test\/epood\/led-ekraani-moodul-uniview-ei-pikslivahe-39mm\/\",\"url\":\"https:\/\/elvtehnika.ee\/test\/epood\/led-ekraani-moodul-uniview-ei-pikslivahe-39mm\/\",\"name\":\"LED ekraani moodul Uniview EI, pikslivahe 3,9mm - ELV Tehnika\",\"isPartOf\":{\"@id\":\"https:\/\/elvtehnika.ee\/test\/#website\"},\"datePublished\":\"2017-03-19T18:52:46+00:00\",\"dateModified\":\"2018-12-21T15:30:37+00:00\",\"description\":\"LED ekraani moodul terava pildiga ekraanide kokkupanemikses, pikslivahe 3,9mm, v\u00e4ga kergo moodul (8,8kg), kiire ja lihtne ekraani kokku panna t\u00f6\u00f6riistadeta\",\"breadcrumb\":{\"@id\":\"https:\/\/elvtehnika.ee\/test\/epood\/led-ekraani-moodul-uniview-ei-pikslivahe-39mm\/#breadcrumb\"},\"inLanguage\":\"et\",\"potentialAction\":[{\"@type\":\"ReadAction\",\"target\":[\"https:\/\/elvtehnika.ee\/test\/epood\/led-ekraani-moodul-uniview-ei-pikslivahe-39mm\/\"]}]},{\"@type\":\"BreadcrumbList\",\"@id\":\"https:\/\/elvtehnika.ee\/test\/epood\/led-ekraani-moodul-uniview-ei-pikslivahe-39mm\/#breadcrumb\",\"itemListElement\":[{\"@type\":\"ListItem\",\"position\":1,\"name\":\"Home\",\"item\":\"https:\/\/elvtehnika.ee\/test\/\"},{\"@type\":\"ListItem\",\"position\":2,\"name\":\"E-pood\",\"item\":\"https:\/\/elvtehnika.ee\/test\/epood\/\"},{\"@type\":\"ListItem\",\"position\":3,\"name\":\"LED ekraani moodul Uniview EI, pikslivahe 3,9mm\"}]},{\"@type\":\"WebSite\",\"@id\":\"https:\/\/elvtehnika.ee\/test\/#website\",\"url\":\"https:\/\/elvtehnika.ee\/test\/\",\"name\":\"ELV Tehnika\",\"description\":\"Heli-, valgus- ja esitlustehnika\",\"potentialAction\":[{\"@type\":\"SearchAction\",\"target\":{\"@type\":\"EntryPoint\",\"urlTemplate\":\"https:\/\/elvtehnika.ee\/test\/?s={search_term_string}\"},\"query-input\":\"required name=search_term_string\"}],\"inLanguage\":\"et\"}]}<\/script>\n<!-- \/ Yoast SEO plugin. -->","yoast_head_json":{"title":"LED ekraani moodul Uniview EI, pikslivahe 3,9mm - ELV Tehnika","description":"LED ekraani moodul terava pildiga ekraanide kokkupanemikses, pikslivahe 3,9mm, v\u00e4ga kergo moodul (8,8kg), kiire ja lihtne ekraani kokku panna t\u00f6\u00f6riistadeta","robots":{"index":"noindex","follow":"follow","max-snippet":"max-snippet:-1","max-image-preview":"max-image-preview:large","max-video-preview":"max-video-preview:-1"},"og_locale":"et_EE","og_type":"article","og_title":"LED ekraani moodul Uniview EI, pikslivahe 3,9mm - ELV Tehnika","og_description":"LED ekraani moodul terava pildiga ekraanide kokkupanemikses, pikslivahe 3,9mm, v\u00e4ga kergo moodul (8,8kg), kiire ja lihtne ekraani kokku panna t\u00f6\u00f6riistadeta","og_url":"https:\/\/elvtehnika.ee\/test\/epood\/led-ekraani-moodul-uniview-ei-pikslivahe-39mm\/","og_site_name":"ELV Tehnika","article_modified_time":"2018-12-21T15:30:37+00:00","og_image":[{"width":749,"height":859,"url":"https:\/\/elvtehnika.ee\/test\/wp-content\/uploads\/led-ekraani-moodul-uniview-ei-6.png","type":"image\/png"}],"schema":{"@context":"https:\/\/schema.org","@graph":[{"@type":"WebPage","@id":"https:\/\/elvtehnika.ee\/test\/epood\/led-ekraani-moodul-uniview-ei-pikslivahe-39mm\/","url":"https:\/\/elvtehnika.ee\/test\/epood\/led-ekraani-moodul-uniview-ei-pikslivahe-39mm\/","name":"LED ekraani moodul Uniview EI, pikslivahe 3,9mm - ELV Tehnika","isPartOf":{"@id":"https:\/\/elvtehnika.ee\/test\/#website"},"datePublished":"2017-03-19T18:52:46+00:00","dateModified":"2018-12-21T15:30:37+00:00","description":"LED ekraani moodul terava pildiga ekraanide kokkupanemikses, pikslivahe 3,9mm, v\u00e4ga kergo moodul (8,8kg), kiire ja lihtne ekraani kokku panna t\u00f6\u00f6riistadeta","breadcrumb":{"@id":"https:\/\/elvtehnika.ee\/test\/epood\/led-ekraani-moodul-uniview-ei-pikslivahe-39mm\/#breadcrumb"},"inLanguage":"et","potentialAction":[{"@type":"ReadAction","target":["https:\/\/elvtehnika.ee\/test\/epood\/led-ekraani-moodul-uniview-ei-pikslivahe-39mm\/"]}]},{"@type":"BreadcrumbList","@id":"https:\/\/elvtehnika.ee\/test\/epood\/led-ekraani-moodul-uniview-ei-pikslivahe-39mm\/#breadcrumb","itemListElement":[{"@type":"ListItem","position":1,"name":"Home","item":"https:\/\/elvtehnika.ee\/test\/"},{"@type":"ListItem","position":2,"name":"E-pood","item":"https:\/\/elvtehnika.ee\/test\/epood\/"},{"@type":"ListItem","position":3,"name":"LED ekraani moodul Uniview EI, pikslivahe 3,9mm"}]},{"@type":"WebSite","@id":"https:\/\/elvtehnika.ee\/test\/#website","url":"https:\/\/elvtehnika.ee\/test\/","name":"ELV Tehnika","description":"Heli-, valgus- ja esitlustehnika","potentialAction":[{"@type":"SearchAction","target":{"@type":"EntryPoint","urlTemplate":"https:\/\/elvtehnika.ee\/test\/?s={search_term_string}"},"query-input":"required name=search_term_string"}],"inLanguage":"et"}]}},"_links":{"self":[{"href":"https:\/\/elvtehnika.ee\/test\/wp-json\/wp\/v2\/product\/11252"}],"collection":[{"href":"https:\/\/elvtehnika.ee\/test\/wp-json\/wp\/v2\/product"}],"about":[{"href":"https:\/\/elvtehnika.ee\/test\/wp-json\/wp\/v2\/types\/product"}],"wp:featuredmedia":[{"embeddable":true,"href":"https:\/\/elvtehnika.ee\/test\/wp-json\/wp\/v2\/media\/6014"}],"wp:attachment":[{"href":"https:\/\/elvtehnika.ee\/test\/wp-json\/wp\/v2\/media?parent=11252"}],"curies":[{"name":"wp","href":"https:\/\/api.w.org\/{rel}","templated":true}]}}