{"id":11308,"date":"2017-02-22T11:43:03","date_gmt":"2017-02-22T09:43:03","guid":{"rendered":"http:\/\/localhost\/plus\/elv3\/epood\/projektor-11000-lum-epson-eb-z11005-1024-x-768\/"},"modified":"2018-12-21T17:30:39","modified_gmt":"2018-12-21T15:30:39","slug":"projektor-11000-lum-epson-eb-z11005-1024-x-768","status":"publish","type":"product","link":"https:\/\/elvtehnika.ee\/test\/epood\/projektor-11000-lum-epson-eb-z11005-1024-x-768\/","title":{"rendered":"Projektor 11000 lum Epson EB-Z11005 1024 x 768 XGA"},"content":{"rendered":"","protected":false},"excerpt":{"rendered":"","protected":false},"featured_media":5923,"template":"","meta":[],"acf":[],"yoast_head":"<!-- This site is optimized with the Yoast SEO plugin v20.5 - https:\/\/yoast.com\/wordpress\/plugins\/seo\/ -->\n<title>Projektor 11000 lum Epson EB-Z11005 1024 x 768 XGA - ELV Tehnika<\/title>\n<meta name=\"description\" content=\"Suure valgusj\u00f5uga projektor, mis v\u00f5imaldab kuvada suurematel ekraanidele korralikult heleda ja kontrastse pildi. Sobib h\u00e4sti ka kaubanduspindadele ning seadet on v\u00f5imalik panna ka\u00a0portrait mode\u2019is pilti kuvama. Projektor on XGA resolutsiooniga\u00a01024x768 mis on praegu v\u00e4iksemate lahutusv\u00f5imete hulka kuuluv\" \/>\n<meta name=\"robots\" content=\"noindex, follow, max-snippet:-1, max-image-preview:large, max-video-preview:-1\" \/>\n<meta property=\"og:locale\" content=\"et_EE\" \/>\n<meta property=\"og:type\" content=\"article\" \/>\n<meta property=\"og:title\" content=\"Projektor 11000 lum Epson EB-Z11005 1024 x 768 XGA - ELV Tehnika\" \/>\n<meta property=\"og:description\" content=\"Suure valgusj\u00f5uga projektor, mis v\u00f5imaldab kuvada suurematel ekraanidele korralikult heleda ja kontrastse pildi. Sobib h\u00e4sti ka kaubanduspindadele ning seadet on v\u00f5imalik panna ka\u00a0portrait mode\u2019is pilti kuvama. Projektor on XGA resolutsiooniga\u00a01024x768 mis on praegu v\u00e4iksemate lahutusv\u00f5imete hulka kuuluv\" \/>\n<meta property=\"og:url\" content=\"https:\/\/elvtehnika.ee\/test\/epood\/projektor-11000-lum-epson-eb-z11005-1024-x-768\/\" \/>\n<meta property=\"og:site_name\" content=\"ELV Tehnika\" \/>\n<meta property=\"article:modified_time\" content=\"2018-12-21T15:30:39+00:00\" \/>\n<meta property=\"og:image\" content=\"https:\/\/elvtehnika.ee\/test\/wp-content\/uploads\/epson-eb-z11005-1.jpg\" \/>\n\t<meta property=\"og:image:width\" content=\"1000\" \/>\n\t<meta property=\"og:image:height\" content=\"1000\" \/>\n\t<meta property=\"og:image:type\" content=\"image\/jpeg\" \/>\n<script type=\"application\/ld+json\" class=\"yoast-schema-graph\">{\"@context\":\"https:\/\/schema.org\",\"@graph\":[{\"@type\":\"WebPage\",\"@id\":\"https:\/\/elvtehnika.ee\/test\/epood\/projektor-11000-lum-epson-eb-z11005-1024-x-768\/\",\"url\":\"https:\/\/elvtehnika.ee\/test\/epood\/projektor-11000-lum-epson-eb-z11005-1024-x-768\/\",\"name\":\"Projektor 11000 lum Epson EB-Z11005 1024 x 768 XGA - ELV Tehnika\",\"isPartOf\":{\"@id\":\"https:\/\/elvtehnika.ee\/test\/#website\"},\"datePublished\":\"2017-02-22T09:43:03+00:00\",\"dateModified\":\"2018-12-21T15:30:39+00:00\",\"description\":\"Suure valgusj\u00f5uga projektor, mis v\u00f5imaldab kuvada suurematel ekraanidele korralikult heleda ja kontrastse pildi. Sobib h\u00e4sti ka kaubanduspindadele ning seadet on v\u00f5imalik panna ka\u00a0portrait mode\u2019is pilti kuvama. Projektor on XGA resolutsiooniga\u00a01024x768 mis on praegu v\u00e4iksemate lahutusv\u00f5imete hulka kuuluv\",\"breadcrumb\":{\"@id\":\"https:\/\/elvtehnika.ee\/test\/epood\/projektor-11000-lum-epson-eb-z11005-1024-x-768\/#breadcrumb\"},\"inLanguage\":\"et\",\"potentialAction\":[{\"@type\":\"ReadAction\",\"target\":[\"https:\/\/elvtehnika.ee\/test\/epood\/projektor-11000-lum-epson-eb-z11005-1024-x-768\/\"]}]},{\"@type\":\"BreadcrumbList\",\"@id\":\"https:\/\/elvtehnika.ee\/test\/epood\/projektor-11000-lum-epson-eb-z11005-1024-x-768\/#breadcrumb\",\"itemListElement\":[{\"@type\":\"ListItem\",\"position\":1,\"name\":\"Home\",\"item\":\"https:\/\/elvtehnika.ee\/test\/\"},{\"@type\":\"ListItem\",\"position\":2,\"name\":\"E-pood\",\"item\":\"https:\/\/elvtehnika.ee\/test\/epood\/\"},{\"@type\":\"ListItem\",\"position\":3,\"name\":\"Projektor 11000 lum Epson EB-Z11005 1024 x 768 XGA\"}]},{\"@type\":\"WebSite\",\"@id\":\"https:\/\/elvtehnika.ee\/test\/#website\",\"url\":\"https:\/\/elvtehnika.ee\/test\/\",\"name\":\"ELV Tehnika\",\"description\":\"Heli-, valgus- ja esitlustehnika\",\"potentialAction\":[{\"@type\":\"SearchAction\",\"target\":{\"@type\":\"EntryPoint\",\"urlTemplate\":\"https:\/\/elvtehnika.ee\/test\/?s={search_term_string}\"},\"query-input\":\"required name=search_term_string\"}],\"inLanguage\":\"et\"}]}<\/script>\n<!-- \/ Yoast SEO plugin. -->","yoast_head_json":{"title":"Projektor 11000 lum Epson EB-Z11005 1024 x 768 XGA - ELV Tehnika","description":"Suure valgusj\u00f5uga projektor, mis v\u00f5imaldab kuvada suurematel ekraanidele korralikult heleda ja kontrastse pildi. Sobib h\u00e4sti ka kaubanduspindadele ning seadet on v\u00f5imalik panna ka\u00a0portrait mode\u2019is pilti kuvama. Projektor on XGA resolutsiooniga\u00a01024x768 mis on praegu v\u00e4iksemate lahutusv\u00f5imete hulka kuuluv","robots":{"index":"noindex","follow":"follow","max-snippet":"max-snippet:-1","max-image-preview":"max-image-preview:large","max-video-preview":"max-video-preview:-1"},"og_locale":"et_EE","og_type":"article","og_title":"Projektor 11000 lum Epson EB-Z11005 1024 x 768 XGA - ELV Tehnika","og_description":"Suure valgusj\u00f5uga projektor, mis v\u00f5imaldab kuvada suurematel ekraanidele korralikult heleda ja kontrastse pildi. Sobib h\u00e4sti ka kaubanduspindadele ning seadet on v\u00f5imalik panna ka\u00a0portrait mode\u2019is pilti kuvama. Projektor on XGA resolutsiooniga\u00a01024x768 mis on praegu v\u00e4iksemate lahutusv\u00f5imete hulka kuuluv","og_url":"https:\/\/elvtehnika.ee\/test\/epood\/projektor-11000-lum-epson-eb-z11005-1024-x-768\/","og_site_name":"ELV Tehnika","article_modified_time":"2018-12-21T15:30:39+00:00","og_image":[{"width":1000,"height":1000,"url":"https:\/\/elvtehnika.ee\/test\/wp-content\/uploads\/epson-eb-z11005-1.jpg","type":"image\/jpeg"}],"schema":{"@context":"https:\/\/schema.org","@graph":[{"@type":"WebPage","@id":"https:\/\/elvtehnika.ee\/test\/epood\/projektor-11000-lum-epson-eb-z11005-1024-x-768\/","url":"https:\/\/elvtehnika.ee\/test\/epood\/projektor-11000-lum-epson-eb-z11005-1024-x-768\/","name":"Projektor 11000 lum Epson EB-Z11005 1024 x 768 XGA - ELV Tehnika","isPartOf":{"@id":"https:\/\/elvtehnika.ee\/test\/#website"},"datePublished":"2017-02-22T09:43:03+00:00","dateModified":"2018-12-21T15:30:39+00:00","description":"Suure valgusj\u00f5uga projektor, mis v\u00f5imaldab kuvada suurematel ekraanidele korralikult heleda ja kontrastse pildi. Sobib h\u00e4sti ka kaubanduspindadele ning seadet on v\u00f5imalik panna ka\u00a0portrait mode\u2019is pilti kuvama. Projektor on XGA resolutsiooniga\u00a01024x768 mis on praegu v\u00e4iksemate lahutusv\u00f5imete hulka kuuluv","breadcrumb":{"@id":"https:\/\/elvtehnika.ee\/test\/epood\/projektor-11000-lum-epson-eb-z11005-1024-x-768\/#breadcrumb"},"inLanguage":"et","potentialAction":[{"@type":"ReadAction","target":["https:\/\/elvtehnika.ee\/test\/epood\/projektor-11000-lum-epson-eb-z11005-1024-x-768\/"]}]},{"@type":"BreadcrumbList","@id":"https:\/\/elvtehnika.ee\/test\/epood\/projektor-11000-lum-epson-eb-z11005-1024-x-768\/#breadcrumb","itemListElement":[{"@type":"ListItem","position":1,"name":"Home","item":"https:\/\/elvtehnika.ee\/test\/"},{"@type":"ListItem","position":2,"name":"E-pood","item":"https:\/\/elvtehnika.ee\/test\/epood\/"},{"@type":"ListItem","position":3,"name":"Projektor 11000 lum Epson EB-Z11005 1024 x 768 XGA"}]},{"@type":"WebSite","@id":"https:\/\/elvtehnika.ee\/test\/#website","url":"https:\/\/elvtehnika.ee\/test\/","name":"ELV Tehnika","description":"Heli-, valgus- ja esitlustehnika","potentialAction":[{"@type":"SearchAction","target":{"@type":"EntryPoint","urlTemplate":"https:\/\/elvtehnika.ee\/test\/?s={search_term_string}"},"query-input":"required name=search_term_string"}],"inLanguage":"et"}]}},"_links":{"self":[{"href":"https:\/\/elvtehnika.ee\/test\/wp-json\/wp\/v2\/product\/11308"}],"collection":[{"href":"https:\/\/elvtehnika.ee\/test\/wp-json\/wp\/v2\/product"}],"about":[{"href":"https:\/\/elvtehnika.ee\/test\/wp-json\/wp\/v2\/types\/product"}],"wp:featuredmedia":[{"embeddable":true,"href":"https:\/\/elvtehnika.ee\/test\/wp-json\/wp\/v2\/media\/5923"}],"wp:attachment":[{"href":"https:\/\/elvtehnika.ee\/test\/wp-json\/wp\/v2\/media?parent=11308"}],"curies":[{"name":"wp","href":"https:\/\/api.w.org\/{rel}","templated":true}]}}