{"id":11314,"date":"2017-02-21T15:49:41","date_gmt":"2017-02-21T13:49:41","guid":{"rendered":"http:\/\/localhost\/plus\/elv3\/epood\/led-prozektor-adj-saber-spot-rgbw\/"},"modified":"2018-12-21T17:30:40","modified_gmt":"2018-12-21T15:30:40","slug":"led-prozektor-adj-saber-spot-rgbw","status":"publish","type":"product","link":"https:\/\/elvtehnika.ee\/test\/epood\/led-prozektor-adj-saber-spot-rgbw\/","title":{"rendered":"LED pro\u017eektor ADJ Saber Spot RGBW"},"content":{"rendered":"","protected":false},"excerpt":{"rendered":"","protected":false},"featured_media":5689,"template":"","meta":[],"acf":[],"yoast_head":"<!-- This site is optimized with the Yoast SEO plugin v20.5 - https:\/\/yoast.com\/wordpress\/plugins\/seo\/ -->\n<title>LED pro\u017eektor ADJ Saber Spot RGBW - ELV Tehnika<\/title>\n<meta name=\"description\" content=\"Suure valgusvooga, kvaliteetne, kerge ja kompaktne LED pro\u017eektor sujuva RGBW v\u00e4rvide vahetusega. Pro\u017eektor tuleb koos seisujalgadega, t\u00e4nu millele on see mugavalt seatav p\u00f5randale v\u00f5i riputada lakke. Ideaalne n\u00e4itelavade, installatsioonide, laudadele valgustamiseks, poodides kasutamiseks.\" \/>\n<meta name=\"robots\" content=\"noindex, follow, max-snippet:-1, max-image-preview:large, max-video-preview:-1\" \/>\n<meta property=\"og:locale\" content=\"et_EE\" \/>\n<meta property=\"og:type\" content=\"article\" \/>\n<meta property=\"og:title\" content=\"LED pro\u017eektor ADJ Saber Spot RGBW - ELV Tehnika\" \/>\n<meta property=\"og:description\" content=\"Suure valgusvooga, kvaliteetne, kerge ja kompaktne LED pro\u017eektor sujuva RGBW v\u00e4rvide vahetusega. Pro\u017eektor tuleb koos seisujalgadega, t\u00e4nu millele on see mugavalt seatav p\u00f5randale v\u00f5i riputada lakke. Ideaalne n\u00e4itelavade, installatsioonide, laudadele valgustamiseks, poodides kasutamiseks.\" \/>\n<meta property=\"og:url\" content=\"https:\/\/elvtehnika.ee\/test\/epood\/led-prozektor-adj-saber-spot-rgbw\/\" \/>\n<meta property=\"og:site_name\" content=\"ELV Tehnika\" \/>\n<meta property=\"article:modified_time\" content=\"2018-12-21T15:30:40+00:00\" \/>\n<meta property=\"og:image\" content=\"https:\/\/elvtehnika.ee\/test\/wp-content\/uploads\/adj-saber-spot-rgbw-1.jpg\" \/>\n\t<meta property=\"og:image:width\" content=\"800\" \/>\n\t<meta property=\"og:image:height\" content=\"800\" \/>\n\t<meta property=\"og:image:type\" content=\"image\/jpeg\" \/>\n<script type=\"application\/ld+json\" class=\"yoast-schema-graph\">{\"@context\":\"https:\/\/schema.org\",\"@graph\":[{\"@type\":\"WebPage\",\"@id\":\"https:\/\/elvtehnika.ee\/test\/epood\/led-prozektor-adj-saber-spot-rgbw\/\",\"url\":\"https:\/\/elvtehnika.ee\/test\/epood\/led-prozektor-adj-saber-spot-rgbw\/\",\"name\":\"LED pro\u017eektor ADJ Saber Spot RGBW - ELV Tehnika\",\"isPartOf\":{\"@id\":\"https:\/\/elvtehnika.ee\/test\/#website\"},\"datePublished\":\"2017-02-21T13:49:41+00:00\",\"dateModified\":\"2018-12-21T15:30:40+00:00\",\"description\":\"Suure valgusvooga, kvaliteetne, kerge ja kompaktne LED pro\u017eektor sujuva RGBW v\u00e4rvide vahetusega. Pro\u017eektor tuleb koos seisujalgadega, t\u00e4nu millele on see mugavalt seatav p\u00f5randale v\u00f5i riputada lakke. Ideaalne n\u00e4itelavade, installatsioonide, laudadele valgustamiseks, poodides kasutamiseks.\",\"breadcrumb\":{\"@id\":\"https:\/\/elvtehnika.ee\/test\/epood\/led-prozektor-adj-saber-spot-rgbw\/#breadcrumb\"},\"inLanguage\":\"et\",\"potentialAction\":[{\"@type\":\"ReadAction\",\"target\":[\"https:\/\/elvtehnika.ee\/test\/epood\/led-prozektor-adj-saber-spot-rgbw\/\"]}]},{\"@type\":\"BreadcrumbList\",\"@id\":\"https:\/\/elvtehnika.ee\/test\/epood\/led-prozektor-adj-saber-spot-rgbw\/#breadcrumb\",\"itemListElement\":[{\"@type\":\"ListItem\",\"position\":1,\"name\":\"Home\",\"item\":\"https:\/\/elvtehnika.ee\/test\/\"},{\"@type\":\"ListItem\",\"position\":2,\"name\":\"E-pood\",\"item\":\"https:\/\/elvtehnika.ee\/test\/epood\/\"},{\"@type\":\"ListItem\",\"position\":3,\"name\":\"LED pro\u017eektor ADJ Saber Spot RGBW\"}]},{\"@type\":\"WebSite\",\"@id\":\"https:\/\/elvtehnika.ee\/test\/#website\",\"url\":\"https:\/\/elvtehnika.ee\/test\/\",\"name\":\"ELV Tehnika\",\"description\":\"Heli-, valgus- ja esitlustehnika\",\"potentialAction\":[{\"@type\":\"SearchAction\",\"target\":{\"@type\":\"EntryPoint\",\"urlTemplate\":\"https:\/\/elvtehnika.ee\/test\/?s={search_term_string}\"},\"query-input\":\"required name=search_term_string\"}],\"inLanguage\":\"et\"}]}<\/script>\n<!-- \/ Yoast SEO plugin. -->","yoast_head_json":{"title":"LED pro\u017eektor ADJ Saber Spot RGBW - ELV Tehnika","description":"Suure valgusvooga, kvaliteetne, kerge ja kompaktne LED pro\u017eektor sujuva RGBW v\u00e4rvide vahetusega. Pro\u017eektor tuleb koos seisujalgadega, t\u00e4nu millele on see mugavalt seatav p\u00f5randale v\u00f5i riputada lakke. Ideaalne n\u00e4itelavade, installatsioonide, laudadele valgustamiseks, poodides kasutamiseks.","robots":{"index":"noindex","follow":"follow","max-snippet":"max-snippet:-1","max-image-preview":"max-image-preview:large","max-video-preview":"max-video-preview:-1"},"og_locale":"et_EE","og_type":"article","og_title":"LED pro\u017eektor ADJ Saber Spot RGBW - ELV Tehnika","og_description":"Suure valgusvooga, kvaliteetne, kerge ja kompaktne LED pro\u017eektor sujuva RGBW v\u00e4rvide vahetusega. Pro\u017eektor tuleb koos seisujalgadega, t\u00e4nu millele on see mugavalt seatav p\u00f5randale v\u00f5i riputada lakke. Ideaalne n\u00e4itelavade, installatsioonide, laudadele valgustamiseks, poodides kasutamiseks.","og_url":"https:\/\/elvtehnika.ee\/test\/epood\/led-prozektor-adj-saber-spot-rgbw\/","og_site_name":"ELV Tehnika","article_modified_time":"2018-12-21T15:30:40+00:00","og_image":[{"width":800,"height":800,"url":"https:\/\/elvtehnika.ee\/test\/wp-content\/uploads\/adj-saber-spot-rgbw-1.jpg","type":"image\/jpeg"}],"schema":{"@context":"https:\/\/schema.org","@graph":[{"@type":"WebPage","@id":"https:\/\/elvtehnika.ee\/test\/epood\/led-prozektor-adj-saber-spot-rgbw\/","url":"https:\/\/elvtehnika.ee\/test\/epood\/led-prozektor-adj-saber-spot-rgbw\/","name":"LED pro\u017eektor ADJ Saber Spot RGBW - ELV Tehnika","isPartOf":{"@id":"https:\/\/elvtehnika.ee\/test\/#website"},"datePublished":"2017-02-21T13:49:41+00:00","dateModified":"2018-12-21T15:30:40+00:00","description":"Suure valgusvooga, kvaliteetne, kerge ja kompaktne LED pro\u017eektor sujuva RGBW v\u00e4rvide vahetusega. Pro\u017eektor tuleb koos seisujalgadega, t\u00e4nu millele on see mugavalt seatav p\u00f5randale v\u00f5i riputada lakke. Ideaalne n\u00e4itelavade, installatsioonide, laudadele valgustamiseks, poodides kasutamiseks.","breadcrumb":{"@id":"https:\/\/elvtehnika.ee\/test\/epood\/led-prozektor-adj-saber-spot-rgbw\/#breadcrumb"},"inLanguage":"et","potentialAction":[{"@type":"ReadAction","target":["https:\/\/elvtehnika.ee\/test\/epood\/led-prozektor-adj-saber-spot-rgbw\/"]}]},{"@type":"BreadcrumbList","@id":"https:\/\/elvtehnika.ee\/test\/epood\/led-prozektor-adj-saber-spot-rgbw\/#breadcrumb","itemListElement":[{"@type":"ListItem","position":1,"name":"Home","item":"https:\/\/elvtehnika.ee\/test\/"},{"@type":"ListItem","position":2,"name":"E-pood","item":"https:\/\/elvtehnika.ee\/test\/epood\/"},{"@type":"ListItem","position":3,"name":"LED pro\u017eektor ADJ Saber Spot RGBW"}]},{"@type":"WebSite","@id":"https:\/\/elvtehnika.ee\/test\/#website","url":"https:\/\/elvtehnika.ee\/test\/","name":"ELV Tehnika","description":"Heli-, valgus- ja esitlustehnika","potentialAction":[{"@type":"SearchAction","target":{"@type":"EntryPoint","urlTemplate":"https:\/\/elvtehnika.ee\/test\/?s={search_term_string}"},"query-input":"required name=search_term_string"}],"inLanguage":"et"}]}},"_links":{"self":[{"href":"https:\/\/elvtehnika.ee\/test\/wp-json\/wp\/v2\/product\/11314"}],"collection":[{"href":"https:\/\/elvtehnika.ee\/test\/wp-json\/wp\/v2\/product"}],"about":[{"href":"https:\/\/elvtehnika.ee\/test\/wp-json\/wp\/v2\/types\/product"}],"wp:featuredmedia":[{"embeddable":true,"href":"https:\/\/elvtehnika.ee\/test\/wp-json\/wp\/v2\/media\/5689"}],"wp:attachment":[{"href":"https:\/\/elvtehnika.ee\/test\/wp-json\/wp\/v2\/media?parent=11314"}],"curies":[{"name":"wp","href":"https:\/\/api.w.org\/{rel}","templated":true}]}}