{"id":11318,"date":"2017-02-21T13:41:35","date_gmt":"2017-02-21T11:41:35","guid":{"rendered":"http:\/\/localhost\/plus\/elv3\/epood\/rcf-dx-4008-digitaalne-pa-kontroller\/"},"modified":"2018-12-21T17:30:40","modified_gmt":"2018-12-21T15:30:40","slug":"rcf-dx-4008-digitaalne-pa-kontroller","status":"publish","type":"product","link":"https:\/\/elvtehnika.ee\/test\/epood\/rcf-dx-4008-digitaalne-pa-kontroller\/","title":{"rendered":"K\u00f5laris\u00fcsteemide kontroller RCF DX 4008"},"content":{"rendered":"","protected":false},"excerpt":{"rendered":"","protected":false},"featured_media":9371,"template":"","meta":[],"acf":[],"yoast_head":"<!-- This site is optimized with the Yoast SEO plugin v20.5 - https:\/\/yoast.com\/wordpress\/plugins\/seo\/ -->\n<title>K\u00f5laris\u00fcsteemide kontroller RCF DX 4008 - ELV Tehnika<\/title>\n<meta name=\"description\" content=\"Kontroller suuremate heliv\u00f5imenduss\u00fcsteemide juhtimiseks mis v\u00f5imaldab helis\u00fcsteemi erinevatele osade jaoks signaali sobivaks seadistada. Tegu on floating-point kontrolleriga, millel puuduvad fixed-point controllerite puhul esinevad moonutused ja sahinad. Kontolleril on 4 sisendit, ja 8 v\u00e4ljundit.\" \/>\n<meta name=\"robots\" content=\"noindex, follow, max-snippet:-1, max-image-preview:large, max-video-preview:-1\" \/>\n<meta property=\"og:locale\" content=\"et_EE\" \/>\n<meta property=\"og:type\" content=\"article\" \/>\n<meta property=\"og:title\" content=\"K\u00f5laris\u00fcsteemide kontroller RCF DX 4008 - ELV Tehnika\" \/>\n<meta property=\"og:description\" content=\"Kontroller suuremate heliv\u00f5imenduss\u00fcsteemide juhtimiseks mis v\u00f5imaldab helis\u00fcsteemi erinevatele osade jaoks signaali sobivaks seadistada. Tegu on floating-point kontrolleriga, millel puuduvad fixed-point controllerite puhul esinevad moonutused ja sahinad. Kontolleril on 4 sisendit, ja 8 v\u00e4ljundit.\" \/>\n<meta property=\"og:url\" content=\"https:\/\/elvtehnika.ee\/test\/epood\/rcf-dx-4008-digitaalne-pa-kontroller\/\" \/>\n<meta property=\"og:site_name\" content=\"ELV Tehnika\" \/>\n<meta property=\"article:modified_time\" content=\"2018-12-21T15:30:40+00:00\" \/>\n<meta property=\"og:image\" content=\"https:\/\/elvtehnika.ee\/test\/wp-content\/uploads\/kolarisysteemide-kontroller-rcf-dx-4008.jpg\" \/>\n\t<meta property=\"og:image:width\" content=\"1200\" \/>\n\t<meta property=\"og:image:height\" content=\"1200\" \/>\n\t<meta property=\"og:image:type\" content=\"image\/jpeg\" \/>\n<script type=\"application\/ld+json\" class=\"yoast-schema-graph\">{\"@context\":\"https:\/\/schema.org\",\"@graph\":[{\"@type\":\"WebPage\",\"@id\":\"https:\/\/elvtehnika.ee\/test\/epood\/rcf-dx-4008-digitaalne-pa-kontroller\/\",\"url\":\"https:\/\/elvtehnika.ee\/test\/epood\/rcf-dx-4008-digitaalne-pa-kontroller\/\",\"name\":\"K\u00f5laris\u00fcsteemide kontroller RCF DX 4008 - ELV Tehnika\",\"isPartOf\":{\"@id\":\"https:\/\/elvtehnika.ee\/test\/#website\"},\"datePublished\":\"2017-02-21T11:41:35+00:00\",\"dateModified\":\"2018-12-21T15:30:40+00:00\",\"description\":\"Kontroller suuremate heliv\u00f5imenduss\u00fcsteemide juhtimiseks mis v\u00f5imaldab helis\u00fcsteemi erinevatele osade jaoks signaali sobivaks seadistada. Tegu on floating-point kontrolleriga, millel puuduvad fixed-point controllerite puhul esinevad moonutused ja sahinad. Kontolleril on 4 sisendit, ja 8 v\u00e4ljundit.\",\"breadcrumb\":{\"@id\":\"https:\/\/elvtehnika.ee\/test\/epood\/rcf-dx-4008-digitaalne-pa-kontroller\/#breadcrumb\"},\"inLanguage\":\"et\",\"potentialAction\":[{\"@type\":\"ReadAction\",\"target\":[\"https:\/\/elvtehnika.ee\/test\/epood\/rcf-dx-4008-digitaalne-pa-kontroller\/\"]}]},{\"@type\":\"BreadcrumbList\",\"@id\":\"https:\/\/elvtehnika.ee\/test\/epood\/rcf-dx-4008-digitaalne-pa-kontroller\/#breadcrumb\",\"itemListElement\":[{\"@type\":\"ListItem\",\"position\":1,\"name\":\"Home\",\"item\":\"https:\/\/elvtehnika.ee\/test\/\"},{\"@type\":\"ListItem\",\"position\":2,\"name\":\"E-pood\",\"item\":\"https:\/\/elvtehnika.ee\/test\/epood\/\"},{\"@type\":\"ListItem\",\"position\":3,\"name\":\"K\u00f5laris\u00fcsteemide kontroller RCF DX 4008\"}]},{\"@type\":\"WebSite\",\"@id\":\"https:\/\/elvtehnika.ee\/test\/#website\",\"url\":\"https:\/\/elvtehnika.ee\/test\/\",\"name\":\"ELV Tehnika\",\"description\":\"Heli-, valgus- ja esitlustehnika\",\"potentialAction\":[{\"@type\":\"SearchAction\",\"target\":{\"@type\":\"EntryPoint\",\"urlTemplate\":\"https:\/\/elvtehnika.ee\/test\/?s={search_term_string}\"},\"query-input\":\"required name=search_term_string\"}],\"inLanguage\":\"et\"}]}<\/script>\n<!-- \/ Yoast SEO plugin. -->","yoast_head_json":{"title":"K\u00f5laris\u00fcsteemide kontroller RCF DX 4008 - ELV Tehnika","description":"Kontroller suuremate heliv\u00f5imenduss\u00fcsteemide juhtimiseks mis v\u00f5imaldab helis\u00fcsteemi erinevatele osade jaoks signaali sobivaks seadistada. Tegu on floating-point kontrolleriga, millel puuduvad fixed-point controllerite puhul esinevad moonutused ja sahinad. Kontolleril on 4 sisendit, ja 8 v\u00e4ljundit.","robots":{"index":"noindex","follow":"follow","max-snippet":"max-snippet:-1","max-image-preview":"max-image-preview:large","max-video-preview":"max-video-preview:-1"},"og_locale":"et_EE","og_type":"article","og_title":"K\u00f5laris\u00fcsteemide kontroller RCF DX 4008 - ELV Tehnika","og_description":"Kontroller suuremate heliv\u00f5imenduss\u00fcsteemide juhtimiseks mis v\u00f5imaldab helis\u00fcsteemi erinevatele osade jaoks signaali sobivaks seadistada. Tegu on floating-point kontrolleriga, millel puuduvad fixed-point controllerite puhul esinevad moonutused ja sahinad. Kontolleril on 4 sisendit, ja 8 v\u00e4ljundit.","og_url":"https:\/\/elvtehnika.ee\/test\/epood\/rcf-dx-4008-digitaalne-pa-kontroller\/","og_site_name":"ELV Tehnika","article_modified_time":"2018-12-21T15:30:40+00:00","og_image":[{"width":1200,"height":1200,"url":"https:\/\/elvtehnika.ee\/test\/wp-content\/uploads\/kolarisysteemide-kontroller-rcf-dx-4008.jpg","type":"image\/jpeg"}],"schema":{"@context":"https:\/\/schema.org","@graph":[{"@type":"WebPage","@id":"https:\/\/elvtehnika.ee\/test\/epood\/rcf-dx-4008-digitaalne-pa-kontroller\/","url":"https:\/\/elvtehnika.ee\/test\/epood\/rcf-dx-4008-digitaalne-pa-kontroller\/","name":"K\u00f5laris\u00fcsteemide kontroller RCF DX 4008 - ELV Tehnika","isPartOf":{"@id":"https:\/\/elvtehnika.ee\/test\/#website"},"datePublished":"2017-02-21T11:41:35+00:00","dateModified":"2018-12-21T15:30:40+00:00","description":"Kontroller suuremate heliv\u00f5imenduss\u00fcsteemide juhtimiseks mis v\u00f5imaldab helis\u00fcsteemi erinevatele osade jaoks signaali sobivaks seadistada. Tegu on floating-point kontrolleriga, millel puuduvad fixed-point controllerite puhul esinevad moonutused ja sahinad. Kontolleril on 4 sisendit, ja 8 v\u00e4ljundit.","breadcrumb":{"@id":"https:\/\/elvtehnika.ee\/test\/epood\/rcf-dx-4008-digitaalne-pa-kontroller\/#breadcrumb"},"inLanguage":"et","potentialAction":[{"@type":"ReadAction","target":["https:\/\/elvtehnika.ee\/test\/epood\/rcf-dx-4008-digitaalne-pa-kontroller\/"]}]},{"@type":"BreadcrumbList","@id":"https:\/\/elvtehnika.ee\/test\/epood\/rcf-dx-4008-digitaalne-pa-kontroller\/#breadcrumb","itemListElement":[{"@type":"ListItem","position":1,"name":"Home","item":"https:\/\/elvtehnika.ee\/test\/"},{"@type":"ListItem","position":2,"name":"E-pood","item":"https:\/\/elvtehnika.ee\/test\/epood\/"},{"@type":"ListItem","position":3,"name":"K\u00f5laris\u00fcsteemide kontroller RCF DX 4008"}]},{"@type":"WebSite","@id":"https:\/\/elvtehnika.ee\/test\/#website","url":"https:\/\/elvtehnika.ee\/test\/","name":"ELV Tehnika","description":"Heli-, valgus- ja esitlustehnika","potentialAction":[{"@type":"SearchAction","target":{"@type":"EntryPoint","urlTemplate":"https:\/\/elvtehnika.ee\/test\/?s={search_term_string}"},"query-input":"required name=search_term_string"}],"inLanguage":"et"}]}},"_links":{"self":[{"href":"https:\/\/elvtehnika.ee\/test\/wp-json\/wp\/v2\/product\/11318"}],"collection":[{"href":"https:\/\/elvtehnika.ee\/test\/wp-json\/wp\/v2\/product"}],"about":[{"href":"https:\/\/elvtehnika.ee\/test\/wp-json\/wp\/v2\/types\/product"}],"wp:featuredmedia":[{"embeddable":true,"href":"https:\/\/elvtehnika.ee\/test\/wp-json\/wp\/v2\/media\/9371"}],"wp:attachment":[{"href":"https:\/\/elvtehnika.ee\/test\/wp-json\/wp\/v2\/media?parent=11318"}],"curies":[{"name":"wp","href":"https:\/\/api.w.org\/{rel}","templated":true}]}}