{"id":11329,"date":"2017-02-20T11:51:56","date_gmt":"2017-02-20T09:51:56","guid":{"rendered":"http:\/\/localhost\/plus\/elv3\/epood\/raadiomikrofon-koos-vastuvotjaga-shure-qlxd24sm58\/"},"modified":"2018-12-21T17:30:40","modified_gmt":"2018-12-21T15:30:40","slug":"raadiomikrofon-koos-vastuvotjaga-shure-qlxd24sm58","status":"publish","type":"product","link":"https:\/\/elvtehnika.ee\/test\/epood\/raadiomikrofon-koos-vastuvotjaga-shure-qlxd24sm58\/","title":{"rendered":"Raadiomikrofon koos vastuv\u00f5tjaga Shure QLXD24\/SM58"},"content":{"rendered":"","protected":false},"excerpt":{"rendered":"","protected":false},"featured_media":5601,"template":"","meta":[],"acf":[],"yoast_head":"<!-- This site is optimized with the Yoast SEO plugin v20.5 - https:\/\/yoast.com\/wordpress\/plugins\/seo\/ -->\n<title>Raadiomikrofon koos vastuv\u00f5tjaga Shure QLXD24\/SM58 - ELV Tehnika<\/title>\n<meta name=\"description\" content=\"V\u00e4ga kvaliteetse signaali\u00fclekandega, vokaali jaoks h\u00e4sti sobiva sm58 kapsliga ning metallkorpusega digitaalne raadiomikrofon.\" \/>\n<meta name=\"robots\" content=\"noindex, follow, max-snippet:-1, max-image-preview:large, max-video-preview:-1\" \/>\n<meta property=\"og:locale\" content=\"et_EE\" \/>\n<meta property=\"og:type\" content=\"article\" \/>\n<meta property=\"og:title\" content=\"Raadiomikrofon koos vastuv\u00f5tjaga Shure QLXD24\/SM58 - ELV Tehnika\" \/>\n<meta property=\"og:description\" content=\"V\u00e4ga kvaliteetse signaali\u00fclekandega, vokaali jaoks h\u00e4sti sobiva sm58 kapsliga ning metallkorpusega digitaalne raadiomikrofon.\" \/>\n<meta property=\"og:url\" content=\"https:\/\/elvtehnika.ee\/test\/epood\/raadiomikrofon-koos-vastuvotjaga-shure-qlxd24sm58\/\" \/>\n<meta property=\"og:site_name\" content=\"ELV Tehnika\" \/>\n<meta property=\"article:modified_time\" content=\"2018-12-21T15:30:40+00:00\" \/>\n<meta property=\"og:image\" content=\"https:\/\/elvtehnika.ee\/test\/wp-content\/uploads\/shure-qlxd24-sm58-1.jpg\" \/>\n\t<meta property=\"og:image:width\" content=\"1200\" \/>\n\t<meta property=\"og:image:height\" content=\"1200\" \/>\n\t<meta property=\"og:image:type\" content=\"image\/jpeg\" \/>\n<script type=\"application\/ld+json\" class=\"yoast-schema-graph\">{\"@context\":\"https:\/\/schema.org\",\"@graph\":[{\"@type\":\"WebPage\",\"@id\":\"https:\/\/elvtehnika.ee\/test\/epood\/raadiomikrofon-koos-vastuvotjaga-shure-qlxd24sm58\/\",\"url\":\"https:\/\/elvtehnika.ee\/test\/epood\/raadiomikrofon-koos-vastuvotjaga-shure-qlxd24sm58\/\",\"name\":\"Raadiomikrofon koos vastuv\u00f5tjaga Shure QLXD24\/SM58 - ELV Tehnika\",\"isPartOf\":{\"@id\":\"https:\/\/elvtehnika.ee\/test\/#website\"},\"datePublished\":\"2017-02-20T09:51:56+00:00\",\"dateModified\":\"2018-12-21T15:30:40+00:00\",\"description\":\"V\u00e4ga kvaliteetse signaali\u00fclekandega, vokaali jaoks h\u00e4sti sobiva sm58 kapsliga ning metallkorpusega digitaalne raadiomikrofon.\",\"breadcrumb\":{\"@id\":\"https:\/\/elvtehnika.ee\/test\/epood\/raadiomikrofon-koos-vastuvotjaga-shure-qlxd24sm58\/#breadcrumb\"},\"inLanguage\":\"et\",\"potentialAction\":[{\"@type\":\"ReadAction\",\"target\":[\"https:\/\/elvtehnika.ee\/test\/epood\/raadiomikrofon-koos-vastuvotjaga-shure-qlxd24sm58\/\"]}]},{\"@type\":\"BreadcrumbList\",\"@id\":\"https:\/\/elvtehnika.ee\/test\/epood\/raadiomikrofon-koos-vastuvotjaga-shure-qlxd24sm58\/#breadcrumb\",\"itemListElement\":[{\"@type\":\"ListItem\",\"position\":1,\"name\":\"Home\",\"item\":\"https:\/\/elvtehnika.ee\/test\/\"},{\"@type\":\"ListItem\",\"position\":2,\"name\":\"E-pood\",\"item\":\"https:\/\/elvtehnika.ee\/test\/epood\/\"},{\"@type\":\"ListItem\",\"position\":3,\"name\":\"Raadiomikrofon koos vastuv\u00f5tjaga Shure QLXD24\/SM58\"}]},{\"@type\":\"WebSite\",\"@id\":\"https:\/\/elvtehnika.ee\/test\/#website\",\"url\":\"https:\/\/elvtehnika.ee\/test\/\",\"name\":\"ELV Tehnika\",\"description\":\"Heli-, valgus- ja esitlustehnika\",\"potentialAction\":[{\"@type\":\"SearchAction\",\"target\":{\"@type\":\"EntryPoint\",\"urlTemplate\":\"https:\/\/elvtehnika.ee\/test\/?s={search_term_string}\"},\"query-input\":\"required name=search_term_string\"}],\"inLanguage\":\"et\"}]}<\/script>\n<!-- \/ Yoast SEO plugin. -->","yoast_head_json":{"title":"Raadiomikrofon koos vastuv\u00f5tjaga Shure QLXD24\/SM58 - ELV Tehnika","description":"V\u00e4ga kvaliteetse signaali\u00fclekandega, vokaali jaoks h\u00e4sti sobiva sm58 kapsliga ning metallkorpusega digitaalne raadiomikrofon.","robots":{"index":"noindex","follow":"follow","max-snippet":"max-snippet:-1","max-image-preview":"max-image-preview:large","max-video-preview":"max-video-preview:-1"},"og_locale":"et_EE","og_type":"article","og_title":"Raadiomikrofon koos vastuv\u00f5tjaga Shure QLXD24\/SM58 - ELV Tehnika","og_description":"V\u00e4ga kvaliteetse signaali\u00fclekandega, vokaali jaoks h\u00e4sti sobiva sm58 kapsliga ning metallkorpusega digitaalne raadiomikrofon.","og_url":"https:\/\/elvtehnika.ee\/test\/epood\/raadiomikrofon-koos-vastuvotjaga-shure-qlxd24sm58\/","og_site_name":"ELV Tehnika","article_modified_time":"2018-12-21T15:30:40+00:00","og_image":[{"width":1200,"height":1200,"url":"https:\/\/elvtehnika.ee\/test\/wp-content\/uploads\/shure-qlxd24-sm58-1.jpg","type":"image\/jpeg"}],"schema":{"@context":"https:\/\/schema.org","@graph":[{"@type":"WebPage","@id":"https:\/\/elvtehnika.ee\/test\/epood\/raadiomikrofon-koos-vastuvotjaga-shure-qlxd24sm58\/","url":"https:\/\/elvtehnika.ee\/test\/epood\/raadiomikrofon-koos-vastuvotjaga-shure-qlxd24sm58\/","name":"Raadiomikrofon koos vastuv\u00f5tjaga Shure QLXD24\/SM58 - ELV Tehnika","isPartOf":{"@id":"https:\/\/elvtehnika.ee\/test\/#website"},"datePublished":"2017-02-20T09:51:56+00:00","dateModified":"2018-12-21T15:30:40+00:00","description":"V\u00e4ga kvaliteetse signaali\u00fclekandega, vokaali jaoks h\u00e4sti sobiva sm58 kapsliga ning metallkorpusega digitaalne raadiomikrofon.","breadcrumb":{"@id":"https:\/\/elvtehnika.ee\/test\/epood\/raadiomikrofon-koos-vastuvotjaga-shure-qlxd24sm58\/#breadcrumb"},"inLanguage":"et","potentialAction":[{"@type":"ReadAction","target":["https:\/\/elvtehnika.ee\/test\/epood\/raadiomikrofon-koos-vastuvotjaga-shure-qlxd24sm58\/"]}]},{"@type":"BreadcrumbList","@id":"https:\/\/elvtehnika.ee\/test\/epood\/raadiomikrofon-koos-vastuvotjaga-shure-qlxd24sm58\/#breadcrumb","itemListElement":[{"@type":"ListItem","position":1,"name":"Home","item":"https:\/\/elvtehnika.ee\/test\/"},{"@type":"ListItem","position":2,"name":"E-pood","item":"https:\/\/elvtehnika.ee\/test\/epood\/"},{"@type":"ListItem","position":3,"name":"Raadiomikrofon koos vastuv\u00f5tjaga Shure QLXD24\/SM58"}]},{"@type":"WebSite","@id":"https:\/\/elvtehnika.ee\/test\/#website","url":"https:\/\/elvtehnika.ee\/test\/","name":"ELV Tehnika","description":"Heli-, valgus- ja esitlustehnika","potentialAction":[{"@type":"SearchAction","target":{"@type":"EntryPoint","urlTemplate":"https:\/\/elvtehnika.ee\/test\/?s={search_term_string}"},"query-input":"required name=search_term_string"}],"inLanguage":"et"}]}},"_links":{"self":[{"href":"https:\/\/elvtehnika.ee\/test\/wp-json\/wp\/v2\/product\/11329"}],"collection":[{"href":"https:\/\/elvtehnika.ee\/test\/wp-json\/wp\/v2\/product"}],"about":[{"href":"https:\/\/elvtehnika.ee\/test\/wp-json\/wp\/v2\/types\/product"}],"wp:featuredmedia":[{"embeddable":true,"href":"https:\/\/elvtehnika.ee\/test\/wp-json\/wp\/v2\/media\/5601"}],"wp:attachment":[{"href":"https:\/\/elvtehnika.ee\/test\/wp-json\/wp\/v2\/media?parent=11329"}],"curies":[{"name":"wp","href":"https:\/\/api.w.org\/{rel}","templated":true}]}}