{"id":11339,"date":"2017-02-16T18:13:37","date_gmt":"2017-02-16T16:13:37","guid":{"rendered":"http:\/\/localhost\/plus\/elv3\/epood\/aktiivne-bassikolar-rcf-p8015-s-ilmastikukindel-subwoofer\/"},"modified":"2018-12-21T17:30:41","modified_gmt":"2018-12-21T15:30:41","slug":"aktiivne-bassikolar-rcf-p8015-s-ilmastikukindel-subwoofer","status":"publish","type":"product","link":"https:\/\/elvtehnika.ee\/test\/epood\/aktiivne-bassikolar-rcf-p8015-s-ilmastikukindel-subwoofer\/","title":{"rendered":"Ilmastikukindel bassik\u00f5lar RCF P 8015S"},"content":{"rendered":"","protected":false},"excerpt":{"rendered":"","protected":false},"featured_media":5522,"template":"","meta":[],"acf":[],"yoast_head":"<!-- This site is optimized with the Yoast SEO plugin v20.5 - https:\/\/yoast.com\/wordpress\/plugins\/seo\/ -->\n<title>Ilmastikukindel bassik\u00f5lar RCF P 8015S - ELV Tehnika<\/title>\n<meta name=\"description\" content=\"RCF P8015-S on ilmastikukindel bassik\u00f5lar, millel on 15&quot; element koos 4&quot; m\u00e4hisega mis tagavad korraliku j\u00f5udluse rakendustesse v\u00e4litingimustes.\" \/>\n<meta name=\"robots\" content=\"noindex, follow, max-snippet:-1, max-image-preview:large, max-video-preview:-1\" \/>\n<meta property=\"og:locale\" content=\"et_EE\" \/>\n<meta property=\"og:type\" content=\"article\" \/>\n<meta property=\"og:title\" content=\"Ilmastikukindel bassik\u00f5lar RCF P 8015S - ELV Tehnika\" \/>\n<meta property=\"og:description\" content=\"RCF P8015-S on ilmastikukindel bassik\u00f5lar, millel on 15&quot; element koos 4&quot; m\u00e4hisega mis tagavad korraliku j\u00f5udluse rakendustesse v\u00e4litingimustes.\" \/>\n<meta property=\"og:url\" content=\"https:\/\/elvtehnika.ee\/test\/epood\/aktiivne-bassikolar-rcf-p8015-s-ilmastikukindel-subwoofer\/\" \/>\n<meta property=\"og:site_name\" content=\"ELV Tehnika\" \/>\n<meta property=\"article:modified_time\" content=\"2018-12-21T15:30:41+00:00\" \/>\n<meta property=\"og:image\" content=\"https:\/\/elvtehnika.ee\/test\/wp-content\/uploads\/rcf-p8015-1.jpeg\" \/>\n\t<meta property=\"og:image:width\" content=\"1280\" \/>\n\t<meta property=\"og:image:height\" content=\"1024\" \/>\n\t<meta property=\"og:image:type\" content=\"image\/jpeg\" \/>\n<script type=\"application\/ld+json\" class=\"yoast-schema-graph\">{\"@context\":\"https:\/\/schema.org\",\"@graph\":[{\"@type\":\"WebPage\",\"@id\":\"https:\/\/elvtehnika.ee\/test\/epood\/aktiivne-bassikolar-rcf-p8015-s-ilmastikukindel-subwoofer\/\",\"url\":\"https:\/\/elvtehnika.ee\/test\/epood\/aktiivne-bassikolar-rcf-p8015-s-ilmastikukindel-subwoofer\/\",\"name\":\"Ilmastikukindel bassik\u00f5lar RCF P 8015S - ELV Tehnika\",\"isPartOf\":{\"@id\":\"https:\/\/elvtehnika.ee\/test\/#website\"},\"datePublished\":\"2017-02-16T16:13:37+00:00\",\"dateModified\":\"2018-12-21T15:30:41+00:00\",\"description\":\"RCF P8015-S on ilmastikukindel bassik\u00f5lar, millel on 15\\\" element koos 4\\\" m\u00e4hisega mis tagavad korraliku j\u00f5udluse rakendustesse v\u00e4litingimustes.\",\"breadcrumb\":{\"@id\":\"https:\/\/elvtehnika.ee\/test\/epood\/aktiivne-bassikolar-rcf-p8015-s-ilmastikukindel-subwoofer\/#breadcrumb\"},\"inLanguage\":\"et\",\"potentialAction\":[{\"@type\":\"ReadAction\",\"target\":[\"https:\/\/elvtehnika.ee\/test\/epood\/aktiivne-bassikolar-rcf-p8015-s-ilmastikukindel-subwoofer\/\"]}]},{\"@type\":\"BreadcrumbList\",\"@id\":\"https:\/\/elvtehnika.ee\/test\/epood\/aktiivne-bassikolar-rcf-p8015-s-ilmastikukindel-subwoofer\/#breadcrumb\",\"itemListElement\":[{\"@type\":\"ListItem\",\"position\":1,\"name\":\"Home\",\"item\":\"https:\/\/elvtehnika.ee\/test\/\"},{\"@type\":\"ListItem\",\"position\":2,\"name\":\"E-pood\",\"item\":\"https:\/\/elvtehnika.ee\/test\/epood\/\"},{\"@type\":\"ListItem\",\"position\":3,\"name\":\"Ilmastikukindel bassik\u00f5lar RCF P 8015S\"}]},{\"@type\":\"WebSite\",\"@id\":\"https:\/\/elvtehnika.ee\/test\/#website\",\"url\":\"https:\/\/elvtehnika.ee\/test\/\",\"name\":\"ELV Tehnika\",\"description\":\"Heli-, valgus- ja esitlustehnika\",\"potentialAction\":[{\"@type\":\"SearchAction\",\"target\":{\"@type\":\"EntryPoint\",\"urlTemplate\":\"https:\/\/elvtehnika.ee\/test\/?s={search_term_string}\"},\"query-input\":\"required name=search_term_string\"}],\"inLanguage\":\"et\"}]}<\/script>\n<!-- \/ Yoast SEO plugin. -->","yoast_head_json":{"title":"Ilmastikukindel bassik\u00f5lar RCF P 8015S - ELV Tehnika","description":"RCF P8015-S on ilmastikukindel bassik\u00f5lar, millel on 15\" element koos 4\" m\u00e4hisega mis tagavad korraliku j\u00f5udluse rakendustesse v\u00e4litingimustes.","robots":{"index":"noindex","follow":"follow","max-snippet":"max-snippet:-1","max-image-preview":"max-image-preview:large","max-video-preview":"max-video-preview:-1"},"og_locale":"et_EE","og_type":"article","og_title":"Ilmastikukindel bassik\u00f5lar RCF P 8015S - ELV Tehnika","og_description":"RCF P8015-S on ilmastikukindel bassik\u00f5lar, millel on 15\" element koos 4\" m\u00e4hisega mis tagavad korraliku j\u00f5udluse rakendustesse v\u00e4litingimustes.","og_url":"https:\/\/elvtehnika.ee\/test\/epood\/aktiivne-bassikolar-rcf-p8015-s-ilmastikukindel-subwoofer\/","og_site_name":"ELV Tehnika","article_modified_time":"2018-12-21T15:30:41+00:00","og_image":[{"width":1280,"height":1024,"url":"https:\/\/elvtehnika.ee\/test\/wp-content\/uploads\/rcf-p8015-1.jpeg","type":"image\/jpeg"}],"schema":{"@context":"https:\/\/schema.org","@graph":[{"@type":"WebPage","@id":"https:\/\/elvtehnika.ee\/test\/epood\/aktiivne-bassikolar-rcf-p8015-s-ilmastikukindel-subwoofer\/","url":"https:\/\/elvtehnika.ee\/test\/epood\/aktiivne-bassikolar-rcf-p8015-s-ilmastikukindel-subwoofer\/","name":"Ilmastikukindel bassik\u00f5lar RCF P 8015S - ELV Tehnika","isPartOf":{"@id":"https:\/\/elvtehnika.ee\/test\/#website"},"datePublished":"2017-02-16T16:13:37+00:00","dateModified":"2018-12-21T15:30:41+00:00","description":"RCF P8015-S on ilmastikukindel bassik\u00f5lar, millel on 15\" element koos 4\" m\u00e4hisega mis tagavad korraliku j\u00f5udluse rakendustesse v\u00e4litingimustes.","breadcrumb":{"@id":"https:\/\/elvtehnika.ee\/test\/epood\/aktiivne-bassikolar-rcf-p8015-s-ilmastikukindel-subwoofer\/#breadcrumb"},"inLanguage":"et","potentialAction":[{"@type":"ReadAction","target":["https:\/\/elvtehnika.ee\/test\/epood\/aktiivne-bassikolar-rcf-p8015-s-ilmastikukindel-subwoofer\/"]}]},{"@type":"BreadcrumbList","@id":"https:\/\/elvtehnika.ee\/test\/epood\/aktiivne-bassikolar-rcf-p8015-s-ilmastikukindel-subwoofer\/#breadcrumb","itemListElement":[{"@type":"ListItem","position":1,"name":"Home","item":"https:\/\/elvtehnika.ee\/test\/"},{"@type":"ListItem","position":2,"name":"E-pood","item":"https:\/\/elvtehnika.ee\/test\/epood\/"},{"@type":"ListItem","position":3,"name":"Ilmastikukindel bassik\u00f5lar RCF P 8015S"}]},{"@type":"WebSite","@id":"https:\/\/elvtehnika.ee\/test\/#website","url":"https:\/\/elvtehnika.ee\/test\/","name":"ELV Tehnika","description":"Heli-, valgus- ja esitlustehnika","potentialAction":[{"@type":"SearchAction","target":{"@type":"EntryPoint","urlTemplate":"https:\/\/elvtehnika.ee\/test\/?s={search_term_string}"},"query-input":"required name=search_term_string"}],"inLanguage":"et"}]}},"_links":{"self":[{"href":"https:\/\/elvtehnika.ee\/test\/wp-json\/wp\/v2\/product\/11339"}],"collection":[{"href":"https:\/\/elvtehnika.ee\/test\/wp-json\/wp\/v2\/product"}],"about":[{"href":"https:\/\/elvtehnika.ee\/test\/wp-json\/wp\/v2\/types\/product"}],"wp:featuredmedia":[{"embeddable":true,"href":"https:\/\/elvtehnika.ee\/test\/wp-json\/wp\/v2\/media\/5522"}],"wp:attachment":[{"href":"https:\/\/elvtehnika.ee\/test\/wp-json\/wp\/v2\/media?parent=11339"}],"curies":[{"name":"wp","href":"https:\/\/api.w.org\/{rel}","templated":true}]}}