{"id":11346,"date":"2017-02-13T15:28:01","date_gmt":"2017-02-13T13:28:01","guid":{"rendered":"http:\/\/localhost\/plus\/elv3\/epood\/ilmastikukindel-kahesuunaline-kolar-rcf-p2110-t\/"},"modified":"2018-12-21T17:30:41","modified_gmt":"2018-12-21T15:30:41","slug":"ilmastikukindel-kahesuunaline-kolar-rcf-p2110-t","status":"publish","type":"product","link":"https:\/\/elvtehnika.ee\/test\/epood\/ilmastikukindel-kahesuunaline-kolar-rcf-p2110-t\/","title":{"rendered":"Ilmastikukindel k\u00f5lar RCF P 2110-T"},"content":{"rendered":"","protected":false},"excerpt":{"rendered":"","protected":false},"featured_media":5455,"template":"","meta":[],"acf":[],"yoast_head":"<!-- This site is optimized with the Yoast SEO plugin v20.5 - https:\/\/yoast.com\/wordpress\/plugins\/seo\/ -->\n<title>Ilmastikukindel k\u00f5lar RCF P 2110-T - ELV Tehnika<\/title>\n<meta name=\"description\" content=\"RCF P2110-T on ilmastikukindel ning laia sagedusribaga k\u00f5lar. Seade on korraliku j\u00f5udlusega ning sobib sise- ja v\u00e4lialade helindamiseks\" \/>\n<meta name=\"robots\" content=\"noindex, follow, max-snippet:-1, max-image-preview:large, max-video-preview:-1\" \/>\n<meta property=\"og:locale\" content=\"et_EE\" \/>\n<meta property=\"og:type\" content=\"article\" \/>\n<meta property=\"og:title\" content=\"Ilmastikukindel k\u00f5lar RCF P 2110-T - ELV Tehnika\" \/>\n<meta property=\"og:description\" content=\"RCF P2110-T on ilmastikukindel ning laia sagedusribaga k\u00f5lar. Seade on korraliku j\u00f5udlusega ning sobib sise- ja v\u00e4lialade helindamiseks\" \/>\n<meta property=\"og:url\" content=\"https:\/\/elvtehnika.ee\/test\/epood\/ilmastikukindel-kahesuunaline-kolar-rcf-p2110-t\/\" \/>\n<meta property=\"og:site_name\" content=\"ELV Tehnika\" \/>\n<meta property=\"article:modified_time\" content=\"2018-12-21T15:30:41+00:00\" \/>\n<meta property=\"og:image\" content=\"https:\/\/elvtehnika.ee\/test\/wp-content\/uploads\/rcf-p2110-2.jpg\" \/>\n\t<meta property=\"og:image:width\" content=\"623\" \/>\n\t<meta property=\"og:image:height\" content=\"446\" \/>\n\t<meta property=\"og:image:type\" content=\"image\/jpeg\" \/>\n<script type=\"application\/ld+json\" class=\"yoast-schema-graph\">{\"@context\":\"https:\/\/schema.org\",\"@graph\":[{\"@type\":\"WebPage\",\"@id\":\"https:\/\/elvtehnika.ee\/test\/epood\/ilmastikukindel-kahesuunaline-kolar-rcf-p2110-t\/\",\"url\":\"https:\/\/elvtehnika.ee\/test\/epood\/ilmastikukindel-kahesuunaline-kolar-rcf-p2110-t\/\",\"name\":\"Ilmastikukindel k\u00f5lar RCF P 2110-T - ELV Tehnika\",\"isPartOf\":{\"@id\":\"https:\/\/elvtehnika.ee\/test\/#website\"},\"datePublished\":\"2017-02-13T13:28:01+00:00\",\"dateModified\":\"2018-12-21T15:30:41+00:00\",\"description\":\"RCF P2110-T on ilmastikukindel ning laia sagedusribaga k\u00f5lar. Seade on korraliku j\u00f5udlusega ning sobib sise- ja v\u00e4lialade helindamiseks\",\"breadcrumb\":{\"@id\":\"https:\/\/elvtehnika.ee\/test\/epood\/ilmastikukindel-kahesuunaline-kolar-rcf-p2110-t\/#breadcrumb\"},\"inLanguage\":\"et\",\"potentialAction\":[{\"@type\":\"ReadAction\",\"target\":[\"https:\/\/elvtehnika.ee\/test\/epood\/ilmastikukindel-kahesuunaline-kolar-rcf-p2110-t\/\"]}]},{\"@type\":\"BreadcrumbList\",\"@id\":\"https:\/\/elvtehnika.ee\/test\/epood\/ilmastikukindel-kahesuunaline-kolar-rcf-p2110-t\/#breadcrumb\",\"itemListElement\":[{\"@type\":\"ListItem\",\"position\":1,\"name\":\"Home\",\"item\":\"https:\/\/elvtehnika.ee\/test\/\"},{\"@type\":\"ListItem\",\"position\":2,\"name\":\"E-pood\",\"item\":\"https:\/\/elvtehnika.ee\/test\/epood\/\"},{\"@type\":\"ListItem\",\"position\":3,\"name\":\"Ilmastikukindel k\u00f5lar RCF P 2110-T\"}]},{\"@type\":\"WebSite\",\"@id\":\"https:\/\/elvtehnika.ee\/test\/#website\",\"url\":\"https:\/\/elvtehnika.ee\/test\/\",\"name\":\"ELV Tehnika\",\"description\":\"Heli-, valgus- ja esitlustehnika\",\"potentialAction\":[{\"@type\":\"SearchAction\",\"target\":{\"@type\":\"EntryPoint\",\"urlTemplate\":\"https:\/\/elvtehnika.ee\/test\/?s={search_term_string}\"},\"query-input\":\"required name=search_term_string\"}],\"inLanguage\":\"et\"}]}<\/script>\n<!-- \/ Yoast SEO plugin. -->","yoast_head_json":{"title":"Ilmastikukindel k\u00f5lar RCF P 2110-T - ELV Tehnika","description":"RCF P2110-T on ilmastikukindel ning laia sagedusribaga k\u00f5lar. Seade on korraliku j\u00f5udlusega ning sobib sise- ja v\u00e4lialade helindamiseks","robots":{"index":"noindex","follow":"follow","max-snippet":"max-snippet:-1","max-image-preview":"max-image-preview:large","max-video-preview":"max-video-preview:-1"},"og_locale":"et_EE","og_type":"article","og_title":"Ilmastikukindel k\u00f5lar RCF P 2110-T - ELV Tehnika","og_description":"RCF P2110-T on ilmastikukindel ning laia sagedusribaga k\u00f5lar. Seade on korraliku j\u00f5udlusega ning sobib sise- ja v\u00e4lialade helindamiseks","og_url":"https:\/\/elvtehnika.ee\/test\/epood\/ilmastikukindel-kahesuunaline-kolar-rcf-p2110-t\/","og_site_name":"ELV Tehnika","article_modified_time":"2018-12-21T15:30:41+00:00","og_image":[{"width":623,"height":446,"url":"https:\/\/elvtehnika.ee\/test\/wp-content\/uploads\/rcf-p2110-2.jpg","type":"image\/jpeg"}],"schema":{"@context":"https:\/\/schema.org","@graph":[{"@type":"WebPage","@id":"https:\/\/elvtehnika.ee\/test\/epood\/ilmastikukindel-kahesuunaline-kolar-rcf-p2110-t\/","url":"https:\/\/elvtehnika.ee\/test\/epood\/ilmastikukindel-kahesuunaline-kolar-rcf-p2110-t\/","name":"Ilmastikukindel k\u00f5lar RCF P 2110-T - ELV Tehnika","isPartOf":{"@id":"https:\/\/elvtehnika.ee\/test\/#website"},"datePublished":"2017-02-13T13:28:01+00:00","dateModified":"2018-12-21T15:30:41+00:00","description":"RCF P2110-T on ilmastikukindel ning laia sagedusribaga k\u00f5lar. Seade on korraliku j\u00f5udlusega ning sobib sise- ja v\u00e4lialade helindamiseks","breadcrumb":{"@id":"https:\/\/elvtehnika.ee\/test\/epood\/ilmastikukindel-kahesuunaline-kolar-rcf-p2110-t\/#breadcrumb"},"inLanguage":"et","potentialAction":[{"@type":"ReadAction","target":["https:\/\/elvtehnika.ee\/test\/epood\/ilmastikukindel-kahesuunaline-kolar-rcf-p2110-t\/"]}]},{"@type":"BreadcrumbList","@id":"https:\/\/elvtehnika.ee\/test\/epood\/ilmastikukindel-kahesuunaline-kolar-rcf-p2110-t\/#breadcrumb","itemListElement":[{"@type":"ListItem","position":1,"name":"Home","item":"https:\/\/elvtehnika.ee\/test\/"},{"@type":"ListItem","position":2,"name":"E-pood","item":"https:\/\/elvtehnika.ee\/test\/epood\/"},{"@type":"ListItem","position":3,"name":"Ilmastikukindel k\u00f5lar RCF P 2110-T"}]},{"@type":"WebSite","@id":"https:\/\/elvtehnika.ee\/test\/#website","url":"https:\/\/elvtehnika.ee\/test\/","name":"ELV Tehnika","description":"Heli-, valgus- ja esitlustehnika","potentialAction":[{"@type":"SearchAction","target":{"@type":"EntryPoint","urlTemplate":"https:\/\/elvtehnika.ee\/test\/?s={search_term_string}"},"query-input":"required name=search_term_string"}],"inLanguage":"et"}]}},"_links":{"self":[{"href":"https:\/\/elvtehnika.ee\/test\/wp-json\/wp\/v2\/product\/11346"}],"collection":[{"href":"https:\/\/elvtehnika.ee\/test\/wp-json\/wp\/v2\/product"}],"about":[{"href":"https:\/\/elvtehnika.ee\/test\/wp-json\/wp\/v2\/types\/product"}],"wp:featuredmedia":[{"embeddable":true,"href":"https:\/\/elvtehnika.ee\/test\/wp-json\/wp\/v2\/media\/5455"}],"wp:attachment":[{"href":"https:\/\/elvtehnika.ee\/test\/wp-json\/wp\/v2\/media?parent=11346"}],"curies":[{"name":"wp","href":"https:\/\/api.w.org\/{rel}","templated":true}]}}