{"id":11396,"date":"2016-12-03T18:58:11","date_gmt":"2016-12-03T16:58:11","guid":{"rendered":"http:\/\/localhost\/plus\/elv3\/epood\/ergonoomiline-peamikrofon-giiditehnikale-pylepro-pmhm2\/"},"modified":"2018-12-21T17:30:43","modified_gmt":"2018-12-21T15:30:43","slug":"ergonoomiline-peamikrofon-giiditehnikale-pylepro-pmhm2","status":"publish","type":"product","link":"https:\/\/elvtehnika.ee\/test\/epood\/ergonoomiline-peamikrofon-giiditehnikale-pylepro-pmhm2\/","title":{"rendered":"Ergonoomiline peamikrofon giiditehnikale PylePro PMHM2"},"content":{"rendered":"","protected":false},"excerpt":{"rendered":"","protected":false},"featured_media":4957,"template":"","meta":[],"acf":[],"yoast_head":"<!-- This site is optimized with the Yoast SEO plugin v20.5 - https:\/\/yoast.com\/wordpress\/plugins\/seo\/ -->\n<title>Ergonoomiline peamikrofon giiditehnikale PylePro PMHM2 - ELV Tehnika<\/title>\n<meta name=\"description\" content=\"Ergonoomiline nahav\u00e4rvi ja miniatuurne peamikofon giiditehnikale: testitud 6-8 tunni pikkuste t\u00f6\u00f6p\u00e4evade jooksul ning on ka p\u00e4eva l\u00f5puks peas mugav kanda.\" \/>\n<meta name=\"robots\" content=\"noindex, follow, max-snippet:-1, max-image-preview:large, max-video-preview:-1\" \/>\n<meta property=\"og:locale\" content=\"et_EE\" \/>\n<meta property=\"og:type\" content=\"article\" \/>\n<meta property=\"og:title\" content=\"Ergonoomiline peamikrofon giiditehnikale PylePro PMHM2 - ELV Tehnika\" \/>\n<meta property=\"og:description\" content=\"Ergonoomiline nahav\u00e4rvi ja miniatuurne peamikofon giiditehnikale: testitud 6-8 tunni pikkuste t\u00f6\u00f6p\u00e4evade jooksul ning on ka p\u00e4eva l\u00f5puks peas mugav kanda.\" \/>\n<meta property=\"og:url\" content=\"https:\/\/elvtehnika.ee\/test\/epood\/ergonoomiline-peamikrofon-giiditehnikale-pylepro-pmhm2\/\" \/>\n<meta property=\"og:site_name\" content=\"ELV Tehnika\" \/>\n<meta property=\"article:modified_time\" content=\"2018-12-21T15:30:43+00:00\" \/>\n<meta property=\"og:image\" content=\"https:\/\/elvtehnika.ee\/test\/wp-content\/uploads\/Ergonoomiline-peamikrofon-giiditehnikale-PylePro-PMHM2-2.png\" \/>\n\t<meta property=\"og:image:width\" content=\"1016\" \/>\n\t<meta property=\"og:image:height\" content=\"746\" \/>\n\t<meta property=\"og:image:type\" content=\"image\/png\" \/>\n<script type=\"application\/ld+json\" class=\"yoast-schema-graph\">{\"@context\":\"https:\/\/schema.org\",\"@graph\":[{\"@type\":\"WebPage\",\"@id\":\"https:\/\/elvtehnika.ee\/test\/epood\/ergonoomiline-peamikrofon-giiditehnikale-pylepro-pmhm2\/\",\"url\":\"https:\/\/elvtehnika.ee\/test\/epood\/ergonoomiline-peamikrofon-giiditehnikale-pylepro-pmhm2\/\",\"name\":\"Ergonoomiline peamikrofon giiditehnikale PylePro PMHM2 - ELV Tehnika\",\"isPartOf\":{\"@id\":\"https:\/\/elvtehnika.ee\/test\/#website\"},\"datePublished\":\"2016-12-03T16:58:11+00:00\",\"dateModified\":\"2018-12-21T15:30:43+00:00\",\"description\":\"Ergonoomiline nahav\u00e4rvi ja miniatuurne peamikofon giiditehnikale: testitud 6-8 tunni pikkuste t\u00f6\u00f6p\u00e4evade jooksul ning on ka p\u00e4eva l\u00f5puks peas mugav kanda.\",\"breadcrumb\":{\"@id\":\"https:\/\/elvtehnika.ee\/test\/epood\/ergonoomiline-peamikrofon-giiditehnikale-pylepro-pmhm2\/#breadcrumb\"},\"inLanguage\":\"et\",\"potentialAction\":[{\"@type\":\"ReadAction\",\"target\":[\"https:\/\/elvtehnika.ee\/test\/epood\/ergonoomiline-peamikrofon-giiditehnikale-pylepro-pmhm2\/\"]}]},{\"@type\":\"BreadcrumbList\",\"@id\":\"https:\/\/elvtehnika.ee\/test\/epood\/ergonoomiline-peamikrofon-giiditehnikale-pylepro-pmhm2\/#breadcrumb\",\"itemListElement\":[{\"@type\":\"ListItem\",\"position\":1,\"name\":\"Home\",\"item\":\"https:\/\/elvtehnika.ee\/test\/\"},{\"@type\":\"ListItem\",\"position\":2,\"name\":\"E-pood\",\"item\":\"https:\/\/elvtehnika.ee\/test\/epood\/\"},{\"@type\":\"ListItem\",\"position\":3,\"name\":\"Ergonoomiline peamikrofon giiditehnikale PylePro PMHM2\"}]},{\"@type\":\"WebSite\",\"@id\":\"https:\/\/elvtehnika.ee\/test\/#website\",\"url\":\"https:\/\/elvtehnika.ee\/test\/\",\"name\":\"ELV Tehnika\",\"description\":\"Heli-, valgus- ja esitlustehnika\",\"potentialAction\":[{\"@type\":\"SearchAction\",\"target\":{\"@type\":\"EntryPoint\",\"urlTemplate\":\"https:\/\/elvtehnika.ee\/test\/?s={search_term_string}\"},\"query-input\":\"required name=search_term_string\"}],\"inLanguage\":\"et\"}]}<\/script>\n<!-- \/ Yoast SEO plugin. -->","yoast_head_json":{"title":"Ergonoomiline peamikrofon giiditehnikale PylePro PMHM2 - ELV Tehnika","description":"Ergonoomiline nahav\u00e4rvi ja miniatuurne peamikofon giiditehnikale: testitud 6-8 tunni pikkuste t\u00f6\u00f6p\u00e4evade jooksul ning on ka p\u00e4eva l\u00f5puks peas mugav kanda.","robots":{"index":"noindex","follow":"follow","max-snippet":"max-snippet:-1","max-image-preview":"max-image-preview:large","max-video-preview":"max-video-preview:-1"},"og_locale":"et_EE","og_type":"article","og_title":"Ergonoomiline peamikrofon giiditehnikale PylePro PMHM2 - ELV Tehnika","og_description":"Ergonoomiline nahav\u00e4rvi ja miniatuurne peamikofon giiditehnikale: testitud 6-8 tunni pikkuste t\u00f6\u00f6p\u00e4evade jooksul ning on ka p\u00e4eva l\u00f5puks peas mugav kanda.","og_url":"https:\/\/elvtehnika.ee\/test\/epood\/ergonoomiline-peamikrofon-giiditehnikale-pylepro-pmhm2\/","og_site_name":"ELV Tehnika","article_modified_time":"2018-12-21T15:30:43+00:00","og_image":[{"width":1016,"height":746,"url":"https:\/\/elvtehnika.ee\/test\/wp-content\/uploads\/Ergonoomiline-peamikrofon-giiditehnikale-PylePro-PMHM2-2.png","type":"image\/png"}],"schema":{"@context":"https:\/\/schema.org","@graph":[{"@type":"WebPage","@id":"https:\/\/elvtehnika.ee\/test\/epood\/ergonoomiline-peamikrofon-giiditehnikale-pylepro-pmhm2\/","url":"https:\/\/elvtehnika.ee\/test\/epood\/ergonoomiline-peamikrofon-giiditehnikale-pylepro-pmhm2\/","name":"Ergonoomiline peamikrofon giiditehnikale PylePro PMHM2 - ELV Tehnika","isPartOf":{"@id":"https:\/\/elvtehnika.ee\/test\/#website"},"datePublished":"2016-12-03T16:58:11+00:00","dateModified":"2018-12-21T15:30:43+00:00","description":"Ergonoomiline nahav\u00e4rvi ja miniatuurne peamikofon giiditehnikale: testitud 6-8 tunni pikkuste t\u00f6\u00f6p\u00e4evade jooksul ning on ka p\u00e4eva l\u00f5puks peas mugav kanda.","breadcrumb":{"@id":"https:\/\/elvtehnika.ee\/test\/epood\/ergonoomiline-peamikrofon-giiditehnikale-pylepro-pmhm2\/#breadcrumb"},"inLanguage":"et","potentialAction":[{"@type":"ReadAction","target":["https:\/\/elvtehnika.ee\/test\/epood\/ergonoomiline-peamikrofon-giiditehnikale-pylepro-pmhm2\/"]}]},{"@type":"BreadcrumbList","@id":"https:\/\/elvtehnika.ee\/test\/epood\/ergonoomiline-peamikrofon-giiditehnikale-pylepro-pmhm2\/#breadcrumb","itemListElement":[{"@type":"ListItem","position":1,"name":"Home","item":"https:\/\/elvtehnika.ee\/test\/"},{"@type":"ListItem","position":2,"name":"E-pood","item":"https:\/\/elvtehnika.ee\/test\/epood\/"},{"@type":"ListItem","position":3,"name":"Ergonoomiline peamikrofon giiditehnikale PylePro PMHM2"}]},{"@type":"WebSite","@id":"https:\/\/elvtehnika.ee\/test\/#website","url":"https:\/\/elvtehnika.ee\/test\/","name":"ELV Tehnika","description":"Heli-, valgus- ja esitlustehnika","potentialAction":[{"@type":"SearchAction","target":{"@type":"EntryPoint","urlTemplate":"https:\/\/elvtehnika.ee\/test\/?s={search_term_string}"},"query-input":"required name=search_term_string"}],"inLanguage":"et"}]}},"_links":{"self":[{"href":"https:\/\/elvtehnika.ee\/test\/wp-json\/wp\/v2\/product\/11396"}],"collection":[{"href":"https:\/\/elvtehnika.ee\/test\/wp-json\/wp\/v2\/product"}],"about":[{"href":"https:\/\/elvtehnika.ee\/test\/wp-json\/wp\/v2\/types\/product"}],"wp:featuredmedia":[{"embeddable":true,"href":"https:\/\/elvtehnika.ee\/test\/wp-json\/wp\/v2\/media\/4957"}],"wp:attachment":[{"href":"https:\/\/elvtehnika.ee\/test\/wp-json\/wp\/v2\/media?parent=11396"}],"curies":[{"name":"wp","href":"https:\/\/api.w.org\/{rel}","templated":true}]}}