{"id":11400,"date":"2016-12-03T17:45:54","date_gmt":"2016-12-03T15:45:54","guid":{"rendered":"http:\/\/localhost\/plus\/elv3\/epood\/meediamangija-pioneer-xdj-1000mk2\/"},"modified":"2018-12-21T17:30:43","modified_gmt":"2018-12-21T15:30:43","slug":"meediamangija-pioneer-xdj-1000mk2","status":"publish","type":"product","link":"https:\/\/elvtehnika.ee\/test\/epood\/meediamangija-pioneer-xdj-1000mk2\/","title":{"rendered":"Meediam\u00e4ngija Pioneer XDJ-1000MK2"},"content":{"rendered":"","protected":false},"excerpt":{"rendered":"","protected":false},"featured_media":4935,"template":"","meta":[],"acf":[],"yoast_head":"<!-- This site is optimized with the Yoast SEO plugin v20.5 - https:\/\/yoast.com\/wordpress\/plugins\/seo\/ -->\n<title>Meediam\u00e4ngija Pioneer XDJ-1000MK2 - ELV Tehnika<\/title>\n<meta name=\"description\" content=\"Pioneer XDJ-1000MK2 meediam\u00e4ngija profi-DJ t\u00f6\u00f6ks: suur hooratas ja 7-tolline t\u00e4is-v\u00e4rviline puutetundlik ekraan CDJ-2000NXS2-lt, 8 hot cue&#039;d ja quantize.\" \/>\n<meta name=\"robots\" content=\"noindex, follow, max-snippet:-1, max-image-preview:large, max-video-preview:-1\" \/>\n<meta property=\"og:locale\" content=\"et_EE\" \/>\n<meta property=\"og:type\" content=\"article\" \/>\n<meta property=\"og:title\" content=\"Meediam\u00e4ngija Pioneer XDJ-1000MK2 - ELV Tehnika\" \/>\n<meta property=\"og:description\" content=\"Pioneer XDJ-1000MK2 meediam\u00e4ngija profi-DJ t\u00f6\u00f6ks: suur hooratas ja 7-tolline t\u00e4is-v\u00e4rviline puutetundlik ekraan CDJ-2000NXS2-lt, 8 hot cue&#039;d ja quantize.\" \/>\n<meta property=\"og:url\" content=\"https:\/\/elvtehnika.ee\/test\/epood\/meediamangija-pioneer-xdj-1000mk2\/\" \/>\n<meta property=\"og:site_name\" content=\"ELV Tehnika\" \/>\n<meta property=\"article:modified_time\" content=\"2018-12-21T15:30:43+00:00\" \/>\n<meta property=\"og:image\" content=\"https:\/\/elvtehnika.ee\/test\/wp-content\/uploads\/Meediamangija-Pioneer-XDJ-1000MK2.png\" \/>\n\t<meta property=\"og:image:width\" content=\"1020\" \/>\n\t<meta property=\"og:image:height\" content=\"1146\" \/>\n\t<meta property=\"og:image:type\" content=\"image\/png\" \/>\n<script type=\"application\/ld+json\" class=\"yoast-schema-graph\">{\"@context\":\"https:\/\/schema.org\",\"@graph\":[{\"@type\":\"WebPage\",\"@id\":\"https:\/\/elvtehnika.ee\/test\/epood\/meediamangija-pioneer-xdj-1000mk2\/\",\"url\":\"https:\/\/elvtehnika.ee\/test\/epood\/meediamangija-pioneer-xdj-1000mk2\/\",\"name\":\"Meediam\u00e4ngija Pioneer XDJ-1000MK2 - ELV Tehnika\",\"isPartOf\":{\"@id\":\"https:\/\/elvtehnika.ee\/test\/#website\"},\"datePublished\":\"2016-12-03T15:45:54+00:00\",\"dateModified\":\"2018-12-21T15:30:43+00:00\",\"description\":\"Pioneer XDJ-1000MK2 meediam\u00e4ngija profi-DJ t\u00f6\u00f6ks: suur hooratas ja 7-tolline t\u00e4is-v\u00e4rviline puutetundlik ekraan CDJ-2000NXS2-lt, 8 hot cue'd ja quantize.\",\"breadcrumb\":{\"@id\":\"https:\/\/elvtehnika.ee\/test\/epood\/meediamangija-pioneer-xdj-1000mk2\/#breadcrumb\"},\"inLanguage\":\"et\",\"potentialAction\":[{\"@type\":\"ReadAction\",\"target\":[\"https:\/\/elvtehnika.ee\/test\/epood\/meediamangija-pioneer-xdj-1000mk2\/\"]}]},{\"@type\":\"BreadcrumbList\",\"@id\":\"https:\/\/elvtehnika.ee\/test\/epood\/meediamangija-pioneer-xdj-1000mk2\/#breadcrumb\",\"itemListElement\":[{\"@type\":\"ListItem\",\"position\":1,\"name\":\"Home\",\"item\":\"https:\/\/elvtehnika.ee\/test\/\"},{\"@type\":\"ListItem\",\"position\":2,\"name\":\"E-pood\",\"item\":\"https:\/\/elvtehnika.ee\/test\/epood\/\"},{\"@type\":\"ListItem\",\"position\":3,\"name\":\"Meediam\u00e4ngija Pioneer XDJ-1000MK2\"}]},{\"@type\":\"WebSite\",\"@id\":\"https:\/\/elvtehnika.ee\/test\/#website\",\"url\":\"https:\/\/elvtehnika.ee\/test\/\",\"name\":\"ELV Tehnika\",\"description\":\"Heli-, valgus- ja esitlustehnika\",\"potentialAction\":[{\"@type\":\"SearchAction\",\"target\":{\"@type\":\"EntryPoint\",\"urlTemplate\":\"https:\/\/elvtehnika.ee\/test\/?s={search_term_string}\"},\"query-input\":\"required name=search_term_string\"}],\"inLanguage\":\"et\"}]}<\/script>\n<!-- \/ Yoast SEO plugin. -->","yoast_head_json":{"title":"Meediam\u00e4ngija Pioneer XDJ-1000MK2 - ELV Tehnika","description":"Pioneer XDJ-1000MK2 meediam\u00e4ngija profi-DJ t\u00f6\u00f6ks: suur hooratas ja 7-tolline t\u00e4is-v\u00e4rviline puutetundlik ekraan CDJ-2000NXS2-lt, 8 hot cue'd ja quantize.","robots":{"index":"noindex","follow":"follow","max-snippet":"max-snippet:-1","max-image-preview":"max-image-preview:large","max-video-preview":"max-video-preview:-1"},"og_locale":"et_EE","og_type":"article","og_title":"Meediam\u00e4ngija Pioneer XDJ-1000MK2 - ELV Tehnika","og_description":"Pioneer XDJ-1000MK2 meediam\u00e4ngija profi-DJ t\u00f6\u00f6ks: suur hooratas ja 7-tolline t\u00e4is-v\u00e4rviline puutetundlik ekraan CDJ-2000NXS2-lt, 8 hot cue'd ja quantize.","og_url":"https:\/\/elvtehnika.ee\/test\/epood\/meediamangija-pioneer-xdj-1000mk2\/","og_site_name":"ELV Tehnika","article_modified_time":"2018-12-21T15:30:43+00:00","og_image":[{"width":1020,"height":1146,"url":"https:\/\/elvtehnika.ee\/test\/wp-content\/uploads\/Meediamangija-Pioneer-XDJ-1000MK2.png","type":"image\/png"}],"schema":{"@context":"https:\/\/schema.org","@graph":[{"@type":"WebPage","@id":"https:\/\/elvtehnika.ee\/test\/epood\/meediamangija-pioneer-xdj-1000mk2\/","url":"https:\/\/elvtehnika.ee\/test\/epood\/meediamangija-pioneer-xdj-1000mk2\/","name":"Meediam\u00e4ngija Pioneer XDJ-1000MK2 - ELV Tehnika","isPartOf":{"@id":"https:\/\/elvtehnika.ee\/test\/#website"},"datePublished":"2016-12-03T15:45:54+00:00","dateModified":"2018-12-21T15:30:43+00:00","description":"Pioneer XDJ-1000MK2 meediam\u00e4ngija profi-DJ t\u00f6\u00f6ks: suur hooratas ja 7-tolline t\u00e4is-v\u00e4rviline puutetundlik ekraan CDJ-2000NXS2-lt, 8 hot cue'd ja quantize.","breadcrumb":{"@id":"https:\/\/elvtehnika.ee\/test\/epood\/meediamangija-pioneer-xdj-1000mk2\/#breadcrumb"},"inLanguage":"et","potentialAction":[{"@type":"ReadAction","target":["https:\/\/elvtehnika.ee\/test\/epood\/meediamangija-pioneer-xdj-1000mk2\/"]}]},{"@type":"BreadcrumbList","@id":"https:\/\/elvtehnika.ee\/test\/epood\/meediamangija-pioneer-xdj-1000mk2\/#breadcrumb","itemListElement":[{"@type":"ListItem","position":1,"name":"Home","item":"https:\/\/elvtehnika.ee\/test\/"},{"@type":"ListItem","position":2,"name":"E-pood","item":"https:\/\/elvtehnika.ee\/test\/epood\/"},{"@type":"ListItem","position":3,"name":"Meediam\u00e4ngija Pioneer XDJ-1000MK2"}]},{"@type":"WebSite","@id":"https:\/\/elvtehnika.ee\/test\/#website","url":"https:\/\/elvtehnika.ee\/test\/","name":"ELV Tehnika","description":"Heli-, valgus- ja esitlustehnika","potentialAction":[{"@type":"SearchAction","target":{"@type":"EntryPoint","urlTemplate":"https:\/\/elvtehnika.ee\/test\/?s={search_term_string}"},"query-input":"required name=search_term_string"}],"inLanguage":"et"}]}},"_links":{"self":[{"href":"https:\/\/elvtehnika.ee\/test\/wp-json\/wp\/v2\/product\/11400"}],"collection":[{"href":"https:\/\/elvtehnika.ee\/test\/wp-json\/wp\/v2\/product"}],"about":[{"href":"https:\/\/elvtehnika.ee\/test\/wp-json\/wp\/v2\/types\/product"}],"wp:featuredmedia":[{"embeddable":true,"href":"https:\/\/elvtehnika.ee\/test\/wp-json\/wp\/v2\/media\/4935"}],"wp:attachment":[{"href":"https:\/\/elvtehnika.ee\/test\/wp-json\/wp\/v2\/media?parent=11400"}],"curies":[{"name":"wp","href":"https:\/\/api.w.org\/{rel}","templated":true}]}}