{"id":11416,"date":"2016-10-23T15:59:09","date_gmt":"2016-10-23T12:59:09","guid":{"rendered":"http:\/\/localhost\/plus\/elv3\/epood\/86%e2%80%b3-4k-ultra-hd-uhd-resolutsiooniga-infoekraan-lg-86uh955v\/"},"modified":"2018-12-21T17:30:43","modified_gmt":"2018-12-21T15:30:43","slug":"86%e2%80%b3-4k-ultra-hd-uhd-resolutsiooniga-infoekraan-lg-86uh955v","status":"publish","type":"product","link":"https:\/\/elvtehnika.ee\/test\/epood\/86%e2%80%b3-4k-ultra-hd-uhd-resolutsiooniga-infoekraan-lg-86uh955v\/","title":{"rendered":"86\u2033 4K (ultra HD, UHD) resolutsiooniga infoekraan LG 86UH955V"},"content":{"rendered":"","protected":false},"excerpt":{"rendered":"","protected":false},"featured_media":4821,"template":"","meta":[],"acf":[],"yoast_head":"<!-- This site is optimized with the Yoast SEO plugin v20.5 - https:\/\/yoast.com\/wordpress\/plugins\/seo\/ -->\n<title>86\u2033 4K (ultra HD, UHD) resolutsiooniga infoekraan LG 86UH955V - ELV Tehnika<\/title>\n<meta name=\"description\" content=\"\u00c4\u00e4rmiselt suur 86-tolline (1,9*1,1 meetrit) 4K resolutsiooniga ekraan v\u00e4ga terava, kontrastse ja intensiivsete t\u00f5etruude v\u00e4rvidega pildiga\" \/>\n<meta name=\"robots\" content=\"noindex, follow, max-snippet:-1, max-image-preview:large, max-video-preview:-1\" \/>\n<meta property=\"og:locale\" content=\"et_EE\" \/>\n<meta property=\"og:type\" content=\"article\" \/>\n<meta property=\"og:title\" content=\"86\u2033 4K (ultra HD, UHD) resolutsiooniga infoekraan LG 86UH955V - ELV Tehnika\" \/>\n<meta property=\"og:description\" content=\"\u00c4\u00e4rmiselt suur 86-tolline (1,9*1,1 meetrit) 4K resolutsiooniga ekraan v\u00e4ga terava, kontrastse ja intensiivsete t\u00f5etruude v\u00e4rvidega pildiga\" \/>\n<meta property=\"og:url\" content=\"https:\/\/elvtehnika.ee\/test\/epood\/86\u2033-4k-ultra-hd-uhd-resolutsiooniga-infoekraan-lg-86uh955v\/\" \/>\n<meta property=\"og:site_name\" content=\"ELV Tehnika\" \/>\n<meta property=\"article:modified_time\" content=\"2018-12-21T15:30:43+00:00\" \/>\n<meta property=\"og:image\" content=\"https:\/\/elvtehnika.ee\/test\/wp-content\/uploads\/86\u2033-4K-ultra-HD-UHD-resolutsiooniga-infoekraan-LG-86UH955V-3.png\" \/>\n\t<meta property=\"og:image:width\" content=\"1500\" \/>\n\t<meta property=\"og:image:height\" content=\"797\" \/>\n\t<meta property=\"og:image:type\" content=\"image\/png\" \/>\n<script type=\"application\/ld+json\" class=\"yoast-schema-graph\">{\"@context\":\"https:\/\/schema.org\",\"@graph\":[{\"@type\":\"WebPage\",\"@id\":\"https:\/\/elvtehnika.ee\/test\/epood\/86%e2%80%b3-4k-ultra-hd-uhd-resolutsiooniga-infoekraan-lg-86uh955v\/\",\"url\":\"https:\/\/elvtehnika.ee\/test\/epood\/86%e2%80%b3-4k-ultra-hd-uhd-resolutsiooniga-infoekraan-lg-86uh955v\/\",\"name\":\"86\u2033 4K (ultra HD, UHD) resolutsiooniga infoekraan LG 86UH955V - ELV Tehnika\",\"isPartOf\":{\"@id\":\"https:\/\/elvtehnika.ee\/test\/#website\"},\"datePublished\":\"2016-10-23T12:59:09+00:00\",\"dateModified\":\"2018-12-21T15:30:43+00:00\",\"description\":\"\u00c4\u00e4rmiselt suur 86-tolline (1,9*1,1 meetrit) 4K resolutsiooniga ekraan v\u00e4ga terava, kontrastse ja intensiivsete t\u00f5etruude v\u00e4rvidega pildiga\",\"breadcrumb\":{\"@id\":\"https:\/\/elvtehnika.ee\/test\/epood\/86%e2%80%b3-4k-ultra-hd-uhd-resolutsiooniga-infoekraan-lg-86uh955v\/#breadcrumb\"},\"inLanguage\":\"et\",\"potentialAction\":[{\"@type\":\"ReadAction\",\"target\":[\"https:\/\/elvtehnika.ee\/test\/epood\/86%e2%80%b3-4k-ultra-hd-uhd-resolutsiooniga-infoekraan-lg-86uh955v\/\"]}]},{\"@type\":\"BreadcrumbList\",\"@id\":\"https:\/\/elvtehnika.ee\/test\/epood\/86%e2%80%b3-4k-ultra-hd-uhd-resolutsiooniga-infoekraan-lg-86uh955v\/#breadcrumb\",\"itemListElement\":[{\"@type\":\"ListItem\",\"position\":1,\"name\":\"Home\",\"item\":\"https:\/\/elvtehnika.ee\/test\/\"},{\"@type\":\"ListItem\",\"position\":2,\"name\":\"E-pood\",\"item\":\"https:\/\/elvtehnika.ee\/test\/epood\/\"},{\"@type\":\"ListItem\",\"position\":3,\"name\":\"86\u2033 4K (ultra HD, UHD) resolutsiooniga infoekraan LG 86UH955V\"}]},{\"@type\":\"WebSite\",\"@id\":\"https:\/\/elvtehnika.ee\/test\/#website\",\"url\":\"https:\/\/elvtehnika.ee\/test\/\",\"name\":\"ELV Tehnika\",\"description\":\"Heli-, valgus- ja esitlustehnika\",\"potentialAction\":[{\"@type\":\"SearchAction\",\"target\":{\"@type\":\"EntryPoint\",\"urlTemplate\":\"https:\/\/elvtehnika.ee\/test\/?s={search_term_string}\"},\"query-input\":\"required name=search_term_string\"}],\"inLanguage\":\"et\"}]}<\/script>\n<!-- \/ Yoast SEO plugin. -->","yoast_head_json":{"title":"86\u2033 4K (ultra HD, UHD) resolutsiooniga infoekraan LG 86UH955V - ELV Tehnika","description":"\u00c4\u00e4rmiselt suur 86-tolline (1,9*1,1 meetrit) 4K resolutsiooniga ekraan v\u00e4ga terava, kontrastse ja intensiivsete t\u00f5etruude v\u00e4rvidega pildiga","robots":{"index":"noindex","follow":"follow","max-snippet":"max-snippet:-1","max-image-preview":"max-image-preview:large","max-video-preview":"max-video-preview:-1"},"og_locale":"et_EE","og_type":"article","og_title":"86\u2033 4K (ultra HD, UHD) resolutsiooniga infoekraan LG 86UH955V - ELV Tehnika","og_description":"\u00c4\u00e4rmiselt suur 86-tolline (1,9*1,1 meetrit) 4K resolutsiooniga ekraan v\u00e4ga terava, kontrastse ja intensiivsete t\u00f5etruude v\u00e4rvidega pildiga","og_url":"https:\/\/elvtehnika.ee\/test\/epood\/86\u2033-4k-ultra-hd-uhd-resolutsiooniga-infoekraan-lg-86uh955v\/","og_site_name":"ELV Tehnika","article_modified_time":"2018-12-21T15:30:43+00:00","og_image":[{"width":1500,"height":797,"url":"https:\/\/elvtehnika.ee\/test\/wp-content\/uploads\/86\u2033-4K-ultra-HD-UHD-resolutsiooniga-infoekraan-LG-86UH955V-3.png","type":"image\/png"}],"schema":{"@context":"https:\/\/schema.org","@graph":[{"@type":"WebPage","@id":"https:\/\/elvtehnika.ee\/test\/epood\/86%e2%80%b3-4k-ultra-hd-uhd-resolutsiooniga-infoekraan-lg-86uh955v\/","url":"https:\/\/elvtehnika.ee\/test\/epood\/86%e2%80%b3-4k-ultra-hd-uhd-resolutsiooniga-infoekraan-lg-86uh955v\/","name":"86\u2033 4K (ultra HD, UHD) resolutsiooniga infoekraan LG 86UH955V - ELV Tehnika","isPartOf":{"@id":"https:\/\/elvtehnika.ee\/test\/#website"},"datePublished":"2016-10-23T12:59:09+00:00","dateModified":"2018-12-21T15:30:43+00:00","description":"\u00c4\u00e4rmiselt suur 86-tolline (1,9*1,1 meetrit) 4K resolutsiooniga ekraan v\u00e4ga terava, kontrastse ja intensiivsete t\u00f5etruude v\u00e4rvidega pildiga","breadcrumb":{"@id":"https:\/\/elvtehnika.ee\/test\/epood\/86%e2%80%b3-4k-ultra-hd-uhd-resolutsiooniga-infoekraan-lg-86uh955v\/#breadcrumb"},"inLanguage":"et","potentialAction":[{"@type":"ReadAction","target":["https:\/\/elvtehnika.ee\/test\/epood\/86%e2%80%b3-4k-ultra-hd-uhd-resolutsiooniga-infoekraan-lg-86uh955v\/"]}]},{"@type":"BreadcrumbList","@id":"https:\/\/elvtehnika.ee\/test\/epood\/86%e2%80%b3-4k-ultra-hd-uhd-resolutsiooniga-infoekraan-lg-86uh955v\/#breadcrumb","itemListElement":[{"@type":"ListItem","position":1,"name":"Home","item":"https:\/\/elvtehnika.ee\/test\/"},{"@type":"ListItem","position":2,"name":"E-pood","item":"https:\/\/elvtehnika.ee\/test\/epood\/"},{"@type":"ListItem","position":3,"name":"86\u2033 4K (ultra HD, UHD) resolutsiooniga infoekraan LG 86UH955V"}]},{"@type":"WebSite","@id":"https:\/\/elvtehnika.ee\/test\/#website","url":"https:\/\/elvtehnika.ee\/test\/","name":"ELV Tehnika","description":"Heli-, valgus- ja esitlustehnika","potentialAction":[{"@type":"SearchAction","target":{"@type":"EntryPoint","urlTemplate":"https:\/\/elvtehnika.ee\/test\/?s={search_term_string}"},"query-input":"required name=search_term_string"}],"inLanguage":"et"}]}},"_links":{"self":[{"href":"https:\/\/elvtehnika.ee\/test\/wp-json\/wp\/v2\/product\/11416"}],"collection":[{"href":"https:\/\/elvtehnika.ee\/test\/wp-json\/wp\/v2\/product"}],"about":[{"href":"https:\/\/elvtehnika.ee\/test\/wp-json\/wp\/v2\/types\/product"}],"wp:featuredmedia":[{"embeddable":true,"href":"https:\/\/elvtehnika.ee\/test\/wp-json\/wp\/v2\/media\/4821"}],"wp:attachment":[{"href":"https:\/\/elvtehnika.ee\/test\/wp-json\/wp\/v2\/media?parent=11416"}],"curies":[{"name":"wp","href":"https:\/\/api.w.org\/{rel}","templated":true}]}}