{"id":11461,"date":"2016-10-02T10:00:58","date_gmt":"2016-10-02T07:00:58","guid":{"rendered":"http:\/\/localhost\/plus\/elv3\/epood\/yarmee-yc846g-akude-laadimiskast\/"},"modified":"2018-12-21T17:30:45","modified_gmt":"2018-12-21T15:30:45","slug":"yarmee-yc846g-akude-laadimiskast","status":"publish","type":"product","link":"https:\/\/elvtehnika.ee\/test\/epood\/yarmee-yc846g-akude-laadimiskast\/","title":{"rendered":"Yarmee YC846G akude laadimiskast"},"content":{"rendered":"","protected":false},"excerpt":{"rendered":"","protected":false},"featured_media":4703,"template":"","meta":[],"acf":[],"yoast_head":"<!-- This site is optimized with the Yoast SEO plugin v20.5 - https:\/\/yoast.com\/wordpress\/plugins\/seo\/ -->\n<title>Yarmee YC846G akude laadimiskast - ELV Tehnika<\/title>\n<meta name=\"description\" content=\"YC846G on Yarmee h\u00e4\u00e4letuss\u00fcstemi kuuluvate akude laadimiskohver 16 akule. T\u00e4nu ratastele ja teleskoopsangale on laadijat mugav transportida.\" \/>\n<meta name=\"robots\" content=\"noindex, follow, max-snippet:-1, max-image-preview:large, max-video-preview:-1\" \/>\n<meta property=\"og:locale\" content=\"et_EE\" \/>\n<meta property=\"og:type\" content=\"article\" \/>\n<meta property=\"og:title\" content=\"Yarmee YC846G akude laadimiskast - ELV Tehnika\" \/>\n<meta property=\"og:description\" content=\"YC846G on Yarmee h\u00e4\u00e4letuss\u00fcstemi kuuluvate akude laadimiskohver 16 akule. T\u00e4nu ratastele ja teleskoopsangale on laadijat mugav transportida.\" \/>\n<meta property=\"og:url\" content=\"https:\/\/elvtehnika.ee\/test\/epood\/yarmee-yc846g-akude-laadimiskast\/\" \/>\n<meta property=\"og:site_name\" content=\"ELV Tehnika\" \/>\n<meta property=\"article:modified_time\" content=\"2018-12-21T15:30:45+00:00\" \/>\n<meta property=\"og:image\" content=\"https:\/\/elvtehnika.ee\/test\/wp-content\/uploads\/Yarmee-YC846G-laadimiskohver.jpg\" \/>\n\t<meta property=\"og:image:width\" content=\"634\" \/>\n\t<meta property=\"og:image:height\" content=\"540\" \/>\n\t<meta property=\"og:image:type\" content=\"image\/jpeg\" \/>\n<script type=\"application\/ld+json\" class=\"yoast-schema-graph\">{\"@context\":\"https:\/\/schema.org\",\"@graph\":[{\"@type\":\"WebPage\",\"@id\":\"https:\/\/elvtehnika.ee\/test\/epood\/yarmee-yc846g-akude-laadimiskast\/\",\"url\":\"https:\/\/elvtehnika.ee\/test\/epood\/yarmee-yc846g-akude-laadimiskast\/\",\"name\":\"Yarmee YC846G akude laadimiskast - ELV Tehnika\",\"isPartOf\":{\"@id\":\"https:\/\/elvtehnika.ee\/test\/#website\"},\"datePublished\":\"2016-10-02T07:00:58+00:00\",\"dateModified\":\"2018-12-21T15:30:45+00:00\",\"description\":\"YC846G on Yarmee h\u00e4\u00e4letuss\u00fcstemi kuuluvate akude laadimiskohver 16 akule. T\u00e4nu ratastele ja teleskoopsangale on laadijat mugav transportida.\",\"breadcrumb\":{\"@id\":\"https:\/\/elvtehnika.ee\/test\/epood\/yarmee-yc846g-akude-laadimiskast\/#breadcrumb\"},\"inLanguage\":\"et\",\"potentialAction\":[{\"@type\":\"ReadAction\",\"target\":[\"https:\/\/elvtehnika.ee\/test\/epood\/yarmee-yc846g-akude-laadimiskast\/\"]}]},{\"@type\":\"BreadcrumbList\",\"@id\":\"https:\/\/elvtehnika.ee\/test\/epood\/yarmee-yc846g-akude-laadimiskast\/#breadcrumb\",\"itemListElement\":[{\"@type\":\"ListItem\",\"position\":1,\"name\":\"Home\",\"item\":\"https:\/\/elvtehnika.ee\/test\/\"},{\"@type\":\"ListItem\",\"position\":2,\"name\":\"E-pood\",\"item\":\"https:\/\/elvtehnika.ee\/test\/epood\/\"},{\"@type\":\"ListItem\",\"position\":3,\"name\":\"Yarmee YC846G akude laadimiskast\"}]},{\"@type\":\"WebSite\",\"@id\":\"https:\/\/elvtehnika.ee\/test\/#website\",\"url\":\"https:\/\/elvtehnika.ee\/test\/\",\"name\":\"ELV Tehnika\",\"description\":\"Heli-, valgus- ja esitlustehnika\",\"potentialAction\":[{\"@type\":\"SearchAction\",\"target\":{\"@type\":\"EntryPoint\",\"urlTemplate\":\"https:\/\/elvtehnika.ee\/test\/?s={search_term_string}\"},\"query-input\":\"required name=search_term_string\"}],\"inLanguage\":\"et\"}]}<\/script>\n<!-- \/ Yoast SEO plugin. -->","yoast_head_json":{"title":"Yarmee YC846G akude laadimiskast - ELV Tehnika","description":"YC846G on Yarmee h\u00e4\u00e4letuss\u00fcstemi kuuluvate akude laadimiskohver 16 akule. T\u00e4nu ratastele ja teleskoopsangale on laadijat mugav transportida.","robots":{"index":"noindex","follow":"follow","max-snippet":"max-snippet:-1","max-image-preview":"max-image-preview:large","max-video-preview":"max-video-preview:-1"},"og_locale":"et_EE","og_type":"article","og_title":"Yarmee YC846G akude laadimiskast - ELV Tehnika","og_description":"YC846G on Yarmee h\u00e4\u00e4letuss\u00fcstemi kuuluvate akude laadimiskohver 16 akule. T\u00e4nu ratastele ja teleskoopsangale on laadijat mugav transportida.","og_url":"https:\/\/elvtehnika.ee\/test\/epood\/yarmee-yc846g-akude-laadimiskast\/","og_site_name":"ELV Tehnika","article_modified_time":"2018-12-21T15:30:45+00:00","og_image":[{"width":634,"height":540,"url":"https:\/\/elvtehnika.ee\/test\/wp-content\/uploads\/Yarmee-YC846G-laadimiskohver.jpg","type":"image\/jpeg"}],"schema":{"@context":"https:\/\/schema.org","@graph":[{"@type":"WebPage","@id":"https:\/\/elvtehnika.ee\/test\/epood\/yarmee-yc846g-akude-laadimiskast\/","url":"https:\/\/elvtehnika.ee\/test\/epood\/yarmee-yc846g-akude-laadimiskast\/","name":"Yarmee YC846G akude laadimiskast - ELV Tehnika","isPartOf":{"@id":"https:\/\/elvtehnika.ee\/test\/#website"},"datePublished":"2016-10-02T07:00:58+00:00","dateModified":"2018-12-21T15:30:45+00:00","description":"YC846G on Yarmee h\u00e4\u00e4letuss\u00fcstemi kuuluvate akude laadimiskohver 16 akule. T\u00e4nu ratastele ja teleskoopsangale on laadijat mugav transportida.","breadcrumb":{"@id":"https:\/\/elvtehnika.ee\/test\/epood\/yarmee-yc846g-akude-laadimiskast\/#breadcrumb"},"inLanguage":"et","potentialAction":[{"@type":"ReadAction","target":["https:\/\/elvtehnika.ee\/test\/epood\/yarmee-yc846g-akude-laadimiskast\/"]}]},{"@type":"BreadcrumbList","@id":"https:\/\/elvtehnika.ee\/test\/epood\/yarmee-yc846g-akude-laadimiskast\/#breadcrumb","itemListElement":[{"@type":"ListItem","position":1,"name":"Home","item":"https:\/\/elvtehnika.ee\/test\/"},{"@type":"ListItem","position":2,"name":"E-pood","item":"https:\/\/elvtehnika.ee\/test\/epood\/"},{"@type":"ListItem","position":3,"name":"Yarmee YC846G akude laadimiskast"}]},{"@type":"WebSite","@id":"https:\/\/elvtehnika.ee\/test\/#website","url":"https:\/\/elvtehnika.ee\/test\/","name":"ELV Tehnika","description":"Heli-, valgus- ja esitlustehnika","potentialAction":[{"@type":"SearchAction","target":{"@type":"EntryPoint","urlTemplate":"https:\/\/elvtehnika.ee\/test\/?s={search_term_string}"},"query-input":"required name=search_term_string"}],"inLanguage":"et"}]}},"_links":{"self":[{"href":"https:\/\/elvtehnika.ee\/test\/wp-json\/wp\/v2\/product\/11461"}],"collection":[{"href":"https:\/\/elvtehnika.ee\/test\/wp-json\/wp\/v2\/product"}],"about":[{"href":"https:\/\/elvtehnika.ee\/test\/wp-json\/wp\/v2\/types\/product"}],"wp:featuredmedia":[{"embeddable":true,"href":"https:\/\/elvtehnika.ee\/test\/wp-json\/wp\/v2\/media\/4703"}],"wp:attachment":[{"href":"https:\/\/elvtehnika.ee\/test\/wp-json\/wp\/v2\/media?parent=11461"}],"curies":[{"name":"wp","href":"https:\/\/api.w.org\/{rel}","templated":true}]}}