{"id":11478,"date":"2016-09-21T19:12:05","date_gmt":"2016-09-21T16:12:05","guid":{"rendered":"http:\/\/localhost\/plus\/elv3\/epood\/175w-led-prozektor-dtw-blinder-700-ip\/"},"modified":"2018-12-21T17:30:45","modified_gmt":"2018-12-21T15:30:45","slug":"175w-led-prozektor-dtw-blinder-700-ip","status":"publish","type":"product","link":"https:\/\/elvtehnika.ee\/test\/epood\/175w-led-prozektor-dtw-blinder-700-ip\/","title":{"rendered":"700W LED blinder Elation DTW Blinder 700 IP"},"content":{"rendered":"","protected":false},"excerpt":{"rendered":"","protected":false},"featured_media":4629,"template":"","meta":[],"acf":[],"yoast_head":"<!-- This site is optimized with the Yoast SEO plugin v20.5 - https:\/\/yoast.com\/wordpress\/plugins\/seo\/ -->\n<title>700W LED blinder Elation DTW Blinder 700 IP - ELV Tehnika<\/title>\n<meta name=\"description\" content=\"700W LED blinder, v\u00e4rvid: valge, oran\u017e ja erinevad toonisegud; IP65 standardi j\u00e4rgi ilmastikukindel,78-kraadi valgusnurk, kaasas 25-kraadised kitsad l\u00e4\u00e4tsed\" \/>\n<meta name=\"robots\" content=\"noindex, follow, max-snippet:-1, max-image-preview:large, max-video-preview:-1\" \/>\n<meta property=\"og:locale\" content=\"et_EE\" \/>\n<meta property=\"og:type\" content=\"article\" \/>\n<meta property=\"og:title\" content=\"700W LED blinder Elation DTW Blinder 700 IP - ELV Tehnika\" \/>\n<meta property=\"og:description\" content=\"700W LED blinder, v\u00e4rvid: valge, oran\u017e ja erinevad toonisegud; IP65 standardi j\u00e4rgi ilmastikukindel,78-kraadi valgusnurk, kaasas 25-kraadised kitsad l\u00e4\u00e4tsed\" \/>\n<meta property=\"og:url\" content=\"https:\/\/elvtehnika.ee\/test\/epood\/175w-led-prozektor-dtw-blinder-700-ip\/\" \/>\n<meta property=\"og:site_name\" content=\"ELV Tehnika\" \/>\n<meta property=\"article:modified_time\" content=\"2018-12-21T15:30:45+00:00\" \/>\n<meta property=\"og:image\" content=\"https:\/\/elvtehnika.ee\/test\/wp-content\/uploads\/DTW-Blinder-700-IP-1.jpg\" \/>\n\t<meta property=\"og:image:width\" content=\"1100\" \/>\n\t<meta property=\"og:image:height\" content=\"1100\" \/>\n\t<meta property=\"og:image:type\" content=\"image\/jpeg\" \/>\n<script type=\"application\/ld+json\" class=\"yoast-schema-graph\">{\"@context\":\"https:\/\/schema.org\",\"@graph\":[{\"@type\":\"WebPage\",\"@id\":\"https:\/\/elvtehnika.ee\/test\/epood\/175w-led-prozektor-dtw-blinder-700-ip\/\",\"url\":\"https:\/\/elvtehnika.ee\/test\/epood\/175w-led-prozektor-dtw-blinder-700-ip\/\",\"name\":\"700W LED blinder Elation DTW Blinder 700 IP - ELV Tehnika\",\"isPartOf\":{\"@id\":\"https:\/\/elvtehnika.ee\/test\/#website\"},\"datePublished\":\"2016-09-21T16:12:05+00:00\",\"dateModified\":\"2018-12-21T15:30:45+00:00\",\"description\":\"700W LED blinder, v\u00e4rvid: valge, oran\u017e ja erinevad toonisegud; IP65 standardi j\u00e4rgi ilmastikukindel,78-kraadi valgusnurk, kaasas 25-kraadised kitsad l\u00e4\u00e4tsed\",\"breadcrumb\":{\"@id\":\"https:\/\/elvtehnika.ee\/test\/epood\/175w-led-prozektor-dtw-blinder-700-ip\/#breadcrumb\"},\"inLanguage\":\"et\",\"potentialAction\":[{\"@type\":\"ReadAction\",\"target\":[\"https:\/\/elvtehnika.ee\/test\/epood\/175w-led-prozektor-dtw-blinder-700-ip\/\"]}]},{\"@type\":\"BreadcrumbList\",\"@id\":\"https:\/\/elvtehnika.ee\/test\/epood\/175w-led-prozektor-dtw-blinder-700-ip\/#breadcrumb\",\"itemListElement\":[{\"@type\":\"ListItem\",\"position\":1,\"name\":\"Home\",\"item\":\"https:\/\/elvtehnika.ee\/test\/\"},{\"@type\":\"ListItem\",\"position\":2,\"name\":\"E-pood\",\"item\":\"https:\/\/elvtehnika.ee\/test\/epood\/\"},{\"@type\":\"ListItem\",\"position\":3,\"name\":\"700W LED blinder Elation DTW Blinder 700 IP\"}]},{\"@type\":\"WebSite\",\"@id\":\"https:\/\/elvtehnika.ee\/test\/#website\",\"url\":\"https:\/\/elvtehnika.ee\/test\/\",\"name\":\"ELV Tehnika\",\"description\":\"Heli-, valgus- ja esitlustehnika\",\"potentialAction\":[{\"@type\":\"SearchAction\",\"target\":{\"@type\":\"EntryPoint\",\"urlTemplate\":\"https:\/\/elvtehnika.ee\/test\/?s={search_term_string}\"},\"query-input\":\"required name=search_term_string\"}],\"inLanguage\":\"et\"}]}<\/script>\n<!-- \/ Yoast SEO plugin. -->","yoast_head_json":{"title":"700W LED blinder Elation DTW Blinder 700 IP - ELV Tehnika","description":"700W LED blinder, v\u00e4rvid: valge, oran\u017e ja erinevad toonisegud; IP65 standardi j\u00e4rgi ilmastikukindel,78-kraadi valgusnurk, kaasas 25-kraadised kitsad l\u00e4\u00e4tsed","robots":{"index":"noindex","follow":"follow","max-snippet":"max-snippet:-1","max-image-preview":"max-image-preview:large","max-video-preview":"max-video-preview:-1"},"og_locale":"et_EE","og_type":"article","og_title":"700W LED blinder Elation DTW Blinder 700 IP - ELV Tehnika","og_description":"700W LED blinder, v\u00e4rvid: valge, oran\u017e ja erinevad toonisegud; IP65 standardi j\u00e4rgi ilmastikukindel,78-kraadi valgusnurk, kaasas 25-kraadised kitsad l\u00e4\u00e4tsed","og_url":"https:\/\/elvtehnika.ee\/test\/epood\/175w-led-prozektor-dtw-blinder-700-ip\/","og_site_name":"ELV Tehnika","article_modified_time":"2018-12-21T15:30:45+00:00","og_image":[{"width":1100,"height":1100,"url":"https:\/\/elvtehnika.ee\/test\/wp-content\/uploads\/DTW-Blinder-700-IP-1.jpg","type":"image\/jpeg"}],"schema":{"@context":"https:\/\/schema.org","@graph":[{"@type":"WebPage","@id":"https:\/\/elvtehnika.ee\/test\/epood\/175w-led-prozektor-dtw-blinder-700-ip\/","url":"https:\/\/elvtehnika.ee\/test\/epood\/175w-led-prozektor-dtw-blinder-700-ip\/","name":"700W LED blinder Elation DTW Blinder 700 IP - ELV Tehnika","isPartOf":{"@id":"https:\/\/elvtehnika.ee\/test\/#website"},"datePublished":"2016-09-21T16:12:05+00:00","dateModified":"2018-12-21T15:30:45+00:00","description":"700W LED blinder, v\u00e4rvid: valge, oran\u017e ja erinevad toonisegud; IP65 standardi j\u00e4rgi ilmastikukindel,78-kraadi valgusnurk, kaasas 25-kraadised kitsad l\u00e4\u00e4tsed","breadcrumb":{"@id":"https:\/\/elvtehnika.ee\/test\/epood\/175w-led-prozektor-dtw-blinder-700-ip\/#breadcrumb"},"inLanguage":"et","potentialAction":[{"@type":"ReadAction","target":["https:\/\/elvtehnika.ee\/test\/epood\/175w-led-prozektor-dtw-blinder-700-ip\/"]}]},{"@type":"BreadcrumbList","@id":"https:\/\/elvtehnika.ee\/test\/epood\/175w-led-prozektor-dtw-blinder-700-ip\/#breadcrumb","itemListElement":[{"@type":"ListItem","position":1,"name":"Home","item":"https:\/\/elvtehnika.ee\/test\/"},{"@type":"ListItem","position":2,"name":"E-pood","item":"https:\/\/elvtehnika.ee\/test\/epood\/"},{"@type":"ListItem","position":3,"name":"700W LED blinder Elation DTW Blinder 700 IP"}]},{"@type":"WebSite","@id":"https:\/\/elvtehnika.ee\/test\/#website","url":"https:\/\/elvtehnika.ee\/test\/","name":"ELV Tehnika","description":"Heli-, valgus- ja esitlustehnika","potentialAction":[{"@type":"SearchAction","target":{"@type":"EntryPoint","urlTemplate":"https:\/\/elvtehnika.ee\/test\/?s={search_term_string}"},"query-input":"required name=search_term_string"}],"inLanguage":"et"}]}},"_links":{"self":[{"href":"https:\/\/elvtehnika.ee\/test\/wp-json\/wp\/v2\/product\/11478"}],"collection":[{"href":"https:\/\/elvtehnika.ee\/test\/wp-json\/wp\/v2\/product"}],"about":[{"href":"https:\/\/elvtehnika.ee\/test\/wp-json\/wp\/v2\/types\/product"}],"wp:featuredmedia":[{"embeddable":true,"href":"https:\/\/elvtehnika.ee\/test\/wp-json\/wp\/v2\/media\/4629"}],"wp:attachment":[{"href":"https:\/\/elvtehnika.ee\/test\/wp-json\/wp\/v2\/media?parent=11478"}],"curies":[{"name":"wp","href":"https:\/\/api.w.org\/{rel}","templated":true}]}}