{"id":11523,"date":"2016-08-29T18:40:37","date_gmt":"2016-08-29T15:40:37","guid":{"rendered":"http:\/\/localhost\/plus\/elv3\/epood\/led-valgusti-adj-chameleon-qbar-pro\/"},"modified":"2018-12-21T17:30:47","modified_gmt":"2018-12-21T15:30:47","slug":"led-valgusti-adj-chameleon-qbar-pro","status":"publish","type":"product","link":"https:\/\/elvtehnika.ee\/test\/epood\/led-valgusti-adj-chameleon-qbar-pro\/","title":{"rendered":"90W LED valgusti ADJ Chameleon QBAR PRO"},"content":{"rendered":"","protected":false},"excerpt":{"rendered":"","protected":false},"featured_media":4308,"template":"","meta":[],"acf":[],"yoast_head":"<!-- This site is optimized with the Yoast SEO plugin v20.5 - https:\/\/yoast.com\/wordpress\/plugins\/seo\/ -->\n<title>90W LED valgusti ADJ Chameleon QBAR PRO - ELV Tehnika<\/title>\n<meta name=\"description\" content=\"Haruldane LED valgusefekt ADJ Chameleon QBAR PRO ruumi dekoreerimiseks v\u00e4rvilise valgusega, 3x30W RGBA LED, p\u00f6\u00f6ratav pea - \u00fcrituste valgustehnika m\u00fc\u00fck\" \/>\n<meta name=\"robots\" content=\"noindex, follow, max-snippet:-1, max-image-preview:large, max-video-preview:-1\" \/>\n<meta property=\"og:locale\" content=\"et_EE\" \/>\n<meta property=\"og:type\" content=\"article\" \/>\n<meta property=\"og:title\" content=\"90W LED valgusti ADJ Chameleon QBAR PRO - ELV Tehnika\" \/>\n<meta property=\"og:description\" content=\"Haruldane LED valgusefekt ADJ Chameleon QBAR PRO ruumi dekoreerimiseks v\u00e4rvilise valgusega, 3x30W RGBA LED, p\u00f6\u00f6ratav pea - \u00fcrituste valgustehnika m\u00fc\u00fck\" \/>\n<meta property=\"og:url\" content=\"https:\/\/elvtehnika.ee\/test\/epood\/led-valgusti-adj-chameleon-qbar-pro\/\" \/>\n<meta property=\"og:site_name\" content=\"ELV Tehnika\" \/>\n<meta property=\"article:modified_time\" content=\"2018-12-21T15:30:47+00:00\" \/>\n<meta property=\"og:image\" content=\"https:\/\/elvtehnika.ee\/test\/wp-content\/uploads\/Screen-Shot-2016-08-29-at-20.16.47.png\" \/>\n\t<meta property=\"og:image:width\" content=\"1206\" \/>\n\t<meta property=\"og:image:height\" content=\"1200\" \/>\n\t<meta property=\"og:image:type\" content=\"image\/png\" \/>\n<script type=\"application\/ld+json\" class=\"yoast-schema-graph\">{\"@context\":\"https:\/\/schema.org\",\"@graph\":[{\"@type\":\"WebPage\",\"@id\":\"https:\/\/elvtehnika.ee\/test\/epood\/led-valgusti-adj-chameleon-qbar-pro\/\",\"url\":\"https:\/\/elvtehnika.ee\/test\/epood\/led-valgusti-adj-chameleon-qbar-pro\/\",\"name\":\"90W LED valgusti ADJ Chameleon QBAR PRO - ELV Tehnika\",\"isPartOf\":{\"@id\":\"https:\/\/elvtehnika.ee\/test\/#website\"},\"datePublished\":\"2016-08-29T15:40:37+00:00\",\"dateModified\":\"2018-12-21T15:30:47+00:00\",\"description\":\"Haruldane LED valgusefekt ADJ Chameleon QBAR PRO ruumi dekoreerimiseks v\u00e4rvilise valgusega, 3x30W RGBA LED, p\u00f6\u00f6ratav pea - \u00fcrituste valgustehnika m\u00fc\u00fck\",\"breadcrumb\":{\"@id\":\"https:\/\/elvtehnika.ee\/test\/epood\/led-valgusti-adj-chameleon-qbar-pro\/#breadcrumb\"},\"inLanguage\":\"et\",\"potentialAction\":[{\"@type\":\"ReadAction\",\"target\":[\"https:\/\/elvtehnika.ee\/test\/epood\/led-valgusti-adj-chameleon-qbar-pro\/\"]}]},{\"@type\":\"BreadcrumbList\",\"@id\":\"https:\/\/elvtehnika.ee\/test\/epood\/led-valgusti-adj-chameleon-qbar-pro\/#breadcrumb\",\"itemListElement\":[{\"@type\":\"ListItem\",\"position\":1,\"name\":\"Home\",\"item\":\"https:\/\/elvtehnika.ee\/test\/\"},{\"@type\":\"ListItem\",\"position\":2,\"name\":\"E-pood\",\"item\":\"https:\/\/elvtehnika.ee\/test\/epood\/\"},{\"@type\":\"ListItem\",\"position\":3,\"name\":\"90W LED valgusti ADJ Chameleon QBAR PRO\"}]},{\"@type\":\"WebSite\",\"@id\":\"https:\/\/elvtehnika.ee\/test\/#website\",\"url\":\"https:\/\/elvtehnika.ee\/test\/\",\"name\":\"ELV Tehnika\",\"description\":\"Heli-, valgus- ja esitlustehnika\",\"potentialAction\":[{\"@type\":\"SearchAction\",\"target\":{\"@type\":\"EntryPoint\",\"urlTemplate\":\"https:\/\/elvtehnika.ee\/test\/?s={search_term_string}\"},\"query-input\":\"required name=search_term_string\"}],\"inLanguage\":\"et\"}]}<\/script>\n<!-- \/ Yoast SEO plugin. -->","yoast_head_json":{"title":"90W LED valgusti ADJ Chameleon QBAR PRO - ELV Tehnika","description":"Haruldane LED valgusefekt ADJ Chameleon QBAR PRO ruumi dekoreerimiseks v\u00e4rvilise valgusega, 3x30W RGBA LED, p\u00f6\u00f6ratav pea - \u00fcrituste valgustehnika m\u00fc\u00fck","robots":{"index":"noindex","follow":"follow","max-snippet":"max-snippet:-1","max-image-preview":"max-image-preview:large","max-video-preview":"max-video-preview:-1"},"og_locale":"et_EE","og_type":"article","og_title":"90W LED valgusti ADJ Chameleon QBAR PRO - ELV Tehnika","og_description":"Haruldane LED valgusefekt ADJ Chameleon QBAR PRO ruumi dekoreerimiseks v\u00e4rvilise valgusega, 3x30W RGBA LED, p\u00f6\u00f6ratav pea - \u00fcrituste valgustehnika m\u00fc\u00fck","og_url":"https:\/\/elvtehnika.ee\/test\/epood\/led-valgusti-adj-chameleon-qbar-pro\/","og_site_name":"ELV Tehnika","article_modified_time":"2018-12-21T15:30:47+00:00","og_image":[{"width":1206,"height":1200,"url":"https:\/\/elvtehnika.ee\/test\/wp-content\/uploads\/Screen-Shot-2016-08-29-at-20.16.47.png","type":"image\/png"}],"schema":{"@context":"https:\/\/schema.org","@graph":[{"@type":"WebPage","@id":"https:\/\/elvtehnika.ee\/test\/epood\/led-valgusti-adj-chameleon-qbar-pro\/","url":"https:\/\/elvtehnika.ee\/test\/epood\/led-valgusti-adj-chameleon-qbar-pro\/","name":"90W LED valgusti ADJ Chameleon QBAR PRO - ELV Tehnika","isPartOf":{"@id":"https:\/\/elvtehnika.ee\/test\/#website"},"datePublished":"2016-08-29T15:40:37+00:00","dateModified":"2018-12-21T15:30:47+00:00","description":"Haruldane LED valgusefekt ADJ Chameleon QBAR PRO ruumi dekoreerimiseks v\u00e4rvilise valgusega, 3x30W RGBA LED, p\u00f6\u00f6ratav pea - \u00fcrituste valgustehnika m\u00fc\u00fck","breadcrumb":{"@id":"https:\/\/elvtehnika.ee\/test\/epood\/led-valgusti-adj-chameleon-qbar-pro\/#breadcrumb"},"inLanguage":"et","potentialAction":[{"@type":"ReadAction","target":["https:\/\/elvtehnika.ee\/test\/epood\/led-valgusti-adj-chameleon-qbar-pro\/"]}]},{"@type":"BreadcrumbList","@id":"https:\/\/elvtehnika.ee\/test\/epood\/led-valgusti-adj-chameleon-qbar-pro\/#breadcrumb","itemListElement":[{"@type":"ListItem","position":1,"name":"Home","item":"https:\/\/elvtehnika.ee\/test\/"},{"@type":"ListItem","position":2,"name":"E-pood","item":"https:\/\/elvtehnika.ee\/test\/epood\/"},{"@type":"ListItem","position":3,"name":"90W LED valgusti ADJ Chameleon QBAR PRO"}]},{"@type":"WebSite","@id":"https:\/\/elvtehnika.ee\/test\/#website","url":"https:\/\/elvtehnika.ee\/test\/","name":"ELV Tehnika","description":"Heli-, valgus- ja esitlustehnika","potentialAction":[{"@type":"SearchAction","target":{"@type":"EntryPoint","urlTemplate":"https:\/\/elvtehnika.ee\/test\/?s={search_term_string}"},"query-input":"required name=search_term_string"}],"inLanguage":"et"}]}},"_links":{"self":[{"href":"https:\/\/elvtehnika.ee\/test\/wp-json\/wp\/v2\/product\/11523"}],"collection":[{"href":"https:\/\/elvtehnika.ee\/test\/wp-json\/wp\/v2\/product"}],"about":[{"href":"https:\/\/elvtehnika.ee\/test\/wp-json\/wp\/v2\/types\/product"}],"wp:featuredmedia":[{"embeddable":true,"href":"https:\/\/elvtehnika.ee\/test\/wp-json\/wp\/v2\/media\/4308"}],"wp:attachment":[{"href":"https:\/\/elvtehnika.ee\/test\/wp-json\/wp\/v2\/media?parent=11523"}],"curies":[{"name":"wp","href":"https:\/\/api.w.org\/{rel}","templated":true}]}}