{"id":11537,"date":"2016-08-08T17:49:45","date_gmt":"2016-08-08T14:49:45","guid":{"rendered":"http:\/\/localhost\/plus\/elv3\/epood\/projektor-acer-p6600-5000-lum-1920x1200-pikslit-1610-formaat\/"},"modified":"2018-12-21T17:30:47","modified_gmt":"2018-12-21T15:30:47","slug":"projektor-acer-p6600-5000-lum-1920x1200-pikslit-1610-formaat","status":"publish","type":"product","link":"https:\/\/elvtehnika.ee\/test\/epood\/projektor-acer-p6600-5000-lum-1920x1200-pikslit-1610-formaat\/","title":{"rendered":"Projektor Acer P6600 &#8211; 5000 lum; 1920&#215;1200 pikslit; 16:10 formaat"},"content":{"rendered":"","protected":false},"excerpt":{"rendered":"","protected":false},"featured_media":4187,"template":"","meta":[],"acf":[],"yoast_head":"<!-- This site is optimized with the Yoast SEO plugin v20.5 - https:\/\/yoast.com\/wordpress\/plugins\/seo\/ -->\n<title>Projektor Acer P6600 - 5000 lum; 1920x1200 pikslit; 16:10 formaat - ELV Tehnika<\/title>\n<meta name=\"description\" content=\"Suure 5000 lum valgusj\u00f5uga, k\u00f5rge 1920 x 1200 pikslit resolutsiooniga projektor heleda ja detailse pildi n\u00e4itamiseks suures saalis.\" \/>\n<meta name=\"robots\" content=\"noindex, follow, max-snippet:-1, max-image-preview:large, max-video-preview:-1\" \/>\n<meta property=\"og:locale\" content=\"et_EE\" \/>\n<meta property=\"og:type\" content=\"article\" \/>\n<meta property=\"og:title\" content=\"Projektor Acer P6600 - 5000 lum; 1920x1200 pikslit; 16:10 formaat - ELV Tehnika\" \/>\n<meta property=\"og:description\" content=\"Suure 5000 lum valgusj\u00f5uga, k\u00f5rge 1920 x 1200 pikslit resolutsiooniga projektor heleda ja detailse pildi n\u00e4itamiseks suures saalis.\" \/>\n<meta property=\"og:url\" content=\"https:\/\/elvtehnika.ee\/test\/epood\/projektor-acer-p6600-5000-lum-1920x1200-pikslit-1610-formaat\/\" \/>\n<meta property=\"og:site_name\" content=\"ELV Tehnika\" \/>\n<meta property=\"article:modified_time\" content=\"2018-12-21T15:30:47+00:00\" \/>\n<meta property=\"og:image\" content=\"https:\/\/elvtehnika.ee\/test\/wp-content\/uploads\/Projektor-Acer-P6600-5000-lum-1920x1200-pikslit-1610-formaat-2.jpg\" \/>\n\t<meta property=\"og:image:width\" content=\"1096\" \/>\n\t<meta property=\"og:image:height\" content=\"652\" \/>\n\t<meta property=\"og:image:type\" content=\"image\/jpeg\" \/>\n<script type=\"application\/ld+json\" class=\"yoast-schema-graph\">{\"@context\":\"https:\/\/schema.org\",\"@graph\":[{\"@type\":\"WebPage\",\"@id\":\"https:\/\/elvtehnika.ee\/test\/epood\/projektor-acer-p6600-5000-lum-1920x1200-pikslit-1610-formaat\/\",\"url\":\"https:\/\/elvtehnika.ee\/test\/epood\/projektor-acer-p6600-5000-lum-1920x1200-pikslit-1610-formaat\/\",\"name\":\"Projektor Acer P6600 - 5000 lum; 1920x1200 pikslit; 16:10 formaat - ELV Tehnika\",\"isPartOf\":{\"@id\":\"https:\/\/elvtehnika.ee\/test\/#website\"},\"datePublished\":\"2016-08-08T14:49:45+00:00\",\"dateModified\":\"2018-12-21T15:30:47+00:00\",\"description\":\"Suure 5000 lum valgusj\u00f5uga, k\u00f5rge 1920 x 1200 pikslit resolutsiooniga projektor heleda ja detailse pildi n\u00e4itamiseks suures saalis.\",\"breadcrumb\":{\"@id\":\"https:\/\/elvtehnika.ee\/test\/epood\/projektor-acer-p6600-5000-lum-1920x1200-pikslit-1610-formaat\/#breadcrumb\"},\"inLanguage\":\"et\",\"potentialAction\":[{\"@type\":\"ReadAction\",\"target\":[\"https:\/\/elvtehnika.ee\/test\/epood\/projektor-acer-p6600-5000-lum-1920x1200-pikslit-1610-formaat\/\"]}]},{\"@type\":\"BreadcrumbList\",\"@id\":\"https:\/\/elvtehnika.ee\/test\/epood\/projektor-acer-p6600-5000-lum-1920x1200-pikslit-1610-formaat\/#breadcrumb\",\"itemListElement\":[{\"@type\":\"ListItem\",\"position\":1,\"name\":\"Home\",\"item\":\"https:\/\/elvtehnika.ee\/test\/\"},{\"@type\":\"ListItem\",\"position\":2,\"name\":\"E-pood\",\"item\":\"https:\/\/elvtehnika.ee\/test\/epood\/\"},{\"@type\":\"ListItem\",\"position\":3,\"name\":\"Projektor Acer P6600 &#8211; 5000 lum; 1920&#215;1200 pikslit; 16:10 formaat\"}]},{\"@type\":\"WebSite\",\"@id\":\"https:\/\/elvtehnika.ee\/test\/#website\",\"url\":\"https:\/\/elvtehnika.ee\/test\/\",\"name\":\"ELV Tehnika\",\"description\":\"Heli-, valgus- ja esitlustehnika\",\"potentialAction\":[{\"@type\":\"SearchAction\",\"target\":{\"@type\":\"EntryPoint\",\"urlTemplate\":\"https:\/\/elvtehnika.ee\/test\/?s={search_term_string}\"},\"query-input\":\"required name=search_term_string\"}],\"inLanguage\":\"et\"}]}<\/script>\n<!-- \/ Yoast SEO plugin. -->","yoast_head_json":{"title":"Projektor Acer P6600 - 5000 lum; 1920x1200 pikslit; 16:10 formaat - ELV Tehnika","description":"Suure 5000 lum valgusj\u00f5uga, k\u00f5rge 1920 x 1200 pikslit resolutsiooniga projektor heleda ja detailse pildi n\u00e4itamiseks suures saalis.","robots":{"index":"noindex","follow":"follow","max-snippet":"max-snippet:-1","max-image-preview":"max-image-preview:large","max-video-preview":"max-video-preview:-1"},"og_locale":"et_EE","og_type":"article","og_title":"Projektor Acer P6600 - 5000 lum; 1920x1200 pikslit; 16:10 formaat - ELV Tehnika","og_description":"Suure 5000 lum valgusj\u00f5uga, k\u00f5rge 1920 x 1200 pikslit resolutsiooniga projektor heleda ja detailse pildi n\u00e4itamiseks suures saalis.","og_url":"https:\/\/elvtehnika.ee\/test\/epood\/projektor-acer-p6600-5000-lum-1920x1200-pikslit-1610-formaat\/","og_site_name":"ELV Tehnika","article_modified_time":"2018-12-21T15:30:47+00:00","og_image":[{"width":1096,"height":652,"url":"https:\/\/elvtehnika.ee\/test\/wp-content\/uploads\/Projektor-Acer-P6600-5000-lum-1920x1200-pikslit-1610-formaat-2.jpg","type":"image\/jpeg"}],"schema":{"@context":"https:\/\/schema.org","@graph":[{"@type":"WebPage","@id":"https:\/\/elvtehnika.ee\/test\/epood\/projektor-acer-p6600-5000-lum-1920x1200-pikslit-1610-formaat\/","url":"https:\/\/elvtehnika.ee\/test\/epood\/projektor-acer-p6600-5000-lum-1920x1200-pikslit-1610-formaat\/","name":"Projektor Acer P6600 - 5000 lum; 1920x1200 pikslit; 16:10 formaat - ELV Tehnika","isPartOf":{"@id":"https:\/\/elvtehnika.ee\/test\/#website"},"datePublished":"2016-08-08T14:49:45+00:00","dateModified":"2018-12-21T15:30:47+00:00","description":"Suure 5000 lum valgusj\u00f5uga, k\u00f5rge 1920 x 1200 pikslit resolutsiooniga projektor heleda ja detailse pildi n\u00e4itamiseks suures saalis.","breadcrumb":{"@id":"https:\/\/elvtehnika.ee\/test\/epood\/projektor-acer-p6600-5000-lum-1920x1200-pikslit-1610-formaat\/#breadcrumb"},"inLanguage":"et","potentialAction":[{"@type":"ReadAction","target":["https:\/\/elvtehnika.ee\/test\/epood\/projektor-acer-p6600-5000-lum-1920x1200-pikslit-1610-formaat\/"]}]},{"@type":"BreadcrumbList","@id":"https:\/\/elvtehnika.ee\/test\/epood\/projektor-acer-p6600-5000-lum-1920x1200-pikslit-1610-formaat\/#breadcrumb","itemListElement":[{"@type":"ListItem","position":1,"name":"Home","item":"https:\/\/elvtehnika.ee\/test\/"},{"@type":"ListItem","position":2,"name":"E-pood","item":"https:\/\/elvtehnika.ee\/test\/epood\/"},{"@type":"ListItem","position":3,"name":"Projektor Acer P6600 &#8211; 5000 lum; 1920&#215;1200 pikslit; 16:10 formaat"}]},{"@type":"WebSite","@id":"https:\/\/elvtehnika.ee\/test\/#website","url":"https:\/\/elvtehnika.ee\/test\/","name":"ELV Tehnika","description":"Heli-, valgus- ja esitlustehnika","potentialAction":[{"@type":"SearchAction","target":{"@type":"EntryPoint","urlTemplate":"https:\/\/elvtehnika.ee\/test\/?s={search_term_string}"},"query-input":"required name=search_term_string"}],"inLanguage":"et"}]}},"_links":{"self":[{"href":"https:\/\/elvtehnika.ee\/test\/wp-json\/wp\/v2\/product\/11537"}],"collection":[{"href":"https:\/\/elvtehnika.ee\/test\/wp-json\/wp\/v2\/product"}],"about":[{"href":"https:\/\/elvtehnika.ee\/test\/wp-json\/wp\/v2\/types\/product"}],"wp:featuredmedia":[{"embeddable":true,"href":"https:\/\/elvtehnika.ee\/test\/wp-json\/wp\/v2\/media\/4187"}],"wp:attachment":[{"href":"https:\/\/elvtehnika.ee\/test\/wp-json\/wp\/v2\/media?parent=11537"}],"curies":[{"name":"wp","href":"https:\/\/api.w.org\/{rel}","templated":true}]}}