{"id":11571,"date":"2016-04-10T08:01:11","date_gmt":"2016-04-10T05:01:11","guid":{"rendered":"http:\/\/localhost\/plus\/elv3\/epood\/valguspult-adj-dmx-operator-384\/"},"modified":"2018-12-21T17:30:48","modified_gmt":"2018-12-21T15:30:48","slug":"valguspult-adj-dmx-operator-384","status":"publish","type":"product","link":"https:\/\/elvtehnika.ee\/test\/epood\/valguspult-adj-dmx-operator-384\/","title":{"rendered":"Valguspult ADJ DMX Operator 384"},"content":{"rendered":"","protected":false},"excerpt":{"rendered":"","protected":false},"featured_media":3894,"template":"","meta":[],"acf":[],"yoast_head":"<!-- This site is optimized with the Yoast SEO plugin v20.5 - https:\/\/yoast.com\/wordpress\/plugins\/seo\/ -->\n<title>Valguspult ADJ DMX Operator 384 - ELV Tehnika<\/title>\n<meta name=\"description\" content=\"Lihtne ja kompaktne valguspult, mille abil saab n\u00e4iteks lavavalgust sisse ja v\u00e4lja l\u00fclitada, selle heledust, valge v\u00e4rvi tooni ja \u00fcldse v\u00e4rvust muuta. Samuti lubab seade erinevaid pro\u017eektoreid \u00fckshaaval seadistada ning movinghead-pro\u017eektoreid juhtida.\" \/>\n<meta name=\"robots\" content=\"noindex, follow, max-snippet:-1, max-image-preview:large, max-video-preview:-1\" \/>\n<meta property=\"og:locale\" content=\"et_EE\" \/>\n<meta property=\"og:type\" content=\"article\" \/>\n<meta property=\"og:title\" content=\"Valguspult ADJ DMX Operator 384 - ELV Tehnika\" \/>\n<meta property=\"og:description\" content=\"Lihtne ja kompaktne valguspult, mille abil saab n\u00e4iteks lavavalgust sisse ja v\u00e4lja l\u00fclitada, selle heledust, valge v\u00e4rvi tooni ja \u00fcldse v\u00e4rvust muuta. Samuti lubab seade erinevaid pro\u017eektoreid \u00fckshaaval seadistada ning movinghead-pro\u017eektoreid juhtida.\" \/>\n<meta property=\"og:url\" content=\"https:\/\/elvtehnika.ee\/test\/epood\/valguspult-adj-dmx-operator-384\/\" \/>\n<meta property=\"og:site_name\" content=\"ELV Tehnika\" \/>\n<meta property=\"article:modified_time\" content=\"2018-12-21T15:30:48+00:00\" \/>\n<meta property=\"og:image\" content=\"https:\/\/elvtehnika.ee\/test\/wp-content\/uploads\/Valguspult-ADJ-DMX-Operator-384-2.jpg\" \/>\n\t<meta property=\"og:image:width\" content=\"1500\" \/>\n\t<meta property=\"og:image:height\" content=\"472\" \/>\n\t<meta property=\"og:image:type\" content=\"image\/jpeg\" \/>\n<script type=\"application\/ld+json\" class=\"yoast-schema-graph\">{\"@context\":\"https:\/\/schema.org\",\"@graph\":[{\"@type\":\"WebPage\",\"@id\":\"https:\/\/elvtehnika.ee\/test\/epood\/valguspult-adj-dmx-operator-384\/\",\"url\":\"https:\/\/elvtehnika.ee\/test\/epood\/valguspult-adj-dmx-operator-384\/\",\"name\":\"Valguspult ADJ DMX Operator 384 - ELV Tehnika\",\"isPartOf\":{\"@id\":\"https:\/\/elvtehnika.ee\/test\/#website\"},\"datePublished\":\"2016-04-10T05:01:11+00:00\",\"dateModified\":\"2018-12-21T15:30:48+00:00\",\"description\":\"Lihtne ja kompaktne valguspult, mille abil saab n\u00e4iteks lavavalgust sisse ja v\u00e4lja l\u00fclitada, selle heledust, valge v\u00e4rvi tooni ja \u00fcldse v\u00e4rvust muuta. Samuti lubab seade erinevaid pro\u017eektoreid \u00fckshaaval seadistada ning movinghead-pro\u017eektoreid juhtida.\",\"breadcrumb\":{\"@id\":\"https:\/\/elvtehnika.ee\/test\/epood\/valguspult-adj-dmx-operator-384\/#breadcrumb\"},\"inLanguage\":\"et\",\"potentialAction\":[{\"@type\":\"ReadAction\",\"target\":[\"https:\/\/elvtehnika.ee\/test\/epood\/valguspult-adj-dmx-operator-384\/\"]}]},{\"@type\":\"BreadcrumbList\",\"@id\":\"https:\/\/elvtehnika.ee\/test\/epood\/valguspult-adj-dmx-operator-384\/#breadcrumb\",\"itemListElement\":[{\"@type\":\"ListItem\",\"position\":1,\"name\":\"Home\",\"item\":\"https:\/\/elvtehnika.ee\/test\/\"},{\"@type\":\"ListItem\",\"position\":2,\"name\":\"E-pood\",\"item\":\"https:\/\/elvtehnika.ee\/test\/epood\/\"},{\"@type\":\"ListItem\",\"position\":3,\"name\":\"Valguspult ADJ DMX Operator 384\"}]},{\"@type\":\"WebSite\",\"@id\":\"https:\/\/elvtehnika.ee\/test\/#website\",\"url\":\"https:\/\/elvtehnika.ee\/test\/\",\"name\":\"ELV Tehnika\",\"description\":\"Heli-, valgus- ja esitlustehnika\",\"potentialAction\":[{\"@type\":\"SearchAction\",\"target\":{\"@type\":\"EntryPoint\",\"urlTemplate\":\"https:\/\/elvtehnika.ee\/test\/?s={search_term_string}\"},\"query-input\":\"required name=search_term_string\"}],\"inLanguage\":\"et\"}]}<\/script>\n<!-- \/ Yoast SEO plugin. -->","yoast_head_json":{"title":"Valguspult ADJ DMX Operator 384 - ELV Tehnika","description":"Lihtne ja kompaktne valguspult, mille abil saab n\u00e4iteks lavavalgust sisse ja v\u00e4lja l\u00fclitada, selle heledust, valge v\u00e4rvi tooni ja \u00fcldse v\u00e4rvust muuta. Samuti lubab seade erinevaid pro\u017eektoreid \u00fckshaaval seadistada ning movinghead-pro\u017eektoreid juhtida.","robots":{"index":"noindex","follow":"follow","max-snippet":"max-snippet:-1","max-image-preview":"max-image-preview:large","max-video-preview":"max-video-preview:-1"},"og_locale":"et_EE","og_type":"article","og_title":"Valguspult ADJ DMX Operator 384 - ELV Tehnika","og_description":"Lihtne ja kompaktne valguspult, mille abil saab n\u00e4iteks lavavalgust sisse ja v\u00e4lja l\u00fclitada, selle heledust, valge v\u00e4rvi tooni ja \u00fcldse v\u00e4rvust muuta. Samuti lubab seade erinevaid pro\u017eektoreid \u00fckshaaval seadistada ning movinghead-pro\u017eektoreid juhtida.","og_url":"https:\/\/elvtehnika.ee\/test\/epood\/valguspult-adj-dmx-operator-384\/","og_site_name":"ELV Tehnika","article_modified_time":"2018-12-21T15:30:48+00:00","og_image":[{"width":1500,"height":472,"url":"https:\/\/elvtehnika.ee\/test\/wp-content\/uploads\/Valguspult-ADJ-DMX-Operator-384-2.jpg","type":"image\/jpeg"}],"schema":{"@context":"https:\/\/schema.org","@graph":[{"@type":"WebPage","@id":"https:\/\/elvtehnika.ee\/test\/epood\/valguspult-adj-dmx-operator-384\/","url":"https:\/\/elvtehnika.ee\/test\/epood\/valguspult-adj-dmx-operator-384\/","name":"Valguspult ADJ DMX Operator 384 - ELV Tehnika","isPartOf":{"@id":"https:\/\/elvtehnika.ee\/test\/#website"},"datePublished":"2016-04-10T05:01:11+00:00","dateModified":"2018-12-21T15:30:48+00:00","description":"Lihtne ja kompaktne valguspult, mille abil saab n\u00e4iteks lavavalgust sisse ja v\u00e4lja l\u00fclitada, selle heledust, valge v\u00e4rvi tooni ja \u00fcldse v\u00e4rvust muuta. Samuti lubab seade erinevaid pro\u017eektoreid \u00fckshaaval seadistada ning movinghead-pro\u017eektoreid juhtida.","breadcrumb":{"@id":"https:\/\/elvtehnika.ee\/test\/epood\/valguspult-adj-dmx-operator-384\/#breadcrumb"},"inLanguage":"et","potentialAction":[{"@type":"ReadAction","target":["https:\/\/elvtehnika.ee\/test\/epood\/valguspult-adj-dmx-operator-384\/"]}]},{"@type":"BreadcrumbList","@id":"https:\/\/elvtehnika.ee\/test\/epood\/valguspult-adj-dmx-operator-384\/#breadcrumb","itemListElement":[{"@type":"ListItem","position":1,"name":"Home","item":"https:\/\/elvtehnika.ee\/test\/"},{"@type":"ListItem","position":2,"name":"E-pood","item":"https:\/\/elvtehnika.ee\/test\/epood\/"},{"@type":"ListItem","position":3,"name":"Valguspult ADJ DMX Operator 384"}]},{"@type":"WebSite","@id":"https:\/\/elvtehnika.ee\/test\/#website","url":"https:\/\/elvtehnika.ee\/test\/","name":"ELV Tehnika","description":"Heli-, valgus- ja esitlustehnika","potentialAction":[{"@type":"SearchAction","target":{"@type":"EntryPoint","urlTemplate":"https:\/\/elvtehnika.ee\/test\/?s={search_term_string}"},"query-input":"required name=search_term_string"}],"inLanguage":"et"}]}},"_links":{"self":[{"href":"https:\/\/elvtehnika.ee\/test\/wp-json\/wp\/v2\/product\/11571"}],"collection":[{"href":"https:\/\/elvtehnika.ee\/test\/wp-json\/wp\/v2\/product"}],"about":[{"href":"https:\/\/elvtehnika.ee\/test\/wp-json\/wp\/v2\/types\/product"}],"wp:featuredmedia":[{"embeddable":true,"href":"https:\/\/elvtehnika.ee\/test\/wp-json\/wp\/v2\/media\/3894"}],"wp:attachment":[{"href":"https:\/\/elvtehnika.ee\/test\/wp-json\/wp\/v2\/media?parent=11571"}],"curies":[{"name":"wp","href":"https:\/\/api.w.org\/{rel}","templated":true}]}}