{"id":11581,"date":"2016-04-06T11:13:24","date_gmt":"2016-04-06T08:13:24","guid":{"rendered":"http:\/\/localhost\/plus\/elv3\/epood\/digitaalne-helipult-behringer-x18\/"},"modified":"2018-12-21T17:30:49","modified_gmt":"2018-12-21T15:30:49","slug":"digitaalne-helipult-behringer-x18","status":"publish","type":"product","link":"https:\/\/elvtehnika.ee\/test\/epood\/digitaalne-helipult-behringer-x18\/","title":{"rendered":"Digitaalne helipult Behringer X18"},"content":{"rendered":"","protected":false},"excerpt":{"rendered":"","protected":false},"featured_media":3842,"template":"","meta":[],"acf":[],"yoast_head":"<!-- This site is optimized with the Yoast SEO plugin v20.5 - https:\/\/yoast.com\/wordpress\/plugins\/seo\/ -->\n<title>Digitaalne helipult Behringer X18 - ELV Tehnika<\/title>\n<meta name=\"description\" content=\"Laiade v\u00f5imalustega digipult, mis v\u00f5imaldab heli \u00e4\u00e4rmiselt t\u00e4pselt vastavalt esineja soovidele paika keerata, salvestada helipildi s\u00e4tted ning need hiljem kiirelt taas esile kutsuda.\" \/>\n<meta name=\"robots\" content=\"noindex, follow, max-snippet:-1, max-image-preview:large, max-video-preview:-1\" \/>\n<meta property=\"og:locale\" content=\"et_EE\" \/>\n<meta property=\"og:type\" content=\"article\" \/>\n<meta property=\"og:title\" content=\"Digitaalne helipult Behringer X18 - ELV Tehnika\" \/>\n<meta property=\"og:description\" content=\"Laiade v\u00f5imalustega digipult, mis v\u00f5imaldab heli \u00e4\u00e4rmiselt t\u00e4pselt vastavalt esineja soovidele paika keerata, salvestada helipildi s\u00e4tted ning need hiljem kiirelt taas esile kutsuda.\" \/>\n<meta property=\"og:url\" content=\"https:\/\/elvtehnika.ee\/test\/epood\/digitaalne-helipult-behringer-x18\/\" \/>\n<meta property=\"og:site_name\" content=\"ELV Tehnika\" \/>\n<meta property=\"article:modified_time\" content=\"2018-12-21T15:30:49+00:00\" \/>\n<meta property=\"og:image\" content=\"https:\/\/elvtehnika.ee\/test\/wp-content\/uploads\/Digitaalne-helipult-Behringer-X18.png\" \/>\n\t<meta property=\"og:image:width\" content=\"1500\" \/>\n\t<meta property=\"og:image:height\" content=\"1127\" \/>\n\t<meta property=\"og:image:type\" content=\"image\/png\" \/>\n<script type=\"application\/ld+json\" class=\"yoast-schema-graph\">{\"@context\":\"https:\/\/schema.org\",\"@graph\":[{\"@type\":\"WebPage\",\"@id\":\"https:\/\/elvtehnika.ee\/test\/epood\/digitaalne-helipult-behringer-x18\/\",\"url\":\"https:\/\/elvtehnika.ee\/test\/epood\/digitaalne-helipult-behringer-x18\/\",\"name\":\"Digitaalne helipult Behringer X18 - ELV Tehnika\",\"isPartOf\":{\"@id\":\"https:\/\/elvtehnika.ee\/test\/#website\"},\"datePublished\":\"2016-04-06T08:13:24+00:00\",\"dateModified\":\"2018-12-21T15:30:49+00:00\",\"description\":\"Laiade v\u00f5imalustega digipult, mis v\u00f5imaldab heli \u00e4\u00e4rmiselt t\u00e4pselt vastavalt esineja soovidele paika keerata, salvestada helipildi s\u00e4tted ning need hiljem kiirelt taas esile kutsuda.\",\"breadcrumb\":{\"@id\":\"https:\/\/elvtehnika.ee\/test\/epood\/digitaalne-helipult-behringer-x18\/#breadcrumb\"},\"inLanguage\":\"et\",\"potentialAction\":[{\"@type\":\"ReadAction\",\"target\":[\"https:\/\/elvtehnika.ee\/test\/epood\/digitaalne-helipult-behringer-x18\/\"]}]},{\"@type\":\"BreadcrumbList\",\"@id\":\"https:\/\/elvtehnika.ee\/test\/epood\/digitaalne-helipult-behringer-x18\/#breadcrumb\",\"itemListElement\":[{\"@type\":\"ListItem\",\"position\":1,\"name\":\"Home\",\"item\":\"https:\/\/elvtehnika.ee\/test\/\"},{\"@type\":\"ListItem\",\"position\":2,\"name\":\"E-pood\",\"item\":\"https:\/\/elvtehnika.ee\/test\/epood\/\"},{\"@type\":\"ListItem\",\"position\":3,\"name\":\"Digitaalne helipult Behringer X18\"}]},{\"@type\":\"WebSite\",\"@id\":\"https:\/\/elvtehnika.ee\/test\/#website\",\"url\":\"https:\/\/elvtehnika.ee\/test\/\",\"name\":\"ELV Tehnika\",\"description\":\"Heli-, valgus- ja esitlustehnika\",\"potentialAction\":[{\"@type\":\"SearchAction\",\"target\":{\"@type\":\"EntryPoint\",\"urlTemplate\":\"https:\/\/elvtehnika.ee\/test\/?s={search_term_string}\"},\"query-input\":\"required name=search_term_string\"}],\"inLanguage\":\"et\"}]}<\/script>\n<!-- \/ Yoast SEO plugin. -->","yoast_head_json":{"title":"Digitaalne helipult Behringer X18 - ELV Tehnika","description":"Laiade v\u00f5imalustega digipult, mis v\u00f5imaldab heli \u00e4\u00e4rmiselt t\u00e4pselt vastavalt esineja soovidele paika keerata, salvestada helipildi s\u00e4tted ning need hiljem kiirelt taas esile kutsuda.","robots":{"index":"noindex","follow":"follow","max-snippet":"max-snippet:-1","max-image-preview":"max-image-preview:large","max-video-preview":"max-video-preview:-1"},"og_locale":"et_EE","og_type":"article","og_title":"Digitaalne helipult Behringer X18 - ELV Tehnika","og_description":"Laiade v\u00f5imalustega digipult, mis v\u00f5imaldab heli \u00e4\u00e4rmiselt t\u00e4pselt vastavalt esineja soovidele paika keerata, salvestada helipildi s\u00e4tted ning need hiljem kiirelt taas esile kutsuda.","og_url":"https:\/\/elvtehnika.ee\/test\/epood\/digitaalne-helipult-behringer-x18\/","og_site_name":"ELV Tehnika","article_modified_time":"2018-12-21T15:30:49+00:00","og_image":[{"width":1500,"height":1127,"url":"https:\/\/elvtehnika.ee\/test\/wp-content\/uploads\/Digitaalne-helipult-Behringer-X18.png","type":"image\/png"}],"schema":{"@context":"https:\/\/schema.org","@graph":[{"@type":"WebPage","@id":"https:\/\/elvtehnika.ee\/test\/epood\/digitaalne-helipult-behringer-x18\/","url":"https:\/\/elvtehnika.ee\/test\/epood\/digitaalne-helipult-behringer-x18\/","name":"Digitaalne helipult Behringer X18 - ELV Tehnika","isPartOf":{"@id":"https:\/\/elvtehnika.ee\/test\/#website"},"datePublished":"2016-04-06T08:13:24+00:00","dateModified":"2018-12-21T15:30:49+00:00","description":"Laiade v\u00f5imalustega digipult, mis v\u00f5imaldab heli \u00e4\u00e4rmiselt t\u00e4pselt vastavalt esineja soovidele paika keerata, salvestada helipildi s\u00e4tted ning need hiljem kiirelt taas esile kutsuda.","breadcrumb":{"@id":"https:\/\/elvtehnika.ee\/test\/epood\/digitaalne-helipult-behringer-x18\/#breadcrumb"},"inLanguage":"et","potentialAction":[{"@type":"ReadAction","target":["https:\/\/elvtehnika.ee\/test\/epood\/digitaalne-helipult-behringer-x18\/"]}]},{"@type":"BreadcrumbList","@id":"https:\/\/elvtehnika.ee\/test\/epood\/digitaalne-helipult-behringer-x18\/#breadcrumb","itemListElement":[{"@type":"ListItem","position":1,"name":"Home","item":"https:\/\/elvtehnika.ee\/test\/"},{"@type":"ListItem","position":2,"name":"E-pood","item":"https:\/\/elvtehnika.ee\/test\/epood\/"},{"@type":"ListItem","position":3,"name":"Digitaalne helipult Behringer X18"}]},{"@type":"WebSite","@id":"https:\/\/elvtehnika.ee\/test\/#website","url":"https:\/\/elvtehnika.ee\/test\/","name":"ELV Tehnika","description":"Heli-, valgus- ja esitlustehnika","potentialAction":[{"@type":"SearchAction","target":{"@type":"EntryPoint","urlTemplate":"https:\/\/elvtehnika.ee\/test\/?s={search_term_string}"},"query-input":"required name=search_term_string"}],"inLanguage":"et"}]}},"_links":{"self":[{"href":"https:\/\/elvtehnika.ee\/test\/wp-json\/wp\/v2\/product\/11581"}],"collection":[{"href":"https:\/\/elvtehnika.ee\/test\/wp-json\/wp\/v2\/product"}],"about":[{"href":"https:\/\/elvtehnika.ee\/test\/wp-json\/wp\/v2\/types\/product"}],"wp:featuredmedia":[{"embeddable":true,"href":"https:\/\/elvtehnika.ee\/test\/wp-json\/wp\/v2\/media\/3842"}],"wp:attachment":[{"href":"https:\/\/elvtehnika.ee\/test\/wp-json\/wp\/v2\/media?parent=11581"}],"curies":[{"name":"wp","href":"https:\/\/api.w.org\/{rel}","templated":true}]}}