{"id":11582,"date":"2016-04-04T13:32:52","date_gmt":"2016-04-04T10:32:52","guid":{"rendered":"http:\/\/localhost\/plus\/elv3\/epood\/55-4k-ultra-hd-uhd-resolutsiooniga-infoekraan-benq-st550k-smart-signage\/"},"modified":"2018-12-21T17:30:49","modified_gmt":"2018-12-21T15:30:49","slug":"55-4k-ultra-hd-uhd-resolutsiooniga-infoekraan-benq-st550k-smart-signage","status":"publish","type":"product","link":"https:\/\/elvtehnika.ee\/test\/epood\/55-4k-ultra-hd-uhd-resolutsiooniga-infoekraan-benq-st550k-smart-signage\/","title":{"rendered":"55&#8243; 4K (ultra HD, UHD) resolutsiooniga infoekraan BenQ ST550K Smart Signage"},"content":{"rendered":"","protected":false},"excerpt":{"rendered":"","protected":false},"featured_media":3812,"template":"","meta":[],"acf":[],"yoast_head":"<!-- This site is optimized with the Yoast SEO plugin v20.5 - https:\/\/yoast.com\/wordpress\/plugins\/seo\/ -->\n<title>55&quot; 4K (ultra HD, UHD) resolutsiooniga infoekraan BenQ ST550K Smart Signage - ELV Tehnika<\/title>\n<meta name=\"description\" content=\"55&quot; (139,cm diagonaaliga) smart ekraan Android operatioonis\u00fcsteemi ja X-sign apiga \u00e4\u00e4rmiselt lihtsaks piltide, videote ja esitluste kuvamiseks ja haldamiseks.\" \/>\n<meta name=\"robots\" content=\"noindex, follow, max-snippet:-1, max-image-preview:large, max-video-preview:-1\" \/>\n<meta property=\"og:locale\" content=\"et_EE\" \/>\n<meta property=\"og:type\" content=\"article\" \/>\n<meta property=\"og:title\" content=\"55&quot; 4K (ultra HD, UHD) resolutsiooniga infoekraan BenQ ST550K Smart Signage - ELV Tehnika\" \/>\n<meta property=\"og:description\" content=\"55&quot; (139,cm diagonaaliga) smart ekraan Android operatioonis\u00fcsteemi ja X-sign apiga \u00e4\u00e4rmiselt lihtsaks piltide, videote ja esitluste kuvamiseks ja haldamiseks.\" \/>\n<meta property=\"og:url\" content=\"https:\/\/elvtehnika.ee\/test\/epood\/55-4k-ultra-hd-uhd-resolutsiooniga-infoekraan-benq-st550k-smart-signage\/\" \/>\n<meta property=\"og:site_name\" content=\"ELV Tehnika\" \/>\n<meta property=\"article:modified_time\" content=\"2018-12-21T15:30:49+00:00\" \/>\n<meta property=\"og:image\" content=\"https:\/\/elvtehnika.ee\/test\/wp-content\/uploads\/55-tolli-4K-ultra-HD-UHD-resolutsiooniga-infoekraan-BenQ-ST550K-Smart-Signage-2.jpg\" \/>\n\t<meta property=\"og:image:width\" content=\"1500\" \/>\n\t<meta property=\"og:image:height\" content=\"963\" \/>\n\t<meta property=\"og:image:type\" content=\"image\/jpeg\" \/>\n<script type=\"application\/ld+json\" class=\"yoast-schema-graph\">{\"@context\":\"https:\/\/schema.org\",\"@graph\":[{\"@type\":\"WebPage\",\"@id\":\"https:\/\/elvtehnika.ee\/test\/epood\/55-4k-ultra-hd-uhd-resolutsiooniga-infoekraan-benq-st550k-smart-signage\/\",\"url\":\"https:\/\/elvtehnika.ee\/test\/epood\/55-4k-ultra-hd-uhd-resolutsiooniga-infoekraan-benq-st550k-smart-signage\/\",\"name\":\"55\\\" 4K (ultra HD, UHD) resolutsiooniga infoekraan BenQ ST550K Smart Signage - ELV Tehnika\",\"isPartOf\":{\"@id\":\"https:\/\/elvtehnika.ee\/test\/#website\"},\"datePublished\":\"2016-04-04T10:32:52+00:00\",\"dateModified\":\"2018-12-21T15:30:49+00:00\",\"description\":\"55\\\" (139,cm diagonaaliga) smart ekraan Android operatioonis\u00fcsteemi ja X-sign apiga \u00e4\u00e4rmiselt lihtsaks piltide, videote ja esitluste kuvamiseks ja haldamiseks.\",\"breadcrumb\":{\"@id\":\"https:\/\/elvtehnika.ee\/test\/epood\/55-4k-ultra-hd-uhd-resolutsiooniga-infoekraan-benq-st550k-smart-signage\/#breadcrumb\"},\"inLanguage\":\"et\",\"potentialAction\":[{\"@type\":\"ReadAction\",\"target\":[\"https:\/\/elvtehnika.ee\/test\/epood\/55-4k-ultra-hd-uhd-resolutsiooniga-infoekraan-benq-st550k-smart-signage\/\"]}]},{\"@type\":\"BreadcrumbList\",\"@id\":\"https:\/\/elvtehnika.ee\/test\/epood\/55-4k-ultra-hd-uhd-resolutsiooniga-infoekraan-benq-st550k-smart-signage\/#breadcrumb\",\"itemListElement\":[{\"@type\":\"ListItem\",\"position\":1,\"name\":\"Home\",\"item\":\"https:\/\/elvtehnika.ee\/test\/\"},{\"@type\":\"ListItem\",\"position\":2,\"name\":\"E-pood\",\"item\":\"https:\/\/elvtehnika.ee\/test\/epood\/\"},{\"@type\":\"ListItem\",\"position\":3,\"name\":\"55&#8243; 4K (ultra HD, UHD) resolutsiooniga infoekraan BenQ ST550K Smart Signage\"}]},{\"@type\":\"WebSite\",\"@id\":\"https:\/\/elvtehnika.ee\/test\/#website\",\"url\":\"https:\/\/elvtehnika.ee\/test\/\",\"name\":\"ELV Tehnika\",\"description\":\"Heli-, valgus- ja esitlustehnika\",\"potentialAction\":[{\"@type\":\"SearchAction\",\"target\":{\"@type\":\"EntryPoint\",\"urlTemplate\":\"https:\/\/elvtehnika.ee\/test\/?s={search_term_string}\"},\"query-input\":\"required name=search_term_string\"}],\"inLanguage\":\"et\"}]}<\/script>\n<!-- \/ Yoast SEO plugin. -->","yoast_head_json":{"title":"55\" 4K (ultra HD, UHD) resolutsiooniga infoekraan BenQ ST550K Smart Signage - ELV Tehnika","description":"55\" (139,cm diagonaaliga) smart ekraan Android operatioonis\u00fcsteemi ja X-sign apiga \u00e4\u00e4rmiselt lihtsaks piltide, videote ja esitluste kuvamiseks ja haldamiseks.","robots":{"index":"noindex","follow":"follow","max-snippet":"max-snippet:-1","max-image-preview":"max-image-preview:large","max-video-preview":"max-video-preview:-1"},"og_locale":"et_EE","og_type":"article","og_title":"55\" 4K (ultra HD, UHD) resolutsiooniga infoekraan BenQ ST550K Smart Signage - ELV Tehnika","og_description":"55\" (139,cm diagonaaliga) smart ekraan Android operatioonis\u00fcsteemi ja X-sign apiga \u00e4\u00e4rmiselt lihtsaks piltide, videote ja esitluste kuvamiseks ja haldamiseks.","og_url":"https:\/\/elvtehnika.ee\/test\/epood\/55-4k-ultra-hd-uhd-resolutsiooniga-infoekraan-benq-st550k-smart-signage\/","og_site_name":"ELV Tehnika","article_modified_time":"2018-12-21T15:30:49+00:00","og_image":[{"width":1500,"height":963,"url":"https:\/\/elvtehnika.ee\/test\/wp-content\/uploads\/55-tolli-4K-ultra-HD-UHD-resolutsiooniga-infoekraan-BenQ-ST550K-Smart-Signage-2.jpg","type":"image\/jpeg"}],"schema":{"@context":"https:\/\/schema.org","@graph":[{"@type":"WebPage","@id":"https:\/\/elvtehnika.ee\/test\/epood\/55-4k-ultra-hd-uhd-resolutsiooniga-infoekraan-benq-st550k-smart-signage\/","url":"https:\/\/elvtehnika.ee\/test\/epood\/55-4k-ultra-hd-uhd-resolutsiooniga-infoekraan-benq-st550k-smart-signage\/","name":"55\" 4K (ultra HD, UHD) resolutsiooniga infoekraan BenQ ST550K Smart Signage - ELV Tehnika","isPartOf":{"@id":"https:\/\/elvtehnika.ee\/test\/#website"},"datePublished":"2016-04-04T10:32:52+00:00","dateModified":"2018-12-21T15:30:49+00:00","description":"55\" (139,cm diagonaaliga) smart ekraan Android operatioonis\u00fcsteemi ja X-sign apiga \u00e4\u00e4rmiselt lihtsaks piltide, videote ja esitluste kuvamiseks ja haldamiseks.","breadcrumb":{"@id":"https:\/\/elvtehnika.ee\/test\/epood\/55-4k-ultra-hd-uhd-resolutsiooniga-infoekraan-benq-st550k-smart-signage\/#breadcrumb"},"inLanguage":"et","potentialAction":[{"@type":"ReadAction","target":["https:\/\/elvtehnika.ee\/test\/epood\/55-4k-ultra-hd-uhd-resolutsiooniga-infoekraan-benq-st550k-smart-signage\/"]}]},{"@type":"BreadcrumbList","@id":"https:\/\/elvtehnika.ee\/test\/epood\/55-4k-ultra-hd-uhd-resolutsiooniga-infoekraan-benq-st550k-smart-signage\/#breadcrumb","itemListElement":[{"@type":"ListItem","position":1,"name":"Home","item":"https:\/\/elvtehnika.ee\/test\/"},{"@type":"ListItem","position":2,"name":"E-pood","item":"https:\/\/elvtehnika.ee\/test\/epood\/"},{"@type":"ListItem","position":3,"name":"55&#8243; 4K (ultra HD, UHD) resolutsiooniga infoekraan BenQ ST550K Smart Signage"}]},{"@type":"WebSite","@id":"https:\/\/elvtehnika.ee\/test\/#website","url":"https:\/\/elvtehnika.ee\/test\/","name":"ELV Tehnika","description":"Heli-, valgus- ja esitlustehnika","potentialAction":[{"@type":"SearchAction","target":{"@type":"EntryPoint","urlTemplate":"https:\/\/elvtehnika.ee\/test\/?s={search_term_string}"},"query-input":"required name=search_term_string"}],"inLanguage":"et"}]}},"_links":{"self":[{"href":"https:\/\/elvtehnika.ee\/test\/wp-json\/wp\/v2\/product\/11582"}],"collection":[{"href":"https:\/\/elvtehnika.ee\/test\/wp-json\/wp\/v2\/product"}],"about":[{"href":"https:\/\/elvtehnika.ee\/test\/wp-json\/wp\/v2\/types\/product"}],"wp:featuredmedia":[{"embeddable":true,"href":"https:\/\/elvtehnika.ee\/test\/wp-json\/wp\/v2\/media\/3812"}],"wp:attachment":[{"href":"https:\/\/elvtehnika.ee\/test\/wp-json\/wp\/v2\/media?parent=11582"}],"curies":[{"name":"wp","href":"https:\/\/api.w.org\/{rel}","templated":true}]}}