{"id":11584,"date":"2016-04-03T18:47:42","date_gmt":"2016-04-03T15:47:42","guid":{"rendered":"http:\/\/localhost\/plus\/elv3\/epood\/aktiivne-bassikolar-jbl-eon618s\/"},"modified":"2018-12-21T17:30:49","modified_gmt":"2018-12-21T15:30:49","slug":"aktiivne-bassikolar-jbl-eon618s","status":"publish","type":"product","link":"https:\/\/elvtehnika.ee\/test\/epood\/aktiivne-bassikolar-jbl-eon618s\/","title":{"rendered":"Aktiivne bassik\u00f5lar JBL EON618S"},"content":{"rendered":"","protected":false},"excerpt":{"rendered":"","protected":false},"featured_media":3803,"template":"","meta":[],"acf":[],"yoast_head":"<!-- This site is optimized with the Yoast SEO plugin v20.5 - https:\/\/yoast.com\/wordpress\/plugins\/seo\/ -->\n<title>Aktiivne bassik\u00f5lar JBL EON618S - ELV Tehnika<\/title>\n<meta name=\"description\" content=\"Tuntud ja hinnatud JBL kvaliteediga j\u00f5uline kuid kerge bassik\u00f5lar JBL\u00a0EON618S,\u00a0sagedusvahemik 42,5-150 Hz@ -3 dB, helir\u00f5hk 134 dB max SPL\" \/>\n<meta name=\"robots\" content=\"noindex, follow, max-snippet:-1, max-image-preview:large, max-video-preview:-1\" \/>\n<meta property=\"og:locale\" content=\"et_EE\" \/>\n<meta property=\"og:type\" content=\"article\" \/>\n<meta property=\"og:title\" content=\"Aktiivne bassik\u00f5lar JBL EON618S - ELV Tehnika\" \/>\n<meta property=\"og:description\" content=\"Tuntud ja hinnatud JBL kvaliteediga j\u00f5uline kuid kerge bassik\u00f5lar JBL\u00a0EON618S,\u00a0sagedusvahemik 42,5-150 Hz@ -3 dB, helir\u00f5hk 134 dB max SPL\" \/>\n<meta property=\"og:url\" content=\"https:\/\/elvtehnika.ee\/test\/epood\/aktiivne-bassikolar-jbl-eon618s\/\" \/>\n<meta property=\"og:site_name\" content=\"ELV Tehnika\" \/>\n<meta property=\"article:modified_time\" content=\"2018-12-21T15:30:49+00:00\" \/>\n<meta property=\"og:image\" content=\"https:\/\/elvtehnika.ee\/test\/wp-content\/uploads\/Aktiivne-bassik\u00f5lar-JBL-EON618S-6.jpg\" \/>\n\t<meta property=\"og:image:width\" content=\"782\" \/>\n\t<meta property=\"og:image:height\" content=\"754\" \/>\n\t<meta property=\"og:image:type\" content=\"image\/jpeg\" \/>\n<script type=\"application\/ld+json\" class=\"yoast-schema-graph\">{\"@context\":\"https:\/\/schema.org\",\"@graph\":[{\"@type\":\"WebPage\",\"@id\":\"https:\/\/elvtehnika.ee\/test\/epood\/aktiivne-bassikolar-jbl-eon618s\/\",\"url\":\"https:\/\/elvtehnika.ee\/test\/epood\/aktiivne-bassikolar-jbl-eon618s\/\",\"name\":\"Aktiivne bassik\u00f5lar JBL EON618S - ELV Tehnika\",\"isPartOf\":{\"@id\":\"https:\/\/elvtehnika.ee\/test\/#website\"},\"datePublished\":\"2016-04-03T15:47:42+00:00\",\"dateModified\":\"2018-12-21T15:30:49+00:00\",\"description\":\"Tuntud ja hinnatud JBL kvaliteediga j\u00f5uline kuid kerge bassik\u00f5lar JBL\u00a0EON618S,\u00a0sagedusvahemik 42,5-150 Hz@ -3 dB, helir\u00f5hk 134 dB max SPL\",\"breadcrumb\":{\"@id\":\"https:\/\/elvtehnika.ee\/test\/epood\/aktiivne-bassikolar-jbl-eon618s\/#breadcrumb\"},\"inLanguage\":\"et\",\"potentialAction\":[{\"@type\":\"ReadAction\",\"target\":[\"https:\/\/elvtehnika.ee\/test\/epood\/aktiivne-bassikolar-jbl-eon618s\/\"]}]},{\"@type\":\"BreadcrumbList\",\"@id\":\"https:\/\/elvtehnika.ee\/test\/epood\/aktiivne-bassikolar-jbl-eon618s\/#breadcrumb\",\"itemListElement\":[{\"@type\":\"ListItem\",\"position\":1,\"name\":\"Home\",\"item\":\"https:\/\/elvtehnika.ee\/test\/\"},{\"@type\":\"ListItem\",\"position\":2,\"name\":\"E-pood\",\"item\":\"https:\/\/elvtehnika.ee\/test\/epood\/\"},{\"@type\":\"ListItem\",\"position\":3,\"name\":\"Aktiivne bassik\u00f5lar JBL EON618S\"}]},{\"@type\":\"WebSite\",\"@id\":\"https:\/\/elvtehnika.ee\/test\/#website\",\"url\":\"https:\/\/elvtehnika.ee\/test\/\",\"name\":\"ELV Tehnika\",\"description\":\"Heli-, valgus- ja esitlustehnika\",\"potentialAction\":[{\"@type\":\"SearchAction\",\"target\":{\"@type\":\"EntryPoint\",\"urlTemplate\":\"https:\/\/elvtehnika.ee\/test\/?s={search_term_string}\"},\"query-input\":\"required name=search_term_string\"}],\"inLanguage\":\"et\"}]}<\/script>\n<!-- \/ Yoast SEO plugin. -->","yoast_head_json":{"title":"Aktiivne bassik\u00f5lar JBL EON618S - ELV Tehnika","description":"Tuntud ja hinnatud JBL kvaliteediga j\u00f5uline kuid kerge bassik\u00f5lar JBL\u00a0EON618S,\u00a0sagedusvahemik 42,5-150 Hz@ -3 dB, helir\u00f5hk 134 dB max SPL","robots":{"index":"noindex","follow":"follow","max-snippet":"max-snippet:-1","max-image-preview":"max-image-preview:large","max-video-preview":"max-video-preview:-1"},"og_locale":"et_EE","og_type":"article","og_title":"Aktiivne bassik\u00f5lar JBL EON618S - ELV Tehnika","og_description":"Tuntud ja hinnatud JBL kvaliteediga j\u00f5uline kuid kerge bassik\u00f5lar JBL\u00a0EON618S,\u00a0sagedusvahemik 42,5-150 Hz@ -3 dB, helir\u00f5hk 134 dB max SPL","og_url":"https:\/\/elvtehnika.ee\/test\/epood\/aktiivne-bassikolar-jbl-eon618s\/","og_site_name":"ELV Tehnika","article_modified_time":"2018-12-21T15:30:49+00:00","og_image":[{"width":782,"height":754,"url":"https:\/\/elvtehnika.ee\/test\/wp-content\/uploads\/Aktiivne-bassik\u00f5lar-JBL-EON618S-6.jpg","type":"image\/jpeg"}],"schema":{"@context":"https:\/\/schema.org","@graph":[{"@type":"WebPage","@id":"https:\/\/elvtehnika.ee\/test\/epood\/aktiivne-bassikolar-jbl-eon618s\/","url":"https:\/\/elvtehnika.ee\/test\/epood\/aktiivne-bassikolar-jbl-eon618s\/","name":"Aktiivne bassik\u00f5lar JBL EON618S - ELV Tehnika","isPartOf":{"@id":"https:\/\/elvtehnika.ee\/test\/#website"},"datePublished":"2016-04-03T15:47:42+00:00","dateModified":"2018-12-21T15:30:49+00:00","description":"Tuntud ja hinnatud JBL kvaliteediga j\u00f5uline kuid kerge bassik\u00f5lar JBL\u00a0EON618S,\u00a0sagedusvahemik 42,5-150 Hz@ -3 dB, helir\u00f5hk 134 dB max SPL","breadcrumb":{"@id":"https:\/\/elvtehnika.ee\/test\/epood\/aktiivne-bassikolar-jbl-eon618s\/#breadcrumb"},"inLanguage":"et","potentialAction":[{"@type":"ReadAction","target":["https:\/\/elvtehnika.ee\/test\/epood\/aktiivne-bassikolar-jbl-eon618s\/"]}]},{"@type":"BreadcrumbList","@id":"https:\/\/elvtehnika.ee\/test\/epood\/aktiivne-bassikolar-jbl-eon618s\/#breadcrumb","itemListElement":[{"@type":"ListItem","position":1,"name":"Home","item":"https:\/\/elvtehnika.ee\/test\/"},{"@type":"ListItem","position":2,"name":"E-pood","item":"https:\/\/elvtehnika.ee\/test\/epood\/"},{"@type":"ListItem","position":3,"name":"Aktiivne bassik\u00f5lar JBL EON618S"}]},{"@type":"WebSite","@id":"https:\/\/elvtehnika.ee\/test\/#website","url":"https:\/\/elvtehnika.ee\/test\/","name":"ELV Tehnika","description":"Heli-, valgus- ja esitlustehnika","potentialAction":[{"@type":"SearchAction","target":{"@type":"EntryPoint","urlTemplate":"https:\/\/elvtehnika.ee\/test\/?s={search_term_string}"},"query-input":"required name=search_term_string"}],"inLanguage":"et"}]}},"_links":{"self":[{"href":"https:\/\/elvtehnika.ee\/test\/wp-json\/wp\/v2\/product\/11584"}],"collection":[{"href":"https:\/\/elvtehnika.ee\/test\/wp-json\/wp\/v2\/product"}],"about":[{"href":"https:\/\/elvtehnika.ee\/test\/wp-json\/wp\/v2\/types\/product"}],"wp:featuredmedia":[{"embeddable":true,"href":"https:\/\/elvtehnika.ee\/test\/wp-json\/wp\/v2\/media\/3803"}],"wp:attachment":[{"href":"https:\/\/elvtehnika.ee\/test\/wp-json\/wp\/v2\/media?parent=11584"}],"curies":[{"name":"wp","href":"https:\/\/api.w.org\/{rel}","templated":true}]}}