{"id":11623,"date":"2015-11-27T09:58:21","date_gmt":"2015-11-27T07:58:21","guid":{"rendered":"http:\/\/localhost\/plus\/elv3\/epood\/madala-suitsu-masin-adj-mister-kool-madalal-mooda-porandat-laiali-valguv-suits\/"},"modified":"2018-12-21T17:30:51","modified_gmt":"2018-12-21T15:30:51","slug":"madala-suitsu-masin-adj-mister-kool-madalal-mooda-porandat-laiali-valguv-suits","status":"publish","type":"product","link":"https:\/\/elvtehnika.ee\/test\/epood\/madala-suitsu-masin-adj-mister-kool-madalal-mooda-porandat-laiali-valguv-suits\/","title":{"rendered":"Madala suitsu masin ADJ Mister Kool &#8211; madalal m\u00f6\u00f6da p\u00f5randat laiali valguv suits"},"content":{"rendered":"","protected":false},"excerpt":{"rendered":"","protected":false},"featured_media":3070,"template":"","meta":[],"acf":[],"yoast_head":"<!-- This site is optimized with the Yoast SEO plugin v20.5 - https:\/\/yoast.com\/wordpress\/plugins\/seo\/ -->\n<title>Madala suitsu masin ADJ Mister Kool - madalal m\u00f6\u00f6da p\u00f5randat laiali valguv suits - ELV Tehnika<\/title>\n<meta name=\"description\" content=\"Madala suitsu masin ADJ Mister Kool \u00fcritustel m\u00f6\u00f6da p\u00f5randat laiali voolava tugeva suitsu efekti saamiseks\" \/>\n<meta name=\"robots\" content=\"noindex, follow, max-snippet:-1, max-image-preview:large, max-video-preview:-1\" \/>\n<meta property=\"og:locale\" content=\"et_EE\" \/>\n<meta property=\"og:type\" content=\"article\" \/>\n<meta property=\"og:title\" content=\"Madala suitsu masin ADJ Mister Kool - madalal m\u00f6\u00f6da p\u00f5randat laiali valguv suits - ELV Tehnika\" \/>\n<meta property=\"og:description\" content=\"Madala suitsu masin ADJ Mister Kool \u00fcritustel m\u00f6\u00f6da p\u00f5randat laiali voolava tugeva suitsu efekti saamiseks\" \/>\n<meta property=\"og:url\" content=\"https:\/\/elvtehnika.ee\/test\/epood\/madala-suitsu-masin-adj-mister-kool-madalal-mooda-porandat-laiali-valguv-suits\/\" \/>\n<meta property=\"og:site_name\" content=\"ELV Tehnika\" \/>\n<meta property=\"article:modified_time\" content=\"2018-12-21T15:30:51+00:00\" \/>\n<meta property=\"og:image\" content=\"https:\/\/elvtehnika.ee\/test\/wp-content\/uploads\/Madala-suitsu-masin-ADJ-Mister-Kool-madalal-m\u00f6\u00f6da-p\u00f5randat-laiali-valguv-suits.jpg\" \/>\n\t<meta property=\"og:image:width\" content=\"916\" \/>\n\t<meta property=\"og:image:height\" content=\"912\" \/>\n\t<meta property=\"og:image:type\" content=\"image\/jpeg\" \/>\n<script type=\"application\/ld+json\" class=\"yoast-schema-graph\">{\"@context\":\"https:\/\/schema.org\",\"@graph\":[{\"@type\":\"WebPage\",\"@id\":\"https:\/\/elvtehnika.ee\/test\/epood\/madala-suitsu-masin-adj-mister-kool-madalal-mooda-porandat-laiali-valguv-suits\/\",\"url\":\"https:\/\/elvtehnika.ee\/test\/epood\/madala-suitsu-masin-adj-mister-kool-madalal-mooda-porandat-laiali-valguv-suits\/\",\"name\":\"Madala suitsu masin ADJ Mister Kool - madalal m\u00f6\u00f6da p\u00f5randat laiali valguv suits - ELV Tehnika\",\"isPartOf\":{\"@id\":\"https:\/\/elvtehnika.ee\/test\/#website\"},\"datePublished\":\"2015-11-27T07:58:21+00:00\",\"dateModified\":\"2018-12-21T15:30:51+00:00\",\"description\":\"Madala suitsu masin ADJ Mister Kool \u00fcritustel m\u00f6\u00f6da p\u00f5randat laiali voolava tugeva suitsu efekti saamiseks\",\"breadcrumb\":{\"@id\":\"https:\/\/elvtehnika.ee\/test\/epood\/madala-suitsu-masin-adj-mister-kool-madalal-mooda-porandat-laiali-valguv-suits\/#breadcrumb\"},\"inLanguage\":\"et\",\"potentialAction\":[{\"@type\":\"ReadAction\",\"target\":[\"https:\/\/elvtehnika.ee\/test\/epood\/madala-suitsu-masin-adj-mister-kool-madalal-mooda-porandat-laiali-valguv-suits\/\"]}]},{\"@type\":\"BreadcrumbList\",\"@id\":\"https:\/\/elvtehnika.ee\/test\/epood\/madala-suitsu-masin-adj-mister-kool-madalal-mooda-porandat-laiali-valguv-suits\/#breadcrumb\",\"itemListElement\":[{\"@type\":\"ListItem\",\"position\":1,\"name\":\"Home\",\"item\":\"https:\/\/elvtehnika.ee\/test\/\"},{\"@type\":\"ListItem\",\"position\":2,\"name\":\"E-pood\",\"item\":\"https:\/\/elvtehnika.ee\/test\/epood\/\"},{\"@type\":\"ListItem\",\"position\":3,\"name\":\"Madala suitsu masin ADJ Mister Kool &#8211; madalal m\u00f6\u00f6da p\u00f5randat laiali valguv suits\"}]},{\"@type\":\"WebSite\",\"@id\":\"https:\/\/elvtehnika.ee\/test\/#website\",\"url\":\"https:\/\/elvtehnika.ee\/test\/\",\"name\":\"ELV Tehnika\",\"description\":\"Heli-, valgus- ja esitlustehnika\",\"potentialAction\":[{\"@type\":\"SearchAction\",\"target\":{\"@type\":\"EntryPoint\",\"urlTemplate\":\"https:\/\/elvtehnika.ee\/test\/?s={search_term_string}\"},\"query-input\":\"required name=search_term_string\"}],\"inLanguage\":\"et\"}]}<\/script>\n<!-- \/ Yoast SEO plugin. -->","yoast_head_json":{"title":"Madala suitsu masin ADJ Mister Kool - madalal m\u00f6\u00f6da p\u00f5randat laiali valguv suits - ELV Tehnika","description":"Madala suitsu masin ADJ Mister Kool \u00fcritustel m\u00f6\u00f6da p\u00f5randat laiali voolava tugeva suitsu efekti saamiseks","robots":{"index":"noindex","follow":"follow","max-snippet":"max-snippet:-1","max-image-preview":"max-image-preview:large","max-video-preview":"max-video-preview:-1"},"og_locale":"et_EE","og_type":"article","og_title":"Madala suitsu masin ADJ Mister Kool - madalal m\u00f6\u00f6da p\u00f5randat laiali valguv suits - ELV Tehnika","og_description":"Madala suitsu masin ADJ Mister Kool \u00fcritustel m\u00f6\u00f6da p\u00f5randat laiali voolava tugeva suitsu efekti saamiseks","og_url":"https:\/\/elvtehnika.ee\/test\/epood\/madala-suitsu-masin-adj-mister-kool-madalal-mooda-porandat-laiali-valguv-suits\/","og_site_name":"ELV Tehnika","article_modified_time":"2018-12-21T15:30:51+00:00","og_image":[{"width":916,"height":912,"url":"https:\/\/elvtehnika.ee\/test\/wp-content\/uploads\/Madala-suitsu-masin-ADJ-Mister-Kool-madalal-m\u00f6\u00f6da-p\u00f5randat-laiali-valguv-suits.jpg","type":"image\/jpeg"}],"schema":{"@context":"https:\/\/schema.org","@graph":[{"@type":"WebPage","@id":"https:\/\/elvtehnika.ee\/test\/epood\/madala-suitsu-masin-adj-mister-kool-madalal-mooda-porandat-laiali-valguv-suits\/","url":"https:\/\/elvtehnika.ee\/test\/epood\/madala-suitsu-masin-adj-mister-kool-madalal-mooda-porandat-laiali-valguv-suits\/","name":"Madala suitsu masin ADJ Mister Kool - madalal m\u00f6\u00f6da p\u00f5randat laiali valguv suits - ELV Tehnika","isPartOf":{"@id":"https:\/\/elvtehnika.ee\/test\/#website"},"datePublished":"2015-11-27T07:58:21+00:00","dateModified":"2018-12-21T15:30:51+00:00","description":"Madala suitsu masin ADJ Mister Kool \u00fcritustel m\u00f6\u00f6da p\u00f5randat laiali voolava tugeva suitsu efekti saamiseks","breadcrumb":{"@id":"https:\/\/elvtehnika.ee\/test\/epood\/madala-suitsu-masin-adj-mister-kool-madalal-mooda-porandat-laiali-valguv-suits\/#breadcrumb"},"inLanguage":"et","potentialAction":[{"@type":"ReadAction","target":["https:\/\/elvtehnika.ee\/test\/epood\/madala-suitsu-masin-adj-mister-kool-madalal-mooda-porandat-laiali-valguv-suits\/"]}]},{"@type":"BreadcrumbList","@id":"https:\/\/elvtehnika.ee\/test\/epood\/madala-suitsu-masin-adj-mister-kool-madalal-mooda-porandat-laiali-valguv-suits\/#breadcrumb","itemListElement":[{"@type":"ListItem","position":1,"name":"Home","item":"https:\/\/elvtehnika.ee\/test\/"},{"@type":"ListItem","position":2,"name":"E-pood","item":"https:\/\/elvtehnika.ee\/test\/epood\/"},{"@type":"ListItem","position":3,"name":"Madala suitsu masin ADJ Mister Kool &#8211; madalal m\u00f6\u00f6da p\u00f5randat laiali valguv suits"}]},{"@type":"WebSite","@id":"https:\/\/elvtehnika.ee\/test\/#website","url":"https:\/\/elvtehnika.ee\/test\/","name":"ELV Tehnika","description":"Heli-, valgus- ja esitlustehnika","potentialAction":[{"@type":"SearchAction","target":{"@type":"EntryPoint","urlTemplate":"https:\/\/elvtehnika.ee\/test\/?s={search_term_string}"},"query-input":"required name=search_term_string"}],"inLanguage":"et"}]}},"_links":{"self":[{"href":"https:\/\/elvtehnika.ee\/test\/wp-json\/wp\/v2\/product\/11623"}],"collection":[{"href":"https:\/\/elvtehnika.ee\/test\/wp-json\/wp\/v2\/product"}],"about":[{"href":"https:\/\/elvtehnika.ee\/test\/wp-json\/wp\/v2\/types\/product"}],"wp:featuredmedia":[{"embeddable":true,"href":"https:\/\/elvtehnika.ee\/test\/wp-json\/wp\/v2\/media\/3070"}],"wp:attachment":[{"href":"https:\/\/elvtehnika.ee\/test\/wp-json\/wp\/v2\/media?parent=11623"}],"curies":[{"name":"wp","href":"https:\/\/api.w.org\/{rel}","templated":true}]}}